{"id":9557,"date":"2024-10-04T04:12:07","date_gmt":"2024-10-04T11:12:07","guid":{"rendered":"https:\/\/mercyships.ca\/?page_id=9557"},"modified":"2025-10-23T15:47:16","modified_gmt":"2025-10-23T22:47:16","slug":"faire-un-don","status":"publish","type":"page","link":"https:\/\/mercyships.ca\/fr\/new\/donation\/","title":{"rendered":"Donation &#8211; New Donors"},"content":{"rendered":"<h1>\r\n\t\tFaire un don\r\n\t<\/h1>\r\n<h2>\r\n\t\tImaginez un monde sans in\u00e9galit\u00e9s en mati\u00e8re de sant\u00e9\r\n\t<\/h2>\r\n\t<em>Having trouble viewing or submitting this donation form?<br \/>\r\n<a href=\"https:\/\/interland3.donorperfect.net\/weblink\/weblink.aspx?name=mercyships&amp;id=103\" target=\"_blank\" rel=\"noopener noreferrer\">Click here to make a donation!<\/a> (Link opens in a new window)<\/em>\r\n\t<em>Vous avez de la difficult\u00e9 \u00e0 visionner ou \u00e0 soumettre ce formulaire de don ?<br \/>\r\nCliquez\u00a0<a href=\"https:\/\/interland3.donorperfect.net\/weblink\/WebLink.aspx?name=mercyships&amp;id=67\" target=\"_blank\" rel=\"noopener noreferrer\">ici<\/a> pour faire un don (nouvelle fen\u00eatre).<\/em>\r\n\t<iframe loading=\"lazy\" src=\"https:\/\/interland3.donorperfect.net\/weblink\/weblink.aspx?name=mercyships&#038;id=103\" width=\"100%\" height=\"1300px\" data-gtm-yt-inspected-55881363_8=\"true\" data-gtm-yt-inspected-7=\"true\">Your browser does not support iframes.\r\n<\/iframe>\r\n\t<iframe loading=\"lazy\" src=\"https:\/\/interland3.donorperfect.net\/weblink\/WebLink.aspx?name=mercyships&amp;id=67\" width=\"100%\" height=\"3400px\">Votre navigateur ne prend pas en charge les iframes.&nbsp;\r\n<\/iframe>\r\n<h3>\r\n\t\tPour faire un don par t\u00e9l\u00e9phone\n(ou questions) sans frais <br \/><strong>1-866-900-7447<\/strong>\r\n\t<\/h3>\r\n\t\t\t<a href=\"https:\/\/mercyships.ca\/fr\/faire-un-don\/options\/\" target=\"_self\">\r\n\t\t\t\t\t\t\tAutres fa\u00e7ons de donner\r\n\t\t\t\t\t<\/a>\r\n<h3>\r\n\t\t\ud83d\udd12 Votre transaction est s\u00e9curis\u00e9e et crypt\u00e9e\r\n\t<\/h3>\r\n\t\t\t\t<img loading=\"lazy\" decoding=\"async\" src=\"https:\/\/mercyships.ca\/wp-content\/uploads\/2024\/07\/SND230213_GLM_AFM_SAILING_GB001_HI-1024x576-1.jpg\" alt=\"Notre flotte\" itemprop=\"image\" height=\"576\" width=\"1024\" title=\"SND230213_GLM_AFM_SAILING_GB001_HI-1024x576\" onerror=\"this.style.display='none'\"  \/>\r\n<h2>\r\n\t\tDeux navires =<br \/>doubler l'impact.\r\n\t<\/h2>\r\n\t<p class=\"translation-block\">L\u2019<em>Africa Mercy<\/em>\u00ae et le <em>Global Mercy<\/em>\u00ae font plus que doubler notre capacit\u00e9 \u00e0 fournir des op\u00e9rations chirurgicales qui transforment des vies. Des b\u00e9n\u00e9voles et des classes d\u00e9vou\u00e9es forment des professionnels m\u00e9dicaux locaux qui am\u00e9liorent ensuite leur syst\u00e8me de sant\u00e9.<\/p>\r\n\t\t\t\t<img loading=\"lazy\" decoding=\"async\" src=\"https:\/\/mercyships.ca\/wp-content\/uploads\/2024\/07\/Imagine-Canada-Colour-PS800.png\" alt=\"Imagine Canada Colour PS800\" itemprop=\"image\" height=\"517\" width=\"800\" title=\"Imagine Canada Colour PS800\" onerror=\"this.style.display='none'\"  \/>\r\n\t<p><em>La marque de confiance du Programme des\nnormes est une marque d\u2019Imagine Canada\nutilis\u00e9e sous licence par Mercy Ships Canada.<\/em><\/p>","protected":false},"excerpt":{"rendered":"<p>Donate Online Imagine a World Without Healthcare Inequality Having trouble viewing or submitting this donation form? Click here to make [&hellip;]<\/p>\n","protected":false},"author":9,"featured_media":5634,"parent":9581,"menu_order":0,"comment_status":"closed","ping_status":"closed","template":"","meta":{"_acf_changed":false,"_seopress_robots_primary_cat":"","_seopress_titles_title":"","_seopress_titles_desc":"One surgery can change everything... Make a donation to Mercy Ships Canada today! Your gift helps transform lives.","_seopress_robots_index":"","site-sidebar-layout":"no-sidebar","site-content-layout":"page-builder","ast-site-content-layout":"default","site-content-style":"default","site-sidebar-style":"default","ast-global-header-display":"","ast-banner-title-visibility":"","ast-main-header-display":"","ast-hfb-above-header-display":"","ast-hfb-below-header-display":"","ast-hfb-mobile-header-display":"","site-post-title":"disabled","ast-breadcrumbs-content":"","ast-featured-img":"disabled","footer-sml-layout":"","ast-disable-related-posts":"","theme-transparent-header-meta":"default","adv-header-id-meta":"","stick-header-meta":"default","header-above-stick-meta":"","header-main-stick-meta":"","header-below-stick-meta":"","astra-migrate-meta-layouts":"set","ast-page-background-enabled":"default","ast-page-background-meta":{"desktop":{"background-color":"var(--ast-global-color-4)","background-image":"","background-repeat":"repeat","background-position":"center center","background-size":"auto","background-attachment":"scroll","background-type":"","background-media":"","overlay-type":"","overlay-color":"","overlay-opacity":"","overlay-gradient":""},"tablet":{"background-color":"","background-image":"","background-repeat":"repeat","background-position":"center center","background-size":"auto","background-attachment":"scroll","background-type":"","background-media":"","overlay-type":"","overlay-color":"","overlay-opacity":"","overlay-gradient":""},"mobile":{"background-color":"","background-image":"","background-repeat":"repeat","background-position":"center center","background-size":"auto","background-attachment":"scroll","background-type":"","background-media":"","overlay-type":"","overlay-color":"","overlay-opacity":"","overlay-gradient":""}},"ast-content-background-meta":{"desktop":{"background-color":"var(--ast-global-color-5)","background-image":"","background-repeat":"repeat","background-position":"center center","background-size":"auto","background-attachment":"scroll","background-type":"","background-media":"","overlay-type":"","overlay-color":"","overlay-opacity":"","overlay-gradient":""},"tablet":{"background-color":"var(--ast-global-color-5)","background-image":"","background-repeat":"repeat","background-position":"center center","background-size":"auto","background-attachment":"scroll","background-type":"","background-media":"","overlay-type":"","overlay-color":"","overlay-opacity":"","overlay-gradient":""},"mobile":{"background-color":"var(--ast-global-color-5)","background-image":"","background-repeat":"repeat","background-position":"center center","background-size":"auto","background-attachment":"scroll","background-type":"","background-media":"","overlay-type":"","overlay-color":"","overlay-opacity":"","overlay-gradient":""}},"footnotes":""},"class_list":["post-9557","page","type-page","status-publish","has-post-thumbnail","hentry"],"acf":[],"_links":{"self":[{"href":"https:\/\/mercyships.ca\/fr\/wp-json\/wp\/v2\/pages\/9557","targetHints":{"allow":["GET"]}}],"collection":[{"href":"https:\/\/mercyships.ca\/fr\/wp-json\/wp\/v2\/pages"}],"about":[{"href":"https:\/\/mercyships.ca\/fr\/wp-json\/wp\/v2\/types\/page"}],"author":[{"embeddable":true,"href":"https:\/\/mercyships.ca\/fr\/wp-json\/wp\/v2\/users\/9"}],"replies":[{"embeddable":true,"href":"https:\/\/mercyships.ca\/fr\/wp-json\/wp\/v2\/comments?post=9557"}],"version-history":[{"count":5,"href":"https:\/\/mercyships.ca\/fr\/wp-json\/wp\/v2\/pages\/9557\/revisions"}],"predecessor-version":[{"id":11362,"href":"https:\/\/mercyships.ca\/fr\/wp-json\/wp\/v2\/pages\/9557\/revisions\/11362"}],"up":[{"embeddable":true,"href":"https:\/\/mercyships.ca\/fr\/wp-json\/wp\/v2\/pages\/9581"}],"wp:featuredmedia":[{"embeddable":true,"href":"https:\/\/mercyships.ca\/fr\/wp-json\/wp\/v2\/media\/5634"}],"wp:attachment":[{"href":"https:\/\/mercyships.ca\/fr\/wp-json\/wp\/v2\/media?parent=9557"}],"curies":[{"name":"wp","href":"https:\/\/api.w.org\/{rel}","templated":true}]}}