{"id":897,"date":"2024-08-02T16:05:47","date_gmt":"2024-08-02T23:05:47","guid":{"rendered":"https:\/\/mercyships.onpressidium.com\/?page_id=897"},"modified":"2025-10-23T16:11:13","modified_gmt":"2025-10-23T23:11:13","slug":"opportunites-dengagement","status":"publish","type":"page","link":"https:\/\/mercyships.ca\/fr\/engagement-opportunities\/","title":{"rendered":"Opportunit\u00e9s d\u2019engagement"},"content":{"rendered":"<img loading=\"lazy\" decoding=\"async\" src=\"https:\/\/mercyships.ca\/wp-content\/uploads\/2024\/09\/hr-team-PS2500.jpg\" alt=\"Job opportunities at Mercy Ships\" itemprop=\"image\" height=\"679\" width=\"2500\" title=\"The HR team\" onerror=\"this.style.display='none'\"  \/>\r\n<h2>\r\n\t\tDevenez acteur pour la sant\u00e9 mondiale\r\n\t<\/h2>\r\n\tMercy Ships s\u2019efforce de changer le narratif en mati\u00e8re d'acc\u00e8s universel aux soins de sant\u00e9.<br \/>\r\nNotre personnel et nos b\u00e9n\u00e9voles peuvent offrir des pr\u00e9sentations pertinentes et adapt\u00e9es \u00e0 diverses organisations, entreprises et divers milieux \u00e9ducatifs.\r\n<h3>\r\n\t\tVoici les th\u00e8mes abord\u00e9s :\r\n\t<\/h3>\r\n\t\t\t\t<img loading=\"lazy\" decoding=\"async\" src=\"https:\/\/mercyships.ca\/wp-content\/uploads\/2024\/08\/ms-icon-med-cercle_Direct_Med.svg\" alt=\"ms-icon-med-cercle_Direct_Med\" itemprop=\"image\" height=\"150\" width=\"150\" title=\"ms-icon-med-cercle_Direct_Med\" onerror=\"this.style.display='none'\"  \/>\r\n<h3>\r\n\t\tL'importance de l'acc\u00e8s \u00e0 des soins de sant\u00e9 gratuits.\r\n\t<\/h3>\r\n\t\t\t\t<img loading=\"lazy\" decoding=\"async\" src=\"https:\/\/mercyships.ca\/wp-content\/uploads\/2024\/08\/ms-icon-med-cercle_Medical_Pros.svg\" alt=\"ms-icon-med-cercle_Medical_Pros\" itemprop=\"image\" height=\"150\" width=\"150\" title=\"ms-icon-med-cercle_Medical_Pros\" onerror=\"this.style.display='none'\"  \/>\r\n<h3>\r\n\t\tLe changement durable apport\u00e9 par l'enseignement et la formation.\r\n\t<\/h3>\r\n\t\t\t\t<img loading=\"lazy\" decoding=\"async\" src=\"https:\/\/mercyships.ca\/wp-content\/uploads\/2024\/08\/ms-icon-gen_Global_Care.svg\" alt=\"ms-icon-gen_Global_Care\" itemprop=\"image\" height=\"150\" width=\"150\" title=\"ms-icon-gen_Global_Care\" onerror=\"this.style.display='none'\"  \/>\r\n<h3>\r\n\t\tLes soins de sant\u00e9, la justice et droits de l'homme.\r\n\t<\/h3>\r\n\t\t\t\t<img loading=\"lazy\" decoding=\"async\" src=\"https:\/\/mercyships.ca\/wp-content\/uploads\/2024\/08\/featured-image-unterstuetzen-anwalt-richter-vision-trip-besuch-deck-patientin.jpg\" alt=\"Volunteer and patient on deck 7\" itemprop=\"image\" height=\"477\" width=\"552\" title=\"featured-image-unterstuetzen-anwalt-richter-vision-trip-besuch-deck-patientin\" onerror=\"this.style.display='none'\"  \/>\r\n<h3>\r\n\t\tPr\u00e9sentations publiques\r\n\t<\/h3>\r\n\tMercy Ships Canada se r\u00e9jouit des invitations initi\u00e9es autant que par des individus que des groupes. Les \u00e9v\u00e9nements virtuels et en pr\u00e9sentiels comme les organisations communautaires, les conf\u00e9rences acad\u00e9miques, et les s\u00e9minaires permettent un apprentissage mutuel et des opportunit\u00e9s de dialogue approfondi.<br \/>\r\nNos pr\u00e9sentations r\u00e9centes sont les suivantes :\r\n<ul>\r\n<li class=\"translation-block\">\u00ab Comment ne pas sauver le monde \u00bb \u2013 Discussion sur la sant\u00e9 mondiale \u00e0 l\u2019universit\u00e9 Queens \u00e0 Kingston en Ontario (Mars 2024)<\/li>\r\n<li class=\"translation-block\">Symposium sur la foi, la collecte de fonds et la communication<\/a> (mai 2023)<\/li>\r\n<\/ul>\r\n\t\t\t<a href=\"https:\/\/mercyships.ca\/fr\/engagement-avec-le-public\/\" target=\"_self\">\r\n\t\t\t\t\t\t\tEn savoir plus\r\n\t\t\t\t\t<\/a>\r\n\t\t\t\t<img loading=\"lazy\" decoding=\"async\" src=\"https:\/\/mercyships.ca\/wp-content\/uploads\/2024\/08\/event-organisation-feature.jpg\" alt=\"Organise an event for Mercy Ships Canada\" itemprop=\"image\" height=\"378\" width=\"531\" title=\"event-organisation-feature\" onerror=\"this.style.display='none'\"  \/>\r\n<h3>\r\n\t\tOrganiser un \u00e9v\u00e8nement\r\n\t<\/h3>\r\n\t<p>Invitez amis, parents et coll\u00e8gues et unissez-vous pour la cause commune d'aider celles et ceux dans le besoin. Un moyen local et accessible de contribuer \u00e0 faire connaitre la mission de Mercy Ships et de devenir des citoyens du monde.<\/p>\r\n\t\t\t<a href=\"https:\/\/mercyships.ca\/fr\/organiser-un-evenement\/\" target=\"_self\">\r\n\t\t\t\t\t\t\tEn savoir plus\r\n\t\t\t\t\t<\/a>\r\n<h2>\r\n\t\tLe v\u00e9ritable changement arrive lorsque nous travaillons tous ensemble.\r\n\t<\/h2>\r\n\t<p>It&#8217;s an all-hands-on-deck job. So partner with us today, and don&#8217;t miss the opportunity to help change someone&#8217;s life forever. Your support and volunteer efforts bring hope and healing to so many in great need.<\/p>\r\n\t<p>No one should feel isolated from their community because they can&#8217;t access medical care. Help us bring hope and healing to those in need. So they can live with purpose and meaning in their communities.<\/p>\r\n\t\t\t<a href=\"https:\/\/mercyships.ca\/fr\/faire-un-don\/\" target=\"_self\">\r\n\t\t\t\t\t\t\tFaire un don\r\n\t\t\t\t\t<\/a>\r\n\t\t\t<a href=\"https:\/\/mercyships.ca\/fr\/benevole\/\" target=\"_self\">\r\n\t\t\t\t\t\t\tDevenir b\u00e9n\u00e9vole\r\n\t\t\t\t\t<\/a>\r\n\t\t\t\t<img loading=\"lazy\" decoding=\"async\" src=\"https:\/\/mercyships.ca\/wp-content\/uploads\/2024\/08\/Gallery-chaplaincy-prayer-531x378-1.jpg\" alt=\"Aum\u00f4nerie hospitali\u00e8re\" itemprop=\"image\" height=\"378\" width=\"531\" title=\"Gallery-chaplaincy-prayer-531x378-1\" onerror=\"this.style.display='none'\"  \/>\r\n<h3>\r\n\t\tDevenez porte-parole\r\n\t<\/h3>\r\n\t<p>Organisez un \u00e9v\u00e9nement et faites connaitre notre mission \u00e0 votre communaut\u00e9 de foi. Votre voix nous permet d\u2019atteindre les personnes dans le besoin et vos pri\u00e8res encouragent pleinement notre travail.<\/p>\r\n\t\t\t<a href=\"https:\/\/mercyships.ca\/fr\/eglises\/\" target=\"_self\">\r\n\t\t\t\t\t\t\tEn savoir plus\r\n\t\t\t\t\t<\/a>","protected":false},"excerpt":{"rendered":"<p>Join the Conversation on Global Healthcare Mercy Ships is passionate about changing the narrative around the current global healthcare crisis. [&hellip;]<\/p>\n","protected":false},"author":3,"featured_media":900,"parent":0,"menu_order":0,"comment_status":"closed","ping_status":"closed","template":"","meta":{"_acf_changed":false,"_seopress_robots_primary_cat":"","_seopress_titles_title":"","_seopress_titles_desc":"We have staff and volunteers trained to provide presentations for various organizations, businesses, and educational institutions.","_seopress_robots_index":"","site-sidebar-layout":"no-sidebar","site-content-layout":"page-builder","ast-site-content-layout":"full-width-container","site-content-style":"default","site-sidebar-style":"default","ast-global-header-display":"","ast-banner-title-visibility":"","ast-main-header-display":"","ast-hfb-above-header-display":"","ast-hfb-below-header-display":"","ast-hfb-mobile-header-display":"","site-post-title":"disabled","ast-breadcrumbs-content":"","ast-featured-img":"disabled","footer-sml-layout":"","ast-disable-related-posts":"","theme-transparent-header-meta":"default","adv-header-id-meta":"","stick-header-meta":"default","header-above-stick-meta":"","header-main-stick-meta":"","header-below-stick-meta":"","astra-migrate-meta-layouts":"set","ast-page-background-enabled":"default","ast-page-background-meta":{"desktop":{"background-color":"var(--ast-global-color-4)","background-image":"","background-repeat":"repeat","background-position":"center center","background-size":"auto","background-attachment":"scroll","background-type":"","background-media":"","overlay-type":"","overlay-color":"","overlay-opacity":"","overlay-gradient":""},"tablet":{"background-color":"","background-image":"","background-repeat":"repeat","background-position":"center center","background-size":"auto","background-attachment":"scroll","background-type":"","background-media":"","overlay-type":"","overlay-color":"","overlay-opacity":"","overlay-gradient":""},"mobile":{"background-color":"","background-image":"","background-repeat":"repeat","background-position":"center center","background-size":"auto","background-attachment":"scroll","background-type":"","background-media":"","overlay-type":"","overlay-color":"","overlay-opacity":"","overlay-gradient":""}},"ast-content-background-meta":{"desktop":{"background-color":"var(--ast-global-color-5)","background-image":"","background-repeat":"repeat","background-position":"center center","background-size":"auto","background-attachment":"scroll","background-type":"","background-media":"","overlay-type":"","overlay-color":"","overlay-opacity":"","overlay-gradient":""},"tablet":{"background-color":"var(--ast-global-color-5)","background-image":"","background-repeat":"repeat","background-position":"center center","background-size":"auto","background-attachment":"scroll","background-type":"","background-media":"","overlay-type":"","overlay-color":"","overlay-opacity":"","overlay-gradient":""},"mobile":{"background-color":"var(--ast-global-color-5)","background-image":"","background-repeat":"repeat","background-position":"center center","background-size":"auto","background-attachment":"scroll","background-type":"","background-media":"","overlay-type":"","overlay-color":"","overlay-opacity":"","overlay-gradient":""}},"footnotes":""},"class_list":["post-897","page","type-page","status-publish","has-post-thumbnail","hentry"],"acf":[],"_links":{"self":[{"href":"https:\/\/mercyships.ca\/fr\/wp-json\/wp\/v2\/pages\/897","targetHints":{"allow":["GET"]}}],"collection":[{"href":"https:\/\/mercyships.ca\/fr\/wp-json\/wp\/v2\/pages"}],"about":[{"href":"https:\/\/mercyships.ca\/fr\/wp-json\/wp\/v2\/types\/page"}],"author":[{"embeddable":true,"href":"https:\/\/mercyships.ca\/fr\/wp-json\/wp\/v2\/users\/3"}],"replies":[{"embeddable":true,"href":"https:\/\/mercyships.ca\/fr\/wp-json\/wp\/v2\/comments?post=897"}],"version-history":[{"count":5,"href":"https:\/\/mercyships.ca\/fr\/wp-json\/wp\/v2\/pages\/897\/revisions"}],"predecessor-version":[{"id":10926,"href":"https:\/\/mercyships.ca\/fr\/wp-json\/wp\/v2\/pages\/897\/revisions\/10926"}],"wp:featuredmedia":[{"embeddable":true,"href":"https:\/\/mercyships.ca\/fr\/wp-json\/wp\/v2\/media\/900"}],"wp:attachment":[{"href":"https:\/\/mercyships.ca\/fr\/wp-json\/wp\/v2\/media?parent=897"}],"curies":[{"name":"wp","href":"https:\/\/api.w.org\/{rel}","templated":true}]}}