{"id":801,"date":"2024-07-31T16:50:39","date_gmt":"2024-07-31T23:50:39","guid":{"rendered":"https:\/\/mercyships.onpressidium.com\/?page_id=801"},"modified":"2025-10-22T16:01:33","modified_gmt":"2025-10-22T23:01:33","slug":"impact-social","status":"publish","type":"page","link":"https:\/\/mercyships.ca\/fr\/how-we-help\/social-impact\/","title":{"rendered":"Impact social"},"content":{"rendered":"<img loading=\"lazy\" decoding=\"async\" src=\"https:\/\/mercyships.ca\/wp-content\/uploads\/2024\/08\/mercyship-social-impact-PS2500.jpg\" alt=\"Impact social\" itemprop=\"image\" height=\"679\" width=\"2500\" title=\"mercyship-social-impact PS2500\" onerror=\"this.style.display='none'\"  \/>\r\n<h2>\r\n\t\tTransformer des vies et des communaut\u00e9s\r\n\t<\/h2>\r\n\t<p>Le d\u00e9veloppement durable est un appel universel \u00e0 la mise action pour le bien-\u00eatre de tous. L'ensemble des activit\u00e9s de Mercy Ships Canada impactant la chirurgie mondiale contribue \u00e0 am\u00e9liorer l'acc\u00e8s aux soins de sant\u00e9 en Afrique, car une chirurgie rapide et abordable est essentielle pour les personnes de tous \u00e2ges. L'offre de soins chirurgicaux affecte tous les aspects du syst\u00e8me de sant\u00e9. Ensemble, nous travaillons \u00e0 adresser les causes sous-jacentes au manque d'acc\u00e8s de soins chirurgicaux : la main-d'\u0153uvre limit\u00e9e, le manque d'\u00e9quipements essentiels, les d\u00e9ficits d'infrastructures et la pauvret\u00e9.<\/p>\r\n\t<iframe loading=\"lazy\" width=\"560\" height=\"315\" src=\"https:\/\/www.youtube.com\/embed\/7wIXZTg6qSc?si=N1ICTwoWnc484sD6\" title=\"YouTube video player\" frameborder=\"0\" allow=\"accelerometer; autoplay; clipboard-write; encrypted-media; gyroscope; picture-in-picture; web-share\" referrerpolicy=\"strict-origin-when-cross-origin\" allowfullscreen><\/iframe>\r\n\t<iframe loading=\"lazy\" width=\"560\" height=\"315\" src=\"https:\/\/www.youtube.com\/embed\/KIXksHRF420?si=au9fKo0mcOY_j2it\" title=\"YouTube video player\" frameborder=\"0\" allow=\"accelerometer; autoplay; clipboard-write; encrypted-media; gyroscope; picture-in-picture; web-share\" referrerpolicy=\"strict-origin-when-cross-origin\" allowfullscreen><\/iframe>\r\n\t<p>Explore Mercy Ships Canada&#8217;s work and partner with us to help accelerate positive social change. We provide free surgeries to patients and foster improvements in surgical healthcare service delivery. Our volunteer crew and staff are dedicated to helping transform lives and empower people and healthcare professionals in low-resource African communities. Together, we can make a lasting difference in the lives of children and adults we serve.<\/p>\r\n<h2>\r\n\t\tMercy Ships Canada&#8217;s Social Impact Initiatives\r\n\t<\/h2>\r\n\t\t\t\t<a href=\"https:\/\/mercyships.ca\/fr\/services-chirurgicaux-directs-et-equipement-medical\/\" target=\"_self\" itemprop=\"url\" rel=\"noopener\">\r\n\t\t\t\t<img loading=\"lazy\" decoding=\"async\" src=\"https:\/\/mercyships.ca\/wp-content\/uploads\/2024\/10\/ms-icon_med_Surgery_Africa.svg\" alt=\"ms-icon_med_Surgery_Africa\" itemprop=\"image\" height=\"150\" width=\"150\" title=\"ms-icon_med_Surgery_Africa\" onerror=\"this.style.display='none'\"  \/>\r\n\t\t\t\t<\/a>\r\n<h3>\r\n\t\tDirect Surgical Services &#038; Medical Equipment\r\n\t<\/h3>\r\n\t\t\t<a href=\"https:\/\/mercyships.ca\/fr\/services-chirurgicaux-directs-et-equipement-medical\/\" target=\"_self\" rel=\"noopener\">\r\n\t\t\t\t\t\t\tEn savoir plus\r\n\t\t\t\t\t<\/a>\r\n\t\t\t\t<img loading=\"lazy\" decoding=\"async\" src=\"https:\/\/mercyships.ca\/wp-content\/uploads\/2024\/07\/ms-icon_med_Infrastructure_Hospital.svg\" alt=\"ms-icon_med_Infrastructure_Hospital\" itemprop=\"image\" height=\"150\" width=\"150\" title=\"ms-icon_med_Infrastructure_Hospital\" onerror=\"this.style.display='none'\"  \/>\r\n<h3>\r\n\t\tHealth Care Support Services &#038; Infrastructure\r\n\t<\/h3>\r\n\t\t\t<a href=\"https:\/\/mercyships.ca\/fr\/services-dappui-aux-soins-de-sante-et-infrastructure\/\" target=\"_self\" rel=\"noopener\">\r\n\t\t\t\t\t\t\tEn savoir plus\r\n\t\t\t\t\t<\/a>\r\n\t\t\t\t<img loading=\"lazy\" decoding=\"async\" src=\"https:\/\/mercyships.ca\/wp-content\/uploads\/2024\/07\/ms-icon_med_Training.svg\" alt=\"ms-icon_med_Training\" itemprop=\"image\" height=\"150\" width=\"150\" title=\"ms-icon_med_Training\" onerror=\"this.style.display='none'\"  \/>\r\n<h3>\r\n\t\tEnseignement, Formation et Promotion de la Sant\u00e9 (ETA)\r\n\t<\/h3>\r\n\t\t\t<a href=\"https:\/\/mercyships.ca\/fr\/enseignement-formation-promotion-de-la-sante\/\" target=\"_self\" rel=\"noopener\">\r\n\t\t\t\t\t\t\tEn savoir plus\r\n\t\t\t\t\t<\/a>\r\n<h2>\r\n\t\tMercy Ships&#8217; Environmental, Social, and Governance (ESG) Initiatives\r\n\t<\/h2>\r\n\t<p>Mercy Ships travaille en \u00e9troite collaboration avec les partenaires locaux et les parties prenantes afin de poursuivre son engagement pour avoir un impact durable sur la sant\u00e9 des individus et des communaut\u00e9s en Afrique subsaharienne gr\u00e2ce \u00e0 ses navires-h\u00f4pitaux ultramodernes. En coh\u00e9rence avec nos valeurs et notre d\u00e9sir d'excellence dans tous nos domaines d'activit\u00e9, nous nous engageons \u00e0 respecter les normes les plus strictes. Apprenez-en plus sur nos initiatives environnementales, sociales et de gouvernance (ESG).<\/p>\r\n\t\t\t<a href=\"https:\/\/mercyships.ca\/fr\/environnement-societe-gouvernance\/\" target=\"_self\" rel=\"noopener\">\r\n\t\t\t\t\t\t\tEn savoir plus\r\n\t\t\t\t\t<\/a>\r\n<h2>\r\n\t\tLe v\u00e9ritable changement arrive lorsque nous travaillons tous ensemble.\r\n\t<\/h2>\r\n\t<p>No one should feel isolated from their community because they can&#8217;t access medical care. Help us bring hope and healing to those in need. So they can live with purpose and meaning in their communities.<\/p>\r\n\t\t\t<a href=\"https:\/\/mercyships.ca\/fr\/faire-un-don\/\" target=\"_self\" rel=\"noopener\">\r\n\t\t\t\t\t\t\tFaire un don\r\n\t\t\t\t\t<\/a>\r\n\t\t\t<a href=\"https:\/\/mercyships.ca\/fr\/benevole\/\" target=\"_self\" rel=\"noopener\">\r\n\t\t\t\t\t\t\tDevenir b\u00e9n\u00e9vole\r\n\t\t\t\t\t<\/a>","protected":false},"excerpt":{"rendered":"<p>Transforming Lives and Empowering Communities Sustainable development is a universal call to action to ensure the well-being of everyone. The [&hellip;]<\/p>\n","protected":false},"author":3,"featured_media":1211,"parent":149,"menu_order":0,"comment_status":"closed","ping_status":"closed","template":"","meta":{"_acf_changed":false,"_seopress_robots_primary_cat":"","_seopress_titles_title":"","_seopress_titles_desc":"Learn how volunteers, individuals, organizations, and communities are making a positive difference in the world.","_seopress_robots_index":"","site-sidebar-layout":"no-sidebar","site-content-layout":"page-builder","ast-site-content-layout":"full-width-container","site-content-style":"default","site-sidebar-style":"default","ast-global-header-display":"","ast-banner-title-visibility":"","ast-main-header-display":"","ast-hfb-above-header-display":"","ast-hfb-below-header-display":"","ast-hfb-mobile-header-display":"","site-post-title":"disabled","ast-breadcrumbs-content":"","ast-featured-img":"disabled","footer-sml-layout":"","ast-disable-related-posts":"","theme-transparent-header-meta":"default","adv-header-id-meta":"","stick-header-meta":"default","header-above-stick-meta":"","header-main-stick-meta":"","header-below-stick-meta":"","astra-migrate-meta-layouts":"set","ast-page-background-enabled":"default","ast-page-background-meta":{"desktop":{"background-color":"var(--ast-global-color-4)","background-image":"","background-repeat":"repeat","background-position":"center center","background-size":"auto","background-attachment":"scroll","background-type":"","background-media":"","overlay-type":"","overlay-color":"","overlay-opacity":"","overlay-gradient":""},"tablet":{"background-color":"","background-image":"","background-repeat":"repeat","background-position":"center center","background-size":"auto","background-attachment":"scroll","background-type":"","background-media":"","overlay-type":"","overlay-color":"","overlay-opacity":"","overlay-gradient":""},"mobile":{"background-color":"","background-image":"","background-repeat":"repeat","background-position":"center center","background-size":"auto","background-attachment":"scroll","background-type":"","background-media":"","overlay-type":"","overlay-color":"","overlay-opacity":"","overlay-gradient":""}},"ast-content-background-meta":{"desktop":{"background-color":"var(--ast-global-color-5)","background-image":"","background-repeat":"repeat","background-position":"center center","background-size":"auto","background-attachment":"scroll","background-type":"","background-media":"","overlay-type":"","overlay-color":"","overlay-opacity":"","overlay-gradient":""},"tablet":{"background-color":"var(--ast-global-color-5)","background-image":"","background-repeat":"repeat","background-position":"center center","background-size":"auto","background-attachment":"scroll","background-type":"","background-media":"","overlay-type":"","overlay-color":"","overlay-opacity":"","overlay-gradient":""},"mobile":{"background-color":"var(--ast-global-color-5)","background-image":"","background-repeat":"repeat","background-position":"center center","background-size":"auto","background-attachment":"scroll","background-type":"","background-media":"","overlay-type":"","overlay-color":"","overlay-opacity":"","overlay-gradient":""}},"footnotes":""},"class_list":["post-801","page","type-page","status-publish","has-post-thumbnail","hentry"],"acf":[],"_links":{"self":[{"href":"https:\/\/mercyships.ca\/fr\/wp-json\/wp\/v2\/pages\/801","targetHints":{"allow":["GET"]}}],"collection":[{"href":"https:\/\/mercyships.ca\/fr\/wp-json\/wp\/v2\/pages"}],"about":[{"href":"https:\/\/mercyships.ca\/fr\/wp-json\/wp\/v2\/types\/page"}],"author":[{"embeddable":true,"href":"https:\/\/mercyships.ca\/fr\/wp-json\/wp\/v2\/users\/3"}],"replies":[{"embeddable":true,"href":"https:\/\/mercyships.ca\/fr\/wp-json\/wp\/v2\/comments?post=801"}],"version-history":[{"count":5,"href":"https:\/\/mercyships.ca\/fr\/wp-json\/wp\/v2\/pages\/801\/revisions"}],"predecessor-version":[{"id":9509,"href":"https:\/\/mercyships.ca\/fr\/wp-json\/wp\/v2\/pages\/801\/revisions\/9509"}],"up":[{"embeddable":true,"href":"https:\/\/mercyships.ca\/fr\/wp-json\/wp\/v2\/pages\/149"}],"wp:featuredmedia":[{"embeddable":true,"href":"https:\/\/mercyships.ca\/fr\/wp-json\/wp\/v2\/media\/1211"}],"wp:attachment":[{"href":"https:\/\/mercyships.ca\/fr\/wp-json\/wp\/v2\/media?parent=801"}],"curies":[{"name":"wp","href":"https:\/\/api.w.org\/{rel}","templated":true}]}}