{"id":6150,"date":"2024-09-05T15:56:29","date_gmt":"2024-09-05T22:56:29","guid":{"rendered":"https:\/\/mercyships.onpressidium.com\/?page_id=6150"},"modified":"2026-02-18T02:22:11","modified_gmt":"2026-02-18T10:22:11","slug":"centre-medical-esperance","status":"publish","type":"page","link":"https:\/\/mercyships.ca\/fr\/hope-medical-centre\/","title":{"rendered":"Centre m\u00e9dical Esp\u00e9rance"},"content":{"rendered":"<figure itemscope itemtype=\"https:\/\/schema.org\/ImageObject\">\n\t\t\t\t<img decoding=\"async\" src=\"https:\/\/mercyships.ca\/wp-content\/uploads\/2024\/09\/Header_Patientensicherheit-PS2500.jpg\" alt=\"Surgical Safety Checklist\" height=\"679\" width=\"2500\" title=\"Header_Patientensicherheit PS2500\" onerror=\"this.style.display='none'\" loading=\"lazy\" \/>\n\t<\/figure>\n<figure itemscope itemtype=\"https:\/\/schema.org\/ImageObject\">\n\t\t\t\t<img decoding=\"async\" src=\"https:\/\/mercyships.ca\/wp-content\/uploads\/2024\/10\/ms-icon-med-cercle_Hospital_Bed.svg\" alt=\"ms-icon-med-cercle_Hospital_Bed\" height=\"150\" width=\"150\" title=\"ms-icon-med-cercle_Hospital_Bed\" onerror=\"this.style.display='none'\" loading=\"lazy\" \/>\n\t<\/figure>\n<h2>\n\t\t\tCentre m\u00e9dical Esp\u00e9rance\t<\/h2>\n<h2>\n\t\t\t\ud83c\udde8\ud83c\udde6 Canadian Program\t<\/h2>\n<h2>\n\t\t\tBesoin du projet\t<\/h2>\n\t<p>Le centre m\u00e9dical Esp\u00e9rance est un \u00e9tablissement m\u00e9dico-chirurgical situ\u00e9 dans le village de\u00a0<a href=\"https:\/\/www.google.com\/maps\/place\/Nzao,+Guinea\/@7.7344022,-8.7527133,2111m\/data=!3m1!1e3!4m5!3m4!1s0xfaf6180ccdfb3cb:0xea5e966ae2a09f42!8m2!3d7.7346109!4d-8.7494934\" target=\"_blank\" rel=\"noopener\">N&#8217;Zao<\/a>, dans le sud-est de la Guin\u00e9e. Il fait partie de l\u2019organisation non gouvernementale (ONG), Association Medicale Esperance De Guinee. (<a href=\"https:\/\/hopeguinea.org\/\" target=\"_blank\" rel=\"noopener\">https:\/\/hopeguinea.org<\/a>).<\/p>\n<p>The Hope Medical Centre didn&#8217;t possess a central server for their hospital and this project allowed them to professionalize and improve administrative functions of the hospital.\u00a0 The lab equipment replaced outdated items and some of the new equipment helped them perform lab tests that they have be unable to perform. Their autoclaves were more than 20 years old, so this project helped them purchase newer models.<\/p>\n<p>L\u2019h\u00f4pital signale \u00e9galement une augmentation des accidents de la route, probablement due \u00e0 l\u2019utilisation croissante des motos dans la r\u00e9gion. La table chirurgicale orthop\u00e9dique a permis de mieux s\u00e9curiser et traiter les patients souffrant de traumatismes par rapport \u00e0 l'ancienne table standard existante.<\/p>\n<p>L\u2019\u00e9quipement de ce projet comprend les technologies de l\u2019information, le laboratoire, les op\u00e9rations, les instruments de st\u00e9rilisation et le mat\u00e9riel chirurgical.<\/p>\n<h2>\n\t\t\tAper\u00e7u du projet\t<\/h2>\n\t<p>Le projet a fourni des \u00e9quipements au centre m\u00e9dical afin qu\u2019il puisse continuer \u00e0 offrir des soins \u00e0 la population locale, am\u00e9liorer ses services actuels et son syst\u00e8me de soutien administratif avec des \u00e9quipements et de la technologie. L\u2019exp\u00e9rience de Mercy Ships en Guin\u00e9e confirme que le pays a un grand besoin de services chirurgicaux am\u00e9lior\u00e9s. Pour la plupart des Guin\u00e9ens, les soins m\u00e9dicaux et chirurgicaux sont inaccessibles en raison du manque de prestataires de soins, ou lorsque des soins sont disponibles, leur co\u00fbt est souvent hors de prix.<\/p>\n<h2>\n\t\t\tImpacts du projet\t<\/h2>\n\t<p>Mercy Ships and Hope Medical Centre have partnered together for several years, including collaborating for selection of Mercy Ships&#8217; patients, training for the Ponseti method of clubfoot treatment and mentoring for surgeons and nurses.<\/p>\n<p>Hope\u00a0Medical Centre, Centre M\u00e9dical l&#8217;Esperance de N&#8217;Zao (CMEZ),\u00a0began as a small health post. A few years later, it received the status of a Medical health centre by the Guinean government. The hospital presently sees between 80 and 100 outpatients a day, with an average of 30 to 35 surgical operations a month.\u00a0The clinic now has 22 beds, and on most days, 20 of those beds are occupied.\u00a0The dental clinic sees around 45-50 people a month for extractions, cleaning and fillings.<\/p>\n<p>En 2023, l\u2019\u00e9quipement a \u00e9t\u00e9 acquis, achet\u00e9, exp\u00e9di\u00e9 et livr\u00e9 au centre et le personnel biom\u00e9dical et technique a install\u00e9 l\u2019\u00e9quipement.<\/p>\n\t\t\t<img decoding=\"async\" src=\"https:\/\/mercyships.ca\/wp-content\/uploads\/2024\/09\/volunteer-tara-mchardy-gallery-SQ400.png\" alt=\"Volunteer Tara Mchardy\" \/>\n\t\t\t\t\t\t\t\t<p>&#8220;I love that Mercy Ships brings people from all over the world trained in various places and careers to use their knowledge and abilities to make miracles happen every single day.&#8221; <br \/><strong><a href=\"https:\/\/mercyships.ca\/fr\/benevole\/humanitarian-adventure-fosters-a-habit-of-giving\/\">En savoir plus<\/a><\/strong><\/p>\n\t\t\t\t\t\t\t\t\t<h3>Tara McHardy<\/h3>\n\t\t\t\t\t\t\t\t\t\t\t\t\t<h4>Infirmi\u00e8re b\u00e9n\u00e9vole, Calgary<\/h4>\n\t<!-- \/.pp-testimonials -->","protected":false},"excerpt":{"rendered":"<p>Hope Medical Centre \ud83c\udde8\ud83c\udde6 Canadian Program Project Need Hope Medical Centre is a medical\/surgical facility in the village of\u00a0N&#8217;Zao, in [&hellip;]<\/p>\n","protected":false},"author":3,"featured_media":6156,"parent":0,"menu_order":0,"comment_status":"closed","ping_status":"closed","template":"","meta":{"_acf_changed":false,"_seopress_robots_primary_cat":"","_seopress_titles_title":"","_seopress_titles_desc":"Hope Medical Centre is a medical\/surgical facility in the village of N\u2019Zao, in the south eastern region of Guinea.","_seopress_robots_index":"","site-sidebar-layout":"no-sidebar","site-content-layout":"page-builder","ast-site-content-layout":"default","site-content-style":"default","site-sidebar-style":"default","ast-global-header-display":"","ast-banner-title-visibility":"","ast-main-header-display":"","ast-hfb-above-header-display":"","ast-hfb-below-header-display":"","ast-hfb-mobile-header-display":"","site-post-title":"disabled","ast-breadcrumbs-content":"","ast-featured-img":"disabled","footer-sml-layout":"","ast-disable-related-posts":"","theme-transparent-header-meta":"default","adv-header-id-meta":"","stick-header-meta":"default","header-above-stick-meta":"","header-main-stick-meta":"","header-below-stick-meta":"","astra-migrate-meta-layouts":"set","ast-page-background-enabled":"default","ast-page-background-meta":{"desktop":{"background-color":"var(--ast-global-color-4)","background-image":"","background-repeat":"repeat","background-position":"center center","background-size":"auto","background-attachment":"scroll","background-type":"","background-media":"","overlay-type":"","overlay-color":"","overlay-opacity":"","overlay-gradient":""},"tablet":{"background-color":"","background-image":"","background-repeat":"repeat","background-position":"center center","background-size":"auto","background-attachment":"scroll","background-type":"","background-media":"","overlay-type":"","overlay-color":"","overlay-opacity":"","overlay-gradient":""},"mobile":{"background-color":"","background-image":"","background-repeat":"repeat","background-position":"center center","background-size":"auto","background-attachment":"scroll","background-type":"","background-media":"","overlay-type":"","overlay-color":"","overlay-opacity":"","overlay-gradient":""}},"ast-content-background-meta":{"desktop":{"background-color":"var(--ast-global-color-5)","background-image":"","background-repeat":"repeat","background-position":"center center","background-size":"auto","background-attachment":"scroll","background-type":"","background-media":"","overlay-type":"","overlay-color":"","overlay-opacity":"","overlay-gradient":""},"tablet":{"background-color":"var(--ast-global-color-5)","background-image":"","background-repeat":"repeat","background-position":"center center","background-size":"auto","background-attachment":"scroll","background-type":"","background-media":"","overlay-type":"","overlay-color":"","overlay-opacity":"","overlay-gradient":""},"mobile":{"background-color":"var(--ast-global-color-5)","background-image":"","background-repeat":"repeat","background-position":"center center","background-size":"auto","background-attachment":"scroll","background-type":"","background-media":"","overlay-type":"","overlay-color":"","overlay-opacity":"","overlay-gradient":""}},"footnotes":""},"class_list":["post-6150","page","type-page","status-publish","has-post-thumbnail","hentry"],"acf":[],"_links":{"self":[{"href":"https:\/\/mercyships.ca\/fr\/wp-json\/wp\/v2\/pages\/6150","targetHints":{"allow":["GET"]}}],"collection":[{"href":"https:\/\/mercyships.ca\/fr\/wp-json\/wp\/v2\/pages"}],"about":[{"href":"https:\/\/mercyships.ca\/fr\/wp-json\/wp\/v2\/types\/page"}],"author":[{"embeddable":true,"href":"https:\/\/mercyships.ca\/fr\/wp-json\/wp\/v2\/users\/3"}],"replies":[{"embeddable":true,"href":"https:\/\/mercyships.ca\/fr\/wp-json\/wp\/v2\/comments?post=6150"}],"version-history":[{"count":6,"href":"https:\/\/mercyships.ca\/fr\/wp-json\/wp\/v2\/pages\/6150\/revisions"}],"predecessor-version":[{"id":14298,"href":"https:\/\/mercyships.ca\/fr\/wp-json\/wp\/v2\/pages\/6150\/revisions\/14298"}],"wp:featuredmedia":[{"embeddable":true,"href":"https:\/\/mercyships.ca\/fr\/wp-json\/wp\/v2\/media\/6156"}],"wp:attachment":[{"href":"https:\/\/mercyships.ca\/fr\/wp-json\/wp\/v2\/media?parent=6150"}],"curies":[{"name":"wp","href":"https:\/\/api.w.org\/{rel}","templated":true}]}}