{"id":6129,"date":"2024-09-05T15:51:19","date_gmt":"2024-09-05T22:51:19","guid":{"rendered":"https:\/\/mercyships.onpressidium.com\/?page_id=6129"},"modified":"2026-02-18T02:02:13","modified_gmt":"2026-02-18T10:02:13","slug":"laboratoire-de-simulation-medicale-gamal","status":"publish","type":"page","link":"https:\/\/mercyships.ca\/fr\/gamal-medical-simulation-lab\/","title":{"rendered":"Laboratoire de simulation m\u00e9dicale Gamal"},"content":{"rendered":"<figure itemscope itemtype=\"https:\/\/schema.org\/ImageObject\">\n\t\t\t\t<img decoding=\"async\" src=\"https:\/\/mercyships.ca\/wp-content\/uploads\/2024\/09\/gamal-sim-lab-PS2500.jpg\" alt=\"Gamal Medical Simulation Lab \u200b\" height=\"680\" width=\"2500\" title=\"gamal-sim-lab PS2500\" onerror=\"this.style.display='none'\" loading=\"lazy\" \/>\n\t<\/figure>\n<figure itemscope itemtype=\"https:\/\/schema.org\/ImageObject\">\n\t\t\t\t<img decoding=\"async\" src=\"https:\/\/mercyships.ca\/wp-content\/uploads\/2024\/08\/ms-icon-med-cercle_Health_Systems.svg\" alt=\"ms-icon-med-cercle_Health_Systems\" height=\"150\" width=\"150\" title=\"ms-icon-med-cercle_Health_Systems\" onerror=\"this.style.display='none'\" loading=\"lazy\" \/>\n\t<\/figure>\n<h2>\n\t\t\tLaboratoire de simulation m\u00e9dicale Gamal\t<\/h2>\n<h2>\n\t\t\t\ud83c\udde8\ud83c\udde6 Canadian Program\t<\/h2>\n\t\t<iframe loading=\"lazy\" width=\"560\" height=\"315\" src=\"https:\/\/www.youtube.com\/embed\/493QEQdPLB8?si=0WMVrA-23ht65wHW\" title=\"YouTube video player\" frameborder=\"0\" allow=\"accelerometer; autoplay; clipboard-write; encrypted-media; gyroscope; picture-in-picture; web-share\" referrerpolicy=\"strict-origin-when-cross-origin\" allowfullscreen><\/iframe>\t\n\t\t<iframe loading=\"lazy\" width=\"560\" height=\"315\" src=\"https:\/\/www.youtube.com\/embed\/sG1Dy1lFmWQ?si=2ssfF0elGhBs44LW\" title=\"YouTube video player\" frameborder=\"0\" allow=\"accelerometer; autoplay; clipboard-write; encrypted-media; gyroscope; picture-in-picture; web-share\" referrerpolicy=\"strict-origin-when-cross-origin\" allowfullscreen><\/iframe>\t\n\t<p class=\"translation-block\">Apprenez-en plus sur l'unique \u00e9cole dentaire publique de Guin\u00e9e <a href=\"https:\/\/mercyships.ca\/fr\/blog\/revolutionner-les-soins-dentaires-afrique-de-louest\/\" target=\"_self\">ici<\/a>.<\/p>\n<h2>\n\t\t\tBesoin du projet\t<\/h2>\n\t<p>Ce projet a soutenu l\u2019\u00e9quipement d\u2019un espace de simulation m\u00e9dicale situ\u00e9 \u00e0 l\u2019Universit\u00e9 Gamal Abdel Nasser de Conakry en Guin\u00e9e. Mercy Ships a achet\u00e9 et exp\u00e9di\u00e9 l\u2019\u00e9quipement directement \u00e0 l\u2019Universit\u00e9 Gamal Abdel Nasser de Conakry (UGANC) en Guin\u00e9e.<\/p>\n<p>Mercy Ships travaille en Afrique de l\u2019Ouest depuis 1991, en envoyant des navires pour offrir des op\u00e9rations chirurgicales et des soins m\u00e9dicaux gratuits. Durant cette p\u00e9riode, l\u2019organisation a d\u00e9velopp\u00e9 des relations avec des professionnels m\u00e9dicaux cl\u00e9s en Guin\u00e9e, qui partagent une passion pour le service aux patients et l\u2019investissement dans les futurs chirurgiens.<\/p>\n<p>Mercy Ships pr\u00e9voit d\u2019aider l\u2019\u00e9cole de m\u00e9decine Gamal \u00e0 \u00e9quiper son espace de simulation, ce qui permettra aux \u00e9tudiants d\u2019acqu\u00e9rir plus d\u2019exp\u00e9rience pratique avant d\u2019obtenir leur dipl\u00f4me.<\/p>\n<figure itemscope itemtype=\"https:\/\/schema.org\/ImageObject\">\n\t\t\t\t<img decoding=\"async\" src=\"https:\/\/mercyships.ca\/wp-content\/uploads\/2024\/09\/gamal-sim-lab-gallery-1-1024x704-1.jpg\" alt=\"Gamal Medical Simulation Lab \u200b\" height=\"704\" width=\"1024\" title=\"gamal-sim-lab-gallery-1-1024x704\" onerror=\"this.style.display='none'\" loading=\"lazy\" \/>\n\t<\/figure>\n<h2>\n\t\t\tAper\u00e7u du projet\t<\/h2>\n\t<p>Mercy Ships reconna\u00eet cette opportunit\u00e9 unique de s\u2019associer \u00e0 l\u2019\u00e9cole de m\u00e9decine Gamal pour r\u00e9aliser sa vision de r\u00e9pondre aux besoins de la population guin\u00e9enne en mati\u00e8re de formation m\u00e9dicale et de soins de sant\u00e9. <\/p>\n<p>En mai 2018, Mercy Ships a conclu un partenariat et une collaboration avec l\u2019Universit\u00e9 Gamal Abdel Nasser de Conakry : l\u2019\u00e9cole dentaire Gamal, ce qui a conduit \u00e0 plus de collaboration avec d\u2019autres d\u00e9partements tels que le d\u00e9partement de m\u00e9decine (o\u00f9 le programme de personnel en anesth\u00e9sie fonctionne). <\/p>\n<h2>\n\t\t\tImpacts du projet\t<\/h2>\n\t<p>Le projet a permis de doter une \u00e9cole de m\u00e9decine enti\u00e8rement \u00e9quip\u00e9e d'un centre de simulation sp\u00e9cialis\u00e9 dans la formation m\u00e9dicale. La direction de l\u2019\u00e9cole de m\u00e9decine a exprim\u00e9 le besoin d\u2019\u00e9quiper un espace existant pour la simulation des \u00e9tudiants, en compl\u00e9ment des cours pratiques dispens\u00e9s. Les \u00e9tudiants en m\u00e9decine ont besoin de beaucoup de pratique et de simulation avant leurs stages cliniques, ce qui est un aspect essentiel de l\u2019\u00e9ducation et de la formation pratiques. L\u2019\u00e9cole de m\u00e9decine de l\u2019UGANC dispose d\u2019un nouvel espace de simulation et la plupart des \u00e9quipements demand\u00e9s sont des mod\u00e8les d\u2019anatomie pour l\u2019enseignement initial de tous les \u00e9tudiants en m\u00e9decine, en soins infirmiers, en m\u00e9decine dentaire et en pharmacie. L\u2019\u00e9quipement est utilis\u00e9 par tous les \u00e9tudiants en m\u00e9decine, soit plus de 150 par an.<\/p>\n<p>Au troisi\u00e8me trimestre 2023, 90 % de l\u2019\u00e9quipement \u00e9tait en attente de livraison et l\u2019installation de l\u2019\u00e9quipement \u00e9tait pr\u00e9vue pour la fin de l\u2019ann\u00e9e 2023.<\/p>\n\t\t\t<img decoding=\"async\" src=\"https:\/\/mercyships.ca\/wp-content\/uploads\/2024\/09\/volunteer-tara-mchardy-gallery-SQ400.png\" alt=\"Volunteer Tara Mchardy\" \/>\n\t\t\t\t\t\t\t\t<p>&#8220;I love that Mercy Ships brings people from all over the world trained in various places and careers to use their knowledge and abilities to make miracles happen every single day.&#8221; <br \/><strong><a href=\"https:\/\/mercyships.ca\/fr\/benevole\/humanitarian-adventure-fosters-a-habit-of-giving\/\">En savoir plus<\/a><\/strong><\/p>\n\t\t\t\t\t\t\t\t\t<h3>Tara McHardy<\/h3>\n\t\t\t\t\t\t\t\t\t\t\t\t\t<h4>Infirmi\u00e8re b\u00e9n\u00e9vole, Calgary<\/h4>\n\t<!-- \/.pp-testimonials -->","protected":false},"excerpt":{"rendered":"<p>Gamal Medical Simulation Lab \ud83c\udde8\ud83c\udde6 Canadian Program Learn more about the Guinea&#8217;s only public dental school here. Project Need This [&hellip;]<\/p>\n","protected":false},"author":3,"featured_media":6135,"parent":0,"menu_order":0,"comment_status":"closed","ping_status":"closed","template":"","meta":{"_acf_changed":false,"_seopress_robots_primary_cat":"","_seopress_titles_title":"","_seopress_titles_desc":"This project aims to support the equipping of a medical simulation space located at the Gamal Abdel Nasser University of Conakry in Guinea.","_seopress_robots_index":"","site-sidebar-layout":"no-sidebar","site-content-layout":"page-builder","ast-site-content-layout":"default","site-content-style":"default","site-sidebar-style":"default","ast-global-header-display":"","ast-banner-title-visibility":"","ast-main-header-display":"","ast-hfb-above-header-display":"","ast-hfb-below-header-display":"","ast-hfb-mobile-header-display":"","site-post-title":"disabled","ast-breadcrumbs-content":"","ast-featured-img":"disabled","footer-sml-layout":"","ast-disable-related-posts":"","theme-transparent-header-meta":"default","adv-header-id-meta":"","stick-header-meta":"default","header-above-stick-meta":"","header-main-stick-meta":"","header-below-stick-meta":"","astra-migrate-meta-layouts":"set","ast-page-background-enabled":"default","ast-page-background-meta":{"desktop":{"background-color":"var(--ast-global-color-4)","background-image":"","background-repeat":"repeat","background-position":"center center","background-size":"auto","background-attachment":"scroll","background-type":"","background-media":"","overlay-type":"","overlay-color":"","overlay-opacity":"","overlay-gradient":""},"tablet":{"background-color":"","background-image":"","background-repeat":"repeat","background-position":"center center","background-size":"auto","background-attachment":"scroll","background-type":"","background-media":"","overlay-type":"","overlay-color":"","overlay-opacity":"","overlay-gradient":""},"mobile":{"background-color":"","background-image":"","background-repeat":"repeat","background-position":"center center","background-size":"auto","background-attachment":"scroll","background-type":"","background-media":"","overlay-type":"","overlay-color":"","overlay-opacity":"","overlay-gradient":""}},"ast-content-background-meta":{"desktop":{"background-color":"var(--ast-global-color-5)","background-image":"","background-repeat":"repeat","background-position":"center center","background-size":"auto","background-attachment":"scroll","background-type":"","background-media":"","overlay-type":"","overlay-color":"","overlay-opacity":"","overlay-gradient":""},"tablet":{"background-color":"var(--ast-global-color-5)","background-image":"","background-repeat":"repeat","background-position":"center center","background-size":"auto","background-attachment":"scroll","background-type":"","background-media":"","overlay-type":"","overlay-color":"","overlay-opacity":"","overlay-gradient":""},"mobile":{"background-color":"var(--ast-global-color-5)","background-image":"","background-repeat":"repeat","background-position":"center center","background-size":"auto","background-attachment":"scroll","background-type":"","background-media":"","overlay-type":"","overlay-color":"","overlay-opacity":"","overlay-gradient":""}},"footnotes":""},"class_list":["post-6129","page","type-page","status-publish","has-post-thumbnail","hentry"],"acf":[],"_links":{"self":[{"href":"https:\/\/mercyships.ca\/fr\/wp-json\/wp\/v2\/pages\/6129","targetHints":{"allow":["GET"]}}],"collection":[{"href":"https:\/\/mercyships.ca\/fr\/wp-json\/wp\/v2\/pages"}],"about":[{"href":"https:\/\/mercyships.ca\/fr\/wp-json\/wp\/v2\/types\/page"}],"author":[{"embeddable":true,"href":"https:\/\/mercyships.ca\/fr\/wp-json\/wp\/v2\/users\/3"}],"replies":[{"embeddable":true,"href":"https:\/\/mercyships.ca\/fr\/wp-json\/wp\/v2\/comments?post=6129"}],"version-history":[{"count":6,"href":"https:\/\/mercyships.ca\/fr\/wp-json\/wp\/v2\/pages\/6129\/revisions"}],"predecessor-version":[{"id":14292,"href":"https:\/\/mercyships.ca\/fr\/wp-json\/wp\/v2\/pages\/6129\/revisions\/14292"}],"wp:featuredmedia":[{"embeddable":true,"href":"https:\/\/mercyships.ca\/fr\/wp-json\/wp\/v2\/media\/6135"}],"wp:attachment":[{"href":"https:\/\/mercyships.ca\/fr\/wp-json\/wp\/v2\/media?parent=6129"}],"curies":[{"name":"wp","href":"https:\/\/api.w.org\/{rel}","templated":true}]}}