{"id":6102,"date":"2024-09-05T15:34:50","date_gmt":"2024-09-05T22:34:50","guid":{"rendered":"https:\/\/mercyships.onpressidium.com\/?page_id=6102"},"modified":"2026-02-05T02:13:14","modified_gmt":"2026-02-05T10:13:14","slug":"laser-yag","status":"publish","type":"page","link":"https:\/\/mercyships.ca\/fr\/yag-laser-eye\/","title":{"rendered":"YAG Laser Eye"},"content":{"rendered":"<figure itemscope itemtype=\"https:\/\/schema.org\/ImageObject\">\n\t\t\t\t<img decoding=\"async\" src=\"https:\/\/mercyships.ca\/wp-content\/uploads\/2026\/01\/SLH251114_NIDEK_EYE_LASER_ED004_HI-scaled.png\" alt=\"SLH251114_NIDEK_EYE_LASER_ED004_HI\" height=\"696\" width=\"2560\" title=\"SLH251114_NIDEK_EYE_LASER_ED004_HI\" onerror=\"this.style.display='none'\" loading=\"lazy\" \/>\n\t<\/figure>\n<figure itemscope itemtype=\"https:\/\/schema.org\/ImageObject\">\n\t\t\t\t<img decoding=\"async\" src=\"https:\/\/mercyships.ca\/wp-content\/uploads\/2024\/08\/ms-icon-med-cercle_Eyes.svg\" alt=\"ms-icon-med-cercle_Eyes\" height=\"150\" width=\"150\" title=\"ms-icon-med-cercle_Eyes\" onerror=\"this.style.display='none'\" loading=\"lazy\" \/>\n\t<\/figure>\n<h2>\n\t\t\tLe laser YAG\t<\/h2>\n<h2>\n\t\t\t\ud83c\udde8\ud83c\udde6 Canadian Program\t<\/h2>\n<h2>\n\t\t\tBesoin du projet\t<\/h2>\n\t<p class=\"translation-block\">Ce projet a permis au <em>Global Mercy<\/em> de disposer d\u2019un laser YAG. Les outils m\u00e9dicaux qui cr\u00e9ent des solutions innovantes sont indispensables pour gagner du temps et de l\u2019espace. La capsulotomie au laser YAG est un traitement au laser sp\u00e9cial utilis\u00e9 pour am\u00e9liorer la vision apr\u00e8s une op\u00e9ration de la cataracte. Ce laser peut restaurer rapidement et efficacement la vision apr\u00e8s la capsulotomie. La capsulotomie au laser YAG pour les patients atteints de cataracte est une mesure pr\u00e9ventive visant \u00e0 r\u00e9duire l\u2019opacification future de la capsule post\u00e9rieure du cristallin, la principale cause de vision trouble apr\u00e8s une chirurgie de la cataracte r\u00e9ussie. L\u2019ajout d\u2019une lunette d\u2019observation et d\u2019un s\u00e9parateur de faisceau sur le laser offre des possibilit\u00e9s d'Enseignement, Formation et Promotion de la Sant\u00e9 (ETA) et permet aux m\u00e9decins d\u2019enseigner les techniques et proc\u00e9dures de traitement.<\/p>\n<h2>\n\t\t\tImpacts du projet\t<\/h2>\n\t<p>Au deuxi\u00e8me trimestre 2022, le laser YAG a \u00e9t\u00e9 install\u00e9 et test\u00e9 sur le\u00a0<em>Global Mercy<\/em>.<\/p>\n<p>Les op\u00e9rations de la cataracte de Mercy Ships sont r\u00e9alis\u00e9es en utilisant les m\u00e9thodes et les technologies les plus r\u00e9centes. Les chirurgiens ophtalmologues de Mercy Ships pratiquent des interventions pour corriger les pt\u00e9rygions (excroissances sur la corn\u00e9e de l\u2019\u0153il), le strabisme (yeux crois\u00e9s), les d\u00e9formations des paupi\u00e8res, et remplacent les yeux aveugles, douloureux ou d\u00e9figur\u00e9s par des proth\u00e8ses. En plus des interventions chirurgicales, Mercy Ships propose des formations aux chirurgiens locaux et aux professionnels de l\u2019ophtalmologie afin de renforcer les capacit\u00e9s du pays \u00e0 fournir des soins oculaires.<\/p>\n\t\t\t<a href=\"https:\/\/mercyships.ca\/fr\/soins-des-yeux\/\"  target=\"_self\">\n\t\t\t\t\t\t\tEn savoir plus\n\t\t\t\t\t<\/a>\n\t\t\t<img decoding=\"async\" src=\"https:\/\/mercyships.ca\/wp-content\/uploads\/2024\/09\/volunteer-tara-mchardy-gallery-SQ400.png\" alt=\"Volunteer Tara Mchardy\" \/>\n\t\t\t\t\t\t\t\t<p>&#8220;I love that Mercy Ships brings people from all over the world trained in various places and careers to use their knowledge and abilities to make miracles happen every single day.&#8221; <br \/><strong><a href=\"https:\/\/mercyships.ca\/fr\/benevole\/humanitarian-adventure-fosters-a-habit-of-giving\/\">En savoir plus<\/a><\/strong><\/p>\n\t\t\t\t\t\t\t\t\t<h3>Tara McHardy<\/h3>\n\t\t\t\t\t\t\t\t\t\t\t\t\t<h4>Infirmi\u00e8re b\u00e9n\u00e9vole, Calgary<\/h4>\n\t<!-- \/.pp-testimonials -->","protected":false},"excerpt":{"rendered":"<p>YAG Eye Laser \ud83c\udde8\ud83c\udde6 Canadian Program Project Need This project provided the Global Mercy\u00a0with one YAG Eye Laser. Medical tools [&hellip;]<\/p>\n","protected":false},"author":3,"featured_media":6111,"parent":0,"menu_order":0,"comment_status":"closed","ping_status":"closed","template":"","meta":{"_acf_changed":false,"_seopress_robots_primary_cat":"","_seopress_titles_title":"","_seopress_titles_desc":"This project will provide the Global Mercy with one YAG Eye Laser. Medical tools that create innovative solutions are imperative to saving both time and space.","_seopress_robots_index":"","site-sidebar-layout":"no-sidebar","site-content-layout":"page-builder","ast-site-content-layout":"default","site-content-style":"default","site-sidebar-style":"default","ast-global-header-display":"","ast-banner-title-visibility":"","ast-main-header-display":"","ast-hfb-above-header-display":"","ast-hfb-below-header-display":"","ast-hfb-mobile-header-display":"","site-post-title":"disabled","ast-breadcrumbs-content":"","ast-featured-img":"disabled","footer-sml-layout":"","ast-disable-related-posts":"","theme-transparent-header-meta":"default","adv-header-id-meta":"","stick-header-meta":"default","header-above-stick-meta":"","header-main-stick-meta":"","header-below-stick-meta":"","astra-migrate-meta-layouts":"set","ast-page-background-enabled":"default","ast-page-background-meta":{"desktop":{"background-color":"var(--ast-global-color-4)","background-image":"","background-repeat":"repeat","background-position":"center center","background-size":"auto","background-attachment":"scroll","background-type":"","background-media":"","overlay-type":"","overlay-color":"","overlay-opacity":"","overlay-gradient":""},"tablet":{"background-color":"","background-image":"","background-repeat":"repeat","background-position":"center center","background-size":"auto","background-attachment":"scroll","background-type":"","background-media":"","overlay-type":"","overlay-color":"","overlay-opacity":"","overlay-gradient":""},"mobile":{"background-color":"","background-image":"","background-repeat":"repeat","background-position":"center center","background-size":"auto","background-attachment":"scroll","background-type":"","background-media":"","overlay-type":"","overlay-color":"","overlay-opacity":"","overlay-gradient":""}},"ast-content-background-meta":{"desktop":{"background-color":"var(--ast-global-color-5)","background-image":"","background-repeat":"repeat","background-position":"center center","background-size":"auto","background-attachment":"scroll","background-type":"","background-media":"","overlay-type":"","overlay-color":"","overlay-opacity":"","overlay-gradient":""},"tablet":{"background-color":"var(--ast-global-color-5)","background-image":"","background-repeat":"repeat","background-position":"center center","background-size":"auto","background-attachment":"scroll","background-type":"","background-media":"","overlay-type":"","overlay-color":"","overlay-opacity":"","overlay-gradient":""},"mobile":{"background-color":"var(--ast-global-color-5)","background-image":"","background-repeat":"repeat","background-position":"center center","background-size":"auto","background-attachment":"scroll","background-type":"","background-media":"","overlay-type":"","overlay-color":"","overlay-opacity":"","overlay-gradient":""}},"footnotes":""},"class_list":["post-6102","page","type-page","status-publish","has-post-thumbnail","hentry"],"acf":[],"_links":{"self":[{"href":"https:\/\/mercyships.ca\/fr\/wp-json\/wp\/v2\/pages\/6102","targetHints":{"allow":["GET"]}}],"collection":[{"href":"https:\/\/mercyships.ca\/fr\/wp-json\/wp\/v2\/pages"}],"about":[{"href":"https:\/\/mercyships.ca\/fr\/wp-json\/wp\/v2\/types\/page"}],"author":[{"embeddable":true,"href":"https:\/\/mercyships.ca\/fr\/wp-json\/wp\/v2\/users\/3"}],"replies":[{"embeddable":true,"href":"https:\/\/mercyships.ca\/fr\/wp-json\/wp\/v2\/comments?post=6102"}],"version-history":[{"count":8,"href":"https:\/\/mercyships.ca\/fr\/wp-json\/wp\/v2\/pages\/6102\/revisions"}],"predecessor-version":[{"id":14181,"href":"https:\/\/mercyships.ca\/fr\/wp-json\/wp\/v2\/pages\/6102\/revisions\/14181"}],"wp:featuredmedia":[{"embeddable":true,"href":"https:\/\/mercyships.ca\/fr\/wp-json\/wp\/v2\/media\/6111"}],"wp:attachment":[{"href":"https:\/\/mercyships.ca\/fr\/wp-json\/wp\/v2\/media?parent=6102"}],"curies":[{"name":"wp","href":"https:\/\/api.w.org\/{rel}","templated":true}]}}