{"id":6057,"date":"2024-09-05T15:09:29","date_gmt":"2024-09-05T22:09:29","guid":{"rendered":"https:\/\/mercyships.onpressidium.com\/?page_id=6057"},"modified":"2026-02-16T04:48:06","modified_gmt":"2026-02-16T12:48:06","slug":"convertisseur-de-dechets-medicaux","status":"publish","type":"page","link":"https:\/\/mercyships.ca\/fr\/medical-waste-converter\/","title":{"rendered":"Convertisseur de d\u00e9chets m\u00e9dicaux"},"content":{"rendered":"<figure itemscope itemtype=\"https:\/\/schema.org\/ImageObject\">\n\t\t\t\t<img decoding=\"async\" src=\"https:\/\/mercyships.ca\/wp-content\/uploads\/2024\/09\/building-waste-converter-1-PS2500.jpg\" alt=\"Convertisseur de d\u00e9chets m\u00e9dicaux\" height=\"680\" width=\"2500\" title=\"building-waste-converter-1 PS2500\" onerror=\"this.style.display='none'\" loading=\"lazy\" \/>\n\t<\/figure>\n<figure itemscope itemtype=\"https:\/\/schema.org\/ImageObject\">\n\t\t\t\t<img decoding=\"async\" src=\"https:\/\/mercyships.ca\/wp-content\/uploads\/2024\/10\/ms-icon-mar-cercle_Energy_Idea.svg\" alt=\"ms-icon-mar-cercle_Energy_Idea\" height=\"150\" width=\"150\" title=\"ms-icon-mar-cercle_Energy_Idea\" onerror=\"this.style.display='none'\" loading=\"lazy\" \/>\n\t<\/figure>\n<h2>\n\t\t\tProjet de convertisseur de d\u00e9chets m\u00e9dicaux au S\u00e9n\u00e9gal\t<\/h2>\n<h2>\n\t\t\t\ud83c\udde8\ud83c\udde6 Canadian Program\t<\/h2>\n\t<p>Contributing to medical infrastructure is an essential part of Mercy Ships Canada&#8217;s work. For example, the Canadian project allows medical waste to be safely handled through existing waste collection systems after processing in Senegal.<\/p>\n<h2>\n\t\t\tBesoin du projet\t<\/h2>\n\t<p>Les nouveaux convertisseurs de d\u00e9chets transforment automatiquement les d\u00e9chets m\u00e9dicaux en une forme fiable qui peut \u00eatre trait\u00e9e dans le flux des d\u00e9chets m\u00e9nagers.  Ils st\u00e9rilisent les d\u00e9chets par une d\u00e9sinfection bas\u00e9e sur la technologie des micro-ondes et ne font pas appel \u00e0 la vapeur \u00e0 haute pression.  Cela rend le processus plus s\u00fbr, garantit la neutralisation des mati\u00e8res nocives et s\u2019effectue d\u2019une mani\u00e8re \u00e9cologiquement et \u00e9conomiquement durable.   Compte tenu des d\u00e9fis auxquels le monde est confront\u00e9 aujourd\u2019hui, notamment le r\u00e9chauffement climatique et le potentiel de propagation de virus dangereux, il s\u2019agit d\u2019une initiative tr\u00e8s importante.<\/p>\n<h2>\n\t\t\tMercy Ships&#8217; Partnerships in Senegal\t<\/h2>\n\t<p>Mercy Ships Canada est honor\u00e9 de participer \u00e0 l\u2019initiative de Mercy Ships en travaillant en \u00e9troite collaboration avec le Minist\u00e8re de la Sant\u00e9 et de l\u2019Action Sociale et la Direction des Infrastructures, des Equipements et de la Maintenance du gouvernement du S\u00e9n\u00e9gal, pour l\u2019achat et l\u2019installation de convertisseurs de d\u00e9chets m\u00e9dicaux dans les \u00e9tablissements de sant\u00e9 \u00e0 travers le S\u00e9n\u00e9gal. L\u2019achat et l\u2019installation de ces convertisseurs de d\u00e9chets font partie d\u2019une initiative nationale visant \u00e0 r\u00e9duire les \u00e9missions de carbone et \u00e0 mettre en place un programme durable, fiable et respectueux de l\u2019environnement pour l\u2019\u00e9limination des d\u00e9chets dans le pays.<\/p>\n<h2>\n\t\t\tAper\u00e7u du projet de Mercy Ships Canada\t<\/h2>\n\t<p>Financial support from Mercy Ships Canada for the medical waste converters helps provide for the purchase of six converters that were installed at additional hospitals and medical centers. This project supports the global Mercy Ships&#8217; initiative to assist in the installation of land-based medical infrastructure that helps the Government of Senegal build capacity to support a stronger, and sustainable healthcare system for their citizens.<\/p>\n<p>La collaboration de Mercy Ships avec le gouvernement s\u00e9n\u00e9galais permet de r\u00e9duire les \u00e9missions et d\u2019assurer une manipulation fiable des d\u00e9chets m\u00e9dicaux dangereux. D\u2019un point de vue environnemental, la technologie de pointe utilis\u00e9e dans les convertisseurs de d\u00e9chets m\u00e9dicaux est de loin pr\u00e9f\u00e9rable aux incin\u00e9rateurs car elle permet aux d\u00e9chets m\u00e9dicaux d\u2019\u00eatre trait\u00e9s en toute s\u00e9curit\u00e9 par les syst\u00e8mes de collecte de d\u00e9chets existants apr\u00e8s leur traitement.<\/p>\n<h2>\n\t\t\tImpacts du projet\t<\/h2>\n\t<p>Les six convertisseurs de d\u00e9chets m\u00e9dicaux et les \u00e9quipements et infrastructures associ\u00e9s ont \u00e9t\u00e9 achet\u00e9s en 2022. Deux des unit\u00e9s ont \u00e9t\u00e9 install\u00e9es et quatre autres devaient l'\u00eatre au printemps 2023, une fois l'alimentation \u00e9lectrique des installations modernis\u00e9e. Une formation sp\u00e9cialis\u00e9e pour tous les techniciens impliqu\u00e9s dans la maintenance et l\u2019utilisation des convertisseurs a \u00e9t\u00e9 dispens\u00e9e au d\u00e9but de l\u2019ann\u00e9e 2023.<\/p>\n\t\t\t<img decoding=\"async\" src=\"https:\/\/mercyships.ca\/wp-content\/uploads\/2024\/09\/volunteer-tara-mchardy-gallery-SQ400.png\" alt=\"Volunteer Tara Mchardy\" \/>\n\t\t\t\t\t\t\t\t<p>&#8220;I love that Mercy Ships brings people from all over the world trained in various places and careers to use their knowledge and abilities to make miracles happen every single day.&#8221; <br \/><strong><a href=\"https:\/\/mercyships.ca\/fr\/benevole\/humanitarian-adventure-fosters-a-habit-of-giving\/\">En savoir plus<\/a><\/strong><\/p>\n\t\t\t\t\t\t\t\t\t<h3>Tara McHardy<\/h3>\n\t\t\t\t\t\t\t\t\t\t\t\t\t<h4>Infirmi\u00e8re b\u00e9n\u00e9vole, Calgary<\/h4>\n\t<!-- \/.pp-testimonials -->","protected":false},"excerpt":{"rendered":"<p>Medical Waste Convertor Project in Senegal \ud83c\udde8\ud83c\udde6 Canadian Program Contributing to medical infrastructure is an essential part of Mercy Ships [&hellip;]<\/p>\n","protected":false},"author":3,"featured_media":6063,"parent":0,"menu_order":0,"comment_status":"closed","ping_status":"closed","template":"","meta":{"_acf_changed":false,"_seopress_robots_primary_cat":"","_seopress_titles_title":"","_seopress_titles_desc":"Contributing to medical infrastructure is an essential part of Mercy Ships Canada's work. For example, the Canadian project will allow medical waste to be safely handled through existing waste collection systems after processing in Senegal.","_seopress_robots_index":"","site-sidebar-layout":"no-sidebar","site-content-layout":"page-builder","ast-site-content-layout":"default","site-content-style":"default","site-sidebar-style":"default","ast-global-header-display":"","ast-banner-title-visibility":"","ast-main-header-display":"","ast-hfb-above-header-display":"","ast-hfb-below-header-display":"","ast-hfb-mobile-header-display":"","site-post-title":"disabled","ast-breadcrumbs-content":"","ast-featured-img":"disabled","footer-sml-layout":"","ast-disable-related-posts":"","theme-transparent-header-meta":"default","adv-header-id-meta":"","stick-header-meta":"default","header-above-stick-meta":"","header-main-stick-meta":"","header-below-stick-meta":"","astra-migrate-meta-layouts":"set","ast-page-background-enabled":"default","ast-page-background-meta":{"desktop":{"background-color":"var(--ast-global-color-4)","background-image":"","background-repeat":"repeat","background-position":"center center","background-size":"auto","background-attachment":"scroll","background-type":"","background-media":"","overlay-type":"","overlay-color":"","overlay-opacity":"","overlay-gradient":""},"tablet":{"background-color":"","background-image":"","background-repeat":"repeat","background-position":"center center","background-size":"auto","background-attachment":"scroll","background-type":"","background-media":"","overlay-type":"","overlay-color":"","overlay-opacity":"","overlay-gradient":""},"mobile":{"background-color":"","background-image":"","background-repeat":"repeat","background-position":"center center","background-size":"auto","background-attachment":"scroll","background-type":"","background-media":"","overlay-type":"","overlay-color":"","overlay-opacity":"","overlay-gradient":""}},"ast-content-background-meta":{"desktop":{"background-color":"var(--ast-global-color-5)","background-image":"","background-repeat":"repeat","background-position":"center center","background-size":"auto","background-attachment":"scroll","background-type":"","background-media":"","overlay-type":"","overlay-color":"","overlay-opacity":"","overlay-gradient":""},"tablet":{"background-color":"var(--ast-global-color-5)","background-image":"","background-repeat":"repeat","background-position":"center center","background-size":"auto","background-attachment":"scroll","background-type":"","background-media":"","overlay-type":"","overlay-color":"","overlay-opacity":"","overlay-gradient":""},"mobile":{"background-color":"var(--ast-global-color-5)","background-image":"","background-repeat":"repeat","background-position":"center center","background-size":"auto","background-attachment":"scroll","background-type":"","background-media":"","overlay-type":"","overlay-color":"","overlay-opacity":"","overlay-gradient":""}},"footnotes":""},"class_list":["post-6057","page","type-page","status-publish","has-post-thumbnail","hentry"],"acf":[],"_links":{"self":[{"href":"https:\/\/mercyships.ca\/fr\/wp-json\/wp\/v2\/pages\/6057","targetHints":{"allow":["GET"]}}],"collection":[{"href":"https:\/\/mercyships.ca\/fr\/wp-json\/wp\/v2\/pages"}],"about":[{"href":"https:\/\/mercyships.ca\/fr\/wp-json\/wp\/v2\/types\/page"}],"author":[{"embeddable":true,"href":"https:\/\/mercyships.ca\/fr\/wp-json\/wp\/v2\/users\/3"}],"replies":[{"embeddable":true,"href":"https:\/\/mercyships.ca\/fr\/wp-json\/wp\/v2\/comments?post=6057"}],"version-history":[{"count":9,"href":"https:\/\/mercyships.ca\/fr\/wp-json\/wp\/v2\/pages\/6057\/revisions"}],"predecessor-version":[{"id":14259,"href":"https:\/\/mercyships.ca\/fr\/wp-json\/wp\/v2\/pages\/6057\/revisions\/14259"}],"wp:featuredmedia":[{"embeddable":true,"href":"https:\/\/mercyships.ca\/fr\/wp-json\/wp\/v2\/media\/6063"}],"wp:attachment":[{"href":"https:\/\/mercyships.ca\/fr\/wp-json\/wp\/v2\/media?parent=6057"}],"curies":[{"name":"wp","href":"https:\/\/api.w.org\/{rel}","templated":true}]}}