{"id":6018,"date":"2024-09-05T14:14:41","date_gmt":"2024-09-05T21:14:41","guid":{"rendered":"https:\/\/mercyships.onpressidium.com\/?page_id=6018"},"modified":"2025-10-22T15:23:00","modified_gmt":"2025-10-22T22:23:00","slug":"centre-hope","status":"publish","type":"page","link":"https:\/\/mercyships.ca\/fr\/hope-centre\/","title":{"rendered":"Hope Centre"},"content":{"rendered":"<img loading=\"lazy\" decoding=\"async\" src=\"https:\/\/mercyships.ca\/wp-content\/uploads\/2024\/09\/program-hope-center-PS2500.jpg\" alt=\"Program Hope Center\" itemprop=\"image\" height=\"679\" width=\"2500\" title=\"program-hope-center PS2500\" onerror=\"this.style.display='none'\"  \/>\r\n\t\t\t\t<img loading=\"lazy\" decoding=\"async\" src=\"https:\/\/mercyships.ca\/wp-content\/uploads\/2024\/10\/ms-icon-cercle_patient.svg\" alt=\"ms-icon-cercle_patient\" itemprop=\"image\" height=\"150\" width=\"150\" title=\"ms-icon-cercle_patient\" onerror=\"this.style.display='none'\"  \/>\r\n<h2>\r\n\t\tLe centre HOPE\r\n\t<\/h2>\r\n<h2>\r\n\t\t\ud83c\udde8\ud83c\udde6 Canadian Program\r\n\t<\/h2>\r\n\t<p>Le centre HOPE (Hospital Out Patient Extention) est un \u00e9tablissement qui prend en charge l\u2019h\u00f4pital \u00e0 bord. Il vise \u00e0 fournir de la place pour les lits et \u00e0 lib\u00e9rer des lits \u00e0 bord du navire, ce qui permet de r\u00e9aliser davantage de chirurgies qui transforment des vies. Les patients et les soignants viennent des provinces \u00e9loign\u00e9es et restent apr\u00e8s leur chirurgie jusqu\u2019\u00e0 ce qu\u2019aucune autre intervention m\u00e9dicale ne soit requise.<\/p>\r\n<h2>\r\n\t\tNotre travail\r\n\t<\/h2>\r\n\t<p class=\"translation-block\">En 2017, Mercy Ships Canada a financ\u00e9 le projet du centre HOPE de 1,3 million de dollars \u00e0 Douala, au Cameroun, qui continuera \u00e0 r\u00e9pondre aux besoins de sant\u00e9 des Camerounais longtemps apr\u00e8s le d\u00e9part de l\u2019<em>Africa Mercy<\/em>.<\/p>\r\n<p>The HOPE Centre was a home to plastic reconstructive, maxillofacial and orthopaedic patients recovering from surgery and provided a place for patients&#8217; loved ones to stay and watch over them while they recovered.<\/p>\r\n<h2>\r\n\t\tEn 2017 au centre HOPE\r\n\t<\/h2>\r\n\t<ul>\r\n<li>234 lits<\/li>\r\n<li>64 194 repas servis<\/li>\r\n<li>\u00c9quipage de 41 jours travaillant 24\/7<\/li>\r\n<li>6 animateurs<\/li>\r\n<li>2000+ voyages transportant des patients<\/li>\r\n<li>31 811 nuits de patients et de soignants<\/li>\r\n<\/ul>\r\n\t<iframe loading=\"lazy\" width=\"560\" height=\"315\" src=\"https:\/\/www.youtube.com\/embed\/5U7NhOl_yxc?si=iuBBYHWMXnYYXa9P\" title=\"YouTube video player\" frameborder=\"0\" allow=\"accelerometer; autoplay; clipboard-write; encrypted-media; gyroscope; picture-in-picture; web-share\" referrerpolicy=\"strict-origin-when-cross-origin\" allowfullscreen><\/iframe>\r\n\t\t\t\t<img loading=\"lazy\" decoding=\"async\" src=\"https:\/\/mercyships.ca\/wp-content\/uploads\/2024\/09\/patientengeschichte-julienne-vor-op-hope-center.jpg\" alt=\"Julienne at the HOPE Center before her operation.\" itemprop=\"image\" height=\"780\" width=\"1135\" title=\"patientengeschichte-julienne-vor-op-hope-center\" onerror=\"this.style.display='none'\"  \/>\r\n\t\t\t\t<img loading=\"lazy\" decoding=\"async\" src=\"https:\/\/mercyships.ca\/wp-content\/uploads\/2024\/09\/patientengeschichte-julienne-reha-gips-nach-op-1024x704-1.jpg\" alt=\"Julienne at the HOPE Center after her operation.\" itemprop=\"image\" height=\"704\" width=\"1024\" title=\"patientengeschichte-julienne-reha-gips-nach-op-1024x704\" onerror=\"this.style.display='none'\"  \/>","protected":false},"excerpt":{"rendered":"<p>The HOPE Centre \ud83c\udde8\ud83c\udde6 Canadian Program The Hospital Out Patient Extention (HOPE) Centre is a facility that supports the hospital [&hellip;]<\/p>\n","protected":false},"author":3,"featured_media":6024,"parent":0,"menu_order":0,"comment_status":"closed","ping_status":"closed","template":"","meta":{"_acf_changed":false,"_seopress_robots_primary_cat":"","_seopress_titles_title":"","_seopress_titles_desc":"The Hospital Out Patient Extention (HOPE) Centre is a facility that supports the hospital on board.","_seopress_robots_index":"","site-sidebar-layout":"no-sidebar","site-content-layout":"page-builder","ast-site-content-layout":"default","site-content-style":"default","site-sidebar-style":"default","ast-global-header-display":"","ast-banner-title-visibility":"","ast-main-header-display":"","ast-hfb-above-header-display":"","ast-hfb-below-header-display":"","ast-hfb-mobile-header-display":"","site-post-title":"disabled","ast-breadcrumbs-content":"","ast-featured-img":"disabled","footer-sml-layout":"","ast-disable-related-posts":"","theme-transparent-header-meta":"default","adv-header-id-meta":"","stick-header-meta":"default","header-above-stick-meta":"","header-main-stick-meta":"","header-below-stick-meta":"","astra-migrate-meta-layouts":"set","ast-page-background-enabled":"default","ast-page-background-meta":{"desktop":{"background-color":"var(--ast-global-color-4)","background-image":"","background-repeat":"repeat","background-position":"center center","background-size":"auto","background-attachment":"scroll","background-type":"","background-media":"","overlay-type":"","overlay-color":"","overlay-opacity":"","overlay-gradient":""},"tablet":{"background-color":"","background-image":"","background-repeat":"repeat","background-position":"center center","background-size":"auto","background-attachment":"scroll","background-type":"","background-media":"","overlay-type":"","overlay-color":"","overlay-opacity":"","overlay-gradient":""},"mobile":{"background-color":"","background-image":"","background-repeat":"repeat","background-position":"center center","background-size":"auto","background-attachment":"scroll","background-type":"","background-media":"","overlay-type":"","overlay-color":"","overlay-opacity":"","overlay-gradient":""}},"ast-content-background-meta":{"desktop":{"background-color":"var(--ast-global-color-5)","background-image":"","background-repeat":"repeat","background-position":"center center","background-size":"auto","background-attachment":"scroll","background-type":"","background-media":"","overlay-type":"","overlay-color":"","overlay-opacity":"","overlay-gradient":""},"tablet":{"background-color":"var(--ast-global-color-5)","background-image":"","background-repeat":"repeat","background-position":"center center","background-size":"auto","background-attachment":"scroll","background-type":"","background-media":"","overlay-type":"","overlay-color":"","overlay-opacity":"","overlay-gradient":""},"mobile":{"background-color":"var(--ast-global-color-5)","background-image":"","background-repeat":"repeat","background-position":"center center","background-size":"auto","background-attachment":"scroll","background-type":"","background-media":"","overlay-type":"","overlay-color":"","overlay-opacity":"","overlay-gradient":""}},"footnotes":""},"class_list":["post-6018","page","type-page","status-publish","has-post-thumbnail","hentry"],"acf":[],"_links":{"self":[{"href":"https:\/\/mercyships.ca\/fr\/wp-json\/wp\/v2\/pages\/6018","targetHints":{"allow":["GET"]}}],"collection":[{"href":"https:\/\/mercyships.ca\/fr\/wp-json\/wp\/v2\/pages"}],"about":[{"href":"https:\/\/mercyships.ca\/fr\/wp-json\/wp\/v2\/types\/page"}],"author":[{"embeddable":true,"href":"https:\/\/mercyships.ca\/fr\/wp-json\/wp\/v2\/users\/3"}],"replies":[{"embeddable":true,"href":"https:\/\/mercyships.ca\/fr\/wp-json\/wp\/v2\/comments?post=6018"}],"version-history":[{"count":5,"href":"https:\/\/mercyships.ca\/fr\/wp-json\/wp\/v2\/pages\/6018\/revisions"}],"predecessor-version":[{"id":9521,"href":"https:\/\/mercyships.ca\/fr\/wp-json\/wp\/v2\/pages\/6018\/revisions\/9521"}],"wp:featuredmedia":[{"embeddable":true,"href":"https:\/\/mercyships.ca\/fr\/wp-json\/wp\/v2\/media\/6024"}],"wp:attachment":[{"href":"https:\/\/mercyships.ca\/fr\/wp-json\/wp\/v2\/media?parent=6018"}],"curies":[{"name":"wp","href":"https:\/\/api.w.org\/{rel}","templated":true}]}}