{"id":5994,"date":"2024-09-05T14:01:38","date_gmt":"2024-09-05T21:01:38","guid":{"rendered":"https:\/\/mercyships.onpressidium.com\/?page_id=5994"},"modified":"2026-02-16T06:38:51","modified_gmt":"2026-02-16T14:38:51","slug":"aumonerie-hospitaliere","status":"publish","type":"page","link":"https:\/\/mercyships.ca\/fr\/hospital-chaplaincy\/","title":{"rendered":"Aum\u00f4nerie hospitali\u00e8re"},"content":{"rendered":"<figure itemscope itemtype=\"https:\/\/schema.org\/ImageObject\">\n\t\t\t\t<img decoding=\"async\" src=\"https:\/\/mercyships.ca\/wp-content\/uploads\/2024\/09\/header-kirchen-gemeinden-gebet-gesang-hafen-PS2500.jpg\" alt=\"Church group volunteering for Mercy Ships\" height=\"679\" width=\"2500\" title=\"header-kirchen-gemeinden-gebet-gesang-hafen PS2500\" onerror=\"this.style.display='none'\" loading=\"lazy\" \/>\n\t<\/figure>\n<figure itemscope itemtype=\"https:\/\/schema.org\/ImageObject\">\n\t\t\t\t<img decoding=\"async\" src=\"https:\/\/mercyships.ca\/wp-content\/uploads\/2024\/08\/ms-icon-gen-cercle_Prayer.svg\" alt=\"ms-icon-gen-cercle_Prayer\" height=\"150\" width=\"150\" title=\"ms-icon-gen-cercle_Prayer\" onerror=\"this.style.display='none'\" loading=\"lazy\" \/>\n\t<\/figure>\n<h2>\n\t\t\tAum\u00f4nerie hospitali\u00e8re\t<\/h2>\n<h2>\n\t\t\t\ud83c\udde8\ud83c\udde6 Canadian Program\t<\/h2>\n\t<p>Mercy Ships Canada a financ\u00e9 le programme d\u2019aum\u00f4nerie de l\u2019h\u00f4pital durant la mission de 2016 au B\u00e9nin. L\u2019aum\u00f4nerie fournit des soins holistiques aux patients en se concentrant sur leurs besoins spirituels, psychologiques, sociaux, \u00e9motionnels et physiques.<\/p>\n<h2>\n\t\t\tNotre travail\t<\/h2>\n\t<p>L\u2019\u00e9quipe d\u2019aum\u00f4nerie de l\u2019h\u00f4pital facilite les activit\u00e9s suivantes pour les patients \u00e0 bord des navires-h\u00f4pitaux et au centre HOPE:<\/p>\n<ul>\n<li>S\u00e9ances de conseil pour les patients et leurs soignants pour aborder les probl\u00e8mes spirituels, \u00e9motionnels, psychologiques et sociaux ;<\/li>\n<li>Spiritualit\u00e9 enrichissant les opportunit\u00e9s telles que le culte et le temps de m\u00e9ditation ;<\/li>\n<li>Activit\u00e9s stimulantes comme la th\u00e9rapie par le jeu, les activit\u00e9s artistiques et artisanales.<\/li>\n<\/ul>","protected":false},"excerpt":{"rendered":"<p>Hospital Chaplaincy \ud83c\udde8\ud83c\udde6 Canadian Program Mercy Ships Canada funded the Hospital Chaplaincy Program during Mercy Ships 2016 field service in [&hellip;]<\/p>\n","protected":false},"author":3,"featured_media":4917,"parent":0,"menu_order":0,"comment_status":"closed","ping_status":"closed","template":"","meta":{"_acf_changed":false,"_seopress_robots_primary_cat":"","_seopress_titles_title":"","_seopress_titles_desc":"Hospital Chaplaincy provides holistic care to patients by focusing on their spiritual, psychological, social, emotional and physical needs.","_seopress_robots_index":"","site-sidebar-layout":"no-sidebar","site-content-layout":"page-builder","ast-site-content-layout":"default","site-content-style":"default","site-sidebar-style":"default","ast-global-header-display":"","ast-banner-title-visibility":"","ast-main-header-display":"","ast-hfb-above-header-display":"","ast-hfb-below-header-display":"","ast-hfb-mobile-header-display":"","site-post-title":"disabled","ast-breadcrumbs-content":"","ast-featured-img":"disabled","footer-sml-layout":"","ast-disable-related-posts":"","theme-transparent-header-meta":"default","adv-header-id-meta":"","stick-header-meta":"default","header-above-stick-meta":"","header-main-stick-meta":"","header-below-stick-meta":"","astra-migrate-meta-layouts":"set","ast-page-background-enabled":"default","ast-page-background-meta":{"desktop":{"background-color":"var(--ast-global-color-4)","background-image":"","background-repeat":"repeat","background-position":"center center","background-size":"auto","background-attachment":"scroll","background-type":"","background-media":"","overlay-type":"","overlay-color":"","overlay-opacity":"","overlay-gradient":""},"tablet":{"background-color":"","background-image":"","background-repeat":"repeat","background-position":"center center","background-size":"auto","background-attachment":"scroll","background-type":"","background-media":"","overlay-type":"","overlay-color":"","overlay-opacity":"","overlay-gradient":""},"mobile":{"background-color":"","background-image":"","background-repeat":"repeat","background-position":"center center","background-size":"auto","background-attachment":"scroll","background-type":"","background-media":"","overlay-type":"","overlay-color":"","overlay-opacity":"","overlay-gradient":""}},"ast-content-background-meta":{"desktop":{"background-color":"var(--ast-global-color-5)","background-image":"","background-repeat":"repeat","background-position":"center center","background-size":"auto","background-attachment":"scroll","background-type":"","background-media":"","overlay-type":"","overlay-color":"","overlay-opacity":"","overlay-gradient":""},"tablet":{"background-color":"var(--ast-global-color-5)","background-image":"","background-repeat":"repeat","background-position":"center center","background-size":"auto","background-attachment":"scroll","background-type":"","background-media":"","overlay-type":"","overlay-color":"","overlay-opacity":"","overlay-gradient":""},"mobile":{"background-color":"var(--ast-global-color-5)","background-image":"","background-repeat":"repeat","background-position":"center center","background-size":"auto","background-attachment":"scroll","background-type":"","background-media":"","overlay-type":"","overlay-color":"","overlay-opacity":"","overlay-gradient":""}},"footnotes":""},"class_list":["post-5994","page","type-page","status-publish","has-post-thumbnail","hentry"],"acf":[],"_links":{"self":[{"href":"https:\/\/mercyships.ca\/fr\/wp-json\/wp\/v2\/pages\/5994","targetHints":{"allow":["GET"]}}],"collection":[{"href":"https:\/\/mercyships.ca\/fr\/wp-json\/wp\/v2\/pages"}],"about":[{"href":"https:\/\/mercyships.ca\/fr\/wp-json\/wp\/v2\/types\/page"}],"author":[{"embeddable":true,"href":"https:\/\/mercyships.ca\/fr\/wp-json\/wp\/v2\/users\/3"}],"replies":[{"embeddable":true,"href":"https:\/\/mercyships.ca\/fr\/wp-json\/wp\/v2\/comments?post=5994"}],"version-history":[{"count":8,"href":"https:\/\/mercyships.ca\/fr\/wp-json\/wp\/v2\/pages\/5994\/revisions"}],"predecessor-version":[{"id":14280,"href":"https:\/\/mercyships.ca\/fr\/wp-json\/wp\/v2\/pages\/5994\/revisions\/14280"}],"wp:featuredmedia":[{"embeddable":true,"href":"https:\/\/mercyships.ca\/fr\/wp-json\/wp\/v2\/media\/4917"}],"wp:attachment":[{"href":"https:\/\/mercyships.ca\/fr\/wp-json\/wp\/v2\/media?parent=5994"}],"curies":[{"name":"wp","href":"https:\/\/api.w.org\/{rel}","templated":true}]}}