{"id":5916,"date":"2024-09-05T13:18:53","date_gmt":"2024-09-05T20:18:53","guid":{"rendered":"https:\/\/mercyships.onpressidium.com\/?page_id=5916"},"modified":"2025-10-23T16:05:39","modified_gmt":"2025-10-23T23:05:39","slug":"traitement-sterile","status":"publish","type":"page","link":"https:\/\/mercyships.ca\/fr\/sterile-processing\/","title":{"rendered":"Traitement st\u00e9rile"},"content":{"rendered":"<img loading=\"lazy\" decoding=\"async\" src=\"https:\/\/mercyships.ca\/wp-content\/uploads\/2024\/09\/sterile-processing-PS2500.jpg\" alt=\"Traitement st\u00e9rile\" itemprop=\"image\" height=\"679\" width=\"2500\" title=\"sterile-processing PS2500\" onerror=\"this.style.display='none'\"  \/>\r\n\t\t\t\t<img loading=\"lazy\" decoding=\"async\" src=\"https:\/\/mercyships.ca\/wp-content\/uploads\/2024\/08\/ms-icon-med-cercle_Surgery.svg\" alt=\"ms-icon-med-cercle_Surgery\" itemprop=\"image\" height=\"150\" width=\"150\" title=\"ms-icon-med-cercle_Surgery\" onerror=\"this.style.display='none'\"  \/>\r\n<h2>\r\n\t\tTraitement st\u00e9rile\r\n\t<\/h2>\r\n<h2>\r\n\t\t\ud83c\udde8\ud83c\udde6 Canadian Program\r\n\t<\/h2>\r\n\t<p>Mercy Ships Canada s\u2019est associ\u00e9 \u00e0 une organisation bas\u00e9e \u00e0 Calgary, <a href=\"https:\/\/www.spectrust.org\/\" target=\"_blank\" rel=\"noopener\">Sterile Processing Education Charitable Trust<\/a> (SPECT). Depuis 2015, Mercy Ships cherche \u00e0 am\u00e9liorer les pratiques de traitement st\u00e9rile dans les pays que nous servons.<\/p>\r\n<h3>\r\n\t\tNotre travail\r\n\t<\/h3>\r\n\t<p>Most medical staff responsible for decontamination and sterilization of surgical instruments receive no formal training in sterile processing of surgical instruments. In most hospitals, it is primarily nurses performing these duties &#8220;on the side&#8221; of their assigned responsibilities. Training of such nurses allows them to in turn, train new staff.<\/p>\r\n<p>By providing training and mentorship, as well as access to a low-cost sterilization system, this project seeks to increase healthcare workers&#8217; knowledge and skills, thereby creating safer working environments for staff, patients, and visitors and decreasing patients&#8217; risks of developing surgical site infections.<\/p>\r\n\t\t\t<img decoding=\"async\" src=\"https:\/\/mercyships.ca\/wp-content\/uploads\/2024\/09\/Gallery-Crew-Christina-Fast-SQ400.png\" alt=\"Christina Fast\" \/>\r\n\t\t\t\t\t<p>&#8220;During my 3-week absence from Hopital Be (CHUT), the men continued to maintain cleanliness by giving the dept a thorough clean every morning. They have rotated almost all of their instrument sets through a rust remover solution, followed by a diligent scrubbing, which has removed years of soil build up. One of the men commented that the OR staff thought the hospital had received new instruments. Once they realized the reason for their shiny instruments was thanks to proper cleaning, they commended the men for doing a great job. This has been really encouraging for the men, and as a result I&#8217;ve noticed an improvement in their attention and engagement in the training. It is also encouraging for us to see these new changes being embraced and applied.&#8221;<\/p>\r\n\t\t\t\t\t\t\t\t\t<h3>Christina Fast<\/h3>\r\n\t\t\t\t\t\t\t\t\t\t\t\t\t<h4> Fondatrice de Sterile Processing Education Charitable Trust (SPECT)<\/h4>\r\n\t<!-- \/.pp-testimonials -->","protected":false},"excerpt":{"rendered":"<p>Sterile Processing \ud83c\udde8\ud83c\udde6 Canadian Program Mercy Ships Canada has partnered with Calgary based organization, Sterile Processing Education Charitable Trust (SPECT). [&hellip;]<\/p>\n","protected":false},"author":3,"featured_media":5925,"parent":0,"menu_order":0,"comment_status":"closed","ping_status":"closed","template":"","meta":{"_acf_changed":false,"_seopress_robots_primary_cat":"","_seopress_titles_title":"","_seopress_titles_desc":"Mercy Ships Canada has partnered with Sterile Processing Education Charitable Trust. Since 2015, we seek to improve sterile processing practices in the countries Mercy Ships serves.","_seopress_robots_index":"","site-sidebar-layout":"no-sidebar","site-content-layout":"page-builder","ast-site-content-layout":"default","site-content-style":"default","site-sidebar-style":"default","ast-global-header-display":"","ast-banner-title-visibility":"","ast-main-header-display":"","ast-hfb-above-header-display":"","ast-hfb-below-header-display":"","ast-hfb-mobile-header-display":"","site-post-title":"disabled","ast-breadcrumbs-content":"","ast-featured-img":"disabled","footer-sml-layout":"","ast-disable-related-posts":"","theme-transparent-header-meta":"default","adv-header-id-meta":"","stick-header-meta":"default","header-above-stick-meta":"","header-main-stick-meta":"","header-below-stick-meta":"","astra-migrate-meta-layouts":"set","ast-page-background-enabled":"default","ast-page-background-meta":{"desktop":{"background-color":"var(--ast-global-color-4)","background-image":"","background-repeat":"repeat","background-position":"center center","background-size":"auto","background-attachment":"scroll","background-type":"","background-media":"","overlay-type":"","overlay-color":"","overlay-opacity":"","overlay-gradient":""},"tablet":{"background-color":"","background-image":"","background-repeat":"repeat","background-position":"center center","background-size":"auto","background-attachment":"scroll","background-type":"","background-media":"","overlay-type":"","overlay-color":"","overlay-opacity":"","overlay-gradient":""},"mobile":{"background-color":"","background-image":"","background-repeat":"repeat","background-position":"center center","background-size":"auto","background-attachment":"scroll","background-type":"","background-media":"","overlay-type":"","overlay-color":"","overlay-opacity":"","overlay-gradient":""}},"ast-content-background-meta":{"desktop":{"background-color":"var(--ast-global-color-5)","background-image":"","background-repeat":"repeat","background-position":"center center","background-size":"auto","background-attachment":"scroll","background-type":"","background-media":"","overlay-type":"","overlay-color":"","overlay-opacity":"","overlay-gradient":""},"tablet":{"background-color":"var(--ast-global-color-5)","background-image":"","background-repeat":"repeat","background-position":"center center","background-size":"auto","background-attachment":"scroll","background-type":"","background-media":"","overlay-type":"","overlay-color":"","overlay-opacity":"","overlay-gradient":""},"mobile":{"background-color":"var(--ast-global-color-5)","background-image":"","background-repeat":"repeat","background-position":"center center","background-size":"auto","background-attachment":"scroll","background-type":"","background-media":"","overlay-type":"","overlay-color":"","overlay-opacity":"","overlay-gradient":""}},"footnotes":""},"class_list":["post-5916","page","type-page","status-publish","has-post-thumbnail","hentry"],"acf":[],"_links":{"self":[{"href":"https:\/\/mercyships.ca\/fr\/wp-json\/wp\/v2\/pages\/5916","targetHints":{"allow":["GET"]}}],"collection":[{"href":"https:\/\/mercyships.ca\/fr\/wp-json\/wp\/v2\/pages"}],"about":[{"href":"https:\/\/mercyships.ca\/fr\/wp-json\/wp\/v2\/types\/page"}],"author":[{"embeddable":true,"href":"https:\/\/mercyships.ca\/fr\/wp-json\/wp\/v2\/users\/3"}],"replies":[{"embeddable":true,"href":"https:\/\/mercyships.ca\/fr\/wp-json\/wp\/v2\/comments?post=5916"}],"version-history":[{"count":5,"href":"https:\/\/mercyships.ca\/fr\/wp-json\/wp\/v2\/pages\/5916\/revisions"}],"predecessor-version":[{"id":10373,"href":"https:\/\/mercyships.ca\/fr\/wp-json\/wp\/v2\/pages\/5916\/revisions\/10373"}],"wp:featuredmedia":[{"embeddable":true,"href":"https:\/\/mercyships.ca\/fr\/wp-json\/wp\/v2\/media\/5925"}],"wp:attachment":[{"href":"https:\/\/mercyships.ca\/fr\/wp-json\/wp\/v2\/media?parent=5916"}],"curies":[{"name":"wp","href":"https:\/\/api.w.org\/{rel}","templated":true}]}}