{"id":5010,"date":"2024-09-03T03:17:02","date_gmt":"2024-09-03T10:17:02","guid":{"rendered":"https:\/\/mercyships.onpressidium.com\/?page_id=5010"},"modified":"2025-10-22T15:30:03","modified_gmt":"2025-10-22T22:30:03","slug":"organiser-un-evenement","status":"publish","type":"page","link":"https:\/\/mercyships.ca\/fr\/host-an-event\/","title":{"rendered":"Organiser un \u00e9v\u00e8nement"},"content":{"rendered":"<img loading=\"lazy\" decoding=\"async\" src=\"https:\/\/mercyships.ca\/wp-content\/uploads\/2024\/09\/event-organisation-PS2500.jpg\" alt=\"Organise an event for Mercy Ships Canada\" itemprop=\"image\" height=\"680\" width=\"2500\" title=\"event-organisation PS2500\" onerror=\"this.style.display='none'\"  \/>\r\n<h2>\r\n\t\tOrganiser un \u00e9v\u00e8nement\r\n\t<\/h2>\r\n<h2>\r\n\t\tLa communaut\u00e9 canadienne mobilis\u00e9e pour l'Afrique\r\n\t<\/h2>\r\n\tHost an event to help bring hope and healing to people in great need of free,<br \/>\r\nlife transforming surgeries in Africa.\r\n\t\t\t\t<img loading=\"lazy\" decoding=\"async\" src=\"https:\/\/mercyships.ca\/wp-content\/uploads\/2024\/09\/public-engagement.jpg\" alt=\"Medical Day\" itemprop=\"image\" height=\"675\" width=\"1920\" title=\"public-engagement\" onerror=\"this.style.display='none'\"  \/>\r\n\t<p class=\"translation-block\">Mobilisez amis, famille et coll\u00e8gues pour faire la diff\u00e9rence en aidant celles et ceux dans le plus besoin. D\u00e9couvrez le pouvoir et le plaisir d\u2019organiser un \u00e9v\u00e9nement sur mesure pour aider Mercy Ships \u00e0 offrir des chirurgies gratuites \u00e0 des enfants et adultes qui n\u2019ont pas les moyens ou l\u2019acc\u00e8s aux soins m\u00e9dicaux.<\/p>\r\n\t\t\t<a href=\"https:\/\/mercyships.ca\/wp-content\/uploads\/2024\/09\/Third-Party-Fundraising-Event-Package-August-11-2022-FINAL-Approved.pdf\" target=\"_blank\" rel=\"noopener\">\r\n\t\t\t\t\t\t\tT\u00e9l\u00e9chargez notre guide de collecte de fonds aupr\u00e8s de tiers\r\n\t\t\t\t\t<\/a>\r\n\t\t\t\t<img loading=\"lazy\" decoding=\"async\" src=\"https:\/\/mercyships.ca\/wp-content\/uploads\/2024\/08\/catherine-tremblay-1.png\" alt=\"Catherine Tremblay\" itemprop=\"image\" height=\"144\" width=\"144\" title=\"catherine-tremblay\" onerror=\"this.style.display='none'\"  \/>\r\n<h2>\r\n\t\tCatherine Tremblay\r\n\t<\/h2>\r\n\t<p>catherine.tremblay@mercyships.ca<\/p>\r\n\t\t\t<a href=\"mailto:catherine.tremblay@mercyships.ca\" target=\"_self\">\r\n\t\t\t\t\t\tContact\r\n\t\t\t\t\t<\/a>\r\n\t\t\t\t<img loading=\"lazy\" decoding=\"async\" src=\"https:\/\/mercyships.ca\/wp-content\/uploads\/2024\/08\/catherine-tremblay-1.png\" alt=\"Catherine Tremblay\" itemprop=\"image\" height=\"144\" width=\"144\" title=\"catherine-tremblay\" onerror=\"this.style.display='none'\"  \/>\r\n<h2>\r\n\t\tCatherine Tremblay\r\n\t<\/h2>\r\n\t<p>catherine.tremblay@mercyships.ca<\/p>\r\n\t\t\t<a href=\"mailto:catherine.tremblay@mercyships.ca\" target=\"_self\">\r\n\t\t\t\t\t\tContact\r\n\t\t\t\t\t<\/a>\r\n<h2>\r\n\t\tBesoin d'un contact direct?\r\n\t<\/h2>\r\n\t<p class=\"translation-block\"><span class=\"TextRun SCXW223379961 BCX8\" lang=\"EN-US\" xml:lang=\"EN-US\" data-contrast=\"auto\"><span class=\"NormalTextRun SCXW223379961 BCX8\">In order to ensure a successful&nbsp;<\/span><span class=\"NormalTextRun SCXW223379961 BCX8\">fundraising event<\/span><span class=\"NormalTextRun SCXW223379961 BCX8\">, Mercy Ships Canada h<\/span><span class=\"NormalTextRun SCXW223379961 BCX8\">as developed a third party<\/span><span class=\"NormalTextRun SCXW223379961 BCX8\">&nbsp;fundraising&nbsp;<\/span><span class=\"NormalTextRun SCXW223379961 BCX8\">event&nbsp;<\/span><span class=\"NormalTextRun SCXW223379961 BCX8\">package that will help guide you through the steps as you plan and implement your&nbsp;<\/span><span class=\"NormalTextRun SCXW223379961 BCX8\">event.<\/span><\/span><\/p>\r\n<br \/>\r\nTo obtain more information on how to host an event for Mercy Ships Canada, please contact Catherine Tremblay. She will be pleased to provide you with a copy of the guide, application agreement, and the necessary forms.\r\n\t<p>Afin d&#8217;assurer le succ\u00e8s de votre \u00e9v\u00e9nement de collecte de fonds, Mercy Ships Canada a d\u00e9velopp\u00e9 un guide qui vous aidera \u00e0 travers les \u00e9tapes de la planification et de la mise en \u0153uvre de votre \u00e9v\u00e9nement.<\/p>\r\n<p>Pour obtenir plus d&#8217;informations sur la mani\u00e8re d&#8217;organiser un \u00e9v\u00e9nement pour Mercy Ships Canada, veuillez contacter Catherine Tremblay. Elle se fera un plaisir de vous fournir une copie du guide, de l&#8217;accord de candidature et des formulaires n\u00e9cessaires.<\/p>\r\n\t<h4>Les personnes qui rendent service avec amour sont essentielles. Nous sommes reconnaissants de vous avoir \u00e0 nos c\u00f4t\u00e9s pour l'organisation d'un \u00e9v\u00e9nement.<\/h4>\r\n<h2>\r\n\t\tLe v\u00e9ritable changement arrive lorsque nous travaillons tous ensemble.\r\n\t<\/h2>\r\n\tFaites la diff\u00e9rence.<br \/>\r\nVotre contribution peut donner \u00e0 quelqu\u2019un les soins de sant\u00e9 dont il a besoin et qu\u2019il m\u00e9rite.\r\n\t\t\t<a href=\"https:\/\/mercyships.ca\/fr\/faire-un-don\/\" target=\"_self\">\r\n\t\t\t\t\t\t\tFaire un don\r\n\t\t\t\t\t<\/a>\r\n\t\t\t<a href=\"https:\/\/mercyships.ca\/fr\/benevole\/\" target=\"_self\">\r\n\t\t\t\t\t\t\tDevenir b\u00e9n\u00e9vole\r\n\t\t\t\t\t<\/a>","protected":false},"excerpt":{"rendered":"<p>MANY NATIONS, ONE COMMUNITY, ONE MISSION You Can Make a Difference by Hosting an Event Host an event to help [&hellip;]<\/p>\n","protected":false},"author":3,"featured_media":902,"parent":0,"menu_order":0,"comment_status":"closed","ping_status":"closed","template":"","meta":{"_acf_changed":false,"_seopress_robots_primary_cat":"","_seopress_titles_title":"","_seopress_titles_desc":"Host an event to help bring hope and healing to people in great need of free, life transforming surgeries.","_seopress_robots_index":"","site-sidebar-layout":"no-sidebar","site-content-layout":"page-builder","ast-site-content-layout":"default","site-content-style":"default","site-sidebar-style":"default","ast-global-header-display":"","ast-banner-title-visibility":"disabled","ast-main-header-display":"","ast-hfb-above-header-display":"","ast-hfb-below-header-display":"","ast-hfb-mobile-header-display":"","site-post-title":"disabled","ast-breadcrumbs-content":"","ast-featured-img":"disabled","footer-sml-layout":"","ast-disable-related-posts":"","theme-transparent-header-meta":"default","adv-header-id-meta":"","stick-header-meta":"default","header-above-stick-meta":"","header-main-stick-meta":"","header-below-stick-meta":"","astra-migrate-meta-layouts":"set","ast-page-background-enabled":"default","ast-page-background-meta":{"desktop":{"background-color":"var(--ast-global-color-4)","background-image":"","background-repeat":"repeat","background-position":"center center","background-size":"auto","background-attachment":"scroll","background-type":"","background-media":"","overlay-type":"","overlay-color":"","overlay-opacity":"","overlay-gradient":""},"tablet":{"background-color":"","background-image":"","background-repeat":"repeat","background-position":"center center","background-size":"auto","background-attachment":"scroll","background-type":"","background-media":"","overlay-type":"","overlay-color":"","overlay-opacity":"","overlay-gradient":""},"mobile":{"background-color":"","background-image":"","background-repeat":"repeat","background-position":"center center","background-size":"auto","background-attachment":"scroll","background-type":"","background-media":"","overlay-type":"","overlay-color":"","overlay-opacity":"","overlay-gradient":""}},"ast-content-background-meta":{"desktop":{"background-color":"var(--ast-global-color-5)","background-image":"","background-repeat":"repeat","background-position":"center center","background-size":"auto","background-attachment":"scroll","background-type":"","background-media":"","overlay-type":"","overlay-color":"","overlay-opacity":"","overlay-gradient":""},"tablet":{"background-color":"var(--ast-global-color-5)","background-image":"","background-repeat":"repeat","background-position":"center center","background-size":"auto","background-attachment":"scroll","background-type":"","background-media":"","overlay-type":"","overlay-color":"","overlay-opacity":"","overlay-gradient":""},"mobile":{"background-color":"var(--ast-global-color-5)","background-image":"","background-repeat":"repeat","background-position":"center center","background-size":"auto","background-attachment":"scroll","background-type":"","background-media":"","overlay-type":"","overlay-color":"","overlay-opacity":"","overlay-gradient":""}},"footnotes":""},"class_list":["post-5010","page","type-page","status-publish","has-post-thumbnail","hentry"],"acf":[],"_links":{"self":[{"href":"https:\/\/mercyships.ca\/fr\/wp-json\/wp\/v2\/pages\/5010","targetHints":{"allow":["GET"]}}],"collection":[{"href":"https:\/\/mercyships.ca\/fr\/wp-json\/wp\/v2\/pages"}],"about":[{"href":"https:\/\/mercyships.ca\/fr\/wp-json\/wp\/v2\/types\/page"}],"author":[{"embeddable":true,"href":"https:\/\/mercyships.ca\/fr\/wp-json\/wp\/v2\/users\/3"}],"replies":[{"embeddable":true,"href":"https:\/\/mercyships.ca\/fr\/wp-json\/wp\/v2\/comments?post=5010"}],"version-history":[{"count":5,"href":"https:\/\/mercyships.ca\/fr\/wp-json\/wp\/v2\/pages\/5010\/revisions"}],"predecessor-version":[{"id":10848,"href":"https:\/\/mercyships.ca\/fr\/wp-json\/wp\/v2\/pages\/5010\/revisions\/10848"}],"wp:featuredmedia":[{"embeddable":true,"href":"https:\/\/mercyships.ca\/fr\/wp-json\/wp\/v2\/media\/902"}],"wp:attachment":[{"href":"https:\/\/mercyships.ca\/fr\/wp-json\/wp\/v2\/media?parent=5010"}],"curies":[{"name":"wp","href":"https:\/\/api.w.org\/{rel}","templated":true}]}}