{"id":4908,"date":"2024-09-02T16:07:33","date_gmt":"2024-09-02T23:07:33","guid":{"rendered":"https:\/\/mercyships.onpressidium.com\/?page_id=4908"},"modified":"2025-12-04T02:34:42","modified_gmt":"2025-12-04T10:34:42","slug":"eglises","status":"publish","type":"page","link":"https:\/\/mercyships.ca\/fr\/churches\/","title":{"rendered":"Opportunit\u00e9s de b\u00e9n\u00e9volat pour les groupes religieux - Mercy Ships Canada"},"content":{"rendered":"<img decoding=\"async\" src=\"https:\/\/mercyships.ca\/wp-content\/uploads\/2024\/09\/header-kirchen-gemeinden-gebet-gesang-hafen-PS2500.jpg\" alt=\"Church group volunteering for Mercy Ships\" itemprop=\"image\" height=\"679\" width=\"2500\" title=\"header-kirchen-gemeinden-gebet-gesang-hafen PS2500\" onerror=\"this.style.display='none'\" loading=\"lazy\" \/>\n<h1>\n\t\t\tOpportunit\u00e9s de b\u00e9n\u00e9volat pour les groupes religieux avec Mercy Ships\t<\/h1>\n\t<p>Looking for meaningful volunteer opportunities for church groups? Mercy Ships offers ways for churches to serve globally-through crew recruitment, fundraising, prayer, and sharing our mission with your congregation.<\/p>\n<h2>\n\t\t\tMercy Ships Canada existe gr\u00e2ce au soutien de nos \u00e9glises.\t<\/h2>\n\t<p><strong>En tant que porte-parole, vous donnez votre voix \u00e0 celles et ceux qui n'en ont pas.<\/strong><\/p>\n<p>Partagez nos histoires de compassion de vive voix ou virtuellement. Quelle plus grande mission que de servir ceux qui souffrent, de tendre la main \u00e0 ceux qui n'ont rien, et de devenir porteurs d'espoir pour ceux qui ont perdu le leur?<\/p>\n<p>Ensemble, en r\u00e9pondant \u00e0 cet appel, nous ne touchons pas seulement des vies : nous honorons Celui qui nous a confi\u00e9 ce mandat.<\/p>\n<h2>\n\t\t\tComment votre groupe religieux peut faire du b\u00e9n\u00e9volat avec Mercy Ships?\t<\/h2>\n\t<h4>Churches are the driving force behind Mercy Ships. From crew recruitment to awareness raising, financial support to prayer, we need your church&#8217;s active participation to increase our reach to those in need.<\/h4>\n<h4>Organisez un \u00e9v\u00e9nement ou parlez \u00e0 votre congr\u00e9gation de l'impact transformateur de Mercy Ships.<\/h4>\n<p>&nbsp;<\/p>\n\t\t\t\t<a href=\"https:\/\/mercyships.ca\/fr\/services-chirurgicaux-directs-et-equipement-medical\/\"  target=\"_self\" itemprop=\"url\">\n\t\t\t\t<img decoding=\"async\" src=\"https:\/\/mercyships.ca\/wp-content\/uploads\/2024\/09\/ms-icon-med-cercle_Screening.svg\" alt=\"ms-icon-med-cercle_Screening\" itemprop=\"image\" height=\"150\" width=\"150\" title=\"ms-icon-med-cercle_Screening\" onerror=\"this.style.display='none'\" loading=\"lazy\" \/>\n\t\t\t\t<\/a>\n<h3>\n\t\t\tRecrutement de b\u00e9n\u00e9voles\t<\/h3>\n\t<p class=\"translation-block\">Les \u00e9glises font partie int\u00e9grante du recrutement des b\u00e9n\u00e9voles de Mercy Ships. C'est une opportunit\u00e9 unique d'exercer son leadership dans une communaut\u00e9 vibrante et multiculturelle inspir\u00e9e par l'amour de J\u00e9sus. <strong><a href=\"https:\/\/mercyships.ca\/fr\/benevole\/\" target=\"_self\">En savoir plus<\/a><\/strong><\/p>\n\t\t\t\t<a href=\"https:\/\/mercyships.ca\/fr\/services-chirurgicaux-directs-et-equipement-medical\/\"  target=\"_self\" itemprop=\"url\">\n\t\t\t\t<img decoding=\"async\" src=\"https:\/\/mercyships.ca\/wp-content\/uploads\/2024\/09\/ms-icon-gen-cercle_Speaker.svg\" alt=\"ms-icon-gen-cercle_Speaker\" itemprop=\"image\" height=\"150\" width=\"150\" title=\"ms-icon-gen-cercle_Speaker\" onerror=\"this.style.display='none'\" loading=\"lazy\" \/>\n\t\t\t\t<\/a>\n<h3>\n\t\t\tSensibilisation\t<\/h3>\n\t<p>Pourquoi ne pas organiser une minute pour Mercy Ships dans votre congr\u00e9gation en utilisant l\u2019une de nos vid\u00e9os inspirantes?<\/p>\n\t\t\t<a href=\"https:\/\/www.youtube.com\/@mercyshipscanada-enfrancai2228\" target=\"_blank\" rel=\"noopener\">\n\t\t\t\t\t\tConsultez notre vid\u00e9oth\u00e8que\n\t\t\t\t\t<\/a>\n\t\t\t\t<img decoding=\"async\" src=\"https:\/\/mercyships.ca\/wp-content\/uploads\/2024\/09\/ms-icon-gen-cercle_Give.svg\" alt=\"ms-icon-gen-cercle_Give\" itemprop=\"image\" height=\"150\" width=\"150\" title=\"ms-icon-gen-cercle_Give\" onerror=\"this.style.display='none'\" loading=\"lazy\" \/>\n<h3>\n\t\t\tSoutien financier\t<\/h3>\n\t<p>Il existe plusieurs fa\u00e7ons de soutenir la mission humanitaire de Mercy Ships.<\/p>\n<strong>Offrandes \u00e0 l\u2019\u00e9glise :<\/strong><br \/>\nChoisissez un dimanche o\u00f9 une collecte sp\u00e9ciale est d\u00e9di\u00e9e \u00e0 Mercy Ships. Du mat\u00e9riel personnalis\u00e9 peut \u00eatre cr\u00e9\u00e9 pour vous \u00e0 cette occasion.\n<strong>\u00c9v\u00e9nement sp\u00e9cial :<\/strong><br \/>\nPourquoi ne pas organiser un repas au profit de Mercy Ships? Un lave auto, un march\u00e9 aux puces ou un concert de louanges? Trouvez une autre id\u00e9e aux couleurs de votre communaut\u00e9! Si la situation g\u00e9ographique le permet, un conf\u00e9rencier de Mercy Ships peut vous aider.\n<strong>Soutien de la campagne d'un b\u00e9n\u00e9vole :<\/strong><br \/>\nSans les b\u00e9n\u00e9voles, notre mission ne peut se concr\u00e9tiser. Joignez-vous au parcours d'un de nos b\u00e9n\u00e9vole en soutenant sa <strong><a href=\"https:\/\/mercyshipscanada.akaraisin.com\/ui\/mercygiftsfundraising\" target=\"_self\">campagne de don.<\/a><\/strong>\n\t\t\t\t<a href=\"https:\/\/mercyships.ca\/fr\/services-chirurgicaux-directs-et-equipement-medical\/\"  target=\"_self\" itemprop=\"url\">\n\t\t\t\t<img decoding=\"async\" src=\"https:\/\/mercyships.ca\/wp-content\/uploads\/2024\/08\/ms-icon-gen-cercle_Prayer.svg\" alt=\"ms-icon-gen-cercle_Prayer\" itemprop=\"image\" height=\"150\" width=\"150\" title=\"ms-icon-gen-cercle_Prayer\" onerror=\"this.style.display='none'\" loading=\"lazy\" \/>\n\t\t\t\t<\/a>\n<h3>\n\t\t\tPrier avec nous\t<\/h3>\n<h4>\n\t\t\t&#8220;Ask, and it will be given to you, seek and you will find; knock, and it will be opened to you.&#8221;\t<\/h4>\n\t<p>Rejoignez-nous en tant qu'\u00e9glise, famille ou individu pour prier pour la mission humanitaire de Mercy Ships et toutes les personnes qui concr\u00e9tisent notre mission au quotidien.<\/p>\n\t<h4>Vos pri\u00e8res fid\u00e8les aideront notre \u00e9quipage, nos patients et nos navires-h\u00f4pitaux \u00e0 fournir des chirurgies gratuites, des formations m\u00e9dicales et un soutien spirituel aux populations d\u2019Afrique.<\/h4>\n\t\t\t\t\t\t<figure>\n\t\t\t\t\t\t\t<img loading=\"lazy\" decoding=\"async\" src=\"https:\/\/mercyships.ca\/wp-content\/uploads\/2024\/09\/patientenbericht-david-nach-op-zuhause-portrait-licht-757x520-1.jpg\" alt=\"David\" srcset=\"https:\/\/mercyships.ca\/wp-content\/uploads\/2024\/09\/patientenbericht-david-nach-op-zuhause-portrait-licht-757x520-1.jpg 757w, https:\/\/mercyships.ca\/wp-content\/uploads\/2024\/09\/patientenbericht-david-nach-op-zuhause-portrait-licht-757x520-1-300x206.jpg 300w, https:\/\/mercyships.ca\/wp-content\/uploads\/2024\/09\/patientenbericht-david-nach-op-zuhause-portrait-licht-757x520-1-18x12.jpg 18w\" width=\"757\" height=\"520\" \/>\n\t\t\t\t\t\t\t\t\t\t\t\t\t\t\t<!-- Overlay Wrapper -->\n\t\t\t\t\t\t\t\t\t\t\tDavid apr\u00e8s sa chirurgie. \u00a9 Mercy Ships\n\t\t\t\t\t\t\t\t\t\t\t\t\t\t\t\t\t <!-- Overlay Wrapper Closed -->\n\t\t\t\t\t\t\t\t\t\t\t\t\t<\/figure>\n\t\t\t\t\t\t<figure>\n\t\t\t\t\t\t\t<img loading=\"lazy\" decoding=\"async\" src=\"https:\/\/mercyships.ca\/wp-content\/uploads\/2025\/08\/DSC04252-Copy.jpg\" alt=\"Faith group exploring volunteer opportunities\" srcset=\"https:\/\/mercyships.ca\/wp-content\/uploads\/2025\/08\/DSC04252-Copy.jpg 800w, https:\/\/mercyships.ca\/wp-content\/uploads\/2025\/08\/DSC04252-Copy-300x200.jpg 300w, https:\/\/mercyships.ca\/wp-content\/uploads\/2025\/08\/DSC04252-Copy-768x512.jpg 768w, https:\/\/mercyships.ca\/wp-content\/uploads\/2025\/08\/DSC04252-Copy-18x12.jpg 18w\" width=\"800\" height=\"533\" \/>\n\t\t\t\t\t\t\t\t\t\t\t\t\t\t\t<!-- Overlay Wrapper -->\n\t\t\t\t\t\t\t\t\t\t\t\u00c9quipe du SIDIIEF lors d&#8217;un \u00e9v\u00e8nement \u00e0 Montr\u00e9al en juin 2023.\n\t\t\t\t\t\t\t\t\t\t\t\t\t\t\t\t\t <!-- Overlay Wrapper Closed -->\n\t\t\t\t\t\t\t\t\t\t\t\t\t<\/figure>","protected":false},"excerpt":{"rendered":"<p>Volunteer Opportunities for Church Groups with Mercy Ships Looking for meaningful volunteer opportunities for church groups? Mercy Ships offers ways [&hellip;]<\/p>\n","protected":false},"author":3,"featured_media":4917,"parent":0,"menu_order":0,"comment_status":"closed","ping_status":"closed","template":"","meta":{"_acf_changed":false,"_seopress_robots_primary_cat":"","_seopress_titles_title":"","_seopress_titles_desc":"Churches are the driving force behind Mercy Ships. Host an event or speak to your congregation about our transformational impact.","_seopress_robots_index":"","site-sidebar-layout":"no-sidebar","site-content-layout":"page-builder","ast-site-content-layout":"default","site-content-style":"default","site-sidebar-style":"default","ast-global-header-display":"","ast-banner-title-visibility":"disabled","ast-main-header-display":"","ast-hfb-above-header-display":"","ast-hfb-below-header-display":"","ast-hfb-mobile-header-display":"","site-post-title":"disabled","ast-breadcrumbs-content":"","ast-featured-img":"disabled","footer-sml-layout":"","ast-disable-related-posts":"","theme-transparent-header-meta":"default","adv-header-id-meta":"","stick-header-meta":"default","header-above-stick-meta":"","header-main-stick-meta":"","header-below-stick-meta":"","astra-migrate-meta-layouts":"set","ast-page-background-enabled":"default","ast-page-background-meta":{"desktop":{"background-color":"var(--ast-global-color-4)","background-image":"","background-repeat":"repeat","background-position":"center center","background-size":"auto","background-attachment":"scroll","background-type":"","background-media":"","overlay-type":"","overlay-color":"","overlay-opacity":"","overlay-gradient":""},"tablet":{"background-color":"","background-image":"","background-repeat":"repeat","background-position":"center center","background-size":"auto","background-attachment":"scroll","background-type":"","background-media":"","overlay-type":"","overlay-color":"","overlay-opacity":"","overlay-gradient":""},"mobile":{"background-color":"","background-image":"","background-repeat":"repeat","background-position":"center center","background-size":"auto","background-attachment":"scroll","background-type":"","background-media":"","overlay-type":"","overlay-color":"","overlay-opacity":"","overlay-gradient":""}},"ast-content-background-meta":{"desktop":{"background-color":"var(--ast-global-color-5)","background-image":"","background-repeat":"repeat","background-position":"center center","background-size":"auto","background-attachment":"scroll","background-type":"","background-media":"","overlay-type":"","overlay-color":"","overlay-opacity":"","overlay-gradient":""},"tablet":{"background-color":"var(--ast-global-color-5)","background-image":"","background-repeat":"repeat","background-position":"center center","background-size":"auto","background-attachment":"scroll","background-type":"","background-media":"","overlay-type":"","overlay-color":"","overlay-opacity":"","overlay-gradient":""},"mobile":{"background-color":"var(--ast-global-color-5)","background-image":"","background-repeat":"repeat","background-position":"center center","background-size":"auto","background-attachment":"scroll","background-type":"","background-media":"","overlay-type":"","overlay-color":"","overlay-opacity":"","overlay-gradient":""}},"footnotes":""},"class_list":["post-4908","page","type-page","status-publish","has-post-thumbnail","hentry"],"acf":[],"_links":{"self":[{"href":"https:\/\/mercyships.ca\/fr\/wp-json\/wp\/v2\/pages\/4908","targetHints":{"allow":["GET"]}}],"collection":[{"href":"https:\/\/mercyships.ca\/fr\/wp-json\/wp\/v2\/pages"}],"about":[{"href":"https:\/\/mercyships.ca\/fr\/wp-json\/wp\/v2\/types\/page"}],"author":[{"embeddable":true,"href":"https:\/\/mercyships.ca\/fr\/wp-json\/wp\/v2\/users\/3"}],"replies":[{"embeddable":true,"href":"https:\/\/mercyships.ca\/fr\/wp-json\/wp\/v2\/comments?post=4908"}],"version-history":[{"count":5,"href":"https:\/\/mercyships.ca\/fr\/wp-json\/wp\/v2\/pages\/4908\/revisions"}],"predecessor-version":[{"id":13611,"href":"https:\/\/mercyships.ca\/fr\/wp-json\/wp\/v2\/pages\/4908\/revisions\/13611"}],"wp:featuredmedia":[{"embeddable":true,"href":"https:\/\/mercyships.ca\/fr\/wp-json\/wp\/v2\/media\/4917"}],"wp:attachment":[{"href":"https:\/\/mercyships.ca\/fr\/wp-json\/wp\/v2\/media?parent=4908"}],"curies":[{"name":"wp","href":"https:\/\/api.w.org\/{rel}","templated":true}]}}