{"id":4776,"date":"2024-08-30T04:57:38","date_gmt":"2024-08-30T11:57:38","guid":{"rendered":"https:\/\/mercyships.onpressidium.com\/?page_id=4776"},"modified":"2025-10-21T14:50:34","modified_gmt":"2025-10-21T21:50:34","slug":"contactez-nous","status":"publish","type":"page","link":"https:\/\/mercyships.ca\/fr\/contact\/","title":{"rendered":"Contact"},"content":{"rendered":"<h1>\r\n\t\t\tContactez-nous\t<\/h1>\r\n\t<p>Contactez-nous pour poser une question, vous renseigner sur le b\u00e9n\u00e9volat sur l'un de nos navires-h\u00f4pitaux ou discuter d'une mani\u00e8re dont nous pouvons collaborer ensemble.<\/p>\r\n<h3>\r\n\t\t\tContactez notre bureau\t<\/h3>\r\n\tUnit 5-3318 Oak St.<br \/>\r\nVictoria, BC, V8X 1R1<br \/>\r\nCanada <a href=\"https:\/\/www.google.ca\/maps\/place\/Mercy+Ships+Canada\/@48.4392602,-123.3802774,13z\/data=!3m1!5s0x548f739ebc07c239:0xd5ae4491baa4d5eb!4m5!3m4!1s0x0:0x87dc874bde8584e5!8m2!3d48.4513484!4d-123.3720941\" target=\"_blank\" rel=\"noopener\">\u00a0Find us<\/a>\r\n\ud83d\udcf1 <strong>1-866-900-7447<\/strong> (sans frais)<br \/>\r\n\ud83d\udcf1 <strong>250-381-2160<\/strong><br \/>\r\n \u00a0\u2709 \u00a0<a href=\"mailto:msca@mercyships.ca\" target=\"_blank\" rel=\"noopener\">msca@mercyships.ca<\/a>\r\n8:00 am &#8211; 4:00 pm PST<br \/>\r\nMonday to Friday","protected":false},"excerpt":{"rendered":"<p>Contact Us Contact us to ask a question, inquire about volunteering on one of our hospital ships, or discuss a [&hellip;]<\/p>\n","protected":false},"author":3,"featured_media":10073,"parent":0,"menu_order":0,"comment_status":"closed","ping_status":"closed","template":"","meta":{"_acf_changed":false,"_seopress_robots_primary_cat":"","_seopress_titles_title":"","_seopress_titles_desc":"Contact us to ask a question, inquire about volunteering on one of our hospital ships, or discuss a way we can partner together.","_seopress_robots_index":"","site-sidebar-layout":"no-sidebar","site-content-layout":"page-builder","ast-site-content-layout":"default","site-content-style":"default","site-sidebar-style":"default","ast-global-header-display":"","ast-banner-title-visibility":"disabled","ast-main-header-display":"","ast-hfb-above-header-display":"","ast-hfb-below-header-display":"","ast-hfb-mobile-header-display":"","site-post-title":"disabled","ast-breadcrumbs-content":"","ast-featured-img":"disabled","footer-sml-layout":"","ast-disable-related-posts":"","theme-transparent-header-meta":"default","adv-header-id-meta":"","stick-header-meta":"default","header-above-stick-meta":"","header-main-stick-meta":"","header-below-stick-meta":"","astra-migrate-meta-layouts":"set","ast-page-background-enabled":"default","ast-page-background-meta":{"desktop":{"background-color":"var(--ast-global-color-4)","background-image":"","background-repeat":"repeat","background-position":"center center","background-size":"auto","background-attachment":"scroll","background-type":"","background-media":"","overlay-type":"","overlay-color":"","overlay-opacity":"","overlay-gradient":""},"tablet":{"background-color":"","background-image":"","background-repeat":"repeat","background-position":"center center","background-size":"auto","background-attachment":"scroll","background-type":"","background-media":"","overlay-type":"","overlay-color":"","overlay-opacity":"","overlay-gradient":""},"mobile":{"background-color":"","background-image":"","background-repeat":"repeat","background-position":"center center","background-size":"auto","background-attachment":"scroll","background-type":"","background-media":"","overlay-type":"","overlay-color":"","overlay-opacity":"","overlay-gradient":""}},"ast-content-background-meta":{"desktop":{"background-color":"var(--ast-global-color-5)","background-image":"","background-repeat":"repeat","background-position":"center center","background-size":"auto","background-attachment":"scroll","background-type":"","background-media":"","overlay-type":"","overlay-color":"","overlay-opacity":"","overlay-gradient":""},"tablet":{"background-color":"var(--ast-global-color-5)","background-image":"","background-repeat":"repeat","background-position":"center center","background-size":"auto","background-attachment":"scroll","background-type":"","background-media":"","overlay-type":"","overlay-color":"","overlay-opacity":"","overlay-gradient":""},"mobile":{"background-color":"var(--ast-global-color-5)","background-image":"","background-repeat":"repeat","background-position":"center center","background-size":"auto","background-attachment":"scroll","background-type":"","background-media":"","overlay-type":"","overlay-color":"","overlay-opacity":"","overlay-gradient":""}},"footnotes":""},"class_list":["post-4776","page","type-page","status-publish","has-post-thumbnail","hentry"],"acf":[],"_links":{"self":[{"href":"https:\/\/mercyships.ca\/fr\/wp-json\/wp\/v2\/pages\/4776","targetHints":{"allow":["GET"]}}],"collection":[{"href":"https:\/\/mercyships.ca\/fr\/wp-json\/wp\/v2\/pages"}],"about":[{"href":"https:\/\/mercyships.ca\/fr\/wp-json\/wp\/v2\/types\/page"}],"author":[{"embeddable":true,"href":"https:\/\/mercyships.ca\/fr\/wp-json\/wp\/v2\/users\/3"}],"replies":[{"embeddable":true,"href":"https:\/\/mercyships.ca\/fr\/wp-json\/wp\/v2\/comments?post=4776"}],"version-history":[{"count":5,"href":"https:\/\/mercyships.ca\/fr\/wp-json\/wp\/v2\/pages\/4776\/revisions"}],"predecessor-version":[{"id":11886,"href":"https:\/\/mercyships.ca\/fr\/wp-json\/wp\/v2\/pages\/4776\/revisions\/11886"}],"wp:featuredmedia":[{"embeddable":true,"href":"https:\/\/mercyships.ca\/fr\/wp-json\/wp\/v2\/media\/10073"}],"wp:attachment":[{"href":"https:\/\/mercyships.ca\/fr\/wp-json\/wp\/v2\/media?parent=4776"}],"curies":[{"name":"wp","href":"https:\/\/api.w.org\/{rel}","templated":true}]}}