{"id":4479,"date":"2024-08-30T02:25:30","date_gmt":"2024-08-30T09:25:30","guid":{"rendered":"https:\/\/mercyships.onpressidium.com\/?page_id=4479"},"modified":"2024-10-10T06:05:00","modified_gmt":"2024-10-10T13:05:00","slug":"environnement-societe-gouvernance","status":"publish","type":"page","link":"https:\/\/mercyships.ca\/fr\/environmental-social-and-governance\/","title":{"rendered":"Environmental Social and Governance"},"content":{"rendered":"<img loading=\"lazy\" decoding=\"async\" src=\"https:\/\/mercyships.ca\/wp-content\/uploads\/2024\/09\/SND230213_GLM_AFM_SAILING_GB001_HI-AI-PS2500.jpg\" alt=\"GLM and AFM\" itemprop=\"image\" height=\"680\" width=\"2500\" title=\"SND230213_GLM_AFM_SAILING_GB001_HI-AI PS2500\" onerror=\"this.style.display='none'\"  \/>\n<h1>\n\t\tMercy Ships&#8217; Environmental, Social, and Governance (ESG) Initiatives\n\t<\/h1>\n<h2>\n\t\tEnvironnement\n\t<\/h2>\n\t<p class=\"translation-block\">Mercy Ships exploite actuellement une flotte de deux navires, l\u2019<em>Africa Mercy<\/em> et le <em>Global Mercy<\/em>. Chacun de nos navires respecte ou d\u00e9passe toutes les normes et r\u00e9glementations internationales, y compris celles relatives \u00e0 l\u2019environnement, en particulier la Convention internationale pour la pr\u00e9vention de la pollution caus\u00e9e par les navires (protocole de MARPOL), la principale convention internationale couvrant la pr\u00e9vention et la r\u00e9duction de la pollution par les navires, qu\u2019elles soient d\u2019origine op\u00e9rationnelles ou accidentelles.<\/p>\n<p class=\"translation-block\">Le <em>Global Mercy<\/em>, le plus r\u00e9cent navire-h\u00f4pital de Mercy Ships, a \u00e9t\u00e9 sp\u00e9cialement con\u00e7u en tenant compte de l\u2019efficacit\u00e9 \u00e9nerg\u00e9tique. Il constitue une feuille de route pour l\u2019engagement de Mercy Ships \u00e0 concevoir de futurs navires respectueux de l\u2019environnement en tenant compte de l\u2019efficacit\u00e9 \u00e9nerg\u00e9tique, afin d\u2019am\u00e9liorer notre impact sur les pays partenaires africains tout en minimisant notre empreinte \u00e9cologique. Les principales caract\u00e9ristiques du navire comprennent des syst\u00e8mes modernes et efficaces qui fournissent une \u00e9nergie fiable, de l\u2019eau propre et de l\u2019air conditionn\u00e9 pour l\u2019h\u00f4pital et l\u2019\u00e9quipage, ce qui permet de r\u00e9duire la consommation d\u2019\u00e9nergie du navire par rapport \u00e0 ceux de la g\u00e9n\u00e9ration pr\u00e9c\u00e9dente. Le filtrage et le traitement de l\u2019eau condens\u00e9e provenant du syst\u00e8me d\u2019air conditionn\u00e9 pour les utilisations techniques \u00e0 bord r\u00e9duisent la consommation totale d\u2019eau potable d\u2019environ 50 %.<\/p>\n\t\t\t\t<img loading=\"lazy\" decoding=\"async\" src=\"https:\/\/mercyships.ca\/wp-content\/uploads\/2024\/08\/global-mercy-africa-mercy-dock-v2.jpg\" alt=\"Our hospital ships\" itemprop=\"image\" height=\"551\" width=\"1024\" title=\"global-mercy-africa-mercy-dock-v2\" onerror=\"this.style.display='none'\"  \/>\n<h2>\n\t\tSocial\n\t<\/h2>\n\t<p>Le c\u0153ur de la mission de Mercy Ships est d\u2019am\u00e9liorer concr\u00e8tement la vie des individus et des communaut\u00e9s en offrant des services chirurgicaux directs et des formations dans les pays africains partenaires. Depuis 1978, l\u2019organisation a utilis\u00e9 son mod\u00e8le de navires-h\u00f4pitaux pour fournir plus de 117 000 interventions chirurgicales qui ont transform\u00e9 des vies dans diverses sp\u00e9cialit\u00e9s chirurgicales souvent inaccessibles ou inabordables dans les pays que nous servons. Parall\u00e8lement \u00e0 ces services m\u00e9dicaux directs, Mercy Ships a form\u00e9 plus de 54 300 professionnels locaux dans leur domaine d\u2019expertise, ce qui a permis de renforcer les syst\u00e8mes de soins chirurgicaux \u00e0 long terme.<\/p>\n<p>Mercy Ships s\u2019engage \u00e0 soutenir les b\u00e9n\u00e9voles travaillant \u00e0 bord ainsi que le personnel du monde entier d\u00e9di\u00e9s \u00e0 ce travail de transformation essentiel. Mercy Ships continue \u00e0 investir du temps et des ressources pour \u00e9valuer la culture en milieu de travail et s\u2019assurer que le personnel et les b\u00e9n\u00e9voles sont repr\u00e9sent\u00e9s et entendus. Ces \u00e9valuations nous permettent de mieux remplir notre mission et de cr\u00e9er un environnement de travail o\u00f9 chacun se sent valoris\u00e9.<\/p>\n\t\t\t\t<img loading=\"lazy\" decoding=\"async\" src=\"https:\/\/mercyships.ca\/wp-content\/uploads\/2024\/08\/SLF231207_ETA_ESSENTIAL_SURGICAL_SKILLS_COURSE_TT019_HI-PS2500.jpg\" alt=\"Education, Training and Advocacy course\" itemprop=\"image\" height=\"1470\" width=\"2500\" title=\"SLF231207_ETA_ESSENTIAL_SURGICAL_SKILLS_COURSE_TT019_HI PS2500\" onerror=\"this.style.display='none'\"  \/>\n<h2>\n\t\tGouvernance\n\t<\/h2>\n\t<p>Mercy Ships&#8217; governance model includes oversight from the Mercy Ships International Board of Directors consisting of men and women with diverse profiles from around the world. The Mercy Ships headquarters is in Garden Valley, Texas, our hospital ships operating in host countries in Africa. Canada is one of 16 affiliated independent charities around the world under the name Mercy Ships that raise funds and recruit volunteers to staff and run our hospital ships and related operations, and an Africa Service Center headquartered in Dakar, Senegal.<\/p>\n<p>Canada and each national office are independent charities organized under the laws of its respective country, has its own Board of Directors, and complies with each country&#8217;s specific legislation for charity NGOs.<\/p>\n<p>Mercy Ships Canada reconna\u00eet que les facteurs environnementaux, sociaux et de gouvernance peuvent renforcer notre efficacit\u00e9, aligner nos op\u00e9rations plus \u00e9troitement sur notre mission, et maintenir la confiance avec nos donateurs. La lutte contre la corruption est un th\u00e8me \u00e9mergent dans le domaine social et de la gouvernance. La n\u00e9cessit\u00e9 d\u2019une sensibilisation \u00e0 la lutte contre la corruption et la mise en place de mesures d\u2019att\u00e9nuation dans la s\u00e9lection des projets oriente notre travail.<\/p>\n\t\t\t\t<img loading=\"lazy\" decoding=\"async\" src=\"https:\/\/mercyships.ca\/wp-content\/uploads\/2024\/08\/SLF230823_ARRIVAL_CEREMONY_DEMBY_TT001_HI-PS2500.jpg\" alt=\"Dr. Austin Demby\" itemprop=\"image\" height=\"1270\" width=\"2500\" title=\"SLF230823_ARRIVAL_CEREMONY_DEMBY_TT001_HI PS2500\" onerror=\"this.style.display='none'\"  \/>\n\t\t\t\t\t\t<h5>How Mercy Ships&#8217; work is connected to the SDGs? (SDG #3 Good Health and Well-Being)<\/h5>\n\t\t\t<p>The 17 Sustainable Development Goals (SDGs) were created by the United Nations as a universal call to end poverty, protect the planet, and ensure that by 2030, all people enjoy peace and prosperity. Mercy Ships activities support and align with the SDGs, with a particular emphasis on SDG 3: Good Health and Well-Being. We believe that health is at the center of these goals. Without good health, other vital pieces &#8211; like quality education, economic growth, and clean energy &#8211; are not truly sustainable.<\/p>\n<p class=\"translation-block\">En tant que sp\u00e9cialistes dans le domaine chirurgicale et anesth\u00e9sique \u2013 <a href=\"https:\/\/mercyships.ca\/fr\/chirurgie-plastique-reconstructive\/\" target=\"_self\">chirurgie plastique reconstructive<\/a>, <a href=\"https:\/\/mercyships.ca\/fr\/chirurgie-maxillofaciale\/\" target=\"_self\">maxillo-faciale<\/a>, <a href=\"https:\/\/mercyships.ca\/fr\/programme-orthopedique\/\" target=\"_self\">orthop\u00e9dique<\/a>, <a href=\"https:\/\/mercyships.ca\/fr\/chirurgie-generale\/\" target=\"_self\">chirurgie g\u00e9n\u00e9rale<\/a>, <a href=\"https:\/\/mercyships.ca\/fr\/chirurgie-generale\/\" target=\"_self\">gyn\u00e9cologique<\/a> (y compris la fistule obst\u00e9trique), <a href=\"https:\/\/mercyships.ca\/fr\/soins-des-yeux\/\" target=\"_self\">ophthalmique<\/a>, et <a href=\"https:\/\/mercyships.ca\/fr\/soins-dentaires\/\" target=\"_self\">soins dentaires<\/a> \u2013 nos programmes visent \u00e0 obtenir les meilleurs r\u00e9sultats en mati\u00e8re de sant\u00e9 pour les patients n\u00e9cessitant une chirurgie dans les pays o\u00f9 nous travaillons. Nous obtenons ces r\u00e9sultats gr\u00e2ce \u00e0 des services m\u00e9dicaux directs et \u00e0 des actions d\u2019enseignement et de formation visant \u00e0 r\u00e9pondre aux besoins futurs.<\/p>\n\t\t\t\t\t\t\t\t\t\t<a class=\"uabb-ss-grid-button-link\" href=\"https:\/\/www.facebook.com\/sharer.php?u=https%3A%2F%2Fmercyships.ca%2Fen%2F%3Fpage_id%3D4479%26fl_builder\" target=\"_blank\" onclick=\"window.open(this.href,'social-share','left=20,top=20,width=500,height=500,toolbar=1,resizable=0');return false;\" rel=\"noopener\">\n\t\t\t\t\t\t\t\tFacebook\n\t\t\t\t\t\t\t\t\t\t<\/a>\n\t\t\t\t\t\t\t\t\t\t<a class=\"uabb-ss-grid-button-link\" href=\"https:\/\/twitter.com\/share?url=https%3A%2F%2Fmercyships.ca%2Fen%2F%3Fpage_id%3D4479%26fl_builder\" target=\"_blank\" onclick=\"window.open(this.href,'social-share','left=20,top=20,width=500,height=500,toolbar=1,resizable=0');return false;\" rel=\"noopener\">\n\t\t\t\t\t\t\t\tTwitter\n\t\t\t\t\t\t\t\t\t\t<\/a>\n\t\t\t\t\t\t\t\t\t\t<a class=\"uabb-ss-grid-button-link\" href=\"https:\/\/www.linkedin.com\/shareArticle?url=https%3A%2F%2Fmercyships.ca%2Fen%2F%3Fpage_id%3D4479%26fl_builder\" target=\"_blank\" onclick=\"window.open(this.href,'social-share','left=20,top=20,width=500,height=500,toolbar=1,resizable=0');return false;\" rel=\"noopener\">\n\t\t\t\t\t\t\t\tLinkedin\n\t\t\t\t\t\t\t\t\t\t<\/a>\n\t\t\t\t\t\t\t\t\t\t<a class=\"uabb-ss-grid-button-link\" href=\"mailto:?body=https%3A%2F%2Fmercyships.ca%2Fen%2F%3Fpage_id%3D4479%26fl_builder\" target=\"_blank\" onclick=\"window.open(this.href,'social-share','left=20,top=20,width=500,height=500,toolbar=1,resizable=0');return false;\" rel=\"noopener\">\n\t\t\t\t\t\t\t\tCourriel\n\t\t\t\t\t\t\t\t\t\t<\/a>","protected":false},"excerpt":{"rendered":"<p>Mercy Ships&#8217; Environmental, Social, and Governance (ESG) Initiatives Environmental Mercy Ships currently operates a two-ship fleet consisting of the\u00a0Africa Mercy\u00a0and [&hellip;]<\/p>\n","protected":false},"author":3,"featured_media":339,"parent":0,"menu_order":0,"comment_status":"closed","ping_status":"closed","template":"","meta":{"_acf_changed":false,"_seopress_robots_primary_cat":"0","_seopress_titles_title":"","_seopress_titles_desc":"Mercy Ships continues building upon its commitment to leaving a lasting impact on the health of people and communities in sub-Saharan Africa, using its state-of-the-art hospital ships and in close collaboration with local partners and stakeholders.","_seopress_robots_index":"","site-sidebar-layout":"no-sidebar","site-content-layout":"page-builder","ast-site-content-layout":"default","site-content-style":"default","site-sidebar-style":"default","ast-global-header-display":"","ast-banner-title-visibility":"disabled","ast-main-header-display":"","ast-hfb-above-header-display":"","ast-hfb-below-header-display":"","ast-hfb-mobile-header-display":"","site-post-title":"disabled","ast-breadcrumbs-content":"","ast-featured-img":"disabled","footer-sml-layout":"","ast-disable-related-posts":"","theme-transparent-header-meta":"default","adv-header-id-meta":"","stick-header-meta":"default","header-above-stick-meta":"","header-main-stick-meta":"","header-below-stick-meta":"","astra-migrate-meta-layouts":"set","ast-page-background-enabled":"default","ast-page-background-meta":{"desktop":{"background-color":"var(--ast-global-color-4)","background-image":"","background-repeat":"repeat","background-position":"center center","background-size":"auto","background-attachment":"scroll","background-type":"","background-media":"","overlay-type":"","overlay-color":"","overlay-opacity":"","overlay-gradient":""},"tablet":{"background-color":"","background-image":"","background-repeat":"repeat","background-position":"center center","background-size":"auto","background-attachment":"scroll","background-type":"","background-media":"","overlay-type":"","overlay-color":"","overlay-opacity":"","overlay-gradient":""},"mobile":{"background-color":"","background-image":"","background-repeat":"repeat","background-position":"center center","background-size":"auto","background-attachment":"scroll","background-type":"","background-media":"","overlay-type":"","overlay-color":"","overlay-opacity":"","overlay-gradient":""}},"ast-content-background-meta":{"desktop":{"background-color":"var(--ast-global-color-5)","background-image":"","background-repeat":"repeat","background-position":"center center","background-size":"auto","background-attachment":"scroll","background-type":"","background-media":"","overlay-type":"","overlay-color":"","overlay-opacity":"","overlay-gradient":""},"tablet":{"background-color":"var(--ast-global-color-5)","background-image":"","background-repeat":"repeat","background-position":"center center","background-size":"auto","background-attachment":"scroll","background-type":"","background-media":"","overlay-type":"","overlay-color":"","overlay-opacity":"","overlay-gradient":""},"mobile":{"background-color":"var(--ast-global-color-5)","background-image":"","background-repeat":"repeat","background-position":"center center","background-size":"auto","background-attachment":"scroll","background-type":"","background-media":"","overlay-type":"","overlay-color":"","overlay-opacity":"","overlay-gradient":""}},"footnotes":""},"class_list":["post-4479","page","type-page","status-publish","has-post-thumbnail","hentry"],"acf":[],"_links":{"self":[{"href":"https:\/\/mercyships.ca\/fr\/wp-json\/wp\/v2\/pages\/4479","targetHints":{"allow":["GET"]}}],"collection":[{"href":"https:\/\/mercyships.ca\/fr\/wp-json\/wp\/v2\/pages"}],"about":[{"href":"https:\/\/mercyships.ca\/fr\/wp-json\/wp\/v2\/types\/page"}],"author":[{"embeddable":true,"href":"https:\/\/mercyships.ca\/fr\/wp-json\/wp\/v2\/users\/3"}],"replies":[{"embeddable":true,"href":"https:\/\/mercyships.ca\/fr\/wp-json\/wp\/v2\/comments?post=4479"}],"version-history":[{"count":5,"href":"https:\/\/mercyships.ca\/fr\/wp-json\/wp\/v2\/pages\/4479\/revisions"}],"predecessor-version":[{"id":9647,"href":"https:\/\/mercyships.ca\/fr\/wp-json\/wp\/v2\/pages\/4479\/revisions\/9647"}],"wp:featuredmedia":[{"embeddable":true,"href":"https:\/\/mercyships.ca\/fr\/wp-json\/wp\/v2\/media\/339"}],"wp:attachment":[{"href":"https:\/\/mercyships.ca\/fr\/wp-json\/wp\/v2\/media?parent=4479"}],"curies":[{"name":"wp","href":"https:\/\/api.w.org\/{rel}","templated":true}]}}