{"id":41,"date":"2024-07-17T18:23:44","date_gmt":"2024-07-18T01:23:44","guid":{"rendered":"https:\/\/mercyships.onpressidium.com\/?page_id=41"},"modified":"2026-04-01T00:18:22","modified_gmt":"2026-04-01T07:18:22","slug":"home","status":"publish","type":"page","link":"https:\/\/mercyships.ca\/fr\/","title":{"rendered":"Page d'accueil"},"content":{"rendered":"<h2>\n\t\t\tDes chirurgies gratuites et transformatrices <\/br>offertes en Afrique\t<\/h2>\n\t<p>Mercy Ships Canada fait partie d'une organisation internationale qui offre des soins chirurgicaux essentiels par le biais de navires-h\u00f4pitaux.<\/p>\n<p>Powered by over 2,500 volunteers, we bring hope and healing to communities in need-completely free of charge.<\/p>\n<p class=\"translation-block\">Pour mener \u00e0 bien notre mission, nous utilisons une flotte de navires-h\u00f4pitaux :  l'<em>Africa Mercy<\/em> et le <em>Global Mercy.<\/em><\/p>\n\t\t\t<a href=\"https:\/\/mercyships.ca\/fr\/comment-nous-aidons\/\"  target=\"_self\">\n\t\t\t\t\t\t\tD\u00e9couvrez notre mission\n\t\t\t\t\t<\/a>\n<h2>\n\t\t\tDes soins m\u00e9dicaux qui transforment la vie\t<\/h2>\n\t<p>Mariama, Sira, Awa, Amadou&#8230; and so many others who can smile again thanks to the health care and surgeries performed by Mercy Ships volunteer crews.<\/p>\n\t\t\t\t<img decoding=\"async\" src=\"https:\/\/mercyships.ca\/wp-content\/uploads\/2026\/03\/SLG241221_MUSU_SLG09363_AFTER_TUIJL_DOCK_TT013_HI-scaled.jpg\" alt=\"Musu\"\/>\n\t\t\t<h3>Vers de nouveaux horizons : un bras gu\u00e9ri et une joie retrouv\u00e9e<\/h3>\n\t\t\t\t<p>After a severe burn left her arm contracted, young Musu received life-changing surgery aboard the Global Mercy. Now healed, she&#8217;s back in school, full of confidence and hope for the future.<\/p>\n\t\t<a href=\"https:\/\/mercyships.ca\/fr\/patient\/musu-chirurgie-plastique-reconstructive\/\" target=\"_self\"  aria-label=\"Go to https:\/\/mercyships.ca\/en\/patient\/musu-plastic-reconstructive-surgery\/\"><\/a>\n\t\t\t\t<img decoding=\"async\" src=\"https:\/\/mercyships.ca\/wp-content\/uploads\/2025\/11\/MGD240703_ARMELLA_MGB08107_BEFORE_JC001_HI-scaled.jpg\" alt=\"Armella before surgery\"\/>\n\t\t\t<h3>A Mercy Ships Christmas Miracle: Armella&#8217;s Healing Ignites Hope<\/h3>\n\t\t\t\t<p>The day of Armella&#8217;s birth was a celebratory occasion, but a growth behind her ear became a cause for concern. This Christmas, fill a tiny heart with love!<\/p>\n\t\t<a href=\"https:\/\/mercyships.ca\/fr\/patient\/un-avenir-lumineux-pour-armella\/\" target=\"_self\"  aria-label=\"Go to https:\/\/mercyships.ca\/patient\/armellas-healing-ignites-hope\/\"><\/a>\n\t\t\t\t<img decoding=\"async\" src=\"https:\/\/mercyships.ca\/wp-content\/uploads\/2025\/08\/SLG250221_MARION_SLG08356_AFTER_VERANDA_MVP002_HI-scaled.jpg\" alt=\"Hernie ombilicale\"\/>\n\t\t\t<h3>Hernie ombilicale : l'histoire de Marion<\/h3>\n\t\t\t\t<p>Marion est n\u00e9e avec une hernie ombilicale, une affection qui s'est aggrav\u00e9e avec le temps. D\u00e9couvrez sa transformation!<\/p>\n\t\t<a href=\"https:\/\/mercyships.ca\/fr\/patient\/hernie-ombilicale-marion\/\" target=\"_self\"  aria-label=\"Go to https:\/\/mercyships.ca\/en\/patient\/marions-story-umbilical-hernia\/\"><\/a>\n\t\t\t\t<img decoding=\"async\" src=\"https:\/\/mercyships.ca\/wp-content\/uploads\/2025\/02\/SLF240416_MAMADOU_SLF30193_AFTER_HOMEVISIT_AB018_HI-scaled.jpg\" alt=\"Chirurgie ophtalmique \u00e0 bord du navire-h\u00f4pital Global Mercy\"\/>\n\t\t\t<h3>Une nouvelle vision lumineuse pour Mamadou<\/h3>\n\t\t\t\t<p>Pour Mamadou, le fait de b\u00e9n\u00e9ficier d'une chirurgie gratuite a chang\u00e9 sa vie, car il a pu voir les choses clairement pour la premi\u00e8re fois.<\/p>\n\t\t<a href=\"https:\/\/mercyships.ca\/fr\/patient\/une-nouvelle-vision-lumineuse-pour-mamadou\/\" target=\"_self\"  aria-label=\"Go to https:\/\/mercyships.ca\/patient\/new-vision-and-new-life-for-mamadou\/\"><\/a>\n\t\t\t\t<img decoding=\"async\" src=\"https:\/\/mercyships.ca\/wp-content\/uploads\/2024\/10\/SLF231001_CATHERINE_ALY_REUNION_TT024_HI-scaled.jpg\" alt=\"Aly Hall and Catherine Conteh together in front of the Global Mercy after not seeing each other for 30 years.\"\/>\n\t\t\t<h3>Let&#8217;s Make a Difference With Generosity and Gratitude<\/h3>\n\t\t\t\t<p>Comme Catherine et Aly, tout le monde a quelque chose \u00e0 donner et chaque acte de g\u00e9n\u00e9rosit\u00e9 compte!<\/p>\n\t\t<a href=\"https:\/\/mercyships.ca\/fr\/patient\/mardi-je-donne-2024-transformez-le-monde-par-la-generosite\/\" target=\"_self\"  aria-label=\"Go to https:\/\/mercyships.ca\/en\/patient\/giving-tuesday-2024-lets-make-a-difference-with-generosity-and-gratitude\/\"><\/a>\n\t\t\t\t<img decoding=\"async\" src=\"https:\/\/mercyships.ca\/wp-content\/uploads\/2024\/09\/SLF230920_LUCY_SLF08061_BEFORE_EB016_HI-scaled.jpg\" alt=\"Lucy, patiente maxillo-faciale, le matin de son admission \u00e0 l&#039;h\u00f4pital. \u00a9 Mercy Ships\"\/>\n\t\t\t<h3>De la r\u00e9silience \u00e0 la c\u00e9l\u00e9bration : l'histoire de Lucy<\/h3>\n\t\t\t\tHer surgery to remove a tumor lasted 5 hours, requiring a team of 4 surgeons and scrub nurses &#8211; and it was a success!\n\t\t<a href=\"https:\/\/mercyships.ca\/fr\/patient\/de-la-resilience-a-la-celebration\/\" target=\"_self\"  aria-label=\"Go to https:\/\/mercyships.ca\/patient\/resilience-in-the-face-of-pain\/\"><\/a>\n<h2>\n\t\t\tWe&#8217;ve seen firsthand the challenges that arise when people don&#8217;t have access to safe and timely healthcare. It weakens communities and leaves individuals vulnerable.\t<\/h2>\n<figure itemscope itemtype=\"https:\/\/schema.org\/ImageObject\">\n\t\t\t\t<img decoding=\"async\" src=\"https:\/\/mercyships.ca\/wp-content\/uploads\/2024\/07\/featured-image-ueber-uns-crew-vor-africa-mercy-senegal.jpg\" alt=\"Volunteers\" height=\"477\" width=\"552\" title=\"featured-image-ueber-uns-crew-vor-africa-mercy-senegal\" onerror=\"this.style.display='none'\" loading=\"lazy\" \/>\n\t<\/figure>\n<h3>\n\t\t\tMercy Ships offre des soins de sant\u00e9 gratuits depuis plus de 45 ans.\t<\/h3>\n\t<ul>\n<li class=\"translation-block\">Deux navires-h\u00f4pitaux, le <em>Global Mercy<\/em> et l\u2019<em>Africa Mercy<\/em>.<\/li>\n<li>Plus de 2 500 b\u00e9n\u00e9voles qualifi\u00e9s du monde entier donnent de leur temps chaque ann\u00e9e.<\/li>\n<li>Les programmes de mentorat et de formation soutiennent les professionnels de la sant\u00e9 locaux \u00e0 r\u00e9ussir \u00e0 long terme.<\/li>\n<\/ul>\n\t\t\t<a href=\"https:\/\/mercyships.ca\/fr\/a-propos\/notre-mission\/\"  target=\"_self\">\n\t\t\t\t\t\t\tEn savoir plus\n\t\t\t\t\t<\/a>\n<h2>\n\t\t\tMercy Ships, une histoire de c\u0153ur\t<\/h2>\n\tSince 1978, Mercy Ships has been providing medical care, surgeries and<br \/>\ndental treatment to people in need in Africa.\nMore than 5 million people do not have access to basic health care,<br \/>\neven though this should be a right for every human being.\n<p class=\"translation-block\">Cette situation n\u2019est pas une fatalit\u00e9. <strong>Vous pouvez aider :<\/strong><\/p>\n<figure itemscope itemtype=\"https:\/\/schema.org\/ImageObject\">\n\t\t\t\t<img decoding=\"async\" src=\"https:\/\/mercyships.ca\/wp-content\/uploads\/2024\/07\/1-SQ200.png\" alt=\"1 SQ200\" height=\"200\" width=\"200\" title=\"1 SQ200\" onerror=\"this.style.display='none'\" loading=\"lazy\" \/>\n\t<\/figure>\n<h3>\n\t\t\tFaites un don\t<\/h3>\n\t<p>Chaque geste compte. Chaque don est un pas fait dans la bonne direction, permettant de changer la vie d\u2019une personne ayant besoin de soins m\u00e9dicaux de base. Participez \u00e0 ce changement en faisant un don d\u00e8s maintenant.<\/p>\n\t\t\t<a href=\"https:\/\/mercyships.ca\/fr\/faire-un-don\/options\/\"  target=\"_self\">\n\t\t\t\t\t\t\tFaire un don\n\t\t\t\t\t<\/a>\n<figure itemscope itemtype=\"https:\/\/schema.org\/ImageObject\">\n\t\t\t\t<img decoding=\"async\" src=\"https:\/\/mercyships.ca\/wp-content\/uploads\/2024\/07\/2-SQ200.png\" alt=\"2 SQ200\" height=\"200\" width=\"200\" title=\"2 SQ200\" onerror=\"this.style.display='none'\" loading=\"lazy\" \/>\n\t<\/figure>\n<h3>\n\t\t\tDevenez b\u00e9n\u00e9vole\t<\/h3>\n\t<p>Vous souhaitez faire plus qu\u2019un don et vous investir \u00e0 nos c\u00f4t\u00e9s pour aider les personnes qui en ont le plus besoin? Devenez b\u00e9n\u00e9vole et rejoignez les \u00e9quipes qui \u0153uvrent au quotidien sur le terrain.<\/p>\n\t\t\t<a href=\"https:\/\/mercyships.ca\/fr\/benevole\/\"  target=\"_self\">\n\t\t\t\t\t\t\tDevenir b\u00e9n\u00e9vole\n\t\t\t\t\t<\/a>\n<figure itemscope itemtype=\"https:\/\/schema.org\/ImageObject\">\n\t\t\t\t<img decoding=\"async\" src=\"https:\/\/mercyships.ca\/wp-content\/uploads\/2024\/07\/3-SQ200.png\" alt=\"3 SQ200\" height=\"200\" width=\"200\" title=\"3 SQ200\" onerror=\"this.style.display='none'\" loading=\"lazy\" \/>\n\t<\/figure>\n<h3>\n\t\t\tParlez de nous\t<\/h3>\n\t<p>Vous ne pouvez pas nous aider via un don ou ne souhaitez pas vous engager en tant que b\u00e9n\u00e9vole, mais notre mission vous touche? Soutenez-nous en faisant connaitre nos activit\u00e9s aupr\u00e8s du plus grand nombre.<\/p>\n\t\t\t<a href=\"https:\/\/mercyships.ca\/fr\/opportunites-dengagement\/\"  target=\"_self\">\n\t\t\t\t\t\t\tNous soutenir\n\t\t\t\t\t<\/a>\n<h2>\n\t\t\tYour support allows medical care, among other things&#8230;\t<\/h2>\n\t<ul>\n<li>Redonner le sourire et le go\u00fbt \u00e0 la vie aux personnes soign\u00e9es<\/li>\n<li>Trouver la confiance en soi apr\u00e8s des mois, voire des ann\u00e9es de souffrance<\/li>\n<\/ul>\n\t<ul>\n<li>Faire sa place au sein de la communaut\u00e9 et \u00eatre respect\u00e9 des siens<\/li>\n<\/ul>\n\t<ul>\n<li>Offrir l\u2019opportunit\u00e9 aux enfants d\u2019aller ou de retourner \u00e0 l\u2019\u00e9cole<\/li>\n<li>Avoir une vie aussi normale que possible, tout simplement<\/li>\n<\/ul>\n\t<p>Nous d\u00e9veloppons en parall\u00e8le des syst\u00e8mes de soins \u00e0 l\u2019intention des professionnels\nde sant\u00e9 locaux et investissons dans les infrastructures m\u00e9dicales o\u00f9 nous intervenons.<\/p>\n<h3>\n\t\t\tGr\u00e2ce aux donateurs et b\u00e9n\u00e9voles\t<\/h3>\n\t<p>Depuis 1978,  nous avons pu :<\/p>\n<h3>\n\t\t\tR\u00e9aliser\t<\/h3>\n\t\t<!-- Comment to fix spacing issue\n\t-->\n\t\t<h2>0+<\/h2>\n\t<!-- Comment to fix spacing issue\n\t-->\t\n\t<p>op\u00e9rations chirurgicales<\/p>\n<h3>\n\t\t\tEffectuer\t<\/h3>\n\t\t<!-- Comment to fix spacing issue\n\t-->\n\t\t<h2>0+<\/h2>\n\t<!-- Comment to fix spacing issue\n\t-->\t\n\t<p>proc\u00e9dures dentaires<\/p>\n<h3>\n\t\t\tFormer\t<\/h3>\n\t\t<!-- Comment to fix spacing issue\n\t-->\n\t\t<h2>0+<\/h2>\n\t<!-- Comment to fix spacing issue\n\t-->\t\n\tprofessionals in their area<br \/>\nof expertise\n<h3>\n\t\t\tAujourd'hui, nous comptons sur vous pour nous aider \u00e0 continuer notre mission\t<\/h3>\n\t<p>Comment souhaitez-vous nous aider?<\/p>\n<figure itemscope itemtype=\"https:\/\/schema.org\/ImageObject\">\n\t\t\t\t<img decoding=\"async\" src=\"https:\/\/mercyships.ca\/wp-content\/uploads\/2024\/07\/ms-icon-gen_Give.svg\" alt=\"ms-icon-gen_Give\" height=\"150\" width=\"150\" title=\"ms-icon-gen_Give\" onerror=\"this.style.display='none'\" loading=\"lazy\" \/>\n\t<\/figure>\n\t\t\t<a href=\"https:\/\/mercyships.ca\/fr\/faire-un-don\/options\/\"  target=\"_self\">\n\t\t\t\t\t\t\tFaire un don\n\t\t\t\t\t<\/a>\n<figure itemscope itemtype=\"https:\/\/schema.org\/ImageObject\">\n\t\t\t\t<img decoding=\"async\" src=\"https:\/\/mercyships.ca\/wp-content\/uploads\/2024\/07\/ms-icon-gen_Volunteer.svg\" alt=\"ms-icon-gen_Volunteer\" height=\"150\" width=\"150\" title=\"ms-icon-gen_Volunteer\" onerror=\"this.style.display='none'\" loading=\"lazy\" \/>\n\t<\/figure>\n\t\t\t<a href=\"https:\/\/mercyships.ca\/fr\/benevole\/\"  target=\"_self\">\n\t\t\t\t\t\t\tDevenir b\u00e9n\u00e9vole\n\t\t\t\t\t<\/a>\n<figure itemscope itemtype=\"https:\/\/schema.org\/ImageObject\">\n\t\t\t\t<img decoding=\"async\" src=\"https:\/\/mercyships.ca\/wp-content\/uploads\/2024\/07\/ms-icon-gen_Gift.svg\" alt=\"ms-icon-gen_Gift\" height=\"150\" width=\"150\" title=\"ms-icon-gen_Gift\" onerror=\"this.style.display='none'\" loading=\"lazy\" \/>\n\t<\/figure>\n\t\t\t<a href=\"https:\/\/mercyships.ca\/fr\/faire-un-don\/options\/\"  target=\"_self\">\n\t\t\t\t\t\t\tNous soutenir\n\t\t\t\t\t<\/a>","protected":false},"excerpt":{"rendered":"<p>Bringing Free, Life-Changing Surgeries to Africa Mercy Ships Canada is part of a global movement delivering essential surgical care through [&hellip;]<\/p>\n","protected":false},"author":3,"featured_media":12429,"parent":0,"menu_order":0,"comment_status":"closed","ping_status":"closed","template":"","meta":{"_acf_changed":false,"_seopress_robots_primary_cat":"","_seopress_titles_title":"","_seopress_titles_desc":"More than 5 million people do not have access to basic medical care. Since 1978, we have been providing free health care to people in need.","_seopress_robots_index":"","site-sidebar-layout":"no-sidebar","site-content-layout":"page-builder","ast-site-content-layout":"full-width-container","site-content-style":"default","site-sidebar-style":"default","ast-global-header-display":"","ast-banner-title-visibility":"","ast-main-header-display":"","ast-hfb-above-header-display":"","ast-hfb-below-header-display":"","ast-hfb-mobile-header-display":"","site-post-title":"disabled","ast-breadcrumbs-content":"","ast-featured-img":"disabled","footer-sml-layout":"","ast-disable-related-posts":"","theme-transparent-header-meta":"default","adv-header-id-meta":"","stick-header-meta":"default","header-above-stick-meta":"","header-main-stick-meta":"","header-below-stick-meta":"","astra-migrate-meta-layouts":"set","ast-page-background-enabled":"default","ast-page-background-meta":{"desktop":{"background-color":"var(--ast-global-color-4)","background-image":"","background-repeat":"repeat","background-position":"center center","background-size":"auto","background-attachment":"scroll","background-type":"","background-media":"","overlay-type":"","overlay-color":"","overlay-opacity":"","overlay-gradient":""},"tablet":{"background-color":"","background-image":"","background-repeat":"repeat","background-position":"center center","background-size":"auto","background-attachment":"scroll","background-type":"","background-media":"","overlay-type":"","overlay-color":"","overlay-opacity":"","overlay-gradient":""},"mobile":{"background-color":"","background-image":"","background-repeat":"repeat","background-position":"center center","background-size":"auto","background-attachment":"scroll","background-type":"","background-media":"","overlay-type":"","overlay-color":"","overlay-opacity":"","overlay-gradient":""}},"ast-content-background-meta":{"desktop":{"background-color":"var(--ast-global-color-5)","background-image":"","background-repeat":"repeat","background-position":"center center","background-size":"auto","background-attachment":"scroll","background-type":"","background-media":"","overlay-type":"","overlay-color":"","overlay-opacity":"","overlay-gradient":""},"tablet":{"background-color":"var(--ast-global-color-5)","background-image":"","background-repeat":"repeat","background-position":"center center","background-size":"auto","background-attachment":"scroll","background-type":"","background-media":"","overlay-type":"","overlay-color":"","overlay-opacity":"","overlay-gradient":""},"mobile":{"background-color":"var(--ast-global-color-5)","background-image":"","background-repeat":"repeat","background-position":"center center","background-size":"auto","background-attachment":"scroll","background-type":"","background-media":"","overlay-type":"","overlay-color":"","overlay-opacity":"","overlay-gradient":""}},"footnotes":""},"class_list":["post-41","page","type-page","status-publish","has-post-thumbnail","hentry"],"acf":[],"_links":{"self":[{"href":"https:\/\/mercyships.ca\/fr\/wp-json\/wp\/v2\/pages\/41","targetHints":{"allow":["GET"]}}],"collection":[{"href":"https:\/\/mercyships.ca\/fr\/wp-json\/wp\/v2\/pages"}],"about":[{"href":"https:\/\/mercyships.ca\/fr\/wp-json\/wp\/v2\/types\/page"}],"author":[{"embeddable":true,"href":"https:\/\/mercyships.ca\/fr\/wp-json\/wp\/v2\/users\/3"}],"replies":[{"embeddable":true,"href":"https:\/\/mercyships.ca\/fr\/wp-json\/wp\/v2\/comments?post=41"}],"version-history":[{"count":5,"href":"https:\/\/mercyships.ca\/fr\/wp-json\/wp\/v2\/pages\/41\/revisions"}],"predecessor-version":[{"id":14637,"href":"https:\/\/mercyships.ca\/fr\/wp-json\/wp\/v2\/pages\/41\/revisions\/14637"}],"wp:featuredmedia":[{"embeddable":true,"href":"https:\/\/mercyships.ca\/fr\/wp-json\/wp\/v2\/media\/12429"}],"wp:attachment":[{"href":"https:\/\/mercyships.ca\/fr\/wp-json\/wp\/v2\/media?parent=41"}],"curies":[{"name":"wp","href":"https:\/\/api.w.org\/{rel}","templated":true}]}}