{"id":4083,"date":"2024-08-26T06:20:09","date_gmt":"2024-08-26T13:20:09","guid":{"rendered":"https:\/\/mercyships.onpressidium.com\/?page_id=4083"},"modified":"2026-04-01T00:20:05","modified_gmt":"2026-04-01T07:20:05","slug":"histoires-de-patients","status":"publish","type":"page","link":"https:\/\/mercyships.ca\/fr\/impact-stories\/patient-stories\/","title":{"rendered":"Histoires de patients"},"content":{"rendered":"<h1>\n\t\t\tHistoires de patients\t<\/h1>\n<h2>\n\t\t\tUn corps gu\u00e9ri est une vie transform\u00e9e\t<\/h2>\n\t<p>They are daughters, wives, mothers, sons, and fathers. Behind every face, there&#8217;s a name and a heart that holds a dream. Here are their stories.<\/p>\n\t\t\t\t<img decoding=\"async\" src=\"https:\/\/mercyships.ca\/wp-content\/uploads\/2026\/03\/SLG241221_MUSU_SLG09363_AFTER_TUIJL_DOCK_TT013_HI-scaled.jpg\" alt=\"Musu\"\/>\n\t\t\t<h3>Vers de nouveaux horizons : un bras gu\u00e9ri et une joie retrouv\u00e9e<\/h3>\n\t\t\t\t<p>After a severe burn left her arm contracted, young Musu received life-changing surgery aboard the Global Mercy. Now healed, she&#8217;s back in school, full of confidence and hope for the future.<\/p>\n\t\t<a href=\"https:\/\/mercyships.ca\/fr\/patient\/musu-chirurgie-plastique-reconstructive\/\" target=\"_self\"  aria-label=\"Go to https:\/\/mercyships.ca\/patient\/musu-plastic-reconstructive-surgery\/\"><\/a>\n\t\t\t\t<img decoding=\"async\" src=\"https:\/\/mercyships.ca\/wp-content\/uploads\/2025\/11\/MGD240703_ARMELLA_MGB08107_BEFORE_JC001_HI-scaled.jpg\" alt=\"Armella before surgery\"\/>\n\t\t\t<h3>A Mercy Ships Christmas Miracle: Armella&#8217;s Healing Ignites Hope<\/h3>\n\t\t\t\t<p>The day of Armella&#8217;s birth was a celebratory occasion, but a growth behind her ear became a cause for concern. This Christmas, fill a tiny heart with love!<\/p>\n\t\t<a href=\"https:\/\/mercyships.ca\/fr\/patient\/un-avenir-lumineux-pour-armella\/\" target=\"_self\"  aria-label=\"Go to https:\/\/mercyships.ca\/en\/patient\/armellas-healing-ignites-hope\/\"><\/a>\n\t\t\t\t<img decoding=\"async\" src=\"https:\/\/mercyships.ca\/wp-content\/uploads\/2025\/08\/SLG250221_MARION_SLG08356_AFTER_VERANDA_MVP002_HI-scaled.jpg\" alt=\"Hernie ombilicale\"\/>\n\t\t\t<h3>Hernie ombilicale : l'histoire de Marion<\/h3>\n\t\t\t\t<p>Marion est n\u00e9e avec une hernie ombilicale, une affection qui s'est aggrav\u00e9e avec le temps. D\u00e9couvrez sa transformation!<\/p>\n\t\t<a href=\"https:\/\/mercyships.ca\/fr\/patient\/hernie-ombilicale-marion\/\" target=\"_self\"  aria-label=\"Go to https:\/\/mercyships.ca\/en\/patient\/marions-story-umbilical-hernia\/\"><\/a>\n\t\t\t\t<img decoding=\"async\" src=\"https:\/\/mercyships.ca\/wp-content\/uploads\/2025\/02\/SLF240416_MAMADOU_SLF30193_AFTER_HOMEVISIT_AB018_HI-scaled.jpg\" alt=\"Chirurgie ophtalmique \u00e0 bord du navire-h\u00f4pital Global Mercy\"\/>\n\t\t\t<h3>Une nouvelle vision lumineuse pour Mamadou<\/h3>\n\t\t\t\t<p>Pour Mamadou, le fait de b\u00e9n\u00e9ficier d'une chirurgie gratuite a chang\u00e9 sa vie, car il a pu voir les choses clairement pour la premi\u00e8re fois.<\/p>\n\t\t<a href=\"https:\/\/mercyships.ca\/fr\/patient\/une-nouvelle-vision-lumineuse-pour-mamadou\/\" target=\"_self\"  aria-label=\"Go to https:\/\/mercyships.ca\/patient\/new-vision-and-new-life-for-mamadou\/\"><\/a>\n\t\t\t\t<img decoding=\"async\" src=\"https:\/\/mercyships.ca\/wp-content\/uploads\/2024\/09\/SLF230920_LUCY_SLF08061_BEFORE_EB016_HI-scaled.jpg\" alt=\"Lucy, patiente maxillo-faciale, le matin de son admission \u00e0 l&#039;h\u00f4pital. \u00a9 Mercy Ships\"\/>\n\t\t\t<h3>De la r\u00e9silience \u00e0 la c\u00e9l\u00e9bration : l'histoire de Lucy<\/h3>\n\t\t\t\tHer surgery to remove a tumor lasted 5 hours, requiring a team of 4 surgeons and scrub nurses &#8211; and it was a success!\n\t\t<a href=\"https:\/\/mercyships.ca\/fr\/patient\/de-la-resilience-a-la-celebration\/\" target=\"_self\"  aria-label=\"Go to https:\/\/mercyships.ca\/patient\/resilience-in-the-face-of-pain\/\"><\/a>\n<h2>\n\t\t\tLe v\u00e9ritable changement arrive lorsque nous travaillons tous ensemble.\t<\/h2>\n\t<p>No one should feel isolated from their community because they can&#8217;t access medical care. Help us bring hope and healing to those in need. So they can live with purpose and meaning in their communities.<\/p>\n\t\t\t<a href=\"https:\/\/mercyships.ca\/fr\/faire-un-don\/\"  target=\"_self\">\n\t\t\t\t\t\t\tFaire un don\n\t\t\t\t\t<\/a>\n\t\t\t<a href=\"https:\/\/mercyships.ca\/fr\/benevole\/\"  target=\"_self\">\n\t\t\t\t\t\t\tDevenir b\u00e9n\u00e9vole\n\t\t\t\t\t<\/a>\n<h2>\n\t\t\tWaves of Mercy\t<\/h2>\n\tDiscover our online newsletters:<br \/>\nYour latest news and stories from Mercy Ships!\n\t\t\t<a href=\"https:\/\/mercyships.ca\/wp-content\/uploads\/2026\/02\/26-Q1-Newsletter.pdf\"  target=\"_blank\" rel=\"noopener\">\n\t\t\t\t\t\t\tRead the Newsletter\n\t\t\t\t\t<\/a>","protected":false},"excerpt":{"rendered":"<p>Patient Stories A Body Healed is a Life Transformed They are daughters, wives, mothers, sons, and fathers. Behind every face, [&hellip;]<\/p>\n","protected":false},"author":3,"featured_media":12429,"parent":2688,"menu_order":0,"comment_status":"closed","ping_status":"closed","template":"","meta":{"_acf_changed":false,"_seopress_robots_primary_cat":"","_seopress_titles_title":"","_seopress_titles_desc":"5 billion people do not have access to safe surgery. 143 million surgeries are needed each year. Discover amazing life-changing stories!","_seopress_robots_index":"","site-sidebar-layout":"no-sidebar","site-content-layout":"page-builder","ast-site-content-layout":"default","site-content-style":"default","site-sidebar-style":"default","ast-global-header-display":"","ast-banner-title-visibility":"","ast-main-header-display":"","ast-hfb-above-header-display":"","ast-hfb-below-header-display":"","ast-hfb-mobile-header-display":"","site-post-title":"disabled","ast-breadcrumbs-content":"","ast-featured-img":"disabled","footer-sml-layout":"","ast-disable-related-posts":"","theme-transparent-header-meta":"default","adv-header-id-meta":"","stick-header-meta":"default","header-above-stick-meta":"","header-main-stick-meta":"","header-below-stick-meta":"","astra-migrate-meta-layouts":"set","ast-page-background-enabled":"default","ast-page-background-meta":{"desktop":{"background-color":"var(--ast-global-color-4)","background-image":"","background-repeat":"repeat","background-position":"center center","background-size":"auto","background-attachment":"scroll","background-type":"","background-media":"","overlay-type":"","overlay-color":"","overlay-opacity":"","overlay-gradient":""},"tablet":{"background-color":"","background-image":"","background-repeat":"repeat","background-position":"center center","background-size":"auto","background-attachment":"scroll","background-type":"","background-media":"","overlay-type":"","overlay-color":"","overlay-opacity":"","overlay-gradient":""},"mobile":{"background-color":"","background-image":"","background-repeat":"repeat","background-position":"center center","background-size":"auto","background-attachment":"scroll","background-type":"","background-media":"","overlay-type":"","overlay-color":"","overlay-opacity":"","overlay-gradient":""}},"ast-content-background-meta":{"desktop":{"background-color":"var(--ast-global-color-5)","background-image":"","background-repeat":"repeat","background-position":"center center","background-size":"auto","background-attachment":"scroll","background-type":"","background-media":"","overlay-type":"","overlay-color":"","overlay-opacity":"","overlay-gradient":""},"tablet":{"background-color":"var(--ast-global-color-5)","background-image":"","background-repeat":"repeat","background-position":"center center","background-size":"auto","background-attachment":"scroll","background-type":"","background-media":"","overlay-type":"","overlay-color":"","overlay-opacity":"","overlay-gradient":""},"mobile":{"background-color":"var(--ast-global-color-5)","background-image":"","background-repeat":"repeat","background-position":"center center","background-size":"auto","background-attachment":"scroll","background-type":"","background-media":"","overlay-type":"","overlay-color":"","overlay-opacity":"","overlay-gradient":""}},"footnotes":""},"class_list":["post-4083","page","type-page","status-publish","has-post-thumbnail","hentry"],"acf":[],"_links":{"self":[{"href":"https:\/\/mercyships.ca\/fr\/wp-json\/wp\/v2\/pages\/4083","targetHints":{"allow":["GET"]}}],"collection":[{"href":"https:\/\/mercyships.ca\/fr\/wp-json\/wp\/v2\/pages"}],"about":[{"href":"https:\/\/mercyships.ca\/fr\/wp-json\/wp\/v2\/types\/page"}],"author":[{"embeddable":true,"href":"https:\/\/mercyships.ca\/fr\/wp-json\/wp\/v2\/users\/3"}],"replies":[{"embeddable":true,"href":"https:\/\/mercyships.ca\/fr\/wp-json\/wp\/v2\/comments?post=4083"}],"version-history":[{"count":5,"href":"https:\/\/mercyships.ca\/fr\/wp-json\/wp\/v2\/pages\/4083\/revisions"}],"predecessor-version":[{"id":14640,"href":"https:\/\/mercyships.ca\/fr\/wp-json\/wp\/v2\/pages\/4083\/revisions\/14640"}],"up":[{"embeddable":true,"href":"https:\/\/mercyships.ca\/fr\/wp-json\/wp\/v2\/pages\/2688"}],"wp:featuredmedia":[{"embeddable":true,"href":"https:\/\/mercyships.ca\/fr\/wp-json\/wp\/v2\/media\/12429"}],"wp:attachment":[{"href":"https:\/\/mercyships.ca\/fr\/wp-json\/wp\/v2\/media?parent=4083"}],"curies":[{"name":"wp","href":"https:\/\/api.w.org\/{rel}","templated":true}]}}