{"id":390,"date":"2024-07-22T07:45:42","date_gmt":"2024-07-22T14:45:42","guid":{"rendered":"https:\/\/mercyships.onpressidium.com\/?page_id=390"},"modified":"2025-12-18T10:40:24","modified_gmt":"2025-12-18T18:40:24","slug":"benevole","status":"publish","type":"page","link":"https:\/\/mercyships.ca\/fr\/volunteer\/","title":{"rendered":"Devenir b\u00e9n\u00e9vole"},"content":{"rendered":"<img decoding=\"async\" src=\"https:\/\/mercyships.ca\/wp-content\/uploads\/2024\/08\/Main-header-slider-banner-1920-675-find-your-place-1.png\" alt=\"Devenir b\u00e9n\u00e9vole\" itemprop=\"image\" height=\"718\" width=\"2200\" title=\"Humanitaire en Afrique\" onerror=\"this.style.display='none'\" loading=\"lazy\" \/>\n<h1>\n\t\t\tB\u00e9n\u00e9volat en Afrique\t<\/h1>\n\t<p><strong>Vous recherchez comment vous impliquer dans une mission humanitaire?<\/strong><\/p>\n<p>There are many volunteer opportunities in Africa available for you. Mercy Ships volunteers bring safe and accessible healthcare to Africa. Volunteer opportunities are available in different sectors:<\/p>\n\t<ul>\n<li class=\"translation-block\"><a href=\"https:\/\/mercyships.ca\/fr\/benevole\/une-canadienne-francophone-a-bord\/\" target=\"_self\">Personnel infirmier<\/a>, techniciens en laboratoire, pharmaciens, <a href=\"https:\/\/mercyships.ca\/fr\/benevole\/dr-sherif-emil\/\" target=\"_self\">chirurgien<\/a><a href=\"https:\/\/mercyships.ca\/fr\/benevole\/dr-sherif-emil\/\" target=\"_self\">s<\/a>, ophtalmologues<\/li>\n<\/ul>\n\t<ul>\n<li class=\"translation-block\">Personnel d\u2019accueil, <a href=\"https:\/\/mercyships.ca\/fr\/benevole\/stephanie-bauman\/\" target=\"_self\">enseignants<\/a>, personnel en informatique<\/li>\n<\/ul>\n\t<ul>\n<li class=\"translation-block\">\u00c9lectriciens, plombiers, <a href=\"https:\/\/mercyships.ca\/fr\/benevole\/mark-carew\/\" target=\"_self\">capitaines<\/a>, ing\u00e9nieurs maritimes et autres<\/li>\n<\/ul>\n\t\t<iframe loading=\"lazy\" width=\"560\" height=\"315\" src=\"https:\/\/www.youtube.com\/embed\/jWplIgSk0I0?si=BPk27pkKTIXQrlWz\" title=\"YouTube video player\" frameborder=\"0\" allow=\"accelerometer; autoplay; clipboard-write; encrypted-media; gyroscope; picture-in-picture; web-share\" referrerpolicy=\"strict-origin-when-cross-origin\" allowfullscreen><\/iframe>\t\n<h2>\n\t\t\tHow Many Volunteers go on our Hospital Ships Each Year?\t<\/h2>\n\tEach year as many as 2,500 volunteer<br \/>\nprofessionals from over 60 countries serve on board our fleet doing humanitarian work.\n\t\t\t<a href=\"#volform\" target=\"_self\">\n\t\t\t\t\t\t\tFaire du b\u00e9n\u00e9volat\n\t\t\t\t\t<\/a>\n\t\t<iframe loading=\"lazy\" width=\"569\" height=\"320\" src=\"https:\/\/www.youtube.com\/embed\/wgDvsvFuZak\" title=\"Ren\u00e9e Joubarne, b\u00e9n\u00e9vole canadienne\" frameborder=\"0\" allow=\"accelerometer; autoplay; clipboard-write; encrypted-media; gyroscope; picture-in-picture; web-share\" referrerpolicy=\"strict-origin-when-cross-origin\" allowfullscreen><\/iframe>\t\n<h3>\n\t\t\tCombien de b\u00e9n\u00e9voles embarquent sur nos navires-h\u00f4pitaux?\t<\/h3>\n\t<p>Chaque ann\u00e9e, plus de 2 500 b\u00e9n\u00e9voles\noriginaires de plus de 60 pays servent \u00e0 bord de nos navires-h\u00f4pitaux pour de l'aide humanitaire.<\/p>\n\t\t\t<a href=\"#volform\" target=\"_self\">\n\t\t\t\t\t\t\tFaire du b\u00e9n\u00e9volat\n\t\t\t\t\t<\/a>\n<h2>\n\t\t\tB\u00e9n\u00e9volat en Afrique : embarque avec nous!\t<\/h2>\n\t\t\t\t<img decoding=\"async\" src=\"https:\/\/mercyships.ca\/wp-content\/uploads\/2024\/07\/ms-icon-med-circle.svg\" alt=\"ms-icon-med-circle\" itemprop=\"image\" height=\"150\" width=\"150\" title=\"ms-icon-med-circle\" onerror=\"this.style.display='none'\" loading=\"lazy\" \/>\n<h3>\n\t\t\tProfessionnels\ndu domaine\nde la sant\u00e9\t<\/h3>\n\t<p>Salle d\u2019op\u00e9ration, soins post-op\u00e9ratoires, radiologie, laboratoire et plus encore.<\/p>\n\t\t\t<a href=\"https:\/\/mercyships.ca\/fr\/domaine-de-la-sante\/\" target=\"_self\">\n\t\t\t\t\t\t\tEn savoir plus\n\t\t\t\t\t<\/a>\n\t\t\t\t<img decoding=\"async\" src=\"https:\/\/mercyships.ca\/wp-content\/uploads\/2024\/07\/ms-icon-gen-cercle_General_Crew_Female.svg\" alt=\"ms-icon-gen-cercle_General_Crew_Female\" itemprop=\"image\" height=\"150\" width=\"150\" title=\"ms-icon-gen-cercle_General_Crew_Female\" onerror=\"this.style.display='none'\" loading=\"lazy\" \/>\n<h3>\n\t\t\tGestion et services informatiques\t<\/h3>\n\t<p>Ressources humaines, informatique, h\u00f4tellerie, enseignement, finances et plus encore.<\/p>\n\t\t\t<a href=\"https:\/\/mercyships.ca\/fr\/gestionnaires-professionnels-informatique\/\" target=\"_self\">\n\t\t\t\t\t\t\tEn savoir plus\n\t\t\t\t\t<\/a>\n\t\t\t\t<img decoding=\"async\" src=\"https:\/\/mercyships.ca\/wp-content\/uploads\/2024\/07\/ms-icon-mar-cercle_Captain_Man.svg\" alt=\"ms-icon-mar-cercle_Captain_Man\" itemprop=\"image\" height=\"150\" width=\"150\" title=\"ms-icon-mar-cercle_Captain_Man\" onerror=\"this.style.display='none'\" loading=\"lazy\" \/>\n<h3>\n\t\t\tProfessionnels maritimes, du b\u00e2timent et logistique\t<\/h3>\n\t<p>Navigation, ing\u00e9nierie, logistique, m\u00e9canique, approvisionnement et plus encore.<\/p>\n\t\t\t<a href=\"https:\/\/mercyships.ca\/fr\/maritime-batiment-logistique\/\" target=\"_self\">\n\t\t\t\t\t\t\tEn savoir plus\n\t\t\t\t\t<\/a>\n\t\t\t\t\t\t<figure>\n\t\t\t\t\t\t\t<img loading=\"lazy\" decoding=\"async\" src=\"https:\/\/mercyships.ca\/wp-content\/uploads\/2024\/11\/Teacher-QC-Monique-Lebel-GLM-scaled.jpg\" alt=\"\" srcset=\"https:\/\/mercyships.ca\/wp-content\/uploads\/2024\/11\/Teacher-QC-Monique-Lebel-GLM-scaled.jpg 2560w, https:\/\/mercyships.ca\/wp-content\/uploads\/2024\/11\/Teacher-QC-Monique-Lebel-GLM-300x200.jpg 300w, https:\/\/mercyships.ca\/wp-content\/uploads\/2024\/11\/Teacher-QC-Monique-Lebel-GLM-1024x683.jpg 1024w, https:\/\/mercyships.ca\/wp-content\/uploads\/2024\/11\/Teacher-QC-Monique-Lebel-GLM-768x512.jpg 768w, https:\/\/mercyships.ca\/wp-content\/uploads\/2024\/11\/Teacher-QC-Monique-Lebel-GLM-1536x1024.jpg 1536w, https:\/\/mercyships.ca\/wp-content\/uploads\/2024\/11\/Teacher-QC-Monique-Lebel-GLM-2048x1365.jpg 2048w, https:\/\/mercyships.ca\/wp-content\/uploads\/2024\/11\/Teacher-QC-Monique-Lebel-GLM-18x12.jpg 18w\" width=\"2560\" height=\"1707\" \/>\n\t\t\t\t\t\t\t\t\t\t\t\t\t\t\t<!-- Overlay Wrapper -->\n\t\t\t\t\t\t\t\t\t\t\tMonique Lebel, enseignante du Qu\u00e9bec, \u00e0 bord du Global Mercy.\n\t\t\t\t\t\t\t\t\t\t\t\t\t\t\t\t\t <!-- Overlay Wrapper Closed -->\n\t\t\t\t\t\t\t\t\t\t\t\t\t<\/figure>\n\t\t\t\t\t\t<figure>\n\t\t\t\t\t\t\t<img loading=\"lazy\" decoding=\"async\" src=\"https:\/\/mercyships.ca\/wp-content\/uploads\/2024\/11\/Hope-Center-Facilitator-Alberta-Braiden-Kononoff-GLM-scaled.jpeg\" alt=\"\" srcset=\"https:\/\/mercyships.ca\/wp-content\/uploads\/2024\/11\/Hope-Center-Facilitator-Alberta-Braiden-Kononoff-GLM-scaled.jpeg 2560w, https:\/\/mercyships.ca\/wp-content\/uploads\/2024\/11\/Hope-Center-Facilitator-Alberta-Braiden-Kononoff-GLM-300x200.jpeg 300w, https:\/\/mercyships.ca\/wp-content\/uploads\/2024\/11\/Hope-Center-Facilitator-Alberta-Braiden-Kononoff-GLM-1024x683.jpeg 1024w, https:\/\/mercyships.ca\/wp-content\/uploads\/2024\/11\/Hope-Center-Facilitator-Alberta-Braiden-Kononoff-GLM-768x512.jpeg 768w, https:\/\/mercyships.ca\/wp-content\/uploads\/2024\/11\/Hope-Center-Facilitator-Alberta-Braiden-Kononoff-GLM-1536x1024.jpeg 1536w, https:\/\/mercyships.ca\/wp-content\/uploads\/2024\/11\/Hope-Center-Facilitator-Alberta-Braiden-Kononoff-GLM-2048x1365.jpeg 2048w, https:\/\/mercyships.ca\/wp-content\/uploads\/2024\/11\/Hope-Center-Facilitator-Alberta-Braiden-Kononoff-GLM-18x12.jpeg 18w\" width=\"2560\" height=\"1707\" \/>\n\t\t\t\t\t\t\t\t\t\t\t\t\t\t\t<!-- Overlay Wrapper -->\n\t\t\t\t\t\t\t\t\t\t\tBraiden Kononoff, animateur au Centre Hope de l'Alberta, \u00e0 bord du Global Mercy.\n\t\t\t\t\t\t\t\t\t\t\t\t\t\t\t\t\t <!-- Overlay Wrapper Closed -->\n\t\t\t\t\t\t\t\t\t\t\t\t\t<\/figure>\n\t\t\t\t\t\t<figure>\n\t\t\t\t\t\t\t<img loading=\"lazy\" decoding=\"async\" src=\"https:\/\/mercyships.ca\/wp-content\/uploads\/2024\/11\/Joshua-Chau-Photographer-AFM-Alberta.jpg\" alt=\"\" srcset=\"https:\/\/mercyships.ca\/wp-content\/uploads\/2024\/11\/Joshua-Chau-Photographer-AFM-Alberta.jpg 2000w, https:\/\/mercyships.ca\/wp-content\/uploads\/2024\/11\/Joshua-Chau-Photographer-AFM-Alberta-300x200.jpg 300w, https:\/\/mercyships.ca\/wp-content\/uploads\/2024\/11\/Joshua-Chau-Photographer-AFM-Alberta-1024x682.jpg 1024w, https:\/\/mercyships.ca\/wp-content\/uploads\/2024\/11\/Joshua-Chau-Photographer-AFM-Alberta-768x512.jpg 768w, https:\/\/mercyships.ca\/wp-content\/uploads\/2024\/11\/Joshua-Chau-Photographer-AFM-Alberta-1536x1024.jpg 1536w, https:\/\/mercyships.ca\/wp-content\/uploads\/2024\/11\/Joshua-Chau-Photographer-AFM-Alberta-18x12.jpg 18w\" width=\"2000\" height=\"1333\" \/>\n\t\t\t\t\t\t\t\t\t\t\t\t\t\t\t<!-- Overlay Wrapper -->\n\t\t\t\t\t\t\t\t\t\t\tJoshua Chau, photographe de l'Alberta, \u00e0 bord de l'Africa Mercy.\n\t\t\t\t\t\t\t\t\t\t\t\t\t\t\t\t\t <!-- Overlay Wrapper Closed -->\n\t\t\t\t\t\t\t\t\t\t\t\t\t<\/figure>\n\t\t\t\t\t\t<figure>\n\t\t\t\t\t\t\t<img loading=\"lazy\" decoding=\"async\" src=\"https:\/\/mercyships.ca\/wp-content\/uploads\/2024\/11\/Steph-AFM-Mada.jpg\" alt=\"\" srcset=\"https:\/\/mercyships.ca\/wp-content\/uploads\/2024\/11\/Steph-AFM-Mada.jpg 908w, https:\/\/mercyships.ca\/wp-content\/uploads\/2024\/11\/Steph-AFM-Mada-273x300.jpg 273w, https:\/\/mercyships.ca\/wp-content\/uploads\/2024\/11\/Steph-AFM-Mada-768x842.jpg 768w, https:\/\/mercyships.ca\/wp-content\/uploads\/2024\/11\/Steph-AFM-Mada-11x12.jpg 11w\" width=\"908\" height=\"996\" \/>\n\t\t\t\t\t\t\t\t\t\t\t\t\t\t\t<!-- Overlay Wrapper -->\n\t\t\t\t\t\t\t\t\t\t\tSteph Bauman, enseignante \u00e0 bord de l'Africa Mercy.\n\t\t\t\t\t\t\t\t\t\t\t\t\t\t\t\t\t <!-- Overlay Wrapper Closed -->\n\t\t\t\t\t\t\t\t\t\t\t\t\t<\/figure>\n\t\t\t\t\t\t<figure>\n\t\t\t\t\t\t\t<img loading=\"lazy\" decoding=\"async\" src=\"https:\/\/mercyships.ca\/wp-content\/uploads\/2024\/11\/Teacher-Ontario-Glenda-Willcock-GLM-2-scaled.jpg\" alt=\"\" srcset=\"https:\/\/mercyships.ca\/wp-content\/uploads\/2024\/11\/Teacher-Ontario-Glenda-Willcock-GLM-2-scaled.jpg 2560w, https:\/\/mercyships.ca\/wp-content\/uploads\/2024\/11\/Teacher-Ontario-Glenda-Willcock-GLM-2-300x200.jpg 300w, https:\/\/mercyships.ca\/wp-content\/uploads\/2024\/11\/Teacher-Ontario-Glenda-Willcock-GLM-2-1024x683.jpg 1024w, https:\/\/mercyships.ca\/wp-content\/uploads\/2024\/11\/Teacher-Ontario-Glenda-Willcock-GLM-2-768x512.jpg 768w, https:\/\/mercyships.ca\/wp-content\/uploads\/2024\/11\/Teacher-Ontario-Glenda-Willcock-GLM-2-1536x1024.jpg 1536w, https:\/\/mercyships.ca\/wp-content\/uploads\/2024\/11\/Teacher-Ontario-Glenda-Willcock-GLM-2-2048x1365.jpg 2048w, https:\/\/mercyships.ca\/wp-content\/uploads\/2024\/11\/Teacher-Ontario-Glenda-Willcock-GLM-2-18x12.jpg 18w\" width=\"2560\" height=\"1707\" \/>\n\t\t\t\t\t\t\t\t\t\t\t\t\t\t\t<!-- Overlay Wrapper -->\n\t\t\t\t\t\t\t\t\t\t\tGlenda Willcock, enseignante de l'Ontario, \u00e0 bord du Global Mercy.\n\t\t\t\t\t\t\t\t\t\t\t\t\t\t\t\t\t <!-- Overlay Wrapper Closed -->\n\t\t\t\t\t\t\t\t\t\t\t\t\t<\/figure>\n\t\t\t\t\t\t<figure>\n\t\t\t\t\t\t\t<img loading=\"lazy\" decoding=\"async\" src=\"https:\/\/mercyships.ca\/wp-content\/uploads\/2025\/02\/OR-Nurse-Manitoba-Stacey-Brown-GLM-scaled.jpg\" alt=\"Infirmi\u00e8re de bloc op\u00e9ratoire\" srcset=\"https:\/\/mercyships.ca\/wp-content\/uploads\/2025\/02\/OR-Nurse-Manitoba-Stacey-Brown-GLM-scaled.jpg 2560w, https:\/\/mercyships.ca\/wp-content\/uploads\/2025\/02\/OR-Nurse-Manitoba-Stacey-Brown-GLM-300x200.jpg 300w, https:\/\/mercyships.ca\/wp-content\/uploads\/2025\/02\/OR-Nurse-Manitoba-Stacey-Brown-GLM-1024x683.jpg 1024w, https:\/\/mercyships.ca\/wp-content\/uploads\/2025\/02\/OR-Nurse-Manitoba-Stacey-Brown-GLM-768x512.jpg 768w, https:\/\/mercyships.ca\/wp-content\/uploads\/2025\/02\/OR-Nurse-Manitoba-Stacey-Brown-GLM-1536x1024.jpg 1536w, https:\/\/mercyships.ca\/wp-content\/uploads\/2025\/02\/OR-Nurse-Manitoba-Stacey-Brown-GLM-2048x1365.jpg 2048w, https:\/\/mercyships.ca\/wp-content\/uploads\/2025\/02\/OR-Nurse-Manitoba-Stacey-Brown-GLM-18x12.jpg 18w\" width=\"2560\" height=\"1706\" \/>\n\t\t\t\t\t\t\t\t\t\t\t\t\t\t\t<!-- Overlay Wrapper -->\n\t\t\t\t\t\t\t\t\t\t\tStacey Brown, infirmi\u00e8re en salle d'op\u00e9ration du Manitoba, \u00e0 bord du Global Mercy.\n\t\t\t\t\t\t\t\t\t\t\t\t\t\t\t\t\t <!-- Overlay Wrapper Closed -->\n\t\t\t\t\t\t\t\t\t\t\t\t\t<\/figure>\n\t\t\t\t\t<h2>\n\t\t\tFaire du b\u00e9n\u00e9volat \u00e0 l'\u00e9tranger\t<\/h2>\n\t<p>\u00c0 bord des navires-h\u00f4pitaux, les b\u00e9n\u00e9voles de Mercy Ships occupent des postes m\u00e9dicaux et non m\u00e9dicaux. Consultez nos opportunit\u00e9s de b\u00e9n\u00e9volat et rejoignez toute une communaut\u00e9 canadienne motiv\u00e9e et unie.<\/p>\n\t\t\t<a href=\"#volform\" target=\"_self\">\n\t\t\t\t\t\t\tFaire du b\u00e9n\u00e9volat \n\t\t\t\t\t<\/a>\n<h3>\n\t\t\tNous sommes disponibles pour vous accompagner dans votre parcours de b\u00e9n\u00e9volat!\t<\/h3>\n\t\t\t\t<img decoding=\"async\" src=\"https:\/\/mercyships.ca\/wp-content\/uploads\/2024\/07\/Envelope-SQ512.png\" alt=\"Envelope SQ512\" itemprop=\"image\" height=\"512\" width=\"512\" title=\"Envelope SQ512\" onerror=\"this.style.display='none'\" loading=\"lazy\" \/>\n\t<p><a href=\"mailto:crewcanada@mercyships.ca\">crewcanada@mercyships.ca<\/a><\/p>\n\t\t\t\t<img decoding=\"async\" src=\"https:\/\/mercyships.ca\/wp-content\/uploads\/2024\/07\/catherine-tremblay.png\" alt=\"Catherine Tremblay\" itemprop=\"image\" height=\"144\" width=\"144\" title=\"catherine-tremblay\" onerror=\"this.style.display='none'\" loading=\"lazy\" \/>\n<h3>\n\t\t\tCatherine Tremblay\t<\/h3>\n\t\t\t\t<img decoding=\"async\" src=\"https:\/\/mercyships.ca\/wp-content\/uploads\/2024\/07\/noun-phone-4084329-0B215F.png\" alt=\"noun-phone-4084329-0B215F\" itemprop=\"image\" height=\"512\" width=\"512\" title=\"noun-phone-4084329-0B215F\" onerror=\"this.style.display='none'\" loading=\"lazy\" \/>\n\t<p><a href=\"tel:1-866-900-7447\">1-866-900-7447<\/a> (sans frais)<\/p>\n\t\t\t\t<img decoding=\"async\" src=\"https:\/\/mercyships.ca\/wp-content\/uploads\/2024\/07\/volunteer-celine-leger-feature.jpg\" alt=\"Celine Leger\" itemprop=\"image\" height=\"378\" width=\"531\" title=\"volunteer-celine-leger-feature\" onerror=\"this.style.display='none'\" loading=\"lazy\" \/>\n\t<p>Aimeriez-vous d\u00e9couvrir les histoires des b\u00e9n\u00e9voles canadiens \u00e0 bord? Des voyages inspirants, des d\u00e9fis relev\u00e9s, des vies transform\u00e9es... Plongez au coeur de leurs r\u00e9cits!<\/p>\n\t\t\t<a href=\"https:\/\/mercyships.ca\/fr\/histoires-impactantes\/histoires-de-benevoles\/\" target=\"_self\">\n\t\t\t\t\t\t\tD\u00e9couvrez leurs histoires\n\t\t\t\t\t<\/a>\n\t\t\t\t<img decoding=\"async\" src=\"https:\/\/mercyships.ca\/wp-content\/uploads\/2024\/07\/patient-adam-zidane-feature.jpg\" alt=\"Story of Adam Zidane\" itemprop=\"image\" height=\"378\" width=\"531\" title=\"patient-adam-zidane-feature\" onerror=\"this.style.display='none'\" loading=\"lazy\" \/>\n\t<p>Nous sommes ravis que vous souhaitiez en savoir plus sur comment faire du b\u00e9n\u00e9volat avec Mercy Ships. Cette page offre des r\u00e9ponses aux questions les plus courantes.<\/p>\n\t\t\t<a href=\"https:\/\/mercyships.ca\/fr\/benevole\/learn-more\/faq-dons\/\" target=\"_self\">\n\t\t\t\t\t\t\tFAQ\n\t\t\t\t\t<\/a>\n<h2>\n\t\t\tVoyage humanitaire : t\u00e9moignages de b\u00e9n\u00e9voles\t<\/h2>\n\t\t\t<img decoding=\"async\" src=\"https:\/\/mercyships.ca\/wp-content\/uploads\/2024\/07\/Danita-Gilbert.png\" alt=\"Danita Gilbert\" \/>\n\t\t\t\t\t\t\t\t<p>&#8220;Through Mercy Ships, I feel like I can make a very real contribution to bridging that gap while putting my skills to work for those who don&#8217;t live in a country where health care is free, reliable and easily accessible.&#8221;<\/p>\n\t\t\t\t\t\t\t\t\t<h3>Danita Gilbert<\/h3>\n\t\t\t\t\t\t\t\t\t\t\t\t\t<h4>Infirmi\u00e8re autoris\u00e9e<\/h4>\n\t\t\t<img decoding=\"async\" src=\"https:\/\/mercyships.ca\/wp-content\/uploads\/2024\/07\/Sherif-Emil.png\" alt=\"Sherif Emil\" \/>\n\t\t\t\t\t\t\t\t<p>&#8220;One of the many wonderful aspects of working with Mercy Ships is the ability to teach and mentor trainees during our field services &#8211; from our own communities, as well as from Africa. And these relationships will continue far beyond the time we have together.&#8221;<\/p>\n\t\t\t\t\t\t\t\t\t<h3>Dr Sherif Emil<\/h3>\n\t\t\t\t\t\t\t\t\t\t\t\t\t<h4>M\u00e9decin chef international de Mercy Ships et chirurgien p\u00e9diatrique, Montr\u00e9al<\/h4>\n\t\t\t<img decoding=\"async\" src=\"https:\/\/mercyships.ca\/wp-content\/uploads\/2024\/09\/volunteer-tara-mchardy-gallery-SQ400.png\" alt=\"Volunteer Tara Mchardy\" \/>\n\t\t\t\t\t\t\t\t<p>&#8220;I love that Mercy Ships brings people from all over the world trained in various places and careers to use their knowledge and abilities to make miracles happen every single day.&#8221; <br \/><strong><a href=\"https:\/\/mercyships.ca\/fr\/benevole\/humanitarian-adventure-fosters-a-habit-of-giving\/\">En savoir plus<\/a><\/strong><\/p>\n\t\t\t\t\t\t\t\t\t<h3>Tara McHardy<\/h3>\n\t\t\t\t\t\t\t\t\t\t\t\t\t<h4>Infirmi\u00e8re b\u00e9n\u00e9vole, Calgary<\/h4>\n\t\t\t<img decoding=\"async\" src=\"https:\/\/mercyships.ca\/wp-content\/uploads\/2024\/09\/Sonya-Van-Hove-PS500.png\" alt=\"Volunteer Dental Assistant, Sonya Van Hove from White Rock, BC.\" \/>\n\t\t\t\t\t\t\t\t<p>&#8220;Volunteering with Mercy Ships taught me to be bold, to step out of my comfort zone and do things that challenge me. I enjoyed my time so much &#8211; I have been given experiences and memories and friends that I wouldn&#8217;t change for the world. I would definitely volunteer again.&#8221;<\/p>\n\t\t\t\t\t\t\t\t\t<h3>Sonya Van Hove<\/h3>\n\t\t\t\t\t\t\t\t\t\t\t\t\t<h4>White Rock, C.-B.<\/h4>\n\t\t\t<img decoding=\"async\" src=\"https:\/\/mercyships.ca\/wp-content\/uploads\/2024\/09\/Jesse-Spooner-SQ400.png\" alt=\"Jesse Spooner\" \/>\n\t\t\t\t\t\t\t\t<p>&#8220;I began volunteering for the Mercy Ships Club on the University of Victoria&#8217;s campus. I really enjoyed helping out and fundraising and wanted to actually help on board the ship. I want to be able to make a difference in the lives of people who are unable to access appropriate health care.&#8221;<\/p>\n\t\t\t\t\t\t\t\t\t<h3>Jesse Spooner<\/h3>\n\t\t\t\t\t\t\t\t\t\t\t\t\t<h4>Pr\u00e9pos\u00e9 \u00e0 l'entretien b\u00e9n\u00e9vole, Campbell River, C.-B.<\/h4>\n\t\t\t<img decoding=\"async\" src=\"https:\/\/mercyships.ca\/wp-content\/uploads\/2024\/09\/Joan-Ross-SQ300.png\" alt=\"Joan Ross\" \/>\n\t\t\t\t\t\t\t\t<p>&#8220;I saw a documentary about 15 years ago in a hotel room and I sat down on the end of the bed and wept and a voice inside me said &#8216;one day you will serve on that ship&#8217; it never left me and came to mind often in big and small ways.&#8221;<\/p>\n\t\t\t\t\t\t\t\t\t<h3>Joan Ross<\/h3>\n\t\t\t\t\t\t\t\t\t\t\t\t\t<h4>Chirurgienne b\u00e9n\u00e9vole, Sarnia, ON<\/h4>\n\t\t\t<img decoding=\"async\" src=\"https:\/\/mercyships.ca\/wp-content\/uploads\/2024\/07\/Aude-Pull.png\" alt=\"Aude Pull\" \/>\n\t\t\t\t\t\t\t\t<p>&#8220;I am developing my adaptability, tolerance and open-mindedness. My relationship with patients is much more than in a &#8220;normal&#8221; hospital. We are a great team and we are close to our patients.&#8221;<\/p>\n\t\t\t\t\t\t\t\t\t<h3>Aude Pull<\/h3>\n\t\t\t\t\t\t\t\t\t\t\t\t\t<h4>Infirmi\u00e8re b\u00e9n\u00e9vole<\/h4>\n\t\t\t<img decoding=\"async\" src=\"https:\/\/mercyships.ca\/wp-content\/uploads\/2024\/09\/Gallery-Crew-Christina-Fast-SQ400.png\" alt=\"Christina Fast\" \/>\n\t\t\t\t\t\t\t\t<p>&#8220;One of the men commented that the OR staff thought the hospital had received new instruments. Once they realized the reason for their shiny instruments was thanks to proper cleaning, they commended the men for doing a great job. This has been really encouraging for them&#8230;&#8221;<\/p>\n\t\t\t\t\t\t\t\t\t<h3>Christina Fast<\/h3>\n\t\t\t\t\t\t\t\t\t\t\t\t\t<h4> Fondatrice de Sterile Processing Education Charitable Trust (SPECT)<\/h4>\n\t<!-- \/.pp-testimonials -->\n<h2>\n\t\t\tOpportunit\u00e9s de b\u00e9n\u00e9volat avec Mercy Ships\t<\/h2>\n\tJoin us and don&#8217;t miss the opportunity to help change someone&#8217;s life forever.<br \/>\nVotre soutien b\u00e9n\u00e9vole apporte espoir et r\u00e9confort \u00e0 tant de personnes dans le besoin.\n<h2>\n\t\t\tPas le bon moment?\t<\/h2>\n\t<p>Want to serve but it&#8217;s not the right time? Consider helping volunteers in their fundraising efforts.<\/p>\n\t\t\t<a href=\"https:\/\/mercyshipscanada.akaraisin.com\/ui\/mercygiftsfundraising\" target=\"_blank\" rel=\"noopener\">\n\t\t\t\t\t\t\tSoutenez l\u2019\u00e9quipe de b\u00e9n\u00e9voles\n\t\t\t\t\t<\/a>","protected":false},"excerpt":{"rendered":"<p>Volunteer Opportunities in Africa Looking for a humanitarian mission? There are many volunteer opportunities in Africa available for you. Mercy [&hellip;]<\/p>\n","protected":false},"author":3,"featured_media":384,"parent":0,"menu_order":0,"comment_status":"closed","ping_status":"closed","template":"","meta":{"_acf_changed":false,"_seopress_robots_primary_cat":"","_seopress_titles_title":"","_seopress_titles_desc":"Check out our volunteer opportunities! We need people with all skills. Become part of a life-changing story today!","_seopress_robots_index":"","site-sidebar-layout":"no-sidebar","site-content-layout":"page-builder","ast-site-content-layout":"full-width-container","site-content-style":"default","site-sidebar-style":"default","ast-global-header-display":"","ast-banner-title-visibility":"","ast-main-header-display":"","ast-hfb-above-header-display":"","ast-hfb-below-header-display":"","ast-hfb-mobile-header-display":"","site-post-title":"disabled","ast-breadcrumbs-content":"","ast-featured-img":"disabled","footer-sml-layout":"","ast-disable-related-posts":"","theme-transparent-header-meta":"default","adv-header-id-meta":"","stick-header-meta":"default","header-above-stick-meta":"","header-main-stick-meta":"","header-below-stick-meta":"","astra-migrate-meta-layouts":"set","ast-page-background-enabled":"default","ast-page-background-meta":{"desktop":{"background-color":"var(--ast-global-color-4)","background-image":"","background-repeat":"repeat","background-position":"center center","background-size":"auto","background-attachment":"scroll","background-type":"","background-media":"","overlay-type":"","overlay-color":"","overlay-opacity":"","overlay-gradient":""},"tablet":{"background-color":"","background-image":"","background-repeat":"repeat","background-position":"center center","background-size":"auto","background-attachment":"scroll","background-type":"","background-media":"","overlay-type":"","overlay-color":"","overlay-opacity":"","overlay-gradient":""},"mobile":{"background-color":"","background-image":"","background-repeat":"repeat","background-position":"center center","background-size":"auto","background-attachment":"scroll","background-type":"","background-media":"","overlay-type":"","overlay-color":"","overlay-opacity":"","overlay-gradient":""}},"ast-content-background-meta":{"desktop":{"background-color":"var(--ast-global-color-5)","background-image":"","background-repeat":"repeat","background-position":"center center","background-size":"auto","background-attachment":"scroll","background-type":"","background-media":"","overlay-type":"","overlay-color":"","overlay-opacity":"","overlay-gradient":""},"tablet":{"background-color":"var(--ast-global-color-5)","background-image":"","background-repeat":"repeat","background-position":"center center","background-size":"auto","background-attachment":"scroll","background-type":"","background-media":"","overlay-type":"","overlay-color":"","overlay-opacity":"","overlay-gradient":""},"mobile":{"background-color":"var(--ast-global-color-5)","background-image":"","background-repeat":"repeat","background-position":"center center","background-size":"auto","background-attachment":"scroll","background-type":"","background-media":"","overlay-type":"","overlay-color":"","overlay-opacity":"","overlay-gradient":""}},"footnotes":""},"class_list":["post-390","page","type-page","status-publish","has-post-thumbnail","hentry"],"acf":[],"_links":{"self":[{"href":"https:\/\/mercyships.ca\/fr\/wp-json\/wp\/v2\/pages\/390","targetHints":{"allow":["GET"]}}],"collection":[{"href":"https:\/\/mercyships.ca\/fr\/wp-json\/wp\/v2\/pages"}],"about":[{"href":"https:\/\/mercyships.ca\/fr\/wp-json\/wp\/v2\/types\/page"}],"author":[{"embeddable":true,"href":"https:\/\/mercyships.ca\/fr\/wp-json\/wp\/v2\/users\/3"}],"replies":[{"embeddable":true,"href":"https:\/\/mercyships.ca\/fr\/wp-json\/wp\/v2\/comments?post=390"}],"version-history":[{"count":10,"href":"https:\/\/mercyships.ca\/fr\/wp-json\/wp\/v2\/pages\/390\/revisions"}],"predecessor-version":[{"id":13779,"href":"https:\/\/mercyships.ca\/fr\/wp-json\/wp\/v2\/pages\/390\/revisions\/13779"}],"wp:featuredmedia":[{"embeddable":true,"href":"https:\/\/mercyships.ca\/fr\/wp-json\/wp\/v2\/media\/384"}],"wp:attachment":[{"href":"https:\/\/mercyships.ca\/fr\/wp-json\/wp\/v2\/media?parent=390"}],"curies":[{"name":"wp","href":"https:\/\/api.w.org\/{rel}","templated":true}]}}