{"id":3351,"date":"2024-08-23T14:39:09","date_gmt":"2024-08-23T21:39:09","guid":{"rendered":"https:\/\/mercyships.onpressidium.com\/?page_id=3351"},"modified":"2025-10-21T14:41:21","modified_gmt":"2025-10-21T21:41:21","slug":"global-mercy","status":"publish","type":"page","link":"https:\/\/mercyships.ca\/fr\/about-us\/global-mercy\/","title":{"rendered":"Global Mercy"},"content":{"rendered":"<h1>\r\n\t\tNavire-h\u00f4pital Global Mercy\r\n\t<\/h1>\r\n<h2>\r\n\t\tWorld&#8217;s Largest NGO Hospital Ship\r\n\t<\/h2>\r\n\t<p class=\"translation-block\">Selon le rapport de la Commission Lancet\nsur la chirurgie mondiale, plus de 16 millions de personnes meurent chaque ann\u00e9e en raison du manque de soins chirurgicaux ; Mercy Ships se bat pour r\u00e9pondre \u00e0 ce probl\u00e8me mondial pour l'avenir. L'organisation vise \u00e0 accro\u00eetre son travail avec les nations partenaires en Afrique pour aider \u00e0 relever ce d\u00e9fi.<\/p>\r\n<h3 class=\"translation-block\">Le navire-h\u00f4pital <em>Global Mercy<\/em><\/h3>\r\n\t<p class=\"translation-block\">Le <em>Global Mercy\u2122<\/em> offre un environnement fiable \u00e0 diverses nations africaines, en fournissant l'aide et les ressources de certains des m\u00e9decins les mieux form\u00e9s au monde. Au cours des 50 ann\u00e9es de dur\u00e9e de vie pr\u00e9vue du navire, on estime que plus de <strong>150 000 vies seront transform\u00e9es<\/strong> \u00e0 bord, rien que par la chirurgie.<\/p>\r\nLe\u00a0<strong>174-meter, 37,856-ton<\/strong> ship has six operating rooms and <strong>house over 600 volunteers<\/strong> from around the globe representing many disciplines including surgeons, maritime crew, cooks, teachers, electricians, the host staff and more. Each year, more than <strong>1,500 volunteer professionals<\/strong> from over <strong>60 countries<\/strong> serve on board.<br \/>\r\nThe ship also features a 682-seat auditorium, student academy, gymnasium, pool, caf\u00e9, shop and library &#8211; all of which have been designed to accommodate up to 950 crew on board when docked in port.\r\n<h3>\r\n\t\t<em>Global Mercy<\/em>&#8216;s Field Services\r\n\t<\/h3>\r\n\t<p class=\"translation-block\">En 2022, le <em>Global Mercy\u2122<\/em> a commenc\u00e9 sa premi\u00e8re mission en Afrique. Le navire a effectu\u00e9 2 missions, desservant d'abord le S\u00e9n\u00e9gal et la Gambie, puis la Sierra Leone.<\/p>\r\n\t\t\t\t<img loading=\"lazy\" decoding=\"async\" src=\"https:\/\/mercyships.ca\/wp-content\/uploads\/2024\/09\/SLF230822_GLM_ARRIVAL_DOCK_CB013_HI-scaled.jpg\" alt=\"Members of the Country Engagement Team celebrating on the dock of Queen Elizabeth II Quay in Freetown as the Global Mercy arrives.\" itemprop=\"image\" height=\"1710\" width=\"2560\" title=\"SLF230822_GLM_ARRIVAL_DOCK_CB013_HI\" onerror=\"this.style.display='none'\"  \/>\r\n\t\t\t\t<img loading=\"lazy\" decoding=\"async\" src=\"https:\/\/mercyships.ca\/wp-content\/uploads\/2024\/08\/ms-icon-mar-cercle_Water.svg\" alt=\"ms-icon-mar-cercle_Water\" itemprop=\"image\" height=\"150\" width=\"150\" title=\"ms-icon-mar-cercle_Water\" onerror=\"this.style.display='none'\"  \/>\r\n\t<p class=\"translation-block\">Le filtrage et le traitement de l\u2019eau de condensation de la climatisation pour l\u2019utilisation technique <strong>r\u00e9duira la consommation d\u2019eau potable d\u2019environ 50%.<\/strong><\/p>\r\n\t\t\t\t<img loading=\"lazy\" decoding=\"async\" src=\"https:\/\/mercyships.ca\/wp-content\/uploads\/2024\/08\/ms-icon-mar-cercle_Power.svg\" alt=\"ms-icon-mar-cercle_Power\" itemprop=\"image\" height=\"150\" width=\"150\" title=\"ms-icon-mar-cercle_Power\" onerror=\"this.style.display='none'\"  \/>\r\n\t<p class=\"translation-block\">Les syst\u00e8mes du navire fournissent une alimentation \u00e9lectrique fiable et efficace, de <strong>l\u2019eau propre et de l\u2019air conditionn\u00e9 pour l\u2019h\u00f4pital et l\u2019\u00e9quipage.<\/strong><\/p>\r\n\t\t\t\t<img loading=\"lazy\" decoding=\"async\" src=\"https:\/\/mercyships.ca\/wp-content\/uploads\/2024\/08\/ms-icon-mar_Sustainability.svg\" alt=\"ms-icon-mar_Sustainability\" itemprop=\"image\" height=\"150\" width=\"150\" title=\"ms-icon-mar_Sustainability\" onerror=\"this.style.display='none'\"  \/>\r\n\t<p class=\"translation-block\">Les syst\u00e8mes de climatisation \u00e0 haut rendement <strong>r\u00e9duisent la consommation totale d\u2019\u00e9nergie d\u2019environ 15 %.<\/strong><\/p>\r\n\t\t\t\t<img loading=\"lazy\" decoding=\"async\" src=\"https:\/\/mercyships.ca\/wp-content\/uploads\/2024\/08\/Crew-Icon.png\" alt=\"Crew-Icon\" itemprop=\"image\" height=\"134\" width=\"135\" title=\"Crew-Icon\" onerror=\"this.style.display='none'\"  \/>\r\n\t<p class=\"translation-block\">Capacit\u00e9 de <strong>641 membres d\u2019\u00e9quipage<\/strong> : m\u00e9dical, technique, non-technique\/non-m\u00e9dical et famille.<\/p>\r\n\t\t\t\t<img loading=\"lazy\" decoding=\"async\" src=\"https:\/\/mercyships.ca\/wp-content\/uploads\/2024\/08\/Hospital-Area-Icon.png\" alt=\"Hospital-Area-Icon\" itemprop=\"image\" height=\"94\" width=\"94\" title=\"Hospital-Area-Icon\" onerror=\"this.style.display='none'\"  \/>\r\n\t<p>La superficie de l\u2019h\u00f4pital est de\u00a0<strong>7 000 m2<\/strong>.<\/p>\r\n\t\t\t\t<img loading=\"lazy\" decoding=\"async\" src=\"https:\/\/mercyships.ca\/wp-content\/uploads\/2024\/08\/ms-icon_meals.svg\" alt=\"ms-icon_meals\" itemprop=\"image\" height=\"150\" width=\"150\" title=\"ms-icon_meals\" onerror=\"this.style.display='none'\"  \/>\r\n\t<p class=\"translation-block\">Les services du navire sont con\u00e7us pour accueillir jusqu\u2019\u00e0 <strong>950 personnes<\/strong>, y compris l\u2019\u00e9quipage de jour local.<\/p>\r\n<h3>\r\n\t\tSp\u00e9cificit\u00e9s du navire\r\n\t<\/h3>\r\n\t\t\t\t<img loading=\"lazy\" decoding=\"async\" src=\"https:\/\/mercyships.ca\/wp-content\/uploads\/2024\/09\/GLM-FR.jpg\" alt=\"GLM-EN\" itemprop=\"image\" height=\"250\" width=\"500\" title=\"GLM-EN\" onerror=\"this.style.display='none'\"  \/>\r\n\t<table>\r\n<tbody>\r\n<tr>\r\n<td><strong>Longueur :<\/strong><\/td>\r\n<td>174 m<\/td>\r\n<td><strong>Tonnage brut :<\/strong><\/td>\r\n<td>37,856<\/td>\r\n<\/tr>\r\n<tr>\r\n<td><strong>Largeur :<\/strong><\/td>\r\n<td>28.6 m<\/td>\r\n<td><strong>Ponts :<\/strong><\/td>\r\n<td>12<\/td>\r\n<\/tr>\r\n<tr>\r\n<td><strong>Tirant d\u2019eau :<\/strong><\/td>\r\n<td>6.1 m<\/td>\r\n<td><strong>Moteurs principaux :<\/strong><\/td>\r\n<td>4 x Warsila 6L32 avec<br \/>\r\n2 X ABB Azipods<\/td>\r\n<\/tr>\r\n<\/tbody>\r\n<\/table>\r\n\t<table>\r\n<tbody>\r\n<tr>\r\n<td><strong>Construit par :<\/strong><\/td>\r\n<td>Xingang Shipyard (CSSC) &#8211; Tijanjin, China<\/td>\r\n<\/tr>\r\n<tr>\r\n<td><strong>Gestion de projet\t:<\/strong><\/td>\r\n<td>Stena RoRo &#8211; Gothenburg, Sweden<\/td>\r\n<\/tr>\r\n<tr>\r\n<td><b>Conception de construction :<\/b><\/td>\r\n<td>Deltamarin &#8211; Turkeu, Finnland<\/td>\r\n<\/tr>\r\n<tr>\r\n<td><strong>Courtage :<\/strong><\/td>\r\n<td>BRS, Genf<\/td>\r\n<\/tr>\r\n<tr>\r\n<td><strong>Soci\u00e9t\u00e9 de surveillance :<\/strong><\/td>\r\n<td>Lloyd&#8217;s Register &#8211; UK<\/td>\r\n<\/tr>\r\n<tr>\r\n<td><strong>Immatricul\u00e9 \u00e0 :<\/strong><\/td>\r\n<td>Malte<\/td>\r\n<\/tr>\r\n<\/tbody>\r\n<\/table>\r\n<h3 class=\"translation-block\">L'h\u00f4pital \u00e0 bord du <em>Global Mercy<\/em><\/h3>\r\n\t<p class=\"translation-block\">La superficie de l\u2019h\u00f4pital est de <strong>7 000 m2<\/strong>. En plus de fournir des op\u00e9rations chirurgicales, le <em>Global Mercy\u2122<\/em> est \u00e9quip\u00e9 avec des espaces d\u00e9di\u00e9s \u00e0 la formation , notamment un avec un laboratoire de simulation avec r\u00e9alit\u00e9 virtuelle et augment\u00e9e, des mannequins et d\u2019autres outils de formation, ainsi qu\u2019un espace de soins post-op\u00e9ratoires simul\u00e9s, qui permettent aux formateurs de simuler les conditions locales et leurs limitations afin d\u2019enseigner les meilleures pratiques dans des environnements \u00e0 faibles ressources.<\/p>\r\n<p class=\"translation-block\">The <em>Global Mercy\u2122<\/em> a rejoint l'<em>Africa Mercy<\/em> en 2022, faisant plus que doubler l'impact des b\u00e9n\u00e9voles et des services fournis par Mercy Ships.<\/p>\r\n\t\t\t\t<img loading=\"lazy\" decoding=\"async\" src=\"https:\/\/mercyships.ca\/wp-content\/uploads\/2024\/08\/GND190425_OR_SURGERY_MCB_MANDEVILLE_RUBACH_MS001_HI-1024x683-1.jpg\" alt=\"Celebrating Our 100,000th Free Surgical Procedure\" itemprop=\"image\" height=\"683\" width=\"1024\" title=\"GND190425_OR_SURGERY_MCB_MANDEVILLE_RUBACH_MS001_HI-1024x683\" onerror=\"this.style.display='none'\"  \/>\r\n<h3>\r\n\t\tHospital Ship&#8217;s Wards &#8211; Deck 4\r\n\t<\/h3>\r\n\t\t\t\t<img loading=\"lazy\" decoding=\"async\" src=\"https:\/\/mercyships.ca\/wp-content\/uploads\/2024\/09\/PONT-4.png\" alt=\"graph-hospital-deck-4-2\" itemprop=\"image\" height=\"128\" width=\"756\" title=\"graph-hospital-deck-4-2\" onerror=\"this.style.display='none'\"  \/>\r\n<h3>\r\n\t\tSurgical Suite &#8211; Deck 3\r\n\t<\/h3>\r\n\t\t\t\t<img loading=\"lazy\" decoding=\"async\" src=\"https:\/\/mercyships.ca\/wp-content\/uploads\/2024\/09\/PONT-3.png\" alt=\"graph-hospital-deck-3-1\" itemprop=\"image\" height=\"129\" width=\"756\" title=\"graph-hospital-deck-3-1\" onerror=\"this.style.display='none'\"  \/>\r\n<h4>\r\n\t\tLes installations de l\u2019\u00e9quipage comprennent :\r\n\t<\/h4>\r\n\t<table>\r\n<tbody>\r\n<tr>\r\n<td><strong>Auditorium :<\/strong><\/td>\r\n<td>682 si\u00e8ges<\/td>\r\n<td><strong>Gymnase<\/strong><\/td>\r\n<\/tr>\r\n<tr>\r\n<td><strong>Acad\u00e9mie :<\/strong><\/td>\r\n<td>125 \u00e9tudiants<\/td>\r\n<td><strong>Caf\u00e9 et boutique<\/strong><\/td>\r\n<\/tr>\r\n<tr>\r\n<td><strong>Capacit\u00e9 patients\t :<\/strong><\/td>\r\n<td>199 b\u00e9n\u00e9voles<\/td>\r\n<td><strong>Piscine<\/strong><\/td>\r\n<\/tr>\r\n<tr>\r\n<td><strong>Suite chirurgicale\t:<\/strong><\/td>\r\n<td>6 salles d\u2019op\u00e9ration<\/td>\r\n<td><strong>Biblioth\u00e8que<\/strong><\/td>\r\n<\/tr>\r\n<\/tbody>\r\n<\/table>\r\n<h4>\r\n\t\tTous les travaux pr\u00e9- et post-op\u00e9ratoires comprennent :\r\n\t<\/h4>\r\n\t<table>\r\n<tbody>\r\n<tr>\r\n<td><strong>Radiologie<\/strong><\/td>\r\n<td>avec rayons X &amp; scanner<\/td>\r\n<\/tr>\r\n<tr>\r\n<td><strong>Admissions<\/strong><\/td>\r\n\r\n<\/tr>\r\n<tr>\r\n<td><strong>R\u00e9\u00e9ducation<\/strong><\/td>\r\n\r\n<\/tr>\r\n<tr>\r\n<td><strong>Soins ambulatoires<\/strong><\/td>\r\n\r\n<\/tr>\r\n<\/tbody>\r\n<\/table>\r\n<h4>\r\n\t\tLes espaces de formation comprennent :\r\n\t<\/h4>\r\n\t<ul>\r\n<li>Laboratoire de simulation avec r\u00e9alit\u00e9 virtuelle et augment\u00e9e<\/li>\r\n<li>Espace de soins postop\u00e9ratoires simul\u00e9<\/li>\r\n<li>Mannequins et autres outils de formation<\/li>\r\n<\/ul>\r\n<h2>\r\n\t\tFoire aux questions\r\n\t<\/h2>\r\n\t\t\t\t\t\t<h5>Pourquoi des navires-h\u00f4pitaux?<\/h5>\r\n\t\t\t<p class=\"translation-block\">Selon le rapport du Lancet sur la chirurgie dans le monde \u00e0 l\u2019horizon 2030, on estime que 16,9 millions de personnes meurent chaque ann\u00e9e en raison du manque d\u2019acc\u00e8s aux soins chirurgicaux. Plus de 93 % de la population d\u2019Afrique subsaharienne n\u2019a pas acc\u00e8s \u00e0 une chirurgie fiable et rapide.<\/p>\r\n<p class=\"translation-block\">Plus de 40 % de la population mondiale vit \u00e0 moins de 100 km d'une c\u00f4te. Nos navires-h\u00f4pitaux sont \u00e9quip\u00e9s d'un h\u00f4pital de pointe, offrant un environnement s\u00fbr et propre aux patients et b\u00e9n\u00e9voles.<\/p>\r\n<p>\u00a0<\/p>\r\n\t\t\t\t\t\t<h5>Comment est g\u00e9r\u00e9e l'\u00e9lectricit\u00e9 \u00e0 bord des navires-h\u00f4pitaux?<\/h5>\r\n\t\t\t<p>Des LED \u00e0 haut rendement \u00e9nerg\u00e9tique dans les luminaires. Des carburants marins \u00e0 faible teneur en soufre pour r\u00e9duire les contaminants. Naviguer \u00e0 faible vitesse entre les ports pour r\u00e9duire les \u00e9missions de carbone. Respecter les normes internationales (MARPOL 73-78), qui r\u00e9glementent ce que les navires font des d\u00e9chets, des huiles, des eaux us\u00e9es, des ordures et de la pollution atmosph\u00e9rique.<\/p>\r\n\t\t\t\t\t\t<h5>Les polluants provenant de la flotte de Mercy Ships contribuent-ils au r\u00e9chauffement de la plan\u00e8te?<\/h5>\r\n\t\t\t<p>Mercy Ships currently complies with many maritime industry standards that regulate what the ships do with waste, oil, sewage, garbage and air pollution &#8211; one of which is the International Convention for the Prevention of Pollution from Ships Maritime Pollution (MARPOL 73-78) standards. Additionally, to lower its CO2 footprint, Mercy Ships utilizes marine fuels that meet the International Maritime Organization (IMO) 0.5% Sulphur cap &#8211; which helps reduce carbon emissions. Additionally, the ships also sail at low speeds between ports.<\/p>\r\n\t\t\t\t\t\t<h5>Qu'est-ce qu'un laboratoire de simulation?<\/h5>\r\n\t\t\t<p>Le laboratoire de simulation permet aux formateurs de simuler les conditions et les limites locales afin d'enseigner les meilleures pratiques dans des environnements \u00e0 faibles ressources.<\/p>\r\n<p>Les possibilit\u00e9s de formation comprennent :<\/p>\r\n<ul>\r\n<li>Formation aux sc\u00e9narios post-op\u00e9ratoires pour les \u00e9quipes infirmi\u00e8res ;<\/li>\r\n<li>Formation aux comp\u00e9tences de base des \u00e9quipes techniques chirurgicales ;<\/li>\r\n<li>Formation aux comp\u00e9tences chirurgicales de base pour pr\u00e9parer les stagiaires \u00e0 l\u2019exp\u00e9rience chirurgicale en direct ;<\/li>\r\n<li>Mentorat chirurgical en direct pour certaines proc\u00e9dures \u00e9lectives \u00e0 forte demande.<\/li>\r\n<\/ul>\r\n<h2 class=\"translation-block\">Regardez la construction du <em>Global Mercy<\/em><\/h2>\r\n\t<iframe loading=\"lazy\" width=\"560\" height=\"315\" src=\"https:\/\/www.youtube.com\/embed\/FauQ7z8WDfw?si=Trq1HPuCCG0g3t76\" title=\"YouTube video player\" frameborder=\"0\" allow=\"accelerometer; autoplay; clipboard-write; encrypted-media; gyroscope; picture-in-picture; web-share\" referrerpolicy=\"strict-origin-when-cross-origin\" allowfullscreen><\/iframe>\r\n\t<iframe loading=\"lazy\" width=\"738\" height=\"415\" src=\"https:\/\/www.youtube.com\/embed\/u3lya66q4ts\" title=\"Construction du Global Mercy\" frameborder=\"0\" allow=\"accelerometer; autoplay; clipboard-write; encrypted-media; gyroscope; picture-in-picture; web-share\" referrerpolicy=\"strict-origin-when-cross-origin\" allowfullscreen><\/iframe>\r\n\t\t\t\t\t\t\t\t\t\t<a class= \"uabb-ss-grid-button-link\" href=\"https:\/\/www.facebook.com\/sharer.php?u=https%3A%2F%2Fmercyships.ca%2Fen%2F%3Fpage_id%3D3351%26fl_builder\" target=\"_blank\" onclick=\"window.open(this.href,'social-share','left=20,top=20,width=500,height=500,toolbar=1,resizable=0');return false;\">\r\n\t\t\t\t\t\t\t\tFacebook\r\n\t\t\t\t\t\t\t\t\t\t<\/a>\r\n\t\t\t\t\t\t\t\t\t\t<a class= \"uabb-ss-grid-button-link\" href=\"https:\/\/twitter.com\/share?url=https%3A%2F%2Fmercyships.ca%2Fen%2F%3Fpage_id%3D3351%26fl_builder\" target=\"_blank\" onclick=\"window.open(this.href,'social-share','left=20,top=20,width=500,height=500,toolbar=1,resizable=0');return false;\">\r\n\t\t\t\t\t\t\t\t\t\t\t\t\t\t\t\t\t\t\t\t\t\t\t<img decoding=\"async\" src=\"https:\/\/mercyships.ca\/wp-content\/uploads\/2024\/06\/X-SQ200.png\" alt=\"5163\"\/>\r\n\t\t\t\t\t\t\t\tTwitter\r\n\t\t\t\t\t\t\t\t\t\t<\/a>\r\n\t\t\t\t\t\t\t\t\t\t<a class= \"uabb-ss-grid-button-link\" href=\"https:\/\/www.linkedin.com\/shareArticle?url=https%3A%2F%2Fmercyships.ca%2Fen%2F%3Fpage_id%3D3351%26fl_builder\" target=\"_blank\" onclick=\"window.open(this.href,'social-share','left=20,top=20,width=500,height=500,toolbar=1,resizable=0');return false;\">\r\n\t\t\t\t\t\t\t\tLinkedin\r\n\t\t\t\t\t\t\t\t\t\t<\/a>\r\n\t\t\t\t\t\t\t\t\t\t<a class= \"uabb-ss-grid-button-link\" href=\"mailto:?body=https%3A%2F%2Fmercyships.ca%2Fen%2F%3Fpage_id%3D3351%26fl_builder\" target=\"_blank\" onclick=\"window.open(this.href,'social-share','left=20,top=20,width=500,height=500,toolbar=1,resizable=0');return false;\">\r\n\t\t\t\t\t\t\t\tCourriel\r\n\t\t\t\t\t\t\t\t\t\t<\/a>","protected":false},"excerpt":{"rendered":"<p>Hospital Ship Global Mercy World&#8217;s Largest NGO Hospital Ship According to the\u00a0Lancet Global Surgery 2030 Report, over 16 million people [&hellip;]<\/p>\n","protected":false},"author":3,"featured_media":5631,"parent":8250,"menu_order":0,"comment_status":"closed","ping_status":"closed","template":"","meta":{"_acf_changed":false,"_seopress_robots_primary_cat":"","_seopress_titles_title":"","_seopress_titles_desc":"Our newest hospital ship, the Global Mercy, has a clinic with six operating rooms and can accommodate 600 volunteers.","_seopress_robots_index":"","site-sidebar-layout":"no-sidebar","site-content-layout":"page-builder","ast-site-content-layout":"default","site-content-style":"default","site-sidebar-style":"default","ast-global-header-display":"","ast-banner-title-visibility":"","ast-main-header-display":"","ast-hfb-above-header-display":"","ast-hfb-below-header-display":"","ast-hfb-mobile-header-display":"","site-post-title":"disabled","ast-breadcrumbs-content":"","ast-featured-img":"disabled","footer-sml-layout":"","ast-disable-related-posts":"","theme-transparent-header-meta":"default","adv-header-id-meta":"","stick-header-meta":"default","header-above-stick-meta":"","header-main-stick-meta":"","header-below-stick-meta":"","astra-migrate-meta-layouts":"set","ast-page-background-enabled":"default","ast-page-background-meta":{"desktop":{"background-color":"var(--ast-global-color-4)","background-image":"","background-repeat":"repeat","background-position":"center center","background-size":"auto","background-attachment":"scroll","background-type":"","background-media":"","overlay-type":"","overlay-color":"","overlay-opacity":"","overlay-gradient":""},"tablet":{"background-color":"","background-image":"","background-repeat":"repeat","background-position":"center center","background-size":"auto","background-attachment":"scroll","background-type":"","background-media":"","overlay-type":"","overlay-color":"","overlay-opacity":"","overlay-gradient":""},"mobile":{"background-color":"","background-image":"","background-repeat":"repeat","background-position":"center center","background-size":"auto","background-attachment":"scroll","background-type":"","background-media":"","overlay-type":"","overlay-color":"","overlay-opacity":"","overlay-gradient":""}},"ast-content-background-meta":{"desktop":{"background-color":"var(--ast-global-color-5)","background-image":"","background-repeat":"repeat","background-position":"center center","background-size":"auto","background-attachment":"scroll","background-type":"","background-media":"","overlay-type":"","overlay-color":"","overlay-opacity":"","overlay-gradient":""},"tablet":{"background-color":"var(--ast-global-color-5)","background-image":"","background-repeat":"repeat","background-position":"center center","background-size":"auto","background-attachment":"scroll","background-type":"","background-media":"","overlay-type":"","overlay-color":"","overlay-opacity":"","overlay-gradient":""},"mobile":{"background-color":"var(--ast-global-color-5)","background-image":"","background-repeat":"repeat","background-position":"center center","background-size":"auto","background-attachment":"scroll","background-type":"","background-media":"","overlay-type":"","overlay-color":"","overlay-opacity":"","overlay-gradient":""}},"footnotes":""},"class_list":["post-3351","page","type-page","status-publish","has-post-thumbnail","hentry"],"acf":[],"_links":{"self":[{"href":"https:\/\/mercyships.ca\/fr\/wp-json\/wp\/v2\/pages\/3351","targetHints":{"allow":["GET"]}}],"collection":[{"href":"https:\/\/mercyships.ca\/fr\/wp-json\/wp\/v2\/pages"}],"about":[{"href":"https:\/\/mercyships.ca\/fr\/wp-json\/wp\/v2\/types\/page"}],"author":[{"embeddable":true,"href":"https:\/\/mercyships.ca\/fr\/wp-json\/wp\/v2\/users\/3"}],"replies":[{"embeddable":true,"href":"https:\/\/mercyships.ca\/fr\/wp-json\/wp\/v2\/comments?post=3351"}],"version-history":[{"count":5,"href":"https:\/\/mercyships.ca\/fr\/wp-json\/wp\/v2\/pages\/3351\/revisions"}],"predecessor-version":[{"id":11407,"href":"https:\/\/mercyships.ca\/fr\/wp-json\/wp\/v2\/pages\/3351\/revisions\/11407"}],"up":[{"embeddable":true,"href":"https:\/\/mercyships.ca\/fr\/wp-json\/wp\/v2\/pages\/8250"}],"wp:featuredmedia":[{"embeddable":true,"href":"https:\/\/mercyships.ca\/fr\/wp-json\/wp\/v2\/media\/5631"}],"wp:attachment":[{"href":"https:\/\/mercyships.ca\/fr\/wp-json\/wp\/v2\/media?parent=3351"}],"curies":[{"name":"wp","href":"https:\/\/api.w.org\/{rel}","templated":true}]}}