{"id":3090,"date":"2024-08-23T10:53:23","date_gmt":"2024-08-23T17:53:23","guid":{"rendered":"https:\/\/mercyships.onpressidium.com\/?page_id=3090"},"modified":"2025-10-21T14:48:37","modified_gmt":"2025-10-21T21:48:37","slug":"blog","status":"publish","type":"page","link":"https:\/\/mercyships.ca\/fr\/blog\/","title":{"rendered":"Blog"},"content":{"rendered":"<h1>\r\n\t\t\tDerni\u00e8res nouvelles\t<\/h1>\r\n<h2>\r\n\t\t\tPlongez dans le monde passionnant de Mercy Ships\t<\/h2>\r\n\t<p>Notre \u00e9quipage raconte le travail et la vie \u00e0 bord, nos patients racontent leurs histoires personnelles et \u00e9mouvantes, nous rapportons des nouvelles du Canada et de nos navires-h\u00f4pitaux, et partageons des faits int\u00e9ressants sur notre aide au d\u00e9veloppement et nos pays d'op\u00e9ration.<\/p>","protected":false},"excerpt":{"rendered":"<p>Latest News Immerse yourself in the exciting world of Mercy Ships! Our crew reports on working and living on board, [&hellip;]<\/p>\n","protected":false},"author":3,"featured_media":10073,"parent":0,"menu_order":0,"comment_status":"closed","ping_status":"closed","template":"","meta":{"_acf_changed":false,"_seopress_robots_primary_cat":"","_seopress_titles_title":"","_seopress_titles_desc":"Learn more about the latest news from the field and from Canada. Stay informed about Mercy Ships activities!","_seopress_robots_index":"","site-sidebar-layout":"no-sidebar","site-content-layout":"page-builder","ast-site-content-layout":"default","site-content-style":"default","site-sidebar-style":"default","ast-global-header-display":"","ast-banner-title-visibility":"","ast-main-header-display":"","ast-hfb-above-header-display":"","ast-hfb-below-header-display":"","ast-hfb-mobile-header-display":"","site-post-title":"disabled","ast-breadcrumbs-content":"","ast-featured-img":"disabled","footer-sml-layout":"","ast-disable-related-posts":"","theme-transparent-header-meta":"default","adv-header-id-meta":"","stick-header-meta":"default","header-above-stick-meta":"","header-main-stick-meta":"","header-below-stick-meta":"","astra-migrate-meta-layouts":"set","ast-page-background-enabled":"default","ast-page-background-meta":{"desktop":{"background-color":"var(--ast-global-color-4)","background-image":"","background-repeat":"repeat","background-position":"center center","background-size":"auto","background-attachment":"scroll","background-type":"","background-media":"","overlay-type":"","overlay-color":"","overlay-opacity":"","overlay-gradient":""},"tablet":{"background-color":"","background-image":"","background-repeat":"repeat","background-position":"center center","background-size":"auto","background-attachment":"scroll","background-type":"","background-media":"","overlay-type":"","overlay-color":"","overlay-opacity":"","overlay-gradient":""},"mobile":{"background-color":"","background-image":"","background-repeat":"repeat","background-position":"center center","background-size":"auto","background-attachment":"scroll","background-type":"","background-media":"","overlay-type":"","overlay-color":"","overlay-opacity":"","overlay-gradient":""}},"ast-content-background-meta":{"desktop":{"background-color":"var(--ast-global-color-5)","background-image":"","background-repeat":"repeat","background-position":"center center","background-size":"auto","background-attachment":"scroll","background-type":"","background-media":"","overlay-type":"","overlay-color":"","overlay-opacity":"","overlay-gradient":""},"tablet":{"background-color":"var(--ast-global-color-5)","background-image":"","background-repeat":"repeat","background-position":"center center","background-size":"auto","background-attachment":"scroll","background-type":"","background-media":"","overlay-type":"","overlay-color":"","overlay-opacity":"","overlay-gradient":""},"mobile":{"background-color":"var(--ast-global-color-5)","background-image":"","background-repeat":"repeat","background-position":"center center","background-size":"auto","background-attachment":"scroll","background-type":"","background-media":"","overlay-type":"","overlay-color":"","overlay-opacity":"","overlay-gradient":""}},"footnotes":""},"class_list":["post-3090","page","type-page","status-publish","has-post-thumbnail","hentry"],"acf":[],"_links":{"self":[{"href":"https:\/\/mercyships.ca\/fr\/wp-json\/wp\/v2\/pages\/3090","targetHints":{"allow":["GET"]}}],"collection":[{"href":"https:\/\/mercyships.ca\/fr\/wp-json\/wp\/v2\/pages"}],"about":[{"href":"https:\/\/mercyships.ca\/fr\/wp-json\/wp\/v2\/types\/page"}],"author":[{"embeddable":true,"href":"https:\/\/mercyships.ca\/fr\/wp-json\/wp\/v2\/users\/3"}],"replies":[{"embeddable":true,"href":"https:\/\/mercyships.ca\/fr\/wp-json\/wp\/v2\/comments?post=3090"}],"version-history":[{"count":5,"href":"https:\/\/mercyships.ca\/fr\/wp-json\/wp\/v2\/pages\/3090\/revisions"}],"predecessor-version":[{"id":13110,"href":"https:\/\/mercyships.ca\/fr\/wp-json\/wp\/v2\/pages\/3090\/revisions\/13110"}],"wp:featuredmedia":[{"embeddable":true,"href":"https:\/\/mercyships.ca\/fr\/wp-json\/wp\/v2\/media\/10073"}],"wp:attachment":[{"href":"https:\/\/mercyships.ca\/fr\/wp-json\/wp\/v2\/media?parent=3090"}],"curies":[{"name":"wp","href":"https:\/\/api.w.org\/{rel}","templated":true}]}}