{"id":2676,"date":"2024-08-21T16:23:44","date_gmt":"2024-08-21T23:23:44","guid":{"rendered":"https:\/\/mercyships.onpressidium.com\/?page_id=2676"},"modified":"2026-03-19T01:37:48","modified_gmt":"2026-03-19T08:37:48","slug":"notre-equipe","status":"publish","type":"page","link":"https:\/\/mercyships.ca\/fr\/about-us\/our-team\/","title":{"rendered":"Notre \u00e9quipe"},"content":{"rendered":"<figure itemscope itemtype=\"https:\/\/schema.org\/ImageObject\">\n\t\t\t\t<img decoding=\"async\" src=\"https:\/\/mercyships.ca\/wp-content\/uploads\/2024\/08\/crew-teambild-PS2500.jpg\" alt=\"Volunteer Crew\" height=\"680\" width=\"2500\" title=\"crew-teambild PS2500\" onerror=\"this.style.display='none'\" loading=\"lazy\" \/>\n\t<\/figure>\n<h1>\n\t\t\tRencontrez notre \u00e9quipe\t<\/h1>\n<h2>\n\t\t\tWe always have time for you.\t<\/h2>\n\t<p>We are happy to answer your questions about Mercy Ships, our mission and our work. Simply fill out the form at the bottom of the page, and we&#8217;ll get back to you as soon as we can. Thank you.<\/p>\nPour prendre contact avec nous, remplissez le formulaire en bas de page et nous vous r\u00e9pondrons d\u00e8s que possible.<br \/>\nLa mise en \u0153uvre des programmes et activit\u00e9s de Mercy Ships Canada est assur\u00e9e par notre \u00e9quipe d\u2019employ\u00e9s d\u00e9vou\u00e9s.\n<h2>\n\t\t\tDarryl Anderson\t<\/h2>\n\t<p>Directeur g\u00e9n\u00e9ral<\/p>\n<h2>\n\t\t\tChris Attwater\t<\/h2>\n\t<p>Conseiller senior en placement b\u00e9n\u00e9vole et coordonnateur \u00e0 la performance <\/p>\n<h2>\n\t\t\tJanet Befo\t<\/h2>\n\t<p>Administratrice des services aux donateurs<\/p>\n<h2>\n\t\t\tJacqueline Pilcher\t<\/h2>\n\t<p>Responsable comptabilit\u00e9 et finances<\/p>\n<h2>\n\t\t\tYara Sayegh\t<\/h2>\n\t<p>Conseill\u00e8re en placement b\u00e9n\u00e9vole<\/p>\n<h2>\n\t\t\tRosie Smyth\t<\/h2>\n\t<p>Directrice programmes, op\u00e9rations et risques<\/p>\n<h2>\n\t\t\tCatherine Tremblay\t<\/h2>\n\t<p>Responsable du d\u00e9veloppement et de l\u2019engagement b\u00e9n\u00e9vole<\/p>\n<h2>\n\t\t\tRencontrez notre personnel canadien en pr\u00eat de service \u00e0 Mercy Ships International\t<\/h2>\n<h2>\n\t\t\tWill Creene\t<\/h2>\n\t<p>G\u00e9rant des services de radiologie<\/p>\n<h2>\n\t\t\tSandy Hewitt\t<\/h2>\n\t<p>Coordinatrice clinique en pharmacie<\/p>\n<h2>\n\t\t\tKrystal Remers\t<\/h2>\n\t<p>Sp\u00e9cialiste de l'accr\u00e9ditation domaine de la sant\u00e9<\/p>\n<h2>\n\t\t\tRencontrez notre conseil d'administration\t<\/h2>\n\t<p>Mercy Ships Canada est une organisation caritative canadienne enregistr\u00e9e et dirig\u00e9e par un conseil d'administration compos\u00e9 de personnes \u00e9lues et b\u00e9n\u00e9voles.<\/p>\n<h2>\n\t\t\tBruce Murray\t<\/h2>\n\t<p>Pr\u00e9sident par int\u00e9rim<\/p>\n<h2>\n\t\t\tMarina Katusa\t<\/h2>\n\t<p>Membre du Conseil<\/p>\n<h2>\n\t\t\tMyl\u00e8ne Kosseim\t<\/h2>\n\t<p>Membre du Conseil<\/p>\n<h2>\n\t\t\tAlain-Michel S\u00e9kula\t<\/h2>\n\t<p>Membre du Conseil<\/p>\n<h2>\n\t\t\tLinda Slocombe\t<\/h2>\n\t<p>Membre du Conseil<\/p>\n<h2>\n\t\t\tAbe Toews\t<\/h2>\n\t<p>Membre du Conseil<\/p>\n<h2>\n\t\t\tJohn Treleaven\t<\/h2>\n\t<p>Pr\u00e9sident sortant<\/p>\n<h2>\n\t\t\tLe v\u00e9ritable changement arrive lorsque nous travaillons tous ensemble.\t<\/h2>\n\t<p>No one should feel isolated from their community because they can&#8217;t access medical care. Help us bring hope and healing to those in need. So they can live with purpose and meaning in their communities.<\/p>\n\t\t\t<a href=\"https:\/\/mercyships.ca\/fr\/faire-un-don\/\"  target=\"_self\">\n\t\t\t\t\t\t\tFaire un don\n\t\t\t\t\t<\/a>\n\t\t\t<a href=\"https:\/\/mercyships.ca\/fr\/benevole\/\"  target=\"_self\">\n\t\t\t\t\t\t\tDevenir b\u00e9n\u00e9vole\n\t\t\t\t\t<\/a>","protected":false},"excerpt":{"rendered":"<p>Meet our Team We always have time for you. We are happy to answer your questions about Mercy Ships, our [&hellip;]<\/p>\n","protected":false},"author":3,"featured_media":2985,"parent":8250,"menu_order":0,"comment_status":"closed","ping_status":"closed","template":"","meta":{"_acf_changed":false,"_seopress_robots_primary_cat":"","_seopress_titles_title":"","_seopress_titles_desc":"Mercy Ships Canada is located in Victoria, British Columbia. Meet the folks who work for Mercy Ships across Canada.","_seopress_robots_index":"","site-sidebar-layout":"no-sidebar","site-content-layout":"page-builder","ast-site-content-layout":"default","site-content-style":"default","site-sidebar-style":"default","ast-global-header-display":"","ast-banner-title-visibility":"","ast-main-header-display":"","ast-hfb-above-header-display":"","ast-hfb-below-header-display":"","ast-hfb-mobile-header-display":"","site-post-title":"disabled","ast-breadcrumbs-content":"","ast-featured-img":"disabled","footer-sml-layout":"","ast-disable-related-posts":"","theme-transparent-header-meta":"default","adv-header-id-meta":"","stick-header-meta":"default","header-above-stick-meta":"","header-main-stick-meta":"","header-below-stick-meta":"","astra-migrate-meta-layouts":"set","ast-page-background-enabled":"default","ast-page-background-meta":{"desktop":{"background-color":"var(--ast-global-color-4)","background-image":"","background-repeat":"repeat","background-position":"center center","background-size":"auto","background-attachment":"scroll","background-type":"","background-media":"","overlay-type":"","overlay-color":"","overlay-opacity":"","overlay-gradient":""},"tablet":{"background-color":"","background-image":"","background-repeat":"repeat","background-position":"center center","background-size":"auto","background-attachment":"scroll","background-type":"","background-media":"","overlay-type":"","overlay-color":"","overlay-opacity":"","overlay-gradient":""},"mobile":{"background-color":"","background-image":"","background-repeat":"repeat","background-position":"center center","background-size":"auto","background-attachment":"scroll","background-type":"","background-media":"","overlay-type":"","overlay-color":"","overlay-opacity":"","overlay-gradient":""}},"ast-content-background-meta":{"desktop":{"background-color":"var(--ast-global-color-5)","background-image":"","background-repeat":"repeat","background-position":"center center","background-size":"auto","background-attachment":"scroll","background-type":"","background-media":"","overlay-type":"","overlay-color":"","overlay-opacity":"","overlay-gradient":""},"tablet":{"background-color":"var(--ast-global-color-5)","background-image":"","background-repeat":"repeat","background-position":"center center","background-size":"auto","background-attachment":"scroll","background-type":"","background-media":"","overlay-type":"","overlay-color":"","overlay-opacity":"","overlay-gradient":""},"mobile":{"background-color":"var(--ast-global-color-5)","background-image":"","background-repeat":"repeat","background-position":"center center","background-size":"auto","background-attachment":"scroll","background-type":"","background-media":"","overlay-type":"","overlay-color":"","overlay-opacity":"","overlay-gradient":""}},"footnotes":""},"class_list":["post-2676","page","type-page","status-publish","has-post-thumbnail","hentry"],"acf":[],"_links":{"self":[{"href":"https:\/\/mercyships.ca\/fr\/wp-json\/wp\/v2\/pages\/2676","targetHints":{"allow":["GET"]}}],"collection":[{"href":"https:\/\/mercyships.ca\/fr\/wp-json\/wp\/v2\/pages"}],"about":[{"href":"https:\/\/mercyships.ca\/fr\/wp-json\/wp\/v2\/types\/page"}],"author":[{"embeddable":true,"href":"https:\/\/mercyships.ca\/fr\/wp-json\/wp\/v2\/users\/3"}],"replies":[{"embeddable":true,"href":"https:\/\/mercyships.ca\/fr\/wp-json\/wp\/v2\/comments?post=2676"}],"version-history":[{"count":6,"href":"https:\/\/mercyships.ca\/fr\/wp-json\/wp\/v2\/pages\/2676\/revisions"}],"predecessor-version":[{"id":14538,"href":"https:\/\/mercyships.ca\/fr\/wp-json\/wp\/v2\/pages\/2676\/revisions\/14538"}],"up":[{"embeddable":true,"href":"https:\/\/mercyships.ca\/fr\/wp-json\/wp\/v2\/pages\/8250"}],"wp:featuredmedia":[{"embeddable":true,"href":"https:\/\/mercyships.ca\/fr\/wp-json\/wp\/v2\/media\/2985"}],"wp:attachment":[{"href":"https:\/\/mercyships.ca\/fr\/wp-json\/wp\/v2\/media?parent=2676"}],"curies":[{"name":"wp","href":"https:\/\/api.w.org\/{rel}","templated":true}]}}