{"id":2358,"date":"2024-08-20T06:07:09","date_gmt":"2024-08-20T13:07:09","guid":{"rendered":"https:\/\/mercyships.onpressidium.com\/?page_id=2358"},"modified":"2026-01-27T01:47:24","modified_gmt":"2026-01-27T09:47:24","slug":"enseignement-formation-promotion-de-la-sante","status":"publish","type":"page","link":"https:\/\/mercyships.ca\/fr\/education-training-advocacy\/","title":{"rendered":"Healthcare Training &#038; Advocacy in Africa | Mercy Ships Canada"},"content":{"rendered":"<figure itemscope itemtype=\"https:\/\/schema.org\/ImageObject\">\n\t\t\t\t<img decoding=\"async\" src=\"https:\/\/mercyships.ca\/wp-content\/uploads\/2024\/08\/program-surgical-skills-course-PS2500.jpg\" alt=\"Healthcare professionals in Africa receiving training aboard Mercy Ships\" height=\"679\" width=\"2500\" title=\"program-surgical-skills-course PS2500\" onerror=\"this.style.display='none'\" loading=\"lazy\" \/>\n\t<\/figure>\n<h1>\n\t\t\tTransforming Healthcare Through Education, Training &#038; Advocacy in Africa\t<\/h1>\n\t<p class=\"translation-block\"><span style=\"font-weight: 400\">Mercy Ships Canada soutient <\/span><b>l'\u00e9ducation et la promotion de la sant\u00e9 en Afrique<\/b><span style=\"font-weight: 400\">, en formant les professionnels locaux gr\u00e2ce \u00e0 du mentorat et des partenariats durables qui renforcent les syst\u00e8mes de sant\u00e9.<\/span><\/p>\n<h2>\n\t\t\tComment Mercy Ships offre des formations en soins de sant\u00e9 en Afrique\t<\/h2>\n\t\t<iframe loading=\"lazy\" width=\"560\" height=\"315\" src=\"https:\/\/www.youtube.com\/embed\/RFGjfO_Jj6w?si=utZxOc7PEiFR2aIQ\" title=\"YouTube video player\" frameborder=\"0\" allow=\"accelerometer; autoplay; clipboard-write; encrypted-media; gyroscope; picture-in-picture; web-share\" referrerpolicy=\"strict-origin-when-cross-origin\" allowfullscreen><\/iframe>\t\n\t\t<iframe loading=\"lazy\" width=\"560\" height=\"315\" src=\"https:\/\/www.youtube.com\/embed\/-Lli7Z6uIEM?si=y5e_N4wH5naz_qKp\" title=\"YouTube video player\" frameborder=\"0\" allow=\"accelerometer; autoplay; clipboard-write; encrypted-media; gyroscope; picture-in-picture; web-share\" referrerpolicy=\"strict-origin-when-cross-origin\" allowfullscreen><\/iframe>\t\n<h3>\n\t\t\tMercy Ships et le Coll\u00e8ge des chirurgiens d'Afrique de l'Ouest (WACS*) scellent leur alliance pour am\u00e9liorer la formation chirurgicale en Afrique\t<\/h3>\n\t<p>10\/04\/2024 &#8211; In a landmark collaboration, the West African College of Surgeons (WACS) has granted an accreditation to Mercy Ships&#8217; surgical and anaesthesia training programmes. This partnership reflects the shared commitment of both organisations towards advancing medical education in the region, offering medical trainees unparalleled opportunities to gain specialised qualifications through their experience aboard the international charity&#8217;s hospital vessels.<\/p>\n<p>L'accr\u00e9ditation couvre un large \u00e9ventail de sp\u00e9cialit\u00e9s, notamment la chirurgie buccale et maxillo-faciale, la chirurgie orthop\u00e9dique, la chirurgie p\u00e9diatrique, la chirurgie g\u00e9n\u00e9rale, la chirurgie plastique reconstructive et l'anesth\u00e9sie.<\/p>\n<p>Mercy Ships Canada est fier d'avoir jou\u00e9 un r\u00f4le dans ces initiatives en investissant dans le travail d'Erin Ugai, directrice principale du p\u00f4le EFPS, d\u00e9tach\u00e9e aupr\u00e8s de Mercy Ships International. Elle a d\u00e9clar\u00e9 :<\/p>\n\t<p>&#8220;Residents often need to obtain specialist training outside the country but through accreditations like this, they can complement their surgical training by receiving specialist training on our hospital ships in country when Mercy Ships is there delivering surgical care and surgical education.&#8221;<\/p>\n<p>&#8220;Our ships are a great training platform as residents will learn in a multi-disciplinary, multi-cultural environment, equipped with the necessary staff, supplies and equipment to provide high-quality surgical care to a patient population that will be relevant to their practice long-term.&#8221;<\/p>\n<p>&#8220;WACS is dedicated to advancing healthcare standards through rigorous certification processes and the development of specialised medical professionals, making this collaboration a critical step in enhancing the medical capabilities of the region.&#8221;<\/p>\n\t<p class=\"translation-block\">Grace \u00e0 l'aval du WACS, les stagiaires \u00e0 bord des navires de Mercy Ships auront acc\u00e8s \u00e0 des programmes de formation chirurgicale accr\u00e9dit\u00e9s en Afrique de l'Ouest. Le <em>Global Mercy\u2122<\/em>, navire-h\u00f4pital phare de l'organisation, est actuellement en service \u00e0 Freetown, en Sierra Leone, combinant interventions chirurgicales et programmes de formation.<\/p>\n<figure itemscope itemtype=\"https:\/\/schema.org\/ImageObject\">\n\t\t\t\t<img decoding=\"async\" src=\"https:\/\/mercyships.ca\/wp-content\/uploads\/2024\/10\/WACS-PIC.jpeg\" alt=\"Advocacy team promoting healthcare development in Africa\" height=\"1200\" width=\"1600\" title=\"WACS PIC\" onerror=\"this.style.display='none'\" loading=\"lazy\" \/>\n\t<\/figure>\n<h2>\n\t\t\tPromouvoir une formation m\u00e9dicale durable en Afrique\t<\/h2>\n<h3>\n\t\t\tAm\u00e9liorer la qualit\u00e9 des soins m\u00e9dicaux en Afrique\t<\/h3>\n\t<p class=\"translation-block\">Mercy Ships a pour mission d\u2019accro\u00eetre l\u2019acc\u00e8s aux soins de sant\u00e9 en Afrique subsaharienne gr\u00e2ce au d\u00e9ploiement de ses navires-h\u00f4pitaux, l\u2019<em>Africa Mercy<\/em> et le <em>Global Mercy<\/em>.<\/p>\n<p>Mercy Ships works with host nations to strengthen the local healthcare system, while serving the dire and immediate needs of the host country. Mercy Ships provides a variety of <a href=\"https:\/\/mercyships.ca\/fr\/domaine-de-la-sante\/\">training opportunities for medical professionals<\/a> (surgery, surgery nursing, sterile processing and more), along with curative surgical interventions. Collaborating with qualified local and international partners, Mercy Ships programs offer holistic support to developing countries striving to make healthcare accessible for all.<\/p>\n<h3>\n\t\t\tLocalisation et besoin\t<\/h3>\n\t<p>According to the Lancet Commission for Global Surgery, 5 billion people do not have access to safe, affordable surgical and anesthesia care. In 2010, 16.9 million lives were lost due to surgically treatable conditions. Those living in low and middle income countries, and in particular, Africa, disproportionately experience this need more than wealthier nations. In Africa, there are far less than the 23 physicians and 100 nurses\/midwives for every 100,000 people required as a minimum development goal (Source: World Health Organization). However, simply increasing the number of surgeries is not sufficient; enhancing quality of care is critical as well. Training professionals to administer patient-centered services, using simple techniques and processes that <a href=\"https:\/\/mercyships.ca\/fr\/histoires-impactantes\/\">save lives<\/a> is essential to meeting the goal of improved surgical care.<\/p>\n<h3>\n\t\t\tEn coh\u00e9rence avec les plans de d\u00e9veloppement en mati\u00e8re de sant\u00e9\t<\/h3>\n\t<p>De nombreux pays et organisations \u0153uvrant en d\u00e9veloppement \u00e9laborent leurs propres strat\u00e9gies pour am\u00e9liorer les syst\u00e8mes de sant\u00e9. Mercy Ships cherche \u00e0 collaborer et \u00e0 aligner les activit\u00e9s de nos programmes avec les efforts en cours. Par cons\u00e9quent, Mercy Ships se joint \u00e0 une approche plus holistique du d\u00e9veloppement de l\u2019\u00e9cosyst\u00e8me chirurgical.<\/p>\n\t\t\t\t\t\t<figure>\n\t\t\t\t\t\t\t<img loading=\"lazy\" decoding=\"async\" src=\"https:\/\/mercyships.ca\/wp-content\/uploads\/2024\/08\/entwicklungszusammenarbeit-training-schulung-anaesthesie-kindesalter-575x520-1.jpg\" alt=\"Development cooperation training anesthesia children\" srcset=\"https:\/\/mercyships.ca\/wp-content\/uploads\/2024\/08\/entwicklungszusammenarbeit-training-schulung-anaesthesie-kindesalter-575x520-1.jpg 757w, https:\/\/mercyships.ca\/wp-content\/uploads\/2024\/08\/entwicklungszusammenarbeit-training-schulung-anaesthesie-kindesalter-575x520-1-300x206.jpg 300w, https:\/\/mercyships.ca\/wp-content\/uploads\/2024\/08\/entwicklungszusammenarbeit-training-schulung-anaesthesie-kindesalter-575x520-1-18x12.jpg 18w\" width=\"757\" height=\"520\" \/>\n\t\t\t\t\t\t\t\t\t\t\t\t\t\t\t<!-- Overlay Wrapper -->\n\t\t\t\t\t\t\t\t\t\t\tLa formation dans les \u00e9tablissements de soins et les h\u00f4pitaux am\u00e9liore la s\u00e9curit\u00e9 et la qualit\u00e9 des traitements. \u00a9 Mercy Ships \n\t\t\t\t\t\t\t\t\t\t\t\t\t\t\t\t\t <!-- Overlay Wrapper Closed -->\n\t\t\t\t\t\t\t\t\t\t\t\t\t<\/figure>\n\t\t\t\t\t\t<figure>\n\t\t\t\t\t\t\t<img loading=\"lazy\" decoding=\"async\" src=\"https:\/\/mercyships.ca\/wp-content\/uploads\/2024\/08\/entwicklungszusammenarbeit-training-mentoring-op-saal-575x520-1.jpg\" alt=\"Capacity Building\" srcset=\"https:\/\/mercyships.ca\/wp-content\/uploads\/2024\/08\/entwicklungszusammenarbeit-training-mentoring-op-saal-575x520-1.jpg 757w, https:\/\/mercyships.ca\/wp-content\/uploads\/2024\/08\/entwicklungszusammenarbeit-training-mentoring-op-saal-575x520-1-300x206.jpg 300w, https:\/\/mercyships.ca\/wp-content\/uploads\/2024\/08\/entwicklungszusammenarbeit-training-mentoring-op-saal-575x520-1-18x12.jpg 18w\" width=\"757\" height=\"520\" \/>\n\t\t\t\t\t\t\t\t\t\t\t\t\t\t\t<!-- Overlay Wrapper -->\n\t\t\t\t\t\t\t\t\t\t\tDans la salle d'op\u00e9ration de l'Africa Mercy, des chirurgiens locaux op\u00e8rent souvent aux c\u00f4t\u00e9s de nos professionnels b\u00e9n\u00e9voles. \u00a9 Mercy Ships\n\t\t\t\t\t\t\t\t\t\t\t\t\t\t\t\t\t <!-- Overlay Wrapper Closed -->\n\t\t\t\t\t\t\t\t\t\t\t\t\t<\/figure>\n\t\t\t\t\t\t<figure>\n\t\t\t\t\t\t\t<img loading=\"lazy\" decoding=\"async\" src=\"https:\/\/mercyships.ca\/wp-content\/uploads\/2024\/08\/entwicklungszusammenarbeit-training-mentoring-kaufmann-schwestern-575x520-1.jpg\" alt=\"Training and Capacity Building\" srcset=\"https:\/\/mercyships.ca\/wp-content\/uploads\/2024\/08\/entwicklungszusammenarbeit-training-mentoring-kaufmann-schwestern-575x520-1.jpg 757w, https:\/\/mercyships.ca\/wp-content\/uploads\/2024\/08\/entwicklungszusammenarbeit-training-mentoring-kaufmann-schwestern-575x520-1-300x206.jpg 300w, https:\/\/mercyships.ca\/wp-content\/uploads\/2024\/08\/entwicklungszusammenarbeit-training-mentoring-kaufmann-schwestern-575x520-1-18x12.jpg 18w\" width=\"757\" height=\"520\" \/>\n\t\t\t\t\t\t\t\t\t\t\t\t\t\t\t<!-- Overlay Wrapper -->\n\t\t\t\t\t\t\t\t\t\t\tJonas Kaufmann re\u00e7oit une formation de la part d'une infirmi\u00e8re locale. \u00a9 Mercy Ships \n\t\t\t\t\t\t\t\t\t\t\t\t\t\t\t\t\t <!-- Overlay Wrapper Closed -->\n\t\t\t\t\t\t\t\t\t\t\t\t\t<\/figure>\n\t\t\t\t\t\t<figure>\n\t\t\t\t\t\t\t<img loading=\"lazy\" decoding=\"async\" src=\"https:\/\/mercyships.ca\/wp-content\/uploads\/2024\/08\/entwicklungszusammenarbeit-training-schulung-senegal-pain-management-575x520-1.jpg\" alt=\"training course\" srcset=\"https:\/\/mercyships.ca\/wp-content\/uploads\/2024\/08\/entwicklungszusammenarbeit-training-schulung-senegal-pain-management-575x520-1.jpg 757w, https:\/\/mercyships.ca\/wp-content\/uploads\/2024\/08\/entwicklungszusammenarbeit-training-schulung-senegal-pain-management-575x520-1-300x206.jpg 300w, https:\/\/mercyships.ca\/wp-content\/uploads\/2024\/08\/entwicklungszusammenarbeit-training-schulung-senegal-pain-management-575x520-1-18x12.jpg 18w\" width=\"757\" height=\"520\" \/>\n\t\t\t\t\t\t\t\t\t\t\t\t\t\t\t<!-- Overlay Wrapper -->\n\t\t\t\t\t\t\t\t\t\t\tDre Odry Agbessi, du B\u00e9nin, a particip\u00e9 \u00e0 notre cours sur la gestion de la douleur, con\u00e7u pour former les professionnels m\u00e9dicaux locaux au S\u00e9n\u00e9gal \u00e0 reconna\u00eetre, \u00e9valuer et traiter la douleur. Aujourd'hui, elle est revenue sur l'<em>Africa Mercy<\/em> pour animer ce cours. \n\t\t\t\t\t\t\t\t\t\t\t\t\t\t\t\t\t <!-- Overlay Wrapper Closed -->\n\t\t\t\t\t\t\t\t\t\t\t\t\t<\/figure>\n\t\t\t\t\t\t<figure>\n\t\t\t\t\t\t\t<img loading=\"lazy\" decoding=\"async\" src=\"https:\/\/mercyships.ca\/wp-content\/uploads\/2024\/08\/entwicklungszusammenarbeit-training-schulung-biomedizin-medizintechnik-575x520-1.jpg\" alt=\"Training Course\" srcset=\"https:\/\/mercyships.ca\/wp-content\/uploads\/2024\/08\/entwicklungszusammenarbeit-training-schulung-biomedizin-medizintechnik-575x520-1.jpg 757w, https:\/\/mercyships.ca\/wp-content\/uploads\/2024\/08\/entwicklungszusammenarbeit-training-schulung-biomedizin-medizintechnik-575x520-1-300x206.jpg 300w, https:\/\/mercyships.ca\/wp-content\/uploads\/2024\/08\/entwicklungszusammenarbeit-training-schulung-biomedizin-medizintechnik-575x520-1-18x12.jpg 18w\" width=\"757\" height=\"520\" \/>\n\t\t\t\t\t\t\t\t\t\t\t\t\t\t\t<!-- Overlay Wrapper -->\n\t\t\t\t\t\t\t\t\t\t\tLes techniciens m\u00e9dicaux locaux, par exemple, sont \u00e9galement form\u00e9s \u00e0 la r\u00e9paration et \u00e0 l'entretien des \u00e9quipements m\u00e9dicaux. \u00a9 Mercy Ships\n\t\t\t\t\t\t\t\t\t\t\t\t\t\t\t\t\t <!-- Overlay Wrapper Closed -->\n\t\t\t\t\t\t\t\t\t\t\t\t\t<\/figure>\n\t\t\t\t\t<h3>\n\t\t\tD\u00e9veloppement hospitalier strat\u00e9gique\t<\/h3>\n\t<p><p>Au niveau national, Mercy Ships concentre cette approche sur des installations m\u00e9dicales cibl\u00e9es dans le pays partenaire. Nos navires-h\u00f4pitaux peuvent offrir un mod\u00e8le d\u2019h\u00f4pital unissant les pratiques occidentales et africaines tout en permettant d\u2019accro\u00eetre strat\u00e9giquement la capacit\u00e9 des installations locales.<\/p>\n\n<p>Mercy Ships collabore avec le gouvernement et d\u2019autres partenaires pour identifier les h\u00f4pitaux qui ont le plus besoin de b\u00e9n\u00e9ficier des efforts de d\u00e9veloppement et de s\u2019aligner sur les plans strat\u00e9giques existants pour l\u2019am\u00e9lioration du syst\u00e8me de sant\u00e9. En se concentrant sur les installations m\u00e9dicales strat\u00e9giques, l\u2019organisation est en mesure de concentrer et de coordonner les efforts de formation tout au long de notre engagement avec le pays.<\/p><\/p>\n<h3>\n\t\t\tFormation transformationnelle\t<\/h3>\n\t<p>Les programmes de formation en soins de sant\u00e9 de Mercy Ships visent \u00e0 am\u00e9liorer les normes de soins dans l\u2019\u00e9cosyst\u00e8me chirurgical des h\u00f4pitaux partenaires ou d\u2019autres \u00e9tablissements de sant\u00e9. Afin d\u2019atteindre cet objectif, l\u2019organisation a mis au point des projets de formation pratiques et pertinentes qui d\u00e9montrent et transmettent des connaissances, des comp\u00e9tences et une attitude professionnelle bienveillante \u00e0 chaque participant. Ces possibilit\u00e9s de formation comprennent l\u2019observation, les cours et le mentorat.<\/p>\n<p>Des s\u00e9ances d\u2019observation permettent aux professionnels de la sant\u00e9 locaux d\u2019exp\u00e9rimenter et d\u2019\u00eatre inspir\u00e9s par les soins de sant\u00e9 ax\u00e9s sur le bien-\u00eatre du patient dans un h\u00f4pital \u00e0 la fine pointe. Les cours permettent de d\u00e9velopper des comp\u00e9tences sp\u00e9cifiques et offrent des informations sur l\u2019am\u00e9lioration des normes de soins et de la pratique m\u00e9dicale individuelle. Les formations de Mercy Ships combinent des simulations, des ateliers et des cours magistraux souvent en partenariat avec d\u2019autres organisations de renomm\u00e9e internationale. Les projets de mentorat favorisent une relation significative et la confiance entre le facilitateur et le participant, menant \u00e0 un enseignement clinique personnalis\u00e9 et approfondi pour les individus.<\/p>\n<p>Dans la mesure du possible, Mercy Ships joint une offre de cours et de mentorat \u00e0 divers professionnels de la sant\u00e9 dans un h\u00f4pital ou une unit\u00e9 sp\u00e9cialis\u00e9e (par exemple : chirurgien maxillo-facial, anesth\u00e9siste, OR et infirmier), cr\u00e9ant ainsi une unit\u00e9 de partenariat au mentorat PUMP (Partnership Unit Mentoring Program). Les PUMP encouragent le travail d\u2019\u00e9quipe \u00e0 un niveau sup\u00e9rieur, la communication et l\u2019\u00e9valuation de proc\u00e9dures, ce qui am\u00e9liore les normes de soins et la s\u00e9curit\u00e9 des patients.<\/p>\n<p><a href=\"https:\/\/mercyships.ca\/fr\/comment-nous-aidons\/\">D\u00e9couvrez nos formations, nos b\u00e9n\u00e9voles et toutes les fa\u00e7ons dont nous apportons notre aide &gt;&gt;<\/a><\/p>\n<figure itemscope itemtype=\"https:\/\/schema.org\/ImageObject\">\n\t\t\t\t<img decoding=\"async\" src=\"https:\/\/mercyships.ca\/wp-content\/uploads\/2024\/10\/ms-icon-med-cercle_Hospital_Bed.svg\" alt=\"ms-icon-med-cercle_Hospital_Bed\" height=\"150\" width=\"150\" title=\"ms-icon-med-cercle_Hospital_Bed\" onerror=\"this.style.display='none'\" loading=\"lazy\" \/>\n\t<\/figure>\n<h3>\n\t\t\tCentre m\u00e9dical Esp\u00e9rance\t<\/h3>\n\t<p>Le projet fournira de l\u2019\u00e9quipement au centre m\u00e9dical Esp\u00e9rance en Guin\u00e9e afin qu\u2019il puisse continuer \u00e0 fournir des soins \u00e0 la population locale, am\u00e9liorer ses services actuels et son syst\u00e8me de soutien administratif gr\u00e2ce \u00e0 l\u2019\u00e9quipement et \u00e0 la technologie.<\/p>\n\t\t\t<a href=\"https:\/\/mercyships.ca\/fr\/centre-medical-esperance\/\"  target=\"_self\">\n\t\t\t\t\t\t\tEn savoir plus\n\t\t\t\t\t<\/a>\n<figure itemscope itemtype=\"https:\/\/schema.org\/ImageObject\">\n\t\t\t\t<img decoding=\"async\" src=\"https:\/\/mercyships.ca\/wp-content\/uploads\/2024\/08\/ms-icon-med-cercle_Health_Systems.svg\" alt=\"ms-icon-med-cercle_Health_Systems\" height=\"150\" width=\"150\" title=\"ms-icon-med-cercle_Health_Systems\" onerror=\"this.style.display='none'\" loading=\"lazy\" \/>\n\t<\/figure>\n<h3>\n\t\t\tLaboratoire de simulation m\u00e9dicale Gamal\t<\/h3>\n\t<p>Ce projet vise \u00e0 soutenir l\u2019\u00e9quipement d\u2019un espace de simulation m\u00e9dicale situ\u00e9 \u00e0 l\u2019Universit\u00e9 Gamal Abdel Nasser de Conakry en Guin\u00e9e. Mercy Ships ach\u00e8tera et exp\u00e9diera l\u2019\u00e9quipement directement \u00e0 l\u2019Universit\u00e9 Gamal Abdel Nasser de Conakry (UGANC) en Guin\u00e9e.<\/p>\n\t\t\t<a href=\"https:\/\/mercyships.ca\/fr\/laboratoire-de-simulation-medicale-gamal\/\"  target=\"_self\">\n\t\t\t\t\t\t\tEn savoir plus\n\t\t\t\t\t<\/a>\n<figure itemscope itemtype=\"https:\/\/schema.org\/ImageObject\">\n\t\t\t\t<img decoding=\"async\" src=\"https:\/\/mercyships.ca\/wp-content\/uploads\/2024\/10\/ms-icon-med-cercle_Dr_Fem_A.svg\" alt=\"ms-icon-med-cercle_Dr_Fem_A\" height=\"150\" width=\"150\" title=\"ms-icon-med-cercle_Dr_Fem_A\" onerror=\"this.style.display='none'\" loading=\"lazy\" \/>\n\t<\/figure>\n<h3>\n\t\t\tPersonnel infirmier en anesth\u00e9sie\t<\/h3>\n\t<p>Gamal University&#8217;s teaching program for nurse anesthesia students by providing supplies and materials and instructor&#8217;s credentials are enhanced.<\/p>\n\t\t\t<a href=\"https:\/\/mercyships.ca\/fr\/nurse-anesthesia\/\"  target=\"_self\">\n\t\t\t\t\t\t\tEn savoir plus\n\t\t\t\t\t<\/a>\n<figure itemscope itemtype=\"https:\/\/schema.org\/ImageObject\">\n\t\t\t\t<img decoding=\"async\" src=\"https:\/\/mercyships.ca\/wp-content\/uploads\/2024\/08\/ms-icon-med-cercle_Surgery.svg\" alt=\"ms-icon-med-cercle_Surgery\" height=\"150\" width=\"150\" title=\"ms-icon-med-cercle_Surgery\" onerror=\"this.style.display='none'\" loading=\"lazy\" \/>\n\t<\/figure>\n<h3>\n\t\t\tTraitement st\u00e9rile\t<\/h3>\n\t<p>Gr\u00e2ce \u00e0 la pr\u00e9vention des infections chirurgicales par la formation au traitement st\u00e9rile, nous cherchons \u00e0 am\u00e9liorer les pratiques de traitement st\u00e9rile dans les pays que Mercy Ships dessert.<\/p>\n\t\t\t<a href=\"https:\/\/mercyships.ca\/fr\/traitement-sterile\/\"  target=\"_self\">\n\t\t\t\t\t\t\tEn savoir plus\n\t\t\t\t\t<\/a>","protected":false},"excerpt":{"rendered":"<p>Transforming Healthcare Through Education, Training &#038; Advocacy in Africa Mercy Ships Canada supports healthcare training and advocacy in Africa, equipping [&hellip;]<\/p>\n","protected":false},"author":3,"featured_media":2505,"parent":0,"menu_order":0,"comment_status":"closed","ping_status":"closed","template":"","meta":{"_acf_changed":false,"_seopress_robots_primary_cat":"","_seopress_titles_title":"","_seopress_titles_desc":"Discover how Mercy Ships Canada supports healthcare training and advocacy in Africa through hands-on education, mentoring, and sustainable partnerships that strengthen local health systems.","_seopress_robots_index":"","site-sidebar-layout":"no-sidebar","site-content-layout":"page-builder","ast-site-content-layout":"default","site-content-style":"default","site-sidebar-style":"default","ast-global-header-display":"","ast-banner-title-visibility":"","ast-main-header-display":"","ast-hfb-above-header-display":"","ast-hfb-below-header-display":"","ast-hfb-mobile-header-display":"","site-post-title":"disabled","ast-breadcrumbs-content":"","ast-featured-img":"disabled","footer-sml-layout":"","ast-disable-related-posts":"","theme-transparent-header-meta":"default","adv-header-id-meta":"","stick-header-meta":"default","header-above-stick-meta":"","header-main-stick-meta":"","header-below-stick-meta":"","astra-migrate-meta-layouts":"set","ast-page-background-enabled":"default","ast-page-background-meta":{"desktop":{"background-color":"var(--ast-global-color-4)","background-image":"","background-repeat":"repeat","background-position":"center center","background-size":"auto","background-attachment":"scroll","background-type":"","background-media":"","overlay-type":"","overlay-color":"","overlay-opacity":"","overlay-gradient":""},"tablet":{"background-color":"","background-image":"","background-repeat":"repeat","background-position":"center center","background-size":"auto","background-attachment":"scroll","background-type":"","background-media":"","overlay-type":"","overlay-color":"","overlay-opacity":"","overlay-gradient":""},"mobile":{"background-color":"","background-image":"","background-repeat":"repeat","background-position":"center center","background-size":"auto","background-attachment":"scroll","background-type":"","background-media":"","overlay-type":"","overlay-color":"","overlay-opacity":"","overlay-gradient":""}},"ast-content-background-meta":{"desktop":{"background-color":"var(--ast-global-color-5)","background-image":"","background-repeat":"repeat","background-position":"center center","background-size":"auto","background-attachment":"scroll","background-type":"","background-media":"","overlay-type":"","overlay-color":"","overlay-opacity":"","overlay-gradient":""},"tablet":{"background-color":"var(--ast-global-color-5)","background-image":"","background-repeat":"repeat","background-position":"center center","background-size":"auto","background-attachment":"scroll","background-type":"","background-media":"","overlay-type":"","overlay-color":"","overlay-opacity":"","overlay-gradient":""},"mobile":{"background-color":"var(--ast-global-color-5)","background-image":"","background-repeat":"repeat","background-position":"center center","background-size":"auto","background-attachment":"scroll","background-type":"","background-media":"","overlay-type":"","overlay-color":"","overlay-opacity":"","overlay-gradient":""}},"footnotes":""},"class_list":["post-2358","page","type-page","status-publish","has-post-thumbnail","hentry"],"acf":[],"_links":{"self":[{"href":"https:\/\/mercyships.ca\/fr\/wp-json\/wp\/v2\/pages\/2358","targetHints":{"allow":["GET"]}}],"collection":[{"href":"https:\/\/mercyships.ca\/fr\/wp-json\/wp\/v2\/pages"}],"about":[{"href":"https:\/\/mercyships.ca\/fr\/wp-json\/wp\/v2\/types\/page"}],"author":[{"embeddable":true,"href":"https:\/\/mercyships.ca\/fr\/wp-json\/wp\/v2\/users\/3"}],"replies":[{"embeddable":true,"href":"https:\/\/mercyships.ca\/fr\/wp-json\/wp\/v2\/comments?post=2358"}],"version-history":[{"count":6,"href":"https:\/\/mercyships.ca\/fr\/wp-json\/wp\/v2\/pages\/2358\/revisions"}],"predecessor-version":[{"id":14118,"href":"https:\/\/mercyships.ca\/fr\/wp-json\/wp\/v2\/pages\/2358\/revisions\/14118"}],"wp:featuredmedia":[{"embeddable":true,"href":"https:\/\/mercyships.ca\/fr\/wp-json\/wp\/v2\/media\/2505"}],"wp:attachment":[{"href":"https:\/\/mercyships.ca\/fr\/wp-json\/wp\/v2\/media?parent=2358"}],"curies":[{"name":"wp","href":"https:\/\/api.w.org\/{rel}","templated":true}]}}