{"id":2343,"date":"2024-08-20T06:05:22","date_gmt":"2024-08-20T13:05:22","guid":{"rendered":"https:\/\/mercyships.onpressidium.com\/?page_id=2343"},"modified":"2026-02-19T12:46:10","modified_gmt":"2026-02-19T20:46:10","slug":"services-dappui-aux-soins-de-sante-et-infrastructure","status":"publish","type":"page","link":"https:\/\/mercyships.ca\/fr\/health-care-support-services-infrastructure\/","title":{"rendered":"Health Care Support Services &#038; Infrastructure"},"content":{"rendered":"<figure itemscope itemtype=\"https:\/\/schema.org\/ImageObject\">\n\t\t\t\t<img decoding=\"async\" src=\"https:\/\/mercyships.ca\/wp-content\/uploads\/2024\/08\/program-health-care-services-infrastructure-PS2500.jpg\" alt=\"program-health-care-services-infrastructure PS2500\" height=\"679\" width=\"2500\" title=\"program-health-care-services-infrastructure PS2500\" onerror=\"this.style.display='none'\" loading=\"lazy\" \/>\n\t<\/figure>\n<h2>\n\t\t\tHealth Care Support Services &#038; Infrastructure\t<\/h2>\n<h2>\n\t\t\t\ud83c\udde8\ud83c\udde6 Canadian Programs\t<\/h2>\n\t<p>Autant au Canada qu'a l'international, les investissements envers les soins chirurgicaux dans de nombreuses r\u00e9gions d'Afrique sont tr\u00e8s faibles. Les ressources destin\u00e9es \u00e0 traiter les affections li\u00e9es \u00e0 la chirurgie ne repr\u00e9sentent qu'une infime partie de l'aide au d\u00e9veloppement de la sant\u00e9. La plupart des ressources sont allou\u00e9es aux maladies infectieuses, \u00e0 la sant\u00e9 maternelle, au soutien de la sant\u00e9 infantile et du syst\u00e8me de sant\u00e9. Pourtant, l'acc\u00e8s \u00e0 une chirurgie rapide et abordable est essentiel pour atteindre les objectifs de d\u00e9veloppement durable.<\/p>\n\t\t<iframe loading=\"lazy\" width=\"560\" height=\"315\" src=\"https:\/\/www.youtube.com\/embed\/7igxTdZ6tG4?si=BBgsuAAgIu85gGCk\" title=\"YouTube video player\" frameborder=\"0\" allow=\"accelerometer; autoplay; clipboard-write; encrypted-media; gyroscope; picture-in-picture; web-share\" referrerpolicy=\"strict-origin-when-cross-origin\" allowfullscreen><\/iframe>\t\n\t\t<iframe loading=\"lazy\" width=\"560\" height=\"315\" src=\"https:\/\/www.youtube.com\/embed\/U51Kz4mmHdA?si=glG6bY1e6WgZG6hL\" title=\"YouTube video player\" frameborder=\"0\" allow=\"accelerometer; autoplay; clipboard-write; encrypted-media; gyroscope; picture-in-picture; web-share\" referrerpolicy=\"strict-origin-when-cross-origin\" allowfullscreen><\/iframe>\t\n\t<p>Les b\u00e9n\u00e9voles canadiens dans le domaine de la sant\u00e9 et les projets d'infrastructure de Mercy Ships Canada r\u00e9pondent aux besoins de pays africains aux ressources les plus limit\u00e9es et font \u00e9voluer les pratiques de soutien au d\u00e9veloppement. Des b\u00e9n\u00e9voles professionnels qualifi\u00e9s aident \u00e0 soutenir les soins chirurgicaux et les infrastructures n\u00e9cessaires au personnel m\u00e9dical et aux patients. Gr\u00e2ce \u00e0 votre investissement \u00e0 impact social, nous pouvons fournir des services de soutien chirurgical et des infrastructures dont le besoin est urgent et qui auront un impact durable. Apprenez-en plus sur certains de nos projets canadiens ci-dessous.<\/p>\n<h2>\n\t\t\t\ud83c\udde8\ud83c\udde6 &nbsp;Canadian Projects\t<\/h2>\n<figure itemscope itemtype=\"https:\/\/schema.org\/ImageObject\">\n\t\t\t\t<img decoding=\"async\" src=\"https:\/\/mercyships.ca\/wp-content\/uploads\/2024\/10\/ms-icon-med-cercle_Hospital_Bed.svg\" alt=\"ms-icon-med-cercle_Hospital_Bed\" height=\"150\" width=\"150\" title=\"ms-icon-med-cercle_Hospital_Bed\" onerror=\"this.style.display='none'\" loading=\"lazy\" \/>\n\t<\/figure>\n<h3>\n\t\t\tDes lits con\u00e7us pour les patients au Centre HOPE\t<\/h3>\n\t<p>Until now, the Hope Center&#8217;s metal bunk beds posed challenges for some patients and caregivers who were unfamiliar with climbing into upper bunks. The new bed design places both beds at an accessible height, making them easy to use with confidence.<\/p>\n\t\t\t<a href=\"https:\/\/mercyships.ca\/fr\/des-lits-concus-pour-les-patients-au-centre-hope\/\"  target=\"_self\">\n\t\t\t\t\t\t\tEn savoir plus\n\t\t\t\t\t<\/a>\n<figure itemscope itemtype=\"https:\/\/schema.org\/ImageObject\">\n\t\t\t\t<img decoding=\"async\" src=\"https:\/\/mercyships.ca\/wp-content\/uploads\/2024\/10\/ms-icon-mar-cercle_Ship_Heading.svg\" alt=\"ms-icon-mar-cercle_Ship_Heading\" height=\"150\" width=\"150\" title=\"ms-icon-mar-cercle_Ship_Heading\" onerror=\"this.style.display='none'\" loading=\"lazy\" \/>\n\t<\/figure>\n<h3>\n\t\t\tPasserelles\t<\/h3>\n\t<p>The Gangways Project upgrades the <em>Africa Mercy<\/em>&#8216;s main and emergency gangways to ensure safer, faster, and more dignified access for patients and volunteer crew. By improving efficiency and reducing operational strain, the project directly supports timely surgeries, crew safety, and the ship&#8217;s life-changing medical mission in Africa.<\/p>\n\t\t\t<a href=\"https:\/\/mercyships.ca\/fr\/gangways-project\/\"  target=\"_self\">\n\t\t\t\t\t\t\tEn savoir plus\n\t\t\t\t\t<\/a>\n<figure itemscope itemtype=\"https:\/\/schema.org\/ImageObject\">\n\t\t\t\t<img decoding=\"async\" src=\"https:\/\/mercyships.ca\/wp-content\/uploads\/2024\/10\/ms-icon-med-cercle_Impact.svg\" alt=\"ms-icon-med-cercle_Impact\" height=\"150\" width=\"150\" title=\"ms-icon-med-cercle_Impact\" onerror=\"this.style.display='none'\" loading=\"lazy\" \/>\n\t<\/figure>\n<h3>\n\t\t\tTransport routier\t<\/h3>\n\t<p>The Vehicle Project enables Mercy Ships&#8217; Country Engagement teams to reach patients, partners, and communities where access to healthcare is limited by distance, infrastructure, and cost.<\/p>\n\t\t\t<a href=\"https:\/\/mercyships.ca\/fr\/transport-routier\/\"  target=\"_self\">\n\t\t\t\t\t\t\tEn savoir plus\n\t\t\t\t\t<\/a>\n<figure itemscope itemtype=\"https:\/\/schema.org\/ImageObject\">\n\t\t\t\t<img decoding=\"async\" src=\"https:\/\/mercyships.ca\/wp-content\/uploads\/2024\/10\/ms-icon-mar-cercle_Hospital_Ship.svg\" alt=\"ms-icon-mar-cercle_Hospital_Ship\" height=\"150\" width=\"150\" title=\"ms-icon-mar-cercle_Hospital_Ship\" onerror=\"this.style.display='none'\" loading=\"lazy\" \/>\n\t<\/figure>\n<h3>\n\t\t\tSoupapes de prise d\u2019eau de mer\t<\/h3>\n\t<p>The seawater intake valves are crucial for the hospital&#8217;s operations, as they keep machinery cool, ensure water flows, and protect the vessel&#8217;s stability. The marine intake valves may not always be visible. Still, their impact is everywhere-in the laughter of children, the relief of parents, and the dedication of volunteers.<\/p>\n<p>&nbsp;<\/p>\n\t\t\t<a href=\"https:\/\/mercyships.ca\/fr\/soupapes-de-prise-deau-de-mer\/\"  target=\"_self\">\n\t\t\t\t\t\t\tEn savoir plus\n\t\t\t\t\t<\/a>\n<figure itemscope itemtype=\"https:\/\/schema.org\/ImageObject\">\n\t\t\t\t<img decoding=\"async\" src=\"https:\/\/mercyships.ca\/wp-content\/uploads\/2024\/10\/ms-icon-mar-cercle_Energy_Idea.svg\" alt=\"ms-icon-mar-cercle_Energy_Idea\" height=\"150\" width=\"150\" title=\"ms-icon-mar-cercle_Energy_Idea\" onerror=\"this.style.display='none'\" loading=\"lazy\" \/>\n\t<\/figure>\n<h3>\n\t\t\tConvertisseur de d\u00e9chets m\u00e9dicaux\t<\/h3>\n\t<p>Contributing to medical infrastructure is an essential part of Mercy Ships Canada&#8217;s work. For example, the Canadian project will allow medical waste to be safely handled through existing waste collection systems after processing in Senegal.<\/p>\n\t\t\t<a href=\"https:\/\/mercyships.ca\/fr\/convertisseur-de-dechets-medicaux\/\"  target=\"_self\">\n\t\t\t\t\t\t\tEn savoir plus\n\t\t\t\t\t<\/a>\n<figure itemscope itemtype=\"https:\/\/schema.org\/ImageObject\">\n\t\t\t\t<img decoding=\"async\" src=\"https:\/\/mercyships.ca\/wp-content\/uploads\/2024\/10\/ms-icon-cercle_patient.svg\" alt=\"ms-icon-cercle_patient\" height=\"150\" width=\"150\" title=\"ms-icon-cercle_patient\" onerror=\"this.style.display='none'\" loading=\"lazy\" \/>\n\t<\/figure>\n<h3>\n\t\t\tCentre HOPE\t<\/h3>\n\t<p>The HOPE Centre frees up precious bed space in the hospital wards on the ship and allows optimization of the ship&#8217;s surgical capacity.<\/p>\n\t\t\t<a href=\"https:\/\/mercyships.ca\/fr\/centre-hope\/\"  target=\"_self\">\n\t\t\t\t\t\t\tEn savoir plus\n\t\t\t\t\t<\/a>\n<figure itemscope itemtype=\"https:\/\/schema.org\/ImageObject\">\n\t\t\t\t<img decoding=\"async\" src=\"https:\/\/mercyships.ca\/wp-content\/uploads\/2024\/08\/ms-icon-gen-cercle_Prayer.svg\" alt=\"ms-icon-gen-cercle_Prayer\" height=\"150\" width=\"150\" title=\"ms-icon-gen-cercle_Prayer\" onerror=\"this.style.display='none'\" loading=\"lazy\" \/>\n\t<\/figure>\n<h3>\n\t\t\tAum\u00f4nerie hospitali\u00e8re\t<\/h3>\n\t<p>L\u2019aum\u00f4nerie hospitali\u00e8re fournit des soins holistiques aux patients en se concentrant sur leurs besoins spirituels, psychologiques, sociaux, \u00e9motionnels et physiques.<\/p>\n\t\t\t<a href=\"https:\/\/mercyships.ca\/fr\/aumonerie-hospitaliere\/\"  target=\"_self\">\n\t\t\t\t\t\t\tEn savoir plus\n\t\t\t\t\t<\/a>","protected":false},"excerpt":{"rendered":"<p>Health Care Support Services &#038; Infrastructure \ud83c\udde8\ud83c\udde6 Canadian Programs Financial investment in surgical care in many parts of Africa is [&hellip;]<\/p>\n","protected":false},"author":3,"featured_media":2490,"parent":0,"menu_order":0,"comment_status":"closed","ping_status":"closed","template":"","meta":{"_acf_changed":false,"_seopress_robots_primary_cat":"","_seopress_titles_title":"","_seopress_titles_desc":"Learn about the importance of health care support services and infrastructure in ensuring quality patient care.","_seopress_robots_index":"","site-sidebar-layout":"no-sidebar","site-content-layout":"page-builder","ast-site-content-layout":"default","site-content-style":"default","site-sidebar-style":"default","ast-global-header-display":"","ast-banner-title-visibility":"","ast-main-header-display":"","ast-hfb-above-header-display":"","ast-hfb-below-header-display":"","ast-hfb-mobile-header-display":"","site-post-title":"disabled","ast-breadcrumbs-content":"","ast-featured-img":"disabled","footer-sml-layout":"","ast-disable-related-posts":"","theme-transparent-header-meta":"default","adv-header-id-meta":"","stick-header-meta":"default","header-above-stick-meta":"","header-main-stick-meta":"","header-below-stick-meta":"","astra-migrate-meta-layouts":"set","ast-page-background-enabled":"default","ast-page-background-meta":{"desktop":{"background-color":"var(--ast-global-color-4)","background-image":"","background-repeat":"repeat","background-position":"center center","background-size":"auto","background-attachment":"scroll","background-type":"","background-media":"","overlay-type":"","overlay-color":"","overlay-opacity":"","overlay-gradient":""},"tablet":{"background-color":"","background-image":"","background-repeat":"repeat","background-position":"center center","background-size":"auto","background-attachment":"scroll","background-type":"","background-media":"","overlay-type":"","overlay-color":"","overlay-opacity":"","overlay-gradient":""},"mobile":{"background-color":"","background-image":"","background-repeat":"repeat","background-position":"center center","background-size":"auto","background-attachment":"scroll","background-type":"","background-media":"","overlay-type":"","overlay-color":"","overlay-opacity":"","overlay-gradient":""}},"ast-content-background-meta":{"desktop":{"background-color":"var(--ast-global-color-5)","background-image":"","background-repeat":"repeat","background-position":"center center","background-size":"auto","background-attachment":"scroll","background-type":"","background-media":"","overlay-type":"","overlay-color":"","overlay-opacity":"","overlay-gradient":""},"tablet":{"background-color":"var(--ast-global-color-5)","background-image":"","background-repeat":"repeat","background-position":"center center","background-size":"auto","background-attachment":"scroll","background-type":"","background-media":"","overlay-type":"","overlay-color":"","overlay-opacity":"","overlay-gradient":""},"mobile":{"background-color":"var(--ast-global-color-5)","background-image":"","background-repeat":"repeat","background-position":"center center","background-size":"auto","background-attachment":"scroll","background-type":"","background-media":"","overlay-type":"","overlay-color":"","overlay-opacity":"","overlay-gradient":""}},"footnotes":""},"class_list":["post-2343","page","type-page","status-publish","has-post-thumbnail","hentry"],"acf":[],"_links":{"self":[{"href":"https:\/\/mercyships.ca\/fr\/wp-json\/wp\/v2\/pages\/2343","targetHints":{"allow":["GET"]}}],"collection":[{"href":"https:\/\/mercyships.ca\/fr\/wp-json\/wp\/v2\/pages"}],"about":[{"href":"https:\/\/mercyships.ca\/fr\/wp-json\/wp\/v2\/types\/page"}],"author":[{"embeddable":true,"href":"https:\/\/mercyships.ca\/fr\/wp-json\/wp\/v2\/users\/3"}],"replies":[{"embeddable":true,"href":"https:\/\/mercyships.ca\/fr\/wp-json\/wp\/v2\/comments?post=2343"}],"version-history":[{"count":11,"href":"https:\/\/mercyships.ca\/fr\/wp-json\/wp\/v2\/pages\/2343\/revisions"}],"predecessor-version":[{"id":14331,"href":"https:\/\/mercyships.ca\/fr\/wp-json\/wp\/v2\/pages\/2343\/revisions\/14331"}],"wp:featuredmedia":[{"embeddable":true,"href":"https:\/\/mercyships.ca\/fr\/wp-json\/wp\/v2\/media\/2490"}],"wp:attachment":[{"href":"https:\/\/mercyships.ca\/fr\/wp-json\/wp\/v2\/media?parent=2343"}],"curies":[{"name":"wp","href":"https:\/\/api.w.org\/{rel}","templated":true}]}}