{"id":2331,"date":"2024-08-20T05:52:28","date_gmt":"2024-08-20T12:52:28","guid":{"rendered":"https:\/\/mercyships.onpressidium.com\/?page_id=2331"},"modified":"2026-02-09T05:00:51","modified_gmt":"2026-02-09T13:00:51","slug":"services-chirurgicaux-directs-et-equipement-medical","status":"publish","type":"page","link":"https:\/\/mercyships.ca\/fr\/direct-surgical-services-medical-equipment\/","title":{"rendered":"Direct Surgical Services &#038; Medical Equipment"},"content":{"rendered":"<figure itemscope itemtype=\"https:\/\/schema.org\/ImageObject\">\n\t\t\t\t<img decoding=\"async\" src=\"https:\/\/mercyships.ca\/wp-content\/uploads\/2024\/08\/program-surgical-service-medical-equipment-PS2500.jpg\" alt=\"Program surgical services and medical equipment\" height=\"679\" width=\"2500\" title=\"program-surgical-service-medical-equipment PS2500\" onerror=\"this.style.display='none'\" loading=\"lazy\" \/>\n\t<\/figure>\n<h1>\n\t\t\tDirect Surgical Services &#038; Medical Equipment\t<\/h1>\n<h2>\n\t\t\t\ud83c\udde8\ud83c\udde6 Canadian Programs\t<\/h2>\n\t<p>Votre contribution pour les services chirurgicaux directs et l'\u00e9quipement m\u00e9dical peut avoir un impact social positif et contribuer aux objectifs de d\u00e9veloppement durable : r\u00e9duction des in\u00e9galit\u00e9s, promotion de la sant\u00e9, bien-\u00eatre, travail d\u00e9cent et croissance \u00e9conomique. Cinq milliards de personnes n'ont pas acc\u00e8s \u00e0 des soins chirurgicaux rapides, abordables et s\u00fbrs. Les lacunes en mati\u00e8re chirurgicale touchent principalement les pays \u00e0 revenu faible et interm\u00e9diaire (PRFI). Mercy Ships fournit les soins chirurgicaux n\u00e9cessaires pour pr\u00e9venir et traiter les conditions li\u00e9es \u00e0 la sant\u00e9 maternelle et infantile, aux maladies non transmissibles et aux traumatismes, en utilisant des \u00e9quipements m\u00e9dicaux moderne pour r\u00e9duire la mortalit\u00e9 et la morbidit\u00e9 \u00e0 tous les stades de la vie.<\/p>\n\t\t<iframe loading=\"lazy\" width=\"560\" height=\"315\" src=\"https:\/\/www.youtube.com\/embed\/LuIFU7Mw6io?si=mfhXXgWFnD0J3BpS\" title=\"YouTube video player\" frameborder=\"0\" allow=\"accelerometer; autoplay; clipboard-write; encrypted-media; gyroscope; picture-in-picture; web-share\" referrerpolicy=\"strict-origin-when-cross-origin\" allowfullscreen><\/iframe>\t\n\t\t<iframe loading=\"lazy\" width=\"560\" height=\"315\" src=\"https:\/\/www.youtube.com\/embed\/Hd-6AsJQcGg?si=9yjPJBsKLNPcStai\" title=\"YouTube video player\" frameborder=\"0\" allow=\"accelerometer; autoplay; clipboard-write; encrypted-media; gyroscope; picture-in-picture; web-share\" referrerpolicy=\"strict-origin-when-cross-origin\" allowfullscreen><\/iframe>\t\n\t<p>Mercy Ships Canada travaille avec des b\u00e9n\u00e9voles sp\u00e9cialis\u00e9s en soins p\u00e9riop\u00e9ratoires : personnel infirmier, m\u00e9decins, anesth\u00e9sistes... et autres sp\u00e9cialistes. Ils font partie d'une \u00e9quipe internationale qui s'attaque aux in\u00e9galit\u00e9s en mati\u00e8re de soins de sant\u00e9 en offrant des soins chirurgicaux holistiques et gratuits. Ces soins permettent aux patients de regagner leur autonomie et redonnent espoir aux familles et leurs communaut\u00e9s. Pour en savoir plus, consultez sur nos huit domaines d'intervention chirurgicale ci-dessous.<\/p>\n<figure itemscope itemtype=\"https:\/\/schema.org\/ImageObject\">\n\t\t\t\t<img decoding=\"async\" src=\"https:\/\/mercyships.ca\/wp-content\/uploads\/2024\/08\/ms-icon-mar-cercle_Power.svg\" alt=\"ms-icon-mar-cercle_Power\" height=\"150\" width=\"150\" title=\"ms-icon-mar-cercle_Power\" onerror=\"this.style.display='none'\" loading=\"lazy\" \/>\n\t<\/figure>\n<h3>\n\t\t\tCompresseur d'air m\u00e9dical\t<\/h3>\n\t<p>The Medical Air Compressor Project is vital for unlocking the full potential of <em>Global Mercy<\/em>&#8216;s operating rooms, as it directly increases surgical capacity by providing reliable, high-quality medical air.<\/p>\n\t\t\t<a href=\"https:\/\/mercyships.ca\/fr\/compresseur-air-medical\/\"  target=\"_self\">\n\t\t\t\t\t\t\tEn savoir plus\n\t\t\t\t\t<\/a>\n<figure itemscope itemtype=\"https:\/\/schema.org\/ImageObject\">\n\t\t\t\t<img decoding=\"async\" src=\"https:\/\/mercyships.ca\/wp-content\/uploads\/2024\/10\/ms-icon-med-cercle_Lung_Health-1.svg\" alt=\"ms-icon-med-cercle_Lung_Health (1)\" height=\"150\" width=\"150\" title=\"ms-icon-med-cercle_Lung_Health (1)\" onerror=\"this.style.display='none'\" loading=\"lazy\" \/>\n\t<\/figure>\n<h3>\n\t\t\t\u00c9quipement d'imagerie et de test biom\u00e9dical\t<\/h3>\n\t<p class=\"translation-block\">Fournir aux navires-h\u00f4pitaux des \u00e9quipements tels qu'un analyseur \u00e9lectrochirurgical, un analyseur de s\u00e9curit\u00e9 \u00e9lectrique, un analyseur de sortie laser, un fant\u00f4me catphan, un appareil d'anesth\u00e9sie, un analyseur de ventilateur, un analyseur de gaz m\u00e9dical, un analyseur de d\u00e9fibrillateur et une pompe \u00e0 perfusion.<\/p>\n\t\t\t<a href=\"https:\/\/mercyships.ca\/fr\/equipement-dimagerie-et-de-test-biomedical\/\"  target=\"_self\">\n\t\t\t\t\t\t\tEn savoir plus\n\t\t\t\t\t<\/a>\n<figure itemscope itemtype=\"https:\/\/schema.org\/ImageObject\">\n\t\t\t\t<img decoding=\"async\" src=\"https:\/\/mercyships.ca\/wp-content\/uploads\/2024\/10\/ms-icon-med-cercle_OR.svg\" alt=\"ms-icon-med-cercle_OR\" height=\"150\" width=\"150\" title=\"ms-icon-med-cercle_OR\" onerror=\"this.style.display='none'\" loading=\"lazy\" \/>\n\t<\/figure>\n<h3>\n\t\t\tProjet d'\u00e9quipement m\u00e9dical pour salle d'op\u00e9ration\t<\/h3>\n\t<p>This project supports the continued development and operational readiness of the <i>Global Mercy<\/i>. Its primary objective is to purchase and deliver essential surgical equipment-including operating tables, anesthesia machines, and related tools-to ensure that all six onboard operating rooms are fully equipped for safe and effective surgical care.<\/p>\n\t\t\t<a href=\"https:\/\/mercyships.ca\/fr\/projet-equipement-medical-salle-operation\/\"  target=\"_self\">\n\t\t\t\t\t\t\tEn savoir plus\n\t\t\t\t\t<\/a>\n<figure itemscope itemtype=\"https:\/\/schema.org\/ImageObject\">\n\t\t\t\t<img decoding=\"async\" src=\"https:\/\/mercyships.ca\/wp-content\/uploads\/2024\/08\/ms-icon-med-cercle_Med_Equipment.svg\" alt=\"ms-icon-med-cercle_Med_Equipment\" height=\"150\" width=\"150\" title=\"ms-icon-med-cercle_Med_Equipment\" onerror=\"this.style.display='none'\" loading=\"lazy\" \/>\n\t<\/figure>\n<h3>\n\t\t\tDigital X-Ray Detectors &#038; Transport Stretchers Project\t<\/h3>\n\t<p class=\"translation-block\">Ce projet a permis de fournir du mat\u00e9riel de radiologie, en particulier des d\u00e9tecteurs de rayons X num\u00e9riques pour les navires-h\u00f4pitaux l\u2019<em>Africa Mercy<\/em> et le <em>Global Mercy<\/em>, ainsi que des civi\u00e8res de transport de patients pour l\u2019<em>Africa Mercy.<\/em><\/p>\n\t\t\t<a href=\"https:\/\/mercyships.ca\/fr\/projet-de-detecteurs-de-rayons-x-numeriques-et-de-civieres-de-transport\/\"  target=\"_self\">\n\t\t\t\t\t\t\tEn savoir plus\n\t\t\t\t\t<\/a>\n<figure itemscope itemtype=\"https:\/\/schema.org\/ImageObject\">\n\t\t\t\t<img decoding=\"async\" src=\"https:\/\/mercyships.ca\/wp-content\/uploads\/2024\/08\/ms-icon-med-cercle_Radiology.svg\" alt=\"ms-icon-med-cercle_Radiology\" height=\"150\" width=\"150\" title=\"ms-icon-med-cercle_Radiology\" onerror=\"this.style.display='none'\" loading=\"lazy\" \/>\n\t<\/figure>\n<h3>\n\t\t\tX-ray &#038; OPG\t<\/h3>\n\t<p class=\"translation-block\">L\u2019objectif du projet est de fournir un \u00e9quipement de radiologie, en particulier une unit\u00e9 de radiographie et d\u2019OPG (orthopantomogramme), pour l\u2019<em>Africa Mercy.<\/em><\/p>\n\t\t\t<a href=\"https:\/\/mercyships.ca\/fr\/unite-de-radiographie-et-opg\/\"  target=\"_self\">\n\t\t\t\t\t\t\tEn savoir plus\n\t\t\t\t\t<\/a>\n<figure itemscope itemtype=\"https:\/\/schema.org\/ImageObject\">\n\t\t\t\t<img decoding=\"async\" src=\"https:\/\/mercyships.ca\/wp-content\/uploads\/2024\/08\/ms-icon-med-cercle_Dental_Tools.svg\" alt=\"ms-icon-med-cercle_Dental_Tools\" height=\"150\" width=\"150\" title=\"ms-icon-med-cercle_Dental_Tools\" onerror=\"this.style.display='none'\" loading=\"lazy\" \/>\n\t<\/figure>\n<h3>\n\t\t\tCabinet dentaire mobile\t<\/h3>\n\t<p class=\"translation-block\">Le projet vise \u00e0 fournir de l\u2019\u00e9quipement, en particulier un cabinet dentaire mobile pour l\u2019<em>Africa Mercy<\/em>. La clinique dentaire est utilis\u00e9e par Mercy Ships dans de nombreux pays quand les b\u00e9n\u00e9voles et le navire-h\u00f4pital m\u00e8nent leurs activit\u00e9s sur le terrain.<\/p>\n\t\t\t<a href=\"https:\/\/mercyships.ca\/fr\/cabinet-dentaire-mobile\/\"  target=\"_self\">\n\t\t\t\t\t\t\tEn savoir plus\n\t\t\t\t\t<\/a>\n<figure itemscope itemtype=\"https:\/\/schema.org\/ImageObject\">\n\t\t\t\t<img decoding=\"async\" src=\"https:\/\/mercyships.ca\/wp-content\/uploads\/2024\/08\/ms-icon-med-cercle_Eyes.svg\" alt=\"ms-icon-med-cercle_Eyes\" height=\"150\" width=\"150\" title=\"ms-icon-med-cercle_Eyes\" onerror=\"this.style.display='none'\" loading=\"lazy\" \/>\n\t<\/figure>\n<h3>\n\t\t\tLe laser YAG\t<\/h3>\n\t<section data-id=\"042832a\" data-element_type=\"section\" data-settings=\"{&quot;jet_parallax_layout_list&quot;:[]}\">\n<article>\n<p>Fournir au <em>Global Mercy<\/em> un laser Nidek YC-1800 YAG install\u00e9, test\u00e9 et en \u00e9tat de fonctionnement, ainsi qu\u2019un support, une lunette d\u2019observation avec s\u00e9parateur de faisceau et une mallette pelican.<\/p>\n<\/article>\n<\/section>\n\t\t\t<a href=\"https:\/\/mercyships.ca\/fr\/laser-yag\/\"  target=\"_self\">\n\t\t\t\t\t\t\tEn savoir plus\n\t\t\t\t\t<\/a>\n<h2>\n\t\t\tMercy Ships Canada&#8217;s Humanitarian Work at a Glance\t<\/h2>\n<h2>\n\t\t\tServices m\u00e9dicaux directs aux patients et leurs familles sur un navire-h\u00f4pital\t<\/h2>\n<figure itemscope itemtype=\"https:\/\/schema.org\/ImageObject\">\n\t\t\t\t<img decoding=\"async\" src=\"https:\/\/mercyships.ca\/wp-content\/uploads\/2024\/08\/ms-icon-gen-cercle_Woman_B.svg\" alt=\"ms-icon-gen-cercle_Woman_B\" height=\"150\" width=\"150\" title=\"ms-icon-gen-cercle_Woman_B\" onerror=\"this.style.display='none'\" loading=\"lazy\" \/>\n\t<\/figure>\n<h3>\n\t\t\tWomen&#8217;s Health\t<\/h3>\n\t<p>Un soutien et des soins m\u00e9dicaux sont fournis aux femmes qui ont subi des l\u00e9sions lors de l\u2019accouchement. Nous proposons des interventions chirurgicales extr\u00eamement sp\u00e9cialis\u00e9es et poursuivons le processus de r\u00e9tablissement par le biais de l\u2019\u00e9ducation et d\u2019activit\u00e9s sociales.<\/p>\n\t\t\t<a href=\"https:\/\/mercyships.ca\/fr\/chirurgie-gynecologique\/\"  target=\"_self\">\n\t\t\t\t\t\t\tEn savoir plus\n\t\t\t\t\t<\/a>\n<figure itemscope itemtype=\"https:\/\/schema.org\/ImageObject\">\n\t\t\t\t<img decoding=\"async\" src=\"https:\/\/mercyships.ca\/wp-content\/uploads\/2024\/07\/ms-icon-med-cercle_MaxFax.svg\" alt=\"ms-icon-med-cercle_MaxFax\" height=\"150\" width=\"150\" title=\"ms-icon-med-cercle_MaxFax\" onerror=\"this.style.display='none'\" loading=\"lazy\" \/>\n\t<\/figure>\n<h3>\n\t\t\tChirurgie maxillo-faciale\t<\/h3>\n\t<p>Gr\u00e2ce \u00e0 des chirurgies maxillo-faciales correctives et reconstructives, nos chirurgiens soulagent les d\u00e9formations caus\u00e9es par des conditions physiques telles que tumeurs, fente labiale, fente palatine et le noma.<\/p>\n\t\t\t<a href=\"https:\/\/mercyships.ca\/fr\/chirurgie-maxillofaciale\/\"  target=\"_self\">\n\t\t\t\t\t\t\tEn savoir plus\n\t\t\t\t\t<\/a>\n<figure itemscope itemtype=\"https:\/\/schema.org\/ImageObject\">\n\t\t\t\t<img decoding=\"async\" src=\"https:\/\/mercyships.ca\/wp-content\/uploads\/2024\/08\/ms-icon-med-cercle_Recon_Plast.svg\" alt=\"ms-icon-med-cercle_Recon_Plast\" height=\"150\" width=\"150\" title=\"ms-icon-med-cercle_Recon_Plast\" onerror=\"this.style.display='none'\" loading=\"lazy\" \/>\n\t<\/figure>\n<h3>\n\t\t\tChirurgie plastique reconstructive\t<\/h3>\n\t<p>Les malformations cong\u00e9nitales, les br\u00fblures et les maladies sont souvent \u00e0 l\u2019origine de d\u00e9formations que nous corrigeons par des interventions chirurgicales : contractures dues \u00e0 une cicatrice de br\u00fblure, tumeurs b\u00e9nignes, ulc\u00e8res chroniques, doigts combin\u00e9s, etc.<\/p>\n\t\t\t<a href=\"https:\/\/mercyships.ca\/fr\/chirurgie-plastique-reconstructive\/\"  target=\"_self\">\n\t\t\t\t\t\t\tEn savoir plus\n\t\t\t\t\t<\/a>\n<figure itemscope itemtype=\"https:\/\/schema.org\/ImageObject\">\n\t\t\t\t<img decoding=\"async\" src=\"https:\/\/mercyships.ca\/wp-content\/uploads\/2024\/08\/ms-icon-med-cercle_Ortho.svg\" alt=\"ms-icon-med-cercle_Ortho\" height=\"150\" width=\"150\" title=\"ms-icon-med-cercle_Ortho\" onerror=\"this.style.display='none'\" loading=\"lazy\" \/>\n\t<\/figure>\n<h3>\n\t\t\tProgramme orthop\u00e9dique\t<\/h3>\n\t<p>Mercy Ships trains local surgeons in Ponseti casting, the &#8220;universal standard&#8221; in non-invasive clubfoot correction, and provides free surgical intervention for musculoskeletal conditions, neglected orthopedic trauma and joint diseases.<\/p>\n\t\t\t<a href=\"https:\/\/mercyships.ca\/fr\/programme-orthopedique\/\"  target=\"_self\">\n\t\t\t\t\t\t\tEn savoir plus\n\t\t\t\t\t<\/a>\n<figure itemscope itemtype=\"https:\/\/schema.org\/ImageObject\">\n\t\t\t\t<img decoding=\"async\" src=\"https:\/\/mercyships.ca\/wp-content\/uploads\/2024\/08\/ms-icon-med-cercle_Palliative_Care.svg\" alt=\"ms-icon-med-cercle_Palliative_Care\" height=\"150\" width=\"150\" title=\"ms-icon-med-cercle_Palliative_Care\" onerror=\"this.style.display='none'\" loading=\"lazy\" \/>\n\t<\/figure>\n<h3>\n\t\t\tSoins palliatifs\t<\/h3>\n\t<p>Les soins palliatifs sont une approche qui am\u00e9liore la qualit\u00e9 de vie des patients et de leurs familles confront\u00e9s aux difficult\u00e9s li\u00e9es \u00e0 une maladie potentiellement mortelle.<\/p>\n\t\t\t<a href=\"https:\/\/mercyships.ca\/fr\/soins-palliatifs\/\"  target=\"_self\">\n\t\t\t\t\t\t\tEn savoir plus\n\t\t\t\t\t<\/a>\n<figure itemscope itemtype=\"https:\/\/schema.org\/ImageObject\">\n\t\t\t\t<img decoding=\"async\" src=\"https:\/\/mercyships.ca\/wp-content\/uploads\/2024\/08\/ms-icon-med-cercle_Surgical_Tools.svg\" alt=\"ms-icon-med-cercle_Surgical_Tools\" height=\"150\" width=\"150\" title=\"ms-icon-med-cercle_Surgical_Tools\" onerror=\"this.style.display='none'\" loading=\"lazy\" \/>\n\t<\/figure>\n<h3>\n\t\t\tChirurgie g\u00e9n\u00e9rale\t<\/h3>\n\t<p>Nos chirurgiens b\u00e9n\u00e9voles r\u00e9duisent les effets des traumatismes n\u00e9glig\u00e9s, des maladies et des affections cong\u00e9nitales en proposant des chirurgies g\u00e9n\u00e9rales pour des affections telles que les hernies et les goitres.<\/p>\n\t\t\t<a href=\"https:\/\/mercyships.ca\/fr\/chirurgie-generale\/\"  target=\"_self\">\n\t\t\t\t\t\t\tEn savoir plus\n\t\t\t\t\t<\/a>\n<figure itemscope itemtype=\"https:\/\/schema.org\/ImageObject\">\n\t\t\t\t<img decoding=\"async\" src=\"https:\/\/mercyships.ca\/wp-content\/uploads\/2024\/08\/ms-icon-med-cercle_Dental.svg\" alt=\"ms-icon-med-cercle_Dental\" height=\"150\" width=\"150\" title=\"ms-icon-med-cercle_Dental\" onerror=\"this.style.display='none'\" loading=\"lazy\" \/>\n\t<\/figure>\n<h3>\n\t\t\tSoins dentaires\t<\/h3>\n\t<p>Mercy Ships vise \u00e0 pr\u00e9venir et \u00e0 r\u00e9duire les effets d\u2019un manque de soins bucco-dentaires en fournissant des traitements dentaires ainsi qu\u2019une \u00e9ducation et une formation \u00e0 l\u2019hygi\u00e8ne dentaire.<\/p>\n\t\t\t<a href=\"https:\/\/mercyships.ca\/fr\/soins-dentaires\/\"  target=\"_self\">\n\t\t\t\t\t\t\tEn savoir plus\n\t\t\t\t\t<\/a>\n<figure itemscope itemtype=\"https:\/\/schema.org\/ImageObject\">\n\t\t\t\t<img decoding=\"async\" src=\"https:\/\/mercyships.ca\/wp-content\/uploads\/2024\/08\/ms-icon-med-cercle_Eyes.svg\" alt=\"ms-icon-med-cercle_Eyes\" height=\"150\" width=\"150\" title=\"ms-icon-med-cercle_Eyes\" onerror=\"this.style.display='none'\" loading=\"lazy\" \/>\n\t<\/figure>\n<h3>\n\t\t\tSoins des yeux\t<\/h3>\n\t<p>R\u00e9pond aux besoins chirurgicaux et m\u00e9dicaux des yeux dans des environnements o\u00f9 la c\u00e9cit\u00e9 \u00e9vitable est r\u00e9pandue. L\u2019objectif principal de l\u2019intervention chirurgicale est de r\u00e9duire la c\u00e9cit\u00e9 due \u00e0 la cataracte.<\/p>\n\t\t\t<a href=\"https:\/\/mercyships.ca\/fr\/soins-des-yeux\/\"  target=\"_self\">\n\t\t\t\t\t\t\tEn savoir plus\n\t\t\t\t\t<\/a>","protected":false},"excerpt":{"rendered":"<p>Direct Surgical Services &#038; Medical Equipment \ud83c\udde8\ud83c\udde6 Canadian Programs Your investment in direct surgical services and medical equipment can help [&hellip;]<\/p>\n","protected":false},"author":3,"featured_media":2385,"parent":0,"menu_order":0,"comment_status":"closed","ping_status":"closed","template":"","meta":{"_acf_changed":false,"_seopress_robots_primary_cat":"","_seopress_titles_title":"","_seopress_titles_desc":"Discover the benefits of Direct Surgical Services & Medical Equipment. Find out how these services can improve patient care and outcomes.","_seopress_robots_index":"","site-sidebar-layout":"no-sidebar","site-content-layout":"page-builder","ast-site-content-layout":"default","site-content-style":"default","site-sidebar-style":"default","ast-global-header-display":"","ast-banner-title-visibility":"","ast-main-header-display":"","ast-hfb-above-header-display":"","ast-hfb-below-header-display":"","ast-hfb-mobile-header-display":"","site-post-title":"disabled","ast-breadcrumbs-content":"","ast-featured-img":"disabled","footer-sml-layout":"","ast-disable-related-posts":"","theme-transparent-header-meta":"default","adv-header-id-meta":"","stick-header-meta":"default","header-above-stick-meta":"","header-main-stick-meta":"","header-below-stick-meta":"","astra-migrate-meta-layouts":"set","ast-page-background-enabled":"default","ast-page-background-meta":{"desktop":{"background-color":"var(--ast-global-color-4)","background-image":"","background-repeat":"repeat","background-position":"center center","background-size":"auto","background-attachment":"scroll","background-type":"","background-media":"","overlay-type":"","overlay-color":"","overlay-opacity":"","overlay-gradient":""},"tablet":{"background-color":"","background-image":"","background-repeat":"repeat","background-position":"center center","background-size":"auto","background-attachment":"scroll","background-type":"","background-media":"","overlay-type":"","overlay-color":"","overlay-opacity":"","overlay-gradient":""},"mobile":{"background-color":"","background-image":"","background-repeat":"repeat","background-position":"center center","background-size":"auto","background-attachment":"scroll","background-type":"","background-media":"","overlay-type":"","overlay-color":"","overlay-opacity":"","overlay-gradient":""}},"ast-content-background-meta":{"desktop":{"background-color":"var(--ast-global-color-5)","background-image":"","background-repeat":"repeat","background-position":"center center","background-size":"auto","background-attachment":"scroll","background-type":"","background-media":"","overlay-type":"","overlay-color":"","overlay-opacity":"","overlay-gradient":""},"tablet":{"background-color":"var(--ast-global-color-5)","background-image":"","background-repeat":"repeat","background-position":"center center","background-size":"auto","background-attachment":"scroll","background-type":"","background-media":"","overlay-type":"","overlay-color":"","overlay-opacity":"","overlay-gradient":""},"mobile":{"background-color":"var(--ast-global-color-5)","background-image":"","background-repeat":"repeat","background-position":"center center","background-size":"auto","background-attachment":"scroll","background-type":"","background-media":"","overlay-type":"","overlay-color":"","overlay-opacity":"","overlay-gradient":""}},"footnotes":""},"class_list":["post-2331","page","type-page","status-publish","has-post-thumbnail","hentry"],"acf":[],"_links":{"self":[{"href":"https:\/\/mercyships.ca\/fr\/wp-json\/wp\/v2\/pages\/2331","targetHints":{"allow":["GET"]}}],"collection":[{"href":"https:\/\/mercyships.ca\/fr\/wp-json\/wp\/v2\/pages"}],"about":[{"href":"https:\/\/mercyships.ca\/fr\/wp-json\/wp\/v2\/types\/page"}],"author":[{"embeddable":true,"href":"https:\/\/mercyships.ca\/fr\/wp-json\/wp\/v2\/users\/3"}],"replies":[{"embeddable":true,"href":"https:\/\/mercyships.ca\/fr\/wp-json\/wp\/v2\/comments?post=2331"}],"version-history":[{"count":11,"href":"https:\/\/mercyships.ca\/fr\/wp-json\/wp\/v2\/pages\/2331\/revisions"}],"predecessor-version":[{"id":14220,"href":"https:\/\/mercyships.ca\/fr\/wp-json\/wp\/v2\/pages\/2331\/revisions\/14220"}],"wp:featuredmedia":[{"embeddable":true,"href":"https:\/\/mercyships.ca\/fr\/wp-json\/wp\/v2\/media\/2385"}],"wp:attachment":[{"href":"https:\/\/mercyships.ca\/fr\/wp-json\/wp\/v2\/media?parent=2331"}],"curies":[{"name":"wp","href":"https:\/\/api.w.org\/{rel}","templated":true}]}}