{"id":2238,"date":"2024-08-20T04:53:54","date_gmt":"2024-08-20T11:53:54","guid":{"rendered":"https:\/\/mercyships.onpressidium.com\/?page_id=2238"},"modified":"2025-11-14T06:13:07","modified_gmt":"2025-11-14T14:13:07","slug":"soins-des-yeux","status":"publish","type":"page","link":"https:\/\/mercyships.ca\/fr\/eye-care\/","title":{"rendered":"Volunteer Optometrist in Africa | Mercy Ships Canada"},"content":{"rendered":"<img decoding=\"async\" src=\"https:\/\/mercyships.ca\/wp-content\/uploads\/2024\/08\/program-ophtalmic-care-surgery-1-PS2500.jpg\" alt=\"Program Ophthalmic Care on Mercy Ships\" itemprop=\"image\" height=\"679\" width=\"2500\" title=\"program-ophtalmic-care-surgery-1 PS2500\" onerror=\"this.style.display='none'\" loading=\"lazy\" \/>\n<h1>\n\t\t\tOptom\u00e9triste b\u00e9n\u00e9vole en Afrique\t<\/h1>\n\t<p>Vous \u00eates optom\u00e9triste et recherchez une opportunit\u00e9 de mission humanitaire en Afrique ? Mercy Ships vous invite \u00e0 rejoindre une \u00e9quipe d'optom\u00e9tristes b\u00e9n\u00e9voles \u00e0 bord de navires-h\u00f4pitaux pour r\u00e9aliser des examens ophtalmologiques essentiels, des d\u00e9pistages visuels et des formations. L'objectif? Redonner la vue \u00e0 des communaut\u00e9s dans le besoin.<\/p>\n<p>Gr\u00e2ce \u00e0 vous, une op\u00e9ration simple pour recouvrer la vue!<\/p>\n\t\t\t\t<img decoding=\"async\" src=\"https:\/\/mercyships.ca\/wp-content\/uploads\/2024\/08\/patientengeschichte-aser-roger-augenarzt-kontrolle-PS1200.jpg\" alt=\"Volunteer optometrist examining patient in Africa\" itemprop=\"image\" height=\"825\" width=\"1200\" title=\"patientengeschichte-aser-roger-augenarzt-kontrolle PS1200\" onerror=\"this.style.display='none'\" loading=\"lazy\" \/>\n<h2>\n\t\t\tPourquoi faire du b\u00e9n\u00e9volat en tant qu'optom\u00e9triste en Afrique?\t<\/h2>\n<h3>\n\t\t\tC\u00e9cit\u00e9 et d\u00e9ficience visuelle dans les pays \u00e0 faibles ressources\t<\/h3>\n\t<p>Les affections oculaires pouvant \u00eatre trait\u00e9es \u00e0 un stade pr\u00e9coce dans des pays comme le Canada ne sont souvent pas trait\u00e9es dans certaines r\u00e9gions du monde, et entra\u00eenent souvent une d\u00e9ficience visuelle ou la c\u00e9cit\u00e9. La majorit\u00e9 des cas de c\u00e9cit\u00e9 sont curables et pourraient \u00eatre \u00e9vit\u00e9s par la pr\u00e9vention et un traitement pr\u00e9coce. Dans les pays que nous servons, \u00eatre aveugle signifie souvent \u00eatre exclu de la communaut\u00e9. La plupart des enfants aveugles ne survivent pas apr\u00e8s l\u2019\u00e2ge de cinq ans.<\/p>\n<h3>\n\t\t\tCataracte\t<\/h3>\n\t<p>Outside developed countries, cataracts remain the leading cause of avoidable visual impairment, affecting 50% in sub-Saharan Africa. A cataract is a clouding of the eye&#8217;s lens which impedes the passage of light. Although most cases of cataract are related to the ageing process, occasionally children can be born with the condition, or cataracts can develop after eye injuries, inflammation, or as a result of ocular diseases. Cataract surgery is one of the most cost-effective treatments that can be offered in developing countries.<\/p>\n\t\t\t\t<img decoding=\"async\" src=\"https:\/\/mercyships.ca\/wp-content\/uploads\/2024\/08\/Ophthalmic-eyes-screenning.jpg\" alt=\"Eye Care Patient\" itemprop=\"image\" height=\"520\" width=\"780\" title=\"Ophthalmic-eyes-screenning\" onerror=\"this.style.display='none'\" loading=\"lazy\" \/>\n<h2>\n\t\t\tVotre responsabilit\u00e9 comme optom\u00e9triste b\u00e9n\u00e9vole\t<\/h2>\n<h3>\n\t\t\tSoins de sant\u00e9 transformationnels gr\u00e2ce aux programmes de soins de la vue\t<\/h3>\n\t<p>Mercy Ships aims to prevent the effects of blindness by providing specialised medical treatment. Mercy Ships uses hospital ships supported by shore-based activities to deliver free specialised healthcare to the world&#8217;s forgotten poor.<\/p>\n<p>Mercy Ships ophthalmic surgeons perform free, vital eye operations to restore patients&#8217; sight and improve their quality of life.<\/p>\n<h3>\n\t\t\tChirurgie ophtalmique\t<\/h3>\n\t<p>La cataracte est la cause la plus courante de c\u00e9cit\u00e9 \u00e9vitable dans le monde. Cependant, la plupart des cas de c\u00e9cit\u00e9 par la cataracte peuvent \u00eatre gu\u00e9ris et la vue peut \u00eatre restaur\u00e9e avec une technique peu co\u00fbteuse et sans suture. Les op\u00e9rations de la cataracte de Mercy Ships sont effectu\u00e9es en utilisant les m\u00e9thodes et technologies les plus r\u00e9centes. Les chirurgiens de Mercy Ships appliquent des proc\u00e9dures pour corriger les d\u00e9formations du pt\u00e9rygion (excroissance de la corn\u00e9e de l\u2019\u0153il), du strabisme (yeux crois\u00e9s) et des paupi\u00e8res, et pour remplacer les yeux aveugles douloureux ou d\u00e9figurants par des proth\u00e8ses.<\/p>\n<h3>\n\t\t\tEnseignement, Formation et Promotion de la Sant\u00e9 (ETA)\t<\/h3>\n\t<p>Outre l\u2019orientation chirurgicale, Mercy Ships offre des possibilit\u00e9s de formation aux chirurgien(ne)s locaux et aux professionnel(le)s des soins de la vue. Cette formation contribuera \u00e0 renforcer la capacit\u00e9 des pays \u00e0 fournir des services ophtalmologiques.<\/p>\n<h1>\n\t\t\tSoins des yeux\t<\/h1>\n\t\t\t\t<img decoding=\"async\" src=\"https:\/\/mercyships.ca\/wp-content\/uploads\/2024\/08\/ms-icon-med-cercle_Eyes.svg\" alt=\"ms-icon-med-cercle_Eyes\" itemprop=\"image\" height=\"150\" width=\"150\" title=\"ms-icon-med-cercle_Eyes\" onerror=\"this.style.display='none'\" loading=\"lazy\" \/>\n<h3>\n\t\t\tAutres services m\u00e9dicaux\t<\/h3>\n\t<a href=\"https:\/\/mercyships.ca\/fr\/chirurgie-maxillofaciale\/\">Chirurgie maxillo-faciale<\/a>\n<a href=\"https:\/\/mercyships.ca\/fr\/chirurgie-gynecologique\/\">Women&#8217;s Health<\/a>\n<a href=\"https:\/\/mercyships.ca\/fr\/chirurgie-plastique-reconstructive\/\">Chirurgie plastique reconstructive<\/a>\n<a href=\"https:\/\/mercyships.ca\/fr\/programme-orthopedique\/\">Programme orthop\u00e9dique<\/a>\n<a href=\"https:\/\/mercyships.ca\/fr\/soins-palliatifs\/\">Soins palliatifs<\/a>\n<a href=\"https:\/\/mercyships.ca\/fr\/chirurgie-generale\/\">Chirurgie g\u00e9n\u00e9rale<\/a>\n<a href=\"https:\/\/mercyships.ca\/fr\/soins-dentaires\/\">Soins dentaires<\/a>\n<h3>\n\t\t\tStatistiques &nbsp; <small>(source : OMS)<\/small>\t<\/h3>\n\t<ul>\n<li>39 million people are blind worldwide. Most of the world&#8217;s blind -about 90% &#8211; live in poor nations where eye care is inaccessible.<\/li>\n<li>Environ 80% de toutes les d\u00e9ficiences visuelles pourraient \u00eatre \u00e9vit\u00e9es au niveau mondial. La correction des erreurs de r\u00e9fraction pourrait donner une vision normale \u00e0 plus de 12 millions d\u2019enfants (\u00e2g\u00e9(e)s de 5 \u00e0 15 ans).<\/li>\n<\/ul>\n\t\t\t\t<img decoding=\"async\" src=\"https:\/\/mercyships.ca\/wp-content\/uploads\/2024\/09\/Joan-Ross-SQ300.png\" alt=\"Joan Ross\" itemprop=\"image\" height=\"300\" width=\"300\" title=\"Joan-Ross SQ300\" onerror=\"this.style.display='none'\" loading=\"lazy\" \/>\n\t<p>&#8220;I saw a documentary about 15 years ago in a hotel room and I sat down on the end of the bed and wept and a voice inside me said &#8216;one day you will serve on that ship&#8217; it never left me and came to mind often in big and small ways.&#8221;<\/p>\n<h3>\n\t\t\tChirurgienne b\u00e9n\u00e9vole, Joan Ross de Sarnia, ON\t<\/h3>\n<h3>\n\t\t\tPhotos du programme\t<\/h3>\n\t\t\t\t\t\t<figure>\n\t\t\t\t\t\t\t<img loading=\"lazy\" decoding=\"async\" src=\"https:\/\/mercyships.ca\/wp-content\/uploads\/2024\/08\/GND190219_EYE_OR_WODOME_MCB_SURGERY_ST004_HI-1536x1024-1-1-1024x683.jpeg\" alt=\"Mercy Ships optometrist volunteer at work\" srcset=\"https:\/\/mercyships.ca\/wp-content\/uploads\/2024\/08\/GND190219_EYE_OR_WODOME_MCB_SURGERY_ST004_HI-1536x1024-1-1-1024x683.jpeg 1024w, https:\/\/mercyships.ca\/wp-content\/uploads\/2024\/08\/GND190219_EYE_OR_WODOME_MCB_SURGERY_ST004_HI-1536x1024-1-1-300x200.jpeg 300w, https:\/\/mercyships.ca\/wp-content\/uploads\/2024\/08\/GND190219_EYE_OR_WODOME_MCB_SURGERY_ST004_HI-1536x1024-1-1-768x512.jpeg 768w, https:\/\/mercyships.ca\/wp-content\/uploads\/2024\/08\/GND190219_EYE_OR_WODOME_MCB_SURGERY_ST004_HI-1536x1024-1-1-18x12.jpeg 18w, https:\/\/mercyships.ca\/wp-content\/uploads\/2024\/08\/GND190219_EYE_OR_WODOME_MCB_SURGERY_ST004_HI-1536x1024-1-1.jpeg 1536w\" width=\"1024\" height=\"683\" \/>\n\t\t\t\t\t\t\t\t\t\t\t\t\t\t\t<!-- Overlay Wrapper -->\n\t\t\t\t\t\t\t\t\t\t\tDr Maxime Sovogui, chirurgien, effectue une op\u00e9ration des yeux avec l'aide du Dr Abram Wodome, chirurgien ophtalmologiste, et de Moise Minedor, traducteur. \u00a9 Mercy Ships\n\t\t\t\t\t\t\t\t\t\t\t\t\t\t\t\t\t <!-- Overlay Wrapper Closed -->\n\t\t\t\t\t\t\t\t\t\t\t\t\t<\/figure>\n\t\t\t\t\t\t<figure>\n\t\t\t\t\t\t\t<img loading=\"lazy\" decoding=\"async\" src=\"https:\/\/mercyships.ca\/wp-content\/uploads\/2024\/08\/Ophthalmic-before-Jacque-Marie-Elodie.jpg\" alt=\"Jacques Marie Elodie\" srcset=\"https:\/\/mercyships.ca\/wp-content\/uploads\/2024\/08\/Ophthalmic-before-Jacque-Marie-Elodie.jpg 780w, https:\/\/mercyships.ca\/wp-content\/uploads\/2024\/08\/Ophthalmic-before-Jacque-Marie-Elodie-300x200.jpg 300w, https:\/\/mercyships.ca\/wp-content\/uploads\/2024\/08\/Ophthalmic-before-Jacque-Marie-Elodie-768x512.jpg 768w, https:\/\/mercyships.ca\/wp-content\/uploads\/2024\/08\/Ophthalmic-before-Jacque-Marie-Elodie-18x12.jpg 18w\" width=\"780\" height=\"520\" \/>\n\t\t\t\t\t\t\t\t\t\t\t\t\t\t\t<!-- Overlay Wrapper -->\n\t\t\t\t\t\t\t\t\t\t\tJacques, Marie, Elodie avant leur chirurgie des yeux. \u00a9 Mercy Ships\n\t\t\t\t\t\t\t\t\t\t\t\t\t\t\t\t\t <!-- Overlay Wrapper Closed -->\n\t\t\t\t\t\t\t\t\t\t\t\t\t<\/figure>\n\t\t\t\t\t\t<figure>\n\t\t\t\t\t\t\t<img loading=\"lazy\" decoding=\"async\" src=\"https:\/\/mercyships.ca\/wp-content\/uploads\/2024\/08\/MGB150212_WILLIAM_PAT30293_PATCH_OFF_KK0004_HI-359x239-1.jpeg\" alt=\"Ophthalmic Patient\" srcset=\"https:\/\/mercyships.ca\/wp-content\/uploads\/2024\/08\/MGB150212_WILLIAM_PAT30293_PATCH_OFF_KK0004_HI-359x239-1.jpeg 359w, https:\/\/mercyships.ca\/wp-content\/uploads\/2024\/08\/MGB150212_WILLIAM_PAT30293_PATCH_OFF_KK0004_HI-359x239-1-300x200.jpeg 300w, https:\/\/mercyships.ca\/wp-content\/uploads\/2024\/08\/MGB150212_WILLIAM_PAT30293_PATCH_OFF_KK0004_HI-359x239-1-18x12.jpeg 18w\" width=\"359\" height=\"239\" \/>\n\t\t\t\t\t\t\t\t\t\t\t\t\t\t\t<!-- Overlay Wrapper -->\n\t\t\t\t\t\t\t\t\t\t\tRetrait des pansements \u00e0 un patient apr\u00e8s sa chirurgie. \u00a9 Mercy Ships\n\t\t\t\t\t\t\t\t\t\t\t\t\t\t\t\t\t <!-- Overlay Wrapper Closed -->\n\t\t\t\t\t\t\t\t\t\t\t\t\t<\/figure>","protected":false},"excerpt":{"rendered":"<p>Volunteer as an Optometrist in Africa Are you an optometrist seeking a meaningful volunteer opportunity in Africa? Mercy Ships invites [&hellip;]<\/p>\n","protected":false},"author":3,"featured_media":2250,"parent":0,"menu_order":0,"comment_status":"closed","ping_status":"closed","template":"","meta":{"_acf_changed":false,"_seopress_robots_primary_cat":"","_seopress_titles_title":"","_seopress_titles_desc":"Addresses surgical and medical eye needs in environments where preventable blindness is widespread. The primary emphasis of surgical intervention is to reduce blindness as a result of cataracts.","_seopress_robots_index":"","site-sidebar-layout":"no-sidebar","site-content-layout":"page-builder","ast-site-content-layout":"default","site-content-style":"default","site-sidebar-style":"default","ast-global-header-display":"","ast-banner-title-visibility":"","ast-main-header-display":"","ast-hfb-above-header-display":"","ast-hfb-below-header-display":"","ast-hfb-mobile-header-display":"","site-post-title":"disabled","ast-breadcrumbs-content":"","ast-featured-img":"disabled","footer-sml-layout":"","ast-disable-related-posts":"","theme-transparent-header-meta":"default","adv-header-id-meta":"","stick-header-meta":"default","header-above-stick-meta":"","header-main-stick-meta":"","header-below-stick-meta":"","astra-migrate-meta-layouts":"set","ast-page-background-enabled":"default","ast-page-background-meta":{"desktop":{"background-color":"var(--ast-global-color-4)","background-image":"","background-repeat":"repeat","background-position":"center center","background-size":"auto","background-attachment":"scroll","background-type":"","background-media":"","overlay-type":"","overlay-color":"","overlay-opacity":"","overlay-gradient":""},"tablet":{"background-color":"","background-image":"","background-repeat":"repeat","background-position":"center center","background-size":"auto","background-attachment":"scroll","background-type":"","background-media":"","overlay-type":"","overlay-color":"","overlay-opacity":"","overlay-gradient":""},"mobile":{"background-color":"","background-image":"","background-repeat":"repeat","background-position":"center center","background-size":"auto","background-attachment":"scroll","background-type":"","background-media":"","overlay-type":"","overlay-color":"","overlay-opacity":"","overlay-gradient":""}},"ast-content-background-meta":{"desktop":{"background-color":"var(--ast-global-color-5)","background-image":"","background-repeat":"repeat","background-position":"center center","background-size":"auto","background-attachment":"scroll","background-type":"","background-media":"","overlay-type":"","overlay-color":"","overlay-opacity":"","overlay-gradient":""},"tablet":{"background-color":"var(--ast-global-color-5)","background-image":"","background-repeat":"repeat","background-position":"center center","background-size":"auto","background-attachment":"scroll","background-type":"","background-media":"","overlay-type":"","overlay-color":"","overlay-opacity":"","overlay-gradient":""},"mobile":{"background-color":"var(--ast-global-color-5)","background-image":"","background-repeat":"repeat","background-position":"center center","background-size":"auto","background-attachment":"scroll","background-type":"","background-media":"","overlay-type":"","overlay-color":"","overlay-opacity":"","overlay-gradient":""}},"footnotes":""},"class_list":["post-2238","page","type-page","status-publish","has-post-thumbnail","hentry"],"acf":[],"_links":{"self":[{"href":"https:\/\/mercyships.ca\/fr\/wp-json\/wp\/v2\/pages\/2238","targetHints":{"allow":["GET"]}}],"collection":[{"href":"https:\/\/mercyships.ca\/fr\/wp-json\/wp\/v2\/pages"}],"about":[{"href":"https:\/\/mercyships.ca\/fr\/wp-json\/wp\/v2\/types\/page"}],"author":[{"embeddable":true,"href":"https:\/\/mercyships.ca\/fr\/wp-json\/wp\/v2\/users\/3"}],"replies":[{"embeddable":true,"href":"https:\/\/mercyships.ca\/fr\/wp-json\/wp\/v2\/comments?post=2238"}],"version-history":[{"count":5,"href":"https:\/\/mercyships.ca\/fr\/wp-json\/wp\/v2\/pages\/2238\/revisions"}],"predecessor-version":[{"id":13491,"href":"https:\/\/mercyships.ca\/fr\/wp-json\/wp\/v2\/pages\/2238\/revisions\/13491"}],"wp:featuredmedia":[{"embeddable":true,"href":"https:\/\/mercyships.ca\/fr\/wp-json\/wp\/v2\/media\/2250"}],"wp:attachment":[{"href":"https:\/\/mercyships.ca\/fr\/wp-json\/wp\/v2\/media?parent=2238"}],"curies":[{"name":"wp","href":"https:\/\/api.w.org\/{rel}","templated":true}]}}