{"id":2187,"date":"2024-08-19T18:38:42","date_gmt":"2024-08-20T01:38:42","guid":{"rendered":"https:\/\/mercyships.onpressidium.com\/?page_id=2187"},"modified":"2025-11-17T06:12:16","modified_gmt":"2025-11-17T14:12:16","slug":"soins-dentaires","status":"publish","type":"page","link":"https:\/\/mercyships.ca\/fr\/oral-health\/","title":{"rendered":"Volunteer as a Dentist in Africa | Mercy Ships Canada"},"content":{"rendered":"<img decoding=\"async\" src=\"https:\/\/mercyships.ca\/wp-content\/uploads\/2024\/08\/programme-dentaire-PS2500.jpg\" alt=\"Dentiste offrant des soins dentaires\" itemprop=\"image\" height=\"679\" width=\"2500\" title=\"programme-dentaire PS2500\" onerror=\"this.style.display='none'\" loading=\"lazy\" \/>\n<h1>\n\t\t\tVolunteer as a Dentist in Africa &#8211; Providing Oral Healthcare\t<\/h1>\n\t<p>Vous \u00eates dentiste ou professionnel dentaire et souhaitez mettre vos comp\u00e9tences au service de l'Afrique? Mercy Ships vous permet d'avoir un impact durable en fournissant des soins dentaires gratuits et des formations \u00e0 des communaut\u00e9s dans le besoin.<\/p>\n<p>D\u00e9couvrez comment les b\u00e9n\u00e9voles s'engagent avec Mercy Ships en tant que dentiste ou assistant dentaire en Afrique.<\/p>\n\t\t\t\t<img decoding=\"async\" src=\"https:\/\/mercyships.ca\/wp-content\/uploads\/2024\/08\/sb-content-hub-rxE3gXuQRdSxU0l4f9zb_SLF240516_800TH_DENTAL_PATIENT_MV003_HIMID.jpg\" alt=\"Dentistes b\u00e9n\u00e9voles\" itemprop=\"image\" height=\"1334\" width=\"2000\" title=\"sb-content-hub-rxE3gXuQRdSxU0l4f9zb_SLF240516_800TH_DENTAL_PATIENT_MV003_HIMID\" onerror=\"this.style.display='none'\" loading=\"lazy\" \/>\n\t<p>June 2024 &#8211; The\u00a0<i>Global Mercy<\/i>\u00a0dental clinic is celebrating a huge milestone: the 800th dental patient receiving care in Sierra Leone! \u00a9 Mercy Ships<\/p>\n<h2>\n\t\t\tPourquoi devenir dentiste b\u00e9n\u00e9vole en Afrique?\t<\/h2>\n<h3>\n\t\t\tPathologies dentaires dans les pays en d\u00e9veloppement\t<\/h3>\n\t<p>Dans les pays \u00e0 faibles ressources, de nombreuses personnes n\u2019ont jamais vu de dentiste. Les soins dentaires sont pour la plupart inexistants et inabordables. Une mauvaise hygi\u00e8ne buccale est un facteur de risque de maladies plus ou moins graves.<\/p>\n<h3>\n\t\t\tPathologies buccales\t<\/h3>\n\t<p>Les maladies bucco-dentaires les plus courantes sont les caries dentaires et les maladies parodontales (gencives), qui touchent tout le monde, quel que soit le statut socio-\u00e9conomique. Dans certains pays, l\u2019\u00e9volution des conditions de vie due \u00e0 l\u2019urbanisation et \u00e0 l\u2019adoption de modes de vie occidentaux, tels que les r\u00e9gimes riches en sucre, entra\u00eene une augmentation de l\u2019incidence des caries dentaires. Cette situation est encore exacerb\u00e9e par l\u2019acc\u00e8s limit\u00e9 aux soins dentaires dans les milieux \u00e0 faibles ressources. En cons\u00e9quence, des milliers de personnes souffrent de douleurs dentaires pendant des semaines ou des mois.<\/p>\n<p>Sans un traitement appropri\u00e9 et rapide, certaines infections buccales peuvent m\u00eame \u00eatre mortelles. Une mauvaise sant\u00e9 bucco-dentaire peut contribuer \u00e0 d\u2019autres maladies comme le noma ou l\u2019ost\u00e9on\u00e9crose (carie pourrie) de la m\u00e2choire. Sans traitement, le noma entra\u00eene la mort dans 70 \u00e0 90 % des cas.<\/p>\n<p>Les personnes les plus touch\u00e9es par les maladies dentaires et le manque de soins sont les groupes les plus vuln\u00e9rables : les jeunes enfants, les personnes \u00e2g\u00e9es et les individus les plus pauvres. Pour les enfants, la carie dentaire est particuli\u00e8rement pr\u00e9occupante car elle a un impact sur la nutrition, la croissance et la prise de poids.<\/p>\n\t\t\t\t<img decoding=\"async\" src=\"https:\/\/mercyships.ca\/wp-content\/uploads\/2024\/08\/program-dental-care.jpg\" alt=\"Dental health\" itemprop=\"image\" height=\"773\" width=\"1599\" title=\"program-dental-care\" onerror=\"this.style.display='none'\" loading=\"lazy\" \/>\n<h2>\n\t\t\tRESPONSABILIT\u00c9S D'UN DENTISTE B\u00c9N\u00c9VOLE\t<\/h2>\n<h3>\n\t\t\tApporter l\u2019espoir et la gu\u00e9rison\t<\/h3>\n\t<p>Mercy Ships a pour objectif de pr\u00e9venir et de r\u00e9duire les effets du manque de soins bucco-dentaires en fournissant des traitements dentaires ainsi qu\u2019une \u00e9ducation et une formation \u00e0 l\u2019hygi\u00e8ne dentaire. Mercy Ships utilise des navires-h\u00f4pitaux compl\u00e9t\u00e9s par des cliniques dentaires pour fournir des soins sp\u00e9cialis\u00e9s gratuits \u00e0 celles et ceux dans le besoin.<\/p>\n<h3>\n\t\t\tExtractions &#038; Procedures\t<\/h3>\n\t<p>Les services dentaires sont presque inexistants dans de nombreux pays visit\u00e9s par Mercy Ships. Mercy Ships offre des cliniques dentaires gratuites, permettant par exemple de soulager les dents infect\u00e9es, d\u2019effectuer des extractions et de poser des plombages.<\/p>\n\t\t\t\t<img decoding=\"async\" src=\"https:\/\/mercyships.ca\/wp-content\/uploads\/2024\/08\/dentalklinik-mentoring-guinea-757x520-1.jpg\" alt=\"Dental treatment\" itemprop=\"image\" height=\"520\" width=\"757\" title=\"dentalklinik-mentoring-guinea-757x520-1\" onerror=\"this.style.display='none'\" loading=\"lazy\" \/>\n<h3>\n\t\t\t\u00c9ducation \u00e0 l\u2019hygi\u00e8ne bucco-dentaire\t<\/h3>\n\t<p>Une mauvaise hygi\u00e8ne bucco-dentaire et des caries non trait\u00e9es peuvent conduire \u00e0 des maladies beaucoup plus graves comme le noma. Les \u00e9quipes dentaires de Mercy Ships travaillent \u00e0 am\u00e9liorer la sant\u00e9 bucco-dentaire dans les pays par la formation \u00e0 l\u2019hygi\u00e8ne dentaire et la formation du personnel local.<\/p>\n<h3>\n\t\t\tEnseignement, Formation et Promotion de la Sant\u00e9 (ETA)\t<\/h3>\n\t<p>Tous les membres de l\u2019\u00e9quipe de jour, c\u2019est-\u00e0-dire les locaux qui font partie de l\u2019\u00e9quipage de Mercy Ships, acqui\u00e8rent des connaissances et des comp\u00e9tences techniques, comme l\u2019assistance dentaire et la st\u00e9rilisation des instruments, contribuant ainsi \u00e0 augmenter la base de connaissances du pays en mati\u00e8re de soins bucco-dentaires. Mercy Ships travaille \u00e9galement, dans la mesure du possible, aux c\u00f4t\u00e9s de dentistes locaux. Ce faisant, Mercy Ships facilite un \u00e9change de compr\u00e9hension et d\u2019expertise entre des dentistes de cultures diff\u00e9rentes qui travaillent dans la m\u00eame discipline.<\/p>\n<h1>\n\t\t\tSoins dentaires\t<\/h1>\n\t\t\t\t<img decoding=\"async\" src=\"https:\/\/mercyships.ca\/wp-content\/uploads\/2024\/08\/ms-icon-med-cercle_Dental.svg\" alt=\"ms-icon-med-cercle_Dental\" itemprop=\"image\" height=\"150\" width=\"150\" title=\"ms-icon-med-cercle_Dental\" onerror=\"this.style.display='none'\" loading=\"lazy\" \/>\n<h3>\n\t\t\tAutres services m\u00e9dicaux\t<\/h3>\n\t<a href=\"https:\/\/mercyships.ca\/fr\/chirurgie-maxillofaciale\/\">Chirurgie maxillo-faciale<\/a>\n<a href=\"https:\/\/mercyships.ca\/fr\/chirurgie-gynecologique\/\">Women&#8217;s Health<\/a>\n<a href=\"https:\/\/mercyships.ca\/fr\/chirurgie-plastique-reconstructive\/\">Chirurgie plastique reconstructive<\/a>\n<a href=\"https:\/\/mercyships.ca\/fr\/programme-orthopedique\/\">Programme orthop\u00e9dique<\/a>\n<a href=\"https:\/\/mercyships.ca\/fr\/soins-palliatifs\/\">Soins palliatifs<\/a>\n<a href=\"https:\/\/mercyships.ca\/fr\/chirurgie-generale\/\">Chirurgie g\u00e9n\u00e9rale<\/a>\n<p><a href=\"https:\/\/mercyships.ca\/fr\/soins-des-yeux\/\">Soins des yeux<\/a><\/p>\n<h3 class=\"translation-block\"><span class=\"fl-heading-text\">Statistiques <small>(Source : OMS)<\/small><\/span><\/h3>\n\t<ul>\n<li>Entre 60 et 80 % des enfants d\u2019\u00e2ge scolaire sont touch\u00e9s par le taux croissant de caries dentaires.<\/li>\n<li>Des maladies parodontales (gingivales) graves, pouvant entra\u00eener la perte des dents, sont observ\u00e9es chez 15 \u00e0 20 % des adultes d\u2019\u00e2ge moyen ; ce taux varie selon les r\u00e9gions g\u00e9ographiques.<\/li>\n<li>40 \u00e0 50 % des personnes s\u00e9ropositives ont des infections buccales fongiques, bact\u00e9riennes ou virales, qui surviennent souvent au d\u00e9but de l\u2019infection par le VIH.<\/li>\n<li>Les maladies buccales sont la quatri\u00e8me affection la plus co\u00fbteuse \u00e0 traiter dans la plupart des pays industrialis\u00e9s.<\/li>\n<\/ul>\n\t\t\t\t<img decoding=\"async\" src=\"https:\/\/mercyships.ca\/wp-content\/uploads\/2024\/09\/Sonya-Van-Hove-PS500.png\" alt=\"Volunteer Dental Assistant, Sonya Van Hove from White Rock, BC.\" itemprop=\"image\" height=\"300\" width=\"300\" title=\"Sonya Van Hove PS500\" onerror=\"this.style.display='none'\" loading=\"lazy\" \/>\n\t<p>&#8220;Volunteering with Mercy Ships taught me to be bold, to step out of my comfort zone and do things that challenge me. I enjoyed my time so much &#8211; I have been given experiences and memories and friends that I wouldn&#8217;t change for the world. I would definitely volunteer with Mercy Ships again.&#8221;<\/p>\n<h3>\n\t\t\tAssistante dentaire b\u00e9n\u00e9vole, Sonya Van Hove de White Rock, C.-B.\t<\/h3>\n<h3>\n\t\t\tPhotos du programme\t<\/h3>\n\t\t\t\t\t\t<figure>\n\t\t\t\t\t\t\t<img loading=\"lazy\" decoding=\"async\" src=\"https:\/\/mercyships.ca\/wp-content\/uploads\/2024\/08\/featured_image_wide_GAMAL_DENTAL_CLINIC_FIRST_DAY_MS001_HI.jpg\" alt=\"Dental treatment with protective equipment\" srcset=\"https:\/\/mercyships.ca\/wp-content\/uploads\/2024\/08\/featured_image_wide_GAMAL_DENTAL_CLINIC_FIRST_DAY_MS001_HI.jpg 552w, https:\/\/mercyships.ca\/wp-content\/uploads\/2024\/08\/featured_image_wide_GAMAL_DENTAL_CLINIC_FIRST_DAY_MS001_HI-300x259.jpg 300w, https:\/\/mercyships.ca\/wp-content\/uploads\/2024\/08\/featured_image_wide_GAMAL_DENTAL_CLINIC_FIRST_DAY_MS001_HI-14x12.jpg 14w\" width=\"552\" height=\"477\" \/>\n\t\t\t\t\t\t\t\t\t\t\t\t\t<\/figure>","protected":false},"excerpt":{"rendered":"<p>Volunteer as a Dentist in Africa &#8211; Providing Oral Healthcare Are you a dentist or dental professional looking to volunteer [&hellip;]<\/p>\n","protected":false},"author":3,"featured_media":2202,"parent":0,"menu_order":0,"comment_status":"closed","ping_status":"closed","template":"","meta":{"_acf_changed":false,"_seopress_robots_primary_cat":"","_seopress_titles_title":"","_seopress_titles_desc":"Many people in developing countries have never seen a dentist. Mercy Ships offers dental treatments to those in need.","_seopress_robots_index":"","site-sidebar-layout":"no-sidebar","site-content-layout":"page-builder","ast-site-content-layout":"default","site-content-style":"default","site-sidebar-style":"default","ast-global-header-display":"","ast-banner-title-visibility":"","ast-main-header-display":"","ast-hfb-above-header-display":"","ast-hfb-below-header-display":"","ast-hfb-mobile-header-display":"","site-post-title":"disabled","ast-breadcrumbs-content":"","ast-featured-img":"disabled","footer-sml-layout":"","ast-disable-related-posts":"","theme-transparent-header-meta":"default","adv-header-id-meta":"","stick-header-meta":"default","header-above-stick-meta":"","header-main-stick-meta":"","header-below-stick-meta":"","astra-migrate-meta-layouts":"set","ast-page-background-enabled":"default","ast-page-background-meta":{"desktop":{"background-color":"var(--ast-global-color-4)","background-image":"","background-repeat":"repeat","background-position":"center center","background-size":"auto","background-attachment":"scroll","background-type":"","background-media":"","overlay-type":"","overlay-color":"","overlay-opacity":"","overlay-gradient":""},"tablet":{"background-color":"","background-image":"","background-repeat":"repeat","background-position":"center center","background-size":"auto","background-attachment":"scroll","background-type":"","background-media":"","overlay-type":"","overlay-color":"","overlay-opacity":"","overlay-gradient":""},"mobile":{"background-color":"","background-image":"","background-repeat":"repeat","background-position":"center center","background-size":"auto","background-attachment":"scroll","background-type":"","background-media":"","overlay-type":"","overlay-color":"","overlay-opacity":"","overlay-gradient":""}},"ast-content-background-meta":{"desktop":{"background-color":"var(--ast-global-color-5)","background-image":"","background-repeat":"repeat","background-position":"center center","background-size":"auto","background-attachment":"scroll","background-type":"","background-media":"","overlay-type":"","overlay-color":"","overlay-opacity":"","overlay-gradient":""},"tablet":{"background-color":"var(--ast-global-color-5)","background-image":"","background-repeat":"repeat","background-position":"center center","background-size":"auto","background-attachment":"scroll","background-type":"","background-media":"","overlay-type":"","overlay-color":"","overlay-opacity":"","overlay-gradient":""},"mobile":{"background-color":"var(--ast-global-color-5)","background-image":"","background-repeat":"repeat","background-position":"center center","background-size":"auto","background-attachment":"scroll","background-type":"","background-media":"","overlay-type":"","overlay-color":"","overlay-opacity":"","overlay-gradient":""}},"footnotes":""},"class_list":["post-2187","page","type-page","status-publish","has-post-thumbnail","hentry"],"acf":[],"_links":{"self":[{"href":"https:\/\/mercyships.ca\/fr\/wp-json\/wp\/v2\/pages\/2187","targetHints":{"allow":["GET"]}}],"collection":[{"href":"https:\/\/mercyships.ca\/fr\/wp-json\/wp\/v2\/pages"}],"about":[{"href":"https:\/\/mercyships.ca\/fr\/wp-json\/wp\/v2\/types\/page"}],"author":[{"embeddable":true,"href":"https:\/\/mercyships.ca\/fr\/wp-json\/wp\/v2\/users\/3"}],"replies":[{"embeddable":true,"href":"https:\/\/mercyships.ca\/fr\/wp-json\/wp\/v2\/comments?post=2187"}],"version-history":[{"count":5,"href":"https:\/\/mercyships.ca\/fr\/wp-json\/wp\/v2\/pages\/2187\/revisions"}],"predecessor-version":[{"id":13506,"href":"https:\/\/mercyships.ca\/fr\/wp-json\/wp\/v2\/pages\/2187\/revisions\/13506"}],"wp:featuredmedia":[{"embeddable":true,"href":"https:\/\/mercyships.ca\/fr\/wp-json\/wp\/v2\/media\/2202"}],"wp:attachment":[{"href":"https:\/\/mercyships.ca\/fr\/wp-json\/wp\/v2\/media?parent=2187"}],"curies":[{"name":"wp","href":"https:\/\/api.w.org\/{rel}","templated":true}]}}