{"id":2154,"date":"2024-08-19T18:26:43","date_gmt":"2024-08-20T01:26:43","guid":{"rendered":"https:\/\/mercyships.onpressidium.com\/?page_id=2154"},"modified":"2025-10-23T16:12:02","modified_gmt":"2025-10-23T23:12:02","slug":"chirurgie-generale","status":"publish","type":"page","link":"https:\/\/mercyships.ca\/fr\/general-surgery\/","title":{"rendered":"Chirurgie g\u00e9n\u00e9rale"},"content":{"rendered":"<img loading=\"lazy\" decoding=\"async\" src=\"https:\/\/mercyships.ca\/wp-content\/uploads\/2024\/08\/program-surgery-PS2500.jpg\" alt=\"program-surgery PS2500\" itemprop=\"image\" height=\"679\" width=\"2500\" title=\"program-surgery PS2500\" onerror=\"this.style.display='none'\"  \/>\r\n<h2>\r\n\t\tAll\u00e9ger le fardeau de la maladie et de la d\u00e9tresse\r\n\t<\/h2>\r\n<h3>\r\n\t\tGo\u00eetres et hernies\r\n\t<\/h3>\r\n\t\t\t\t<img loading=\"lazy\" decoding=\"async\" src=\"https:\/\/mercyships.ca\/wp-content\/uploads\/2024\/08\/Gallery-General-surgery-room.jpg\" alt=\"Gallery-General-surgery-room\" itemprop=\"image\" height=\"520\" width=\"780\" title=\"Gallery-General-surgery-room\" onerror=\"this.style.display='none'\"  \/>\r\n<h3>\r\n\t\tDes vies transform\u00e9es \u00e0 travers les programmes chirurgicaux \u00e0 bord\r\n\t<\/h3>\r\n<h3>\r\n\t\tChirurgie\r\n\t<\/h3>\r\n\t<p>Mercy Ships cherche \u00e0 all\u00e9ger le fardeau d\u2019affections telles que les hernies  en offrant des interventions chirurgicales correctrices et sp\u00e9cialis\u00e9es, \u00e0 travers le programme de chirurgie g\u00e9n\u00e9rale. Mercy Ships travaille avec les gouvernements locaux, des chirurgiens du pays h\u00f4te ainsi qu\u2019avec des ONG implant\u00e9es localement, afin d\u2019offrir des chirurgies sp\u00e9cialis\u00e9es qui vont am\u00e9liorer et transformer des vies.<\/p>\r\n<h3>\r\n\t\tAccomplissements\r\n\t<\/h3>\r\n\t<p>Dans l\u2019ensemble des programmes chirurgicaux, Mercy Ships a r\u00e9alis\u00e9 plus de 108 000 op\u00e9rations qui ont transform\u00e9 des vies, dont la r\u00e9paration de hernies et l\u2019ablation de tumeurs.<\/p>\r\n<h3>\r\n\t\tRecovery &#038; Counselling\r\n\t<\/h3>\r\n\t<p>Patients recuperate under world-class care in the ship&#8217;s hospital ward and outpatient care in the HOPE Centre (Hospital Out-Patient Extension) where they are also provided with opportunity for moral and spiritual support. Mercy Ships aims to provide a caring, holistic environment to help patient recovery.<\/p>\r\n<h1>\r\n\t\tChirurgie g\u00e9n\u00e9rale\r\n\t<\/h1>\r\n\t\t\t\t<img loading=\"lazy\" decoding=\"async\" src=\"https:\/\/mercyships.ca\/wp-content\/uploads\/2024\/08\/ms-icon-med-cercle_Surgical_Tools.svg\" alt=\"ms-icon-med-cercle_Surgical_Tools\" itemprop=\"image\" height=\"150\" width=\"150\" title=\"ms-icon-med-cercle_Surgical_Tools\" onerror=\"this.style.display='none'\"  \/>\r\n<h3>\r\n\t\tAutres services m\u00e9dicaux\r\n\t<\/h3>\r\n\t<a href=\"https:\/\/mercyships.ca\/fr\/chirurgie-maxillofaciale\/\">Chirurgie maxillo-faciale<\/a>\r\n<a href=\"https:\/\/mercyships.ca\/fr\/chirurgie-gynecologique\/\">Women&#8217;s Health<\/a>\r\n<a href=\"https:\/\/mercyships.ca\/fr\/chirurgie-plastique-reconstructive\/\">Chirurgie plastique reconstructive<\/a>\r\n<a href=\"https:\/\/mercyships.ca\/fr\/programme-orthopedique\/\">Programme orthop\u00e9dique<\/a>\r\n<a href=\"https:\/\/mercyships.ca\/fr\/soins-palliatifs\/\">Soins palliatifs<\/a>\r\n<a href=\"https:\/\/mercyships.ca\/fr\/soins-dentaires\/\">Soins dentaires<\/a>\r\n<p><a href=\"https:\/\/mercyships.ca\/fr\/soins-des-yeux\/\">Soins des yeux<\/a><\/p>\r\n<h3>\r\n\t\tDifformit\u00e9s dans les pays en d\u00e9veloppement. Pourquoi le besoin est-il aussi grand?\r\n\t<\/h3>\r\n\t<p>Pour les pays en d\u00e9veloppement, l\u2019acc\u00e8s aux soins m\u00e9dicaux et chirurgicaux n\u00e9cessaires est extr\u00eamement difficile du fait de l\u2019\u00e9loignement, du manque d\u2019infrastructures m\u00e9dicales et de contraintes financi\u00e8res. Les affections qui, dans les pays d\u00e9velopp\u00e9s, seraient trait\u00e9es aux premiers stades empirent jusqu\u2019\u00e0 menacer la vie. La cons\u00e9quence pour beaucoup est une vie marqu\u00e9e par le handicap, l\u2019exclusion et m\u00eame parfois la mort.<\/p>\r\n<p>In Africa, few countries have functional health care systems, which include hospitals, clinics, medical providers, etc. According to the World Health Organization, there is a critical shortage of all types of medical providers in developing nations. Due to the lack of general and specialized health care, general surgical needs, such as hernias and goitres, plague this region&#8217;s adult and paediatric populations.<\/p>\r\n\t\t\t\t<img loading=\"lazy\" decoding=\"async\" src=\"https:\/\/mercyships.ca\/wp-content\/uploads\/2024\/09\/volunteer-tara-mchardy-gallery-SQ400.png\" alt=\"volunteer-tara-mchardy-gallery-SQ400\" itemprop=\"image\" height=\"400\" width=\"400\" title=\"volunteer-tara-mchardy-gallery-SQ400\" onerror=\"this.style.display='none'\"  \/>\r\n\t<p>&#8220;I love that Mercy Ships brings people from all over the world trained in various places and careers to use their knowledge and abilities to make miracles happen every single day.&#8221;<\/p>\r\n<h3>\r\n\t\tInfirmi\u00e8re b\u00e9n\u00e9vole, Tara McHardy de Calgary, AB\r\n\t<\/h3>\r\n<h3>\r\n\t\tPhotos du programme\r\n\t<\/h3>\r\n\t\t\t\t\t\t<figure>\r\n\t\t\t\t\t\t\t<img loading=\"lazy\" decoding=\"async\" src=\"https:\/\/mercyships.ca\/wp-content\/uploads\/2024\/08\/Gallery-General-surgery-Damaris.jpg\" alt=\"Patient with tumor\" srcset=\"https:\/\/mercyships.ca\/wp-content\/uploads\/2024\/08\/Gallery-General-surgery-Damaris.jpg 780w, https:\/\/mercyships.ca\/wp-content\/uploads\/2024\/08\/Gallery-General-surgery-Damaris-300x200.jpg 300w, https:\/\/mercyships.ca\/wp-content\/uploads\/2024\/08\/Gallery-General-surgery-Damaris-768x512.jpg 768w, https:\/\/mercyships.ca\/wp-content\/uploads\/2024\/08\/Gallery-General-surgery-Damaris-18x12.jpg 18w\" width=\"780\" height=\"520\" \/>\r\n\t\t\t\t\t\t\t\t\t\t\t\t\t\t\t<!-- Overlay Wrapper -->\r\n\t\t\t\t\t\t\t\t\t\t\t\tUne patiente avec une tumeur. \u00a9 Mercy Ships\t\t\t\t\t\t\t\t\t\t\t\r\n\t\t\t\t\t\t\t\t <!-- Overlay Wrapper Closed -->\r\n\t\t\t\t\t\t\t\t\t\t\t\t\t<\/figure>\r\n\t\t\t\t\t\t<figure>\r\n\t\t\t\t\t\t\t<img loading=\"lazy\" decoding=\"async\" src=\"https:\/\/mercyships.ca\/wp-content\/uploads\/2024\/07\/SNB191025_GNILANE_PAT09338_BEFORE_LA001_MID-944x530-1.jpg\" alt=\"Gnilane Before Surgery\" srcset=\"https:\/\/mercyships.ca\/wp-content\/uploads\/2024\/07\/SNB191025_GNILANE_PAT09338_BEFORE_LA001_MID-944x530-1.jpg 944w, https:\/\/mercyships.ca\/wp-content\/uploads\/2024\/07\/SNB191025_GNILANE_PAT09338_BEFORE_LA001_MID-944x530-1-300x168.jpg 300w, https:\/\/mercyships.ca\/wp-content\/uploads\/2024\/07\/SNB191025_GNILANE_PAT09338_BEFORE_LA001_MID-944x530-1-768x431.jpg 768w\" width=\"944\" height=\"530\" \/>\r\n\t\t\t\t\t\t\t\t\t\t\t\t\t\t\t<!-- Overlay Wrapper -->\r\n\t\t\t\t\t\t\t\t\t\t\t\tGnilane avant l'op\u00e9ration maxillo-faciale visant \u00e0 retirer sa tumeur. \u00a9 Mercy Ships\t\t\t\t\t\t\t\t\t\t\t\r\n\t\t\t\t\t\t\t\t <!-- Overlay Wrapper Closed -->\r\n\t\t\t\t\t\t\t\t\t\t\t\t\t<\/figure>\r\n\t\t\t\t\t\t<figure>\r\n\t\t\t\t\t\t\t<img loading=\"lazy\" decoding=\"async\" src=\"https:\/\/mercyships.ca\/wp-content\/uploads\/2024\/08\/patientengeschichte-yaya-vor-op-1024x704.jpg\" alt=\"Patient Yaya\" srcset=\"https:\/\/mercyships.ca\/wp-content\/uploads\/2024\/08\/patientengeschichte-yaya-vor-op-1024x704.jpg 1024w, https:\/\/mercyships.ca\/wp-content\/uploads\/2024\/08\/patientengeschichte-yaya-vor-op-300x206.jpg 300w, https:\/\/mercyships.ca\/wp-content\/uploads\/2024\/08\/patientengeschichte-yaya-vor-op-768x528.jpg 768w, https:\/\/mercyships.ca\/wp-content\/uploads\/2024\/08\/patientengeschichte-yaya-vor-op-18x12.jpg 18w, https:\/\/mercyships.ca\/wp-content\/uploads\/2024\/08\/patientengeschichte-yaya-vor-op.jpg 1135w\" width=\"1024\" height=\"704\" \/>\r\n\t\t\t\t\t\t\t\t\t\t\t\t\t\t\t<!-- Overlay Wrapper -->\r\n\t\t\t\t\t\t\t\t\t\t\t\tPendant 8 ans, Yaya a d\u00fb supporter cette tumeur au visage jusqu'\u00e0 ce qu'elle trouve de l'aide avec Mercy Ships. \u00a9 Mercy Ships\t\t\t\t\t\t\t\t\t\t\t\r\n\t\t\t\t\t\t\t\t <!-- Overlay Wrapper Closed -->\r\n\t\t\t\t\t\t\t\t\t\t\t\t\t<\/figure>\r\n\t\t\t\t\t\t<figure>\r\n\t\t\t\t\t\t\t<img loading=\"lazy\" decoding=\"async\" src=\"https:\/\/mercyships.ca\/wp-content\/uploads\/2024\/08\/patientengeschichte-yaya-nach-op-1024x704.jpg\" alt=\"Patient Yaya\" srcset=\"https:\/\/mercyships.ca\/wp-content\/uploads\/2024\/08\/patientengeschichte-yaya-nach-op-1024x704.jpg 1024w, https:\/\/mercyships.ca\/wp-content\/uploads\/2024\/08\/patientengeschichte-yaya-nach-op-300x206.jpg 300w, https:\/\/mercyships.ca\/wp-content\/uploads\/2024\/08\/patientengeschichte-yaya-nach-op-768x528.jpg 768w, https:\/\/mercyships.ca\/wp-content\/uploads\/2024\/08\/patientengeschichte-yaya-nach-op-18x12.jpg 18w, https:\/\/mercyships.ca\/wp-content\/uploads\/2024\/08\/patientengeschichte-yaya-nach-op.jpg 1135w\" width=\"1024\" height=\"704\" \/>\r\n\t\t\t\t\t\t\t\t\t\t\t\t\t\t\t<!-- Overlay Wrapper -->\r\n\t\t\t\t\t\t\t\t\t\t\t\tYaya apr\u00e8s sa chirurgie. \u00a9 Mercy Ships\t\t\t\t\t\t\t\t\t\t\t\r\n\t\t\t\t\t\t\t\t <!-- Overlay Wrapper Closed -->\r\n\t\t\t\t\t\t\t\t\t\t\t\t\t<\/figure>\r\n\t\t\t\t\t\t<!-- pagination -->","protected":false},"excerpt":{"rendered":"<p>Take away heavy burdens Goiters and hernias Transformational health care through onboard Surgery Programs Surgery Mercy Ships seeks to relieve [&hellip;]<\/p>\n","protected":false},"author":3,"featured_media":2163,"parent":0,"menu_order":0,"comment_status":"closed","ping_status":"closed","template":"","meta":{"_acf_changed":false,"_seopress_robots_primary_cat":"","_seopress_titles_title":"","_seopress_titles_desc":"Learn about the free, state-of-the-art surgical procedures and medical care that Mercy Ships provides to people of sub-Saharan Africa.","_seopress_robots_index":"","site-sidebar-layout":"no-sidebar","site-content-layout":"page-builder","ast-site-content-layout":"default","site-content-style":"default","site-sidebar-style":"default","ast-global-header-display":"","ast-banner-title-visibility":"","ast-main-header-display":"","ast-hfb-above-header-display":"","ast-hfb-below-header-display":"","ast-hfb-mobile-header-display":"","site-post-title":"disabled","ast-breadcrumbs-content":"","ast-featured-img":"disabled","footer-sml-layout":"","ast-disable-related-posts":"","theme-transparent-header-meta":"default","adv-header-id-meta":"","stick-header-meta":"default","header-above-stick-meta":"","header-main-stick-meta":"","header-below-stick-meta":"","astra-migrate-meta-layouts":"set","ast-page-background-enabled":"default","ast-page-background-meta":{"desktop":{"background-color":"var(--ast-global-color-4)","background-image":"","background-repeat":"repeat","background-position":"center center","background-size":"auto","background-attachment":"scroll","background-type":"","background-media":"","overlay-type":"","overlay-color":"","overlay-opacity":"","overlay-gradient":""},"tablet":{"background-color":"","background-image":"","background-repeat":"repeat","background-position":"center center","background-size":"auto","background-attachment":"scroll","background-type":"","background-media":"","overlay-type":"","overlay-color":"","overlay-opacity":"","overlay-gradient":""},"mobile":{"background-color":"","background-image":"","background-repeat":"repeat","background-position":"center center","background-size":"auto","background-attachment":"scroll","background-type":"","background-media":"","overlay-type":"","overlay-color":"","overlay-opacity":"","overlay-gradient":""}},"ast-content-background-meta":{"desktop":{"background-color":"var(--ast-global-color-5)","background-image":"","background-repeat":"repeat","background-position":"center center","background-size":"auto","background-attachment":"scroll","background-type":"","background-media":"","overlay-type":"","overlay-color":"","overlay-opacity":"","overlay-gradient":""},"tablet":{"background-color":"var(--ast-global-color-5)","background-image":"","background-repeat":"repeat","background-position":"center center","background-size":"auto","background-attachment":"scroll","background-type":"","background-media":"","overlay-type":"","overlay-color":"","overlay-opacity":"","overlay-gradient":""},"mobile":{"background-color":"var(--ast-global-color-5)","background-image":"","background-repeat":"repeat","background-position":"center center","background-size":"auto","background-attachment":"scroll","background-type":"","background-media":"","overlay-type":"","overlay-color":"","overlay-opacity":"","overlay-gradient":""}},"footnotes":""},"class_list":["post-2154","page","type-page","status-publish","has-post-thumbnail","hentry"],"acf":[],"_links":{"self":[{"href":"https:\/\/mercyships.ca\/fr\/wp-json\/wp\/v2\/pages\/2154","targetHints":{"allow":["GET"]}}],"collection":[{"href":"https:\/\/mercyships.ca\/fr\/wp-json\/wp\/v2\/pages"}],"about":[{"href":"https:\/\/mercyships.ca\/fr\/wp-json\/wp\/v2\/types\/page"}],"author":[{"embeddable":true,"href":"https:\/\/mercyships.ca\/fr\/wp-json\/wp\/v2\/users\/3"}],"replies":[{"embeddable":true,"href":"https:\/\/mercyships.ca\/fr\/wp-json\/wp\/v2\/comments?post=2154"}],"version-history":[{"count":5,"href":"https:\/\/mercyships.ca\/fr\/wp-json\/wp\/v2\/pages\/2154\/revisions"}],"predecessor-version":[{"id":7977,"href":"https:\/\/mercyships.ca\/fr\/wp-json\/wp\/v2\/pages\/2154\/revisions\/7977"}],"wp:featuredmedia":[{"embeddable":true,"href":"https:\/\/mercyships.ca\/fr\/wp-json\/wp\/v2\/media\/2163"}],"wp:attachment":[{"href":"https:\/\/mercyships.ca\/fr\/wp-json\/wp\/v2\/media?parent=2154"}],"curies":[{"name":"wp","href":"https:\/\/api.w.org\/{rel}","templated":true}]}}