{"id":1986,"date":"2024-08-19T17:31:18","date_gmt":"2024-08-20T00:31:18","guid":{"rendered":"https:\/\/mercyships.onpressidium.com\/?page_id=1986"},"modified":"2025-10-23T15:50:19","modified_gmt":"2025-10-23T22:50:19","slug":"chirurgie-plastique-reconstructive","status":"publish","type":"page","link":"https:\/\/mercyships.ca\/fr\/plastic-reconstructive-surgery\/","title":{"rendered":"Chirurgie plastique reconstructive"},"content":{"rendered":"<img loading=\"lazy\" decoding=\"async\" src=\"https:\/\/mercyships.ca\/wp-content\/uploads\/2024\/08\/Plastic-Reconstructive-PS2500.jpg\" alt=\"Plastic Reconstructive PS2500\" itemprop=\"image\" height=\"824\" width=\"2500\" title=\"Plastic Reconstructive PS2500\" onerror=\"this.style.display='none'\"  \/>\r\n<h2>\r\n\t\tReconstruire l'espoir\r\n\t<\/h2>\r\n<h3>\r\n\t\tTumeurs, contractures de cicatrices de br\u00fblures et doigts\/orteils joints\r\n\t<\/h3>\r\n\t\t\t\t<img loading=\"lazy\" decoding=\"async\" src=\"https:\/\/mercyships.ca\/wp-content\/uploads\/2024\/08\/Gallery-Plastic-Reconstructive-Surgery-patient-with-fire.jpg\" alt=\"Gallery-Plastic-Reconstructive-Surgery-patient-with-fire\" itemprop=\"image\" height=\"520\" width=\"780\" title=\"Gallery-Plastic-Reconstructive-Surgery-patient-with-fire\" onerror=\"this.style.display='none'\"  \/>\r\n<h3>\r\n\t\tDifformit\u00e9s dans les pays en d\u00e9veloppement\r\n\t<\/h3>\r\n<h3>\r\n\t\tPourquoi le besoin est-il si grand?\r\n\t<\/h3>\r\n\t<p>Pour certains pays en d\u00e9veloppement, l\u2019acc\u00e8s aux soins m\u00e9dicaux et chirurgicaux n\u00e9cessaires est extr\u00eamement difficile en raison de leur \u00e9loignement, du manque d\u2019installations m\u00e9dicales et des contraintes financi\u00e8res. Des maladies qui seraient trait\u00e9es \u00e0 un stade pr\u00e9coce dans les pays d\u00e9velopp\u00e9s peuvent devenir mortelles. La cons\u00e9quence pour beaucoup est une vie enti\u00e8re de handicap et de rejet, et parfois m\u00eame la mort.<\/p>\r\n\t\t\t\t<img loading=\"lazy\" decoding=\"async\" src=\"https:\/\/mercyships.ca\/wp-content\/uploads\/2024\/08\/patientin-houleye-krankenschwester-tanz-haende-757x520-1.jpg\" alt=\"patientin-houleye-krankenschwester-tanz-haende-757x520-1\" itemprop=\"image\" height=\"520\" width=\"757\" title=\"patientin-houleye-krankenschwester-tanz-haende-757x520-1\" onerror=\"this.style.display='none'\"  \/>\r\n<h3>\r\n\t\tTumeurs\r\n\t<\/h3>\r\n\t<p>Les excroissances cutan\u00e9es b\u00e9nignes telles que les kystes et les lipomes commencent par \u00eatre de petites excroissances mais, sans traitement, elles peuvent devenir d\u00e9figurantes et d\u00e9bilitantes. Les personnes souffrant de ces tumeurs deviennent souvent des parias de la soci\u00e9t\u00e9.<\/p>\r\n\t\t\t\t<img loading=\"lazy\" decoding=\"async\" src=\"https:\/\/mercyships.ca\/wp-content\/uploads\/2024\/08\/Paul_Bernard_Plastische_Chirurgie_Verbrennung_Arm02-PS1200.jpg\" alt=\"Paul_Bernard_Plastische_Chirurgie_Verbrennung_Arm02 PS1200\" itemprop=\"image\" height=\"799\" width=\"1200\" title=\"Paul_Bernard_Plastische_Chirurgie_Verbrennung_Arm02 PS1200\" onerror=\"this.style.display='none'\"  \/>\r\n<h3>\r\n\t\tContractures de cicatrices de br\u00fblures\r\n\t<\/h3>\r\n\t<p>De nombreux Africains cuisinent sur des feux ouverts, faisant bouillir de l\u2019eau et de l\u2019huile en plein air. Les personnes, tr\u00e8s souvent des enfants, peuvent \u00eatre gravement br\u00fbl\u00e9es lors d\u2019accidents, ce qui entra\u00eene des cicatrices qui r\u00e9duisent la mobilit\u00e9 des membres. Dans de nombreux cas de br\u00fblures graves, il est n\u00e9cessaire de proc\u00e9der \u00e0 des greffes de peau pour lib\u00e9rer les contractures dues aux br\u00fblures et r\u00e9tablir l\u2019amplitude des mouvements.<\/p>\r\n\t\t\t\t<img loading=\"lazy\" decoding=\"async\" src=\"https:\/\/mercyships.ca\/wp-content\/uploads\/2024\/08\/Gallery-Crew-Emil-with-a-baby.jpg\" alt=\"Gallery-Crew-Emil-with-a-baby\" itemprop=\"image\" height=\"520\" width=\"780\" title=\"Gallery-Crew-Emil-with-a-baby\" onerror=\"this.style.display='none'\"  \/>\r\n<h3>\r\n\t\tDoigts\/orteils conjoints\r\n\t<\/h3>\r\n\t<p>Webbing of the digits, or syndactyly, is not\u00a0caused by the fingers sticking together in the\u00a0womb; rather, it is caused by failure, during\u00a0the sixth to eighth weeks of intrauterine life,\u00a0of the usual longitudinal interdigital necrosis\u00a0that normally separates the fingers. This\u00a0&#8220;webbing&#8221; is the most common abnormality\u00a0of the newborn hand. (PMC)<\/p>\r\n<h3>\r\n\t\tDes soins de sant\u00e9 transformateurs gr\u00e2ce \u00e0 des programmes de chirurgie \u00e0 bord\r\n\t<\/h3>\r\n<h3>\r\n\t\tChirurgie\r\n\t<\/h3>\r\n\t<p>Mercy Ships s\u2019associe \u00e0 la communaut\u00e9 m\u00e9dicale locale de chaque pays pour identifier les potentiels patients pour une chirurgie. Dans les salles d\u2019op\u00e9ration \u00e0 bord, des chirurgiens b\u00e9n\u00e9voles hautement qualifi\u00e9s effectuent des milliers d\u2019op\u00e9rations gratuites, maxillo-faciales, g\u00e9n\u00e9rales et reconstructives, transformant des vies.<\/p>\r\n\t\t\t\t<img loading=\"lazy\" decoding=\"async\" src=\"https:\/\/mercyships.ca\/wp-content\/uploads\/2024\/08\/CMA180501_PAUL_BERNARD_PAT14273_AFTER_HOME_VISIT_ST038_MID-944x530-1.jpg\" alt=\"Paul Bernard\" itemprop=\"image\" height=\"530\" width=\"944\" title=\"CMA180501_PAUL_BERNARD_PAT14273_AFTER_HOME_VISIT_ST038_MID-944x530-1\" onerror=\"this.style.display='none'\"  \/>\r\n<h3>\r\n\t\tRecovery &#038; Counselling\r\n\t<\/h3>\r\n\t<p>Patients recuperate under world-class care\u00a0in the ship&#8217;s hospital ward, where they are\u00a0also provided with opportunity for moral\u00a0and spiritual support. Mercy Ships aims to\u00a0provide a caring, holistic environment to\u00a0facilitate patient recovery.<\/p>\r\n<h3>\r\n\t\tTraining, Capacity Building &#038; Prevention\r\n\t<\/h3>\r\n\t<p>Mercy Ships collabore avec les gouvernements locaux et les minist\u00e8res de la sant\u00e9 pour am\u00e9liorer l\u2019infrastructure sanitaire nationale. Mercy Ships s\u2019associe \u00e0 des chirurgiens et du personnel infirmier locaux pour offrir des opportunit\u00e9s de formation et d\u2019\u00e9ducation aux techniques appropri\u00e9es. De plus, Mercy Ships contribue \u00e0 l\u2019\u00e9radication \u00e0 long terme des maladies \u00e9vitables et des conditions extr\u00eames qui en r\u00e9sultent en menant des programmes d\u2019\u00e9ducation sanitaire communautaire.<\/p>\r\n<h3>\r\n\t\tAccomplissements\r\n\t<\/h3>\r\n\t<p class=\"translation-block\">Depuis le d\u00e9but, Mercy Ships a r\u00e9alis\u00e9 <strong>plus de 108 000 interventions chirurgicales<\/strong> qui ont permis de changer des vies, telles que la reconstruction faciale et la correction de d\u00e9formations caus\u00e9es par de graves br\u00fblures et des anomalies cong\u00e9nitales.<\/p>\r\n<h1>\r\n\t\tChirurgie plastique reconstructive\r\n\t<\/h1>\r\n\t\t\t\t<img loading=\"lazy\" decoding=\"async\" src=\"https:\/\/mercyships.ca\/wp-content\/uploads\/2024\/08\/ms-icon-med-cercle_Recon_Plast.svg\" alt=\"ms-icon-med-cercle_Recon_Plast\" itemprop=\"image\" height=\"150\" width=\"150\" title=\"ms-icon-med-cercle_Recon_Plast\" onerror=\"this.style.display='none'\"  \/>\r\n<h3>\r\n\t\tAutres services m\u00e9dicaux\r\n\t<\/h3>\r\n\t<a href=\"https:\/\/mercyships.ca\/fr\/chirurgie-maxillofaciale\/\">Chirurgie maxillo-faciale<\/a>\r\n<a href=\"https:\/\/mercyships.ca\/fr\/chirurgie-gynecologique\/\">Women&#8217;s Health<\/a>\r\n<a href=\"https:\/\/mercyships.ca\/fr\/programme-orthopedique\/\">Programme orthop\u00e9dique<\/a>\r\n<a href=\"https:\/\/mercyships.ca\/fr\/soins-palliatifs\/\">Soins palliatifs<\/a>\r\n<a href=\"https:\/\/mercyships.ca\/fr\/chirurgie-generale\/\">Chirurgie g\u00e9n\u00e9rale<\/a>\r\n<a href=\"https:\/\/mercyships.ca\/fr\/soins-dentaires\/\">Soins dentaires<\/a>\r\n<p><a href=\"https:\/\/mercyships.ca\/fr\/soins-des-yeux\/\">Soins des yeux<\/a><\/p>\r\n<h3>\r\n\t\tStatistiques &nbsp; <small>(source : OMS)<\/small>\r\n\t<\/h3>\r\n\t<ul>\r\n<li>An estimated 265,000 deaths every year are caused by burns &#8211; the vast majority occur in low-and middle-income countries. (Source: WHO)<\/li>\r\n<li>Burns are the 11th leading cause of death of children aged 1-9 years and are also the fifth most common cause of non-fatal childhood injuries. Children under five in Africa have almost three times the incidence of burn deaths than infants worldwide.<\/li>\r\n<\/ul>\r\n\t\t\t\t<img loading=\"lazy\" decoding=\"async\" src=\"https:\/\/mercyships.ca\/wp-content\/uploads\/2024\/09\/Joan-Ross-SQ300.png\" alt=\"Joan-Ross SQ300\" itemprop=\"image\" height=\"300\" width=\"300\" title=\"Joan-Ross SQ300\" onerror=\"this.style.display='none'\"  \/>\r\n\t<p>&#8220;I saw a documentary about 15 years ago in a hotel room and I sat down on the end of the bed and wept and a voice inside me said &#8216;one day you will serve on that ship&#8217; it never left me and came to mind often in big and small ways.&#8221;<\/p>\r\n<h3>\r\n\t\tChirurgienne b\u00e9n\u00e9vole, Joan Ross de Sarnia, ON\r\n\t<\/h3>\r\n<h3>\r\n\t\tPhotos du programme\r\n\t<\/h3>\r\n\t\t\t\t\t\t<figure>\r\n\t\t\t\t\t\t\t<img loading=\"lazy\" decoding=\"async\" src=\"https:\/\/mercyships.ca\/wp-content\/uploads\/2024\/08\/ISABELLE_PAT09588_CW0002_HI-768x745-1.jpeg\" alt=\"Isabelle After Surgery\" srcset=\"https:\/\/mercyships.ca\/wp-content\/uploads\/2024\/08\/ISABELLE_PAT09588_CW0002_HI-768x745-1.jpeg 768w, https:\/\/mercyships.ca\/wp-content\/uploads\/2024\/08\/ISABELLE_PAT09588_CW0002_HI-768x745-1-300x291.jpeg 300w, https:\/\/mercyships.ca\/wp-content\/uploads\/2024\/08\/ISABELLE_PAT09588_CW0002_HI-768x745-1-12x12.jpeg 12w\" width=\"768\" height=\"745\" \/>\r\n\t\t\t\t\t\t\t\t\t\t\t\t\t\t\t<!-- Overlay Wrapper -->\r\n\t\t\t\t\t\t\t\t\t\t\t\tGr\u00e2ce \u00e0 Mercy Ships, Isabelle a pu b\u00e9n\u00e9ficier gratuitement d'une intervention chirurgicale qui a chang\u00e9 sa vie, en retirant une tumeur mena\u00e7ant sa vie sur sa joue. \u00a9 Mercy Ships\t\t\t\t\t\t\t\t\t\t\t\r\n\t\t\t\t\t\t\t\t <!-- Overlay Wrapper Closed -->\r\n\t\t\t\t\t\t\t\t\t\t\t\t\t<\/figure>\r\n\t\t\t\t\t\t<figure>\r\n\t\t\t\t\t\t\t<img loading=\"lazy\" decoding=\"async\" src=\"https:\/\/mercyships.ca\/wp-content\/uploads\/2024\/08\/CMA171123_PAUL_BERNARD_PAT14273_BEFORE_ST022_MID-944x530-1.jpg\" alt=\"Paul Bernard Before Surgery\" srcset=\"https:\/\/mercyships.ca\/wp-content\/uploads\/2024\/08\/CMA171123_PAUL_BERNARD_PAT14273_BEFORE_ST022_MID-944x530-1.jpg 944w, https:\/\/mercyships.ca\/wp-content\/uploads\/2024\/08\/CMA171123_PAUL_BERNARD_PAT14273_BEFORE_ST022_MID-944x530-1-300x168.jpg 300w, https:\/\/mercyships.ca\/wp-content\/uploads\/2024\/08\/CMA171123_PAUL_BERNARD_PAT14273_BEFORE_ST022_MID-944x530-1-768x431.jpg 768w, https:\/\/mercyships.ca\/wp-content\/uploads\/2024\/08\/CMA171123_PAUL_BERNARD_PAT14273_BEFORE_ST022_MID-944x530-1-18x10.jpg 18w\" width=\"944\" height=\"530\" \/>\r\n\t\t\t\t\t\t\t\t\t\t\t\t\t\t\t<!-- Overlay Wrapper -->\r\n\t\t\t\t\t\t\t\t\t\t\t\tPaul Bernard, avant sa chirurgie plastique reconstructive pour r\u00e9parer sa contracture de br\u00fblure. \u00a9 Mercy Ships\t\t\t\t\t\t\t\t\t\t\t\r\n\t\t\t\t\t\t\t\t <!-- Overlay Wrapper Closed -->\r\n\t\t\t\t\t\t\t\t\t\t\t\t\t<\/figure>\r\n\t\t\t\t\t\t<figure>\r\n\t\t\t\t\t\t\t<img loading=\"lazy\" decoding=\"async\" src=\"https:\/\/mercyships.ca\/wp-content\/uploads\/2024\/08\/CMA180501_PAUL_BERNARD_PAT14273_AFTER_HOME_VISIT_ST038_MID-944x530-1.jpg\" alt=\"Paul Bernard\" srcset=\"https:\/\/mercyships.ca\/wp-content\/uploads\/2024\/08\/CMA180501_PAUL_BERNARD_PAT14273_AFTER_HOME_VISIT_ST038_MID-944x530-1.jpg 944w, https:\/\/mercyships.ca\/wp-content\/uploads\/2024\/08\/CMA180501_PAUL_BERNARD_PAT14273_AFTER_HOME_VISIT_ST038_MID-944x530-1-300x168.jpg 300w, https:\/\/mercyships.ca\/wp-content\/uploads\/2024\/08\/CMA180501_PAUL_BERNARD_PAT14273_AFTER_HOME_VISIT_ST038_MID-944x530-1-768x431.jpg 768w, https:\/\/mercyships.ca\/wp-content\/uploads\/2024\/08\/CMA180501_PAUL_BERNARD_PAT14273_AFTER_HOME_VISIT_ST038_MID-944x530-1-18x10.jpg 18w\" width=\"944\" height=\"530\" \/>\r\n\t\t\t\t\t\t\t\t\t\t\t\t\t\t\t<!-- Overlay Wrapper -->\r\n\t\t\t\t\t\t\t\t\t\t\t\tPaul Bernard apr\u00e8s sa chirurgie gratuite qui lui permet aujourd'hui une mobilit\u00e9 retrouv\u00e9e. \u00a9 Mercy Ships\t\t\t\t\t\t\t\t\t\t\t\r\n\t\t\t\t\t\t\t\t <!-- Overlay Wrapper Closed -->\r\n\t\t\t\t\t\t\t\t\t\t\t\t\t<\/figure>\r\n\t\t\t\t\t\t<!-- pagination -->","protected":false},"excerpt":{"rendered":"<p>Reconstructing hope Tumours, burn scar contractures and conjoined fingers\/toes Deformities in Developing Nations Why is the need so extreme? For [&hellip;]<\/p>\n","protected":false},"author":3,"featured_media":2001,"parent":0,"menu_order":0,"comment_status":"closed","ping_status":"closed","template":"","meta":{"_acf_changed":false,"_seopress_robots_primary_cat":"","_seopress_titles_title":"","_seopress_titles_desc":"Birth defects, burns and illness often cause deformities we correct through surgeries: including burn-scar contractures, benign tumours, chronic ulcers, combined fingers and many others.","_seopress_robots_index":"","site-sidebar-layout":"no-sidebar","site-content-layout":"page-builder","ast-site-content-layout":"default","site-content-style":"default","site-sidebar-style":"default","ast-global-header-display":"","ast-banner-title-visibility":"","ast-main-header-display":"","ast-hfb-above-header-display":"","ast-hfb-below-header-display":"","ast-hfb-mobile-header-display":"","site-post-title":"disabled","ast-breadcrumbs-content":"","ast-featured-img":"disabled","footer-sml-layout":"","ast-disable-related-posts":"","theme-transparent-header-meta":"default","adv-header-id-meta":"","stick-header-meta":"default","header-above-stick-meta":"","header-main-stick-meta":"","header-below-stick-meta":"","astra-migrate-meta-layouts":"set","ast-page-background-enabled":"default","ast-page-background-meta":{"desktop":{"background-color":"var(--ast-global-color-4)","background-image":"","background-repeat":"repeat","background-position":"center center","background-size":"auto","background-attachment":"scroll","background-type":"","background-media":"","overlay-type":"","overlay-color":"","overlay-opacity":"","overlay-gradient":""},"tablet":{"background-color":"","background-image":"","background-repeat":"repeat","background-position":"center center","background-size":"auto","background-attachment":"scroll","background-type":"","background-media":"","overlay-type":"","overlay-color":"","overlay-opacity":"","overlay-gradient":""},"mobile":{"background-color":"","background-image":"","background-repeat":"repeat","background-position":"center center","background-size":"auto","background-attachment":"scroll","background-type":"","background-media":"","overlay-type":"","overlay-color":"","overlay-opacity":"","overlay-gradient":""}},"ast-content-background-meta":{"desktop":{"background-color":"var(--ast-global-color-5)","background-image":"","background-repeat":"repeat","background-position":"center center","background-size":"auto","background-attachment":"scroll","background-type":"","background-media":"","overlay-type":"","overlay-color":"","overlay-opacity":"","overlay-gradient":""},"tablet":{"background-color":"var(--ast-global-color-5)","background-image":"","background-repeat":"repeat","background-position":"center center","background-size":"auto","background-attachment":"scroll","background-type":"","background-media":"","overlay-type":"","overlay-color":"","overlay-opacity":"","overlay-gradient":""},"mobile":{"background-color":"var(--ast-global-color-5)","background-image":"","background-repeat":"repeat","background-position":"center center","background-size":"auto","background-attachment":"scroll","background-type":"","background-media":"","overlay-type":"","overlay-color":"","overlay-opacity":"","overlay-gradient":""}},"footnotes":""},"class_list":["post-1986","page","type-page","status-publish","has-post-thumbnail","hentry"],"acf":[],"_links":{"self":[{"href":"https:\/\/mercyships.ca\/fr\/wp-json\/wp\/v2\/pages\/1986","targetHints":{"allow":["GET"]}}],"collection":[{"href":"https:\/\/mercyships.ca\/fr\/wp-json\/wp\/v2\/pages"}],"about":[{"href":"https:\/\/mercyships.ca\/fr\/wp-json\/wp\/v2\/types\/page"}],"author":[{"embeddable":true,"href":"https:\/\/mercyships.ca\/fr\/wp-json\/wp\/v2\/users\/3"}],"replies":[{"embeddable":true,"href":"https:\/\/mercyships.ca\/fr\/wp-json\/wp\/v2\/comments?post=1986"}],"version-history":[{"count":5,"href":"https:\/\/mercyships.ca\/fr\/wp-json\/wp\/v2\/pages\/1986\/revisions"}],"predecessor-version":[{"id":7986,"href":"https:\/\/mercyships.ca\/fr\/wp-json\/wp\/v2\/pages\/1986\/revisions\/7986"}],"wp:featuredmedia":[{"embeddable":true,"href":"https:\/\/mercyships.ca\/fr\/wp-json\/wp\/v2\/media\/2001"}],"wp:attachment":[{"href":"https:\/\/mercyships.ca\/fr\/wp-json\/wp\/v2\/media?parent=1986"}],"curies":[{"name":"wp","href":"https:\/\/api.w.org\/{rel}","templated":true}]}}