{"id":1761,"date":"2024-08-15T13:38:09","date_gmt":"2024-08-15T20:38:09","guid":{"rendered":"https:\/\/mercyships.onpressidium.com\/?page_id=1761"},"modified":"2025-10-23T15:43:58","modified_gmt":"2025-10-23T22:43:58","slug":"chirurgie-maxillofaciale","status":"publish","type":"page","link":"https:\/\/mercyships.ca\/fr\/maxillofacial-surgery\/","title":{"rendered":"Chirurgie maxillo-faciale"},"content":{"rendered":"<img loading=\"lazy\" decoding=\"async\" src=\"https:\/\/mercyships.ca\/wp-content\/uploads\/2024\/08\/program-maxillofacial-care.jpg\" alt=\"program-maxillofacial-care\" itemprop=\"image\" height=\"675\" width=\"1920\" title=\"program-maxillofacial-care\" onerror=\"this.style.display='none'\"  \/>\r\n<h2>\r\n\t\tUn visage restaur\u00e9\r\n\t<\/h2>\r\n<h3>\r\n\t\tTumeurs b\u00e9nignes, noma, fentes labiales et palatines\r\n\t<\/h3>\r\n\t\t\t\t<img loading=\"lazy\" decoding=\"async\" src=\"https:\/\/mercyships.ca\/wp-content\/uploads\/2024\/08\/Gallery-Maxillofacial-patient.jpg\" alt=\"Gallery-Maxillofacial-patient\" itemprop=\"image\" height=\"520\" width=\"780\" title=\"Gallery-Maxillofacial-patient\" onerror=\"this.style.display='none'\"  \/>\r\n<h3>\r\n\t\tDifformit\u00e9s dans les pays en d\u00e9veloppement\r\n\t<\/h3>\r\n<h3>\r\n\t\tPourquoi le besoin est-il si grand?\r\n\t<\/h3>\r\n\t<p>Dans les pays en d\u00e9veloppement, l\u2019acc\u00e8s aux soins m\u00e9dicaux et chirurgicaux n\u00e9cessaires est extr\u00eamement difficile du fait de l\u2019\u00e9loignement, du manque d\u2019infrastructures m\u00e9dicales et de contraintes financi\u00e8res. Les affections qui seraient trait\u00e9es au tout d\u00e9but dans les pays d\u00e9velopp\u00e9s par une simple intervention chirurgicale, croissent au point de menacer la vie. La cons\u00e9quence pour beaucoup est une vie marqu\u00e9e par le handicap, l\u2019exclusion et m\u00eame parfois la mort.<\/p>\r\n\t\t\t\t<img loading=\"lazy\" decoding=\"async\" src=\"https:\/\/mercyships.ca\/wp-content\/uploads\/2024\/08\/patientengeschichte-yaya-vor-op.jpg\" alt=\"Patient Yaya\" itemprop=\"image\" height=\"780\" width=\"1135\" title=\"patientengeschichte-yaya-vor-op\" onerror=\"this.style.display='none'\"  \/>\r\n<h3>\r\n\t\tTumeurs\r\n\t<\/h3>\r\n\t<p>Les tumeurs d\u00e9figurantes d\u00e9butent souvent comme de petites excroissances, mais sans traitement, peuvent se d\u00e9velopper au point de devenir mortelles, du fait qu\u2019elles emp\u00eachent la personne de respirer ou de manger et font de leurs victimes des parias.<\/p>\r\n\t\t\t\t<img loading=\"lazy\" decoding=\"async\" src=\"https:\/\/mercyships.ca\/wp-content\/uploads\/2024\/08\/Gallery-Maxillofacial-Paul.jpg\" alt=\"Gallery-Maxillofacial-Paul\" itemprop=\"image\" height=\"520\" width=\"780\" title=\"Gallery-Maxillofacial-Paul\" onerror=\"this.style.display='none'\"  \/>\r\n<h3>\r\n\t\tBecs de li\u00e8vre et fentes palatines\r\n\t<\/h3>\r\n\t<p>Les becs de li\u00e8vre et\/ou fentes palatines sont des affections qui se traitent facilement gr\u00e2ce \u00e0 une intervention chirurgicale dans les pays d\u00e9velopp\u00e9s, mais les b\u00e9b\u00e9s n\u00e9s avec un bec de li\u00e8vre dans les pays en d\u00e9veloppement sont souvent mal nourris car ils ne peuvent pas s\u2019alimenter correctement. Les enfants qui survivent malgr\u00e9 tout sont souvent rejet\u00e9s du fait de leur difformit\u00e9.<\/p>\r\n\t\t\t\t<img loading=\"lazy\" decoding=\"async\" src=\"https:\/\/mercyships.ca\/wp-content\/uploads\/2024\/08\/Gallery-Maxillofacial-patient-on-swing.jpg\" alt=\"Gallery-Maxillofacial-patient-on-swing\" itemprop=\"image\" height=\"520\" width=\"780\" title=\"Gallery-Maxillofacial-patient-on-swing\" onerror=\"this.style.display='none'\"  \/>\r\n<h3>\r\n\t\tNoma (maladie buccale)\r\n\t<\/h3>\r\n\t<p>Le noma, ou cancrum oris, que l\u2019on n\u2019a pas revu depuis les camps de concentration, est une maladie infectieuse qui d\u00e9truit les tissus bucco-faciaux. Affectant principalement les enfants, la maladie progresse vite, s\u2019\u00e9tendant au nez, aux l\u00e8vres et aux joues. Malgr\u00e9 que cette affection soit \u00e9vitable et traitable, des milliers de personnes en meurent chaque ann\u00e9e. Ceux qui survivent restent avec d\u2019horribles d\u00e9figurations.<\/p>\r\n<h3>\r\n\t\tDes vies transform\u00e9es gr\u00e2ce aux programmes chirurgicaux \u00e0 bord\r\n\t<\/h3>\r\n<h3>\r\n\t\tChirurgie\r\n\t<\/h3>\r\n\t<p>Mercy Ships travaille en partenariat avec la communaut\u00e9 m\u00e9dicale locale dans chaque pays pour identifier les candidats et candidates aux op\u00e9rations. Dans les salles d\u2019op\u00e9ration am\u00e9nag\u00e9es \u00e0 bord, des chirurgiens hautement qualifi\u00e9s effectuent gratuitement sur des centaines de patients des op\u00e9rations de chirurgie maxillo-faciale, transformant et sauvant des vies.<\/p>\r\n<h3>\r\n\t\tRecovery &#038; Counselling\r\n\t<\/h3>\r\n\t<p>Patients recuperate under world-class care in the ship&#8217;s hospital ward, where they are also provided with opportunity for moral and spiritual support. Mercy Ships aims to provide a caring, holistic environment to facilitate patient recovery.<\/p>\r\n<h3>\r\n\t\tTraining, Capacity Building &#038; Prevention\r\n\t<\/h3>\r\n\t<p>Mercy Ships collabore avec les gouvernements et ministres de la sant\u00e9 locaux afin d\u2019am\u00e9liorer les infrastructures nationales de soins de sant\u00e9.<\/p>\r\n<p>Mercy Ships travaille avec des chirurgiens et du personnel infirmier local pour leur offrir une formation et des opportunit\u00e9s d\u2019apprentissage de techniques sp\u00e9cifiques. De plus, Mercy Ships contribue \u00e0 l\u2019\u00e9radication \u00e0 long-terme des maladies \u00e9vitables entra\u00eenant des affections extr\u00eamement graves, en menant des programmes d\u2019\u00e9ducation \u00e0 la sant\u00e9 communautaire.<\/p>\r\n<h3>\r\n\t\tAccomplissements\r\n\t<\/h3>\r\n\t<p class=\"translation-block\">Depuis le d\u00e9but, Mercy Ships a r\u00e9alis\u00e9 plus de <strong>plus de 108 000 interventions chirurgicales<\/strong> qui transforment des vies telles que la r\u00e9paration de fentes labiales et palatines et la et la chirurgie maxillo-faciale.<\/p>\r\n<h1>\r\n\t\tChirurgie maxillo-faciale\r\n\t<\/h1>\r\n\t\t\t\t<img loading=\"lazy\" decoding=\"async\" src=\"https:\/\/mercyships.ca\/wp-content\/uploads\/2024\/07\/ms-icon-med-cercle_MaxFax.svg\" alt=\"ms-icon-med-cercle_MaxFax\" itemprop=\"image\" height=\"150\" width=\"150\" title=\"ms-icon-med-cercle_MaxFax\" onerror=\"this.style.display='none'\"  \/>\r\n<h3>\r\n\t\tAutres services m\u00e9dicaux\r\n\t<\/h3>\r\n\t<a href=\"https:\/\/mercyships.ca\/fr\/chirurgie-gynecologique\/\">Women&#8217;s Health<\/a>\r\n<a href=\"https:\/\/mercyships.ca\/fr\/chirurgie-plastique-reconstructive\/\">Chirurgie plastique reconstructive<\/a>\r\n<a href=\"https:\/\/mercyships.can\/orthopaedic-program\/\">Programme orthop\u00e9dique<\/a>\r\n<a href=\"https:\/\/mercyships.ca\/fr\/soins-palliatifs\/\">Soins palliatifs<\/a>\r\n<a href=\"https:\/\/mercyships.ca\/fr\/chirurgie-generale\/\">Chirurgie g\u00e9n\u00e9rale<\/a>\r\n<a href=\"https:\/\/mercyships.ca\/fr\/soins-dentaires\/\">Soins dentaires<\/a>\r\n<p><a href=\"https:\/\/mercyships.ca\/fr\/soins-des-yeux\/\">Soins des yeux<\/a><\/p>\r\n<h3>\r\n\t\tStatistiques\r\n\t<\/h3>\r\n\t<ul>\r\n<li>La fente labiale et palatine est la principale anomalie faciale \u00e0 la naissance. Elle touche environ un enfant sur 500 \u00e0 700 naissances vivantes. (Source : OMS).<\/li>\r\n<li>Le noma est une maladie de la pauvret\u00e9. Environ 70 \u00e0 90 % des cas de noma sont mortels sans traitement. L\u2019Afrique reste le continent le plus touch\u00e9 par cette maladie \u00e9vitable qui frappe principalement les enfants de moins de six ans (Source : OMS).<\/li>\r\n<\/ul>\r\n\t\t\t\t<img loading=\"lazy\" decoding=\"async\" src=\"https:\/\/mercyships.ca\/wp-content\/uploads\/2024\/09\/Joan-Ross-SQ300.png\" alt=\"Joan-Ross SQ300\" itemprop=\"image\" height=\"300\" width=\"300\" title=\"Joan-Ross SQ300\" onerror=\"this.style.display='none'\"  \/>\r\n\t<p>&#8220;I saw a documentary about 15 years ago in a hotel room and I sat down on the end of the bed and wept and a voice inside me said &#8216;one day you will serve on that ship&#8217; it never left me and came to mind often in big and small ways.&#8221;<\/p>\r\n<h3>\r\n\t\tChirurgienne b\u00e9n\u00e9vole, Joan Ross de Sarnia, ON\r\n\t<\/h3>\r\n<h3>\r\n\t\tPhotos du programme\r\n\t<\/h3>\r\n\t\t\t\t\t\t<figure>\r\n\t\t\t\t\t\t\t<img loading=\"lazy\" decoding=\"async\" src=\"https:\/\/mercyships.ca\/wp-content\/uploads\/2024\/09\/SLF230920_LUCY_SLF08061_BEFORE_EB016_HI-1024x683.jpg\" alt=\"\" srcset=\"https:\/\/mercyships.ca\/wp-content\/uploads\/2024\/09\/SLF230920_LUCY_SLF08061_BEFORE_EB016_HI-1024x683.jpg 1024w, https:\/\/mercyships.ca\/wp-content\/uploads\/2024\/09\/SLF230920_LUCY_SLF08061_BEFORE_EB016_HI-300x200.jpg 300w, https:\/\/mercyships.ca\/wp-content\/uploads\/2024\/09\/SLF230920_LUCY_SLF08061_BEFORE_EB016_HI-768x512.jpg 768w, https:\/\/mercyships.ca\/wp-content\/uploads\/2024\/09\/SLF230920_LUCY_SLF08061_BEFORE_EB016_HI-1536x1024.jpg 1536w, https:\/\/mercyships.ca\/wp-content\/uploads\/2024\/09\/SLF230920_LUCY_SLF08061_BEFORE_EB016_HI-2048x1365.jpg 2048w, https:\/\/mercyships.ca\/wp-content\/uploads\/2024\/09\/SLF230920_LUCY_SLF08061_BEFORE_EB016_HI-18x12.jpg 18w\" width=\"1024\" height=\"683\" \/>\r\n\t\t\t\t\t\t\t\t\t\t\t\t\t\t\t<!-- Overlay Wrapper -->\r\n\t\t\t\t\t\t\t\t\t\t\t\tLucy, patiente maxillo-faciale, le matin de son admission \u00e0 l'h\u00f4pital. \u00a9 Mercy Ships \t\t\t\t\t\t\t\t\t\t\t\r\n\t\t\t\t\t\t\t\t <!-- Overlay Wrapper Closed -->\r\n\t\t\t\t\t\t\t\t\t\t\t\t\t<\/figure>\r\n\t\t\t\t\t\t<figure>\r\n\t\t\t\t\t\t\t<img loading=\"lazy\" decoding=\"async\" src=\"https:\/\/mercyships.ca\/wp-content\/uploads\/2024\/09\/sb-content-hub-DUpTWC4gSHS0Pvim779R_MGD240526_ANJARA_MGD08054_BEFORE_HOMEVISIT_JC025_MID-PS1200-1024x683.jpg\" alt=\"\" srcset=\"https:\/\/mercyships.ca\/wp-content\/uploads\/2024\/09\/sb-content-hub-DUpTWC4gSHS0Pvim779R_MGD240526_ANJARA_MGD08054_BEFORE_HOMEVISIT_JC025_MID-PS1200-1024x683.jpg 1024w, https:\/\/mercyships.ca\/wp-content\/uploads\/2024\/09\/sb-content-hub-DUpTWC4gSHS0Pvim779R_MGD240526_ANJARA_MGD08054_BEFORE_HOMEVISIT_JC025_MID-PS1200-300x200.jpg 300w, https:\/\/mercyships.ca\/wp-content\/uploads\/2024\/09\/sb-content-hub-DUpTWC4gSHS0Pvim779R_MGD240526_ANJARA_MGD08054_BEFORE_HOMEVISIT_JC025_MID-PS1200-768x512.jpg 768w, https:\/\/mercyships.ca\/wp-content\/uploads\/2024\/09\/sb-content-hub-DUpTWC4gSHS0Pvim779R_MGD240526_ANJARA_MGD08054_BEFORE_HOMEVISIT_JC025_MID-PS1200-18x12.jpg 18w, https:\/\/mercyships.ca\/wp-content\/uploads\/2024\/09\/sb-content-hub-DUpTWC4gSHS0Pvim779R_MGD240526_ANJARA_MGD08054_BEFORE_HOMEVISIT_JC025_MID-PS1200.jpg 1200w\" width=\"1024\" height=\"683\" \/>\r\n\t\t\t\t\t\t\t\t\t\t\t\t\t\t\t<!-- Overlay Wrapper -->\r\n\t\t\t\t\t\t\t\t\t\t\t\tAnjara, premi\u00e8re patiente atteinte de fente labiale \u00e0 \u00eatre op\u00e9r\u00e9e \u00e0 Madagascar en 2024. \u00a9 Mercy Ships  \t\t\t\t\t\t\t\t\t\t\t\r\n\t\t\t\t\t\t\t\t <!-- Overlay Wrapper Closed -->\r\n\t\t\t\t\t\t\t\t\t\t\t\t\t<\/figure>\r\n\t\t\t\t\t\t<figure>\r\n\t\t\t\t\t\t\t<img loading=\"lazy\" decoding=\"async\" src=\"https:\/\/mercyships.ca\/wp-content\/uploads\/2024\/09\/patientenbericht-david-vor-op-auf-station-757x520-1.jpg\" alt=\"David\" srcset=\"https:\/\/mercyships.ca\/wp-content\/uploads\/2024\/09\/patientenbericht-david-vor-op-auf-station-757x520-1.jpg 757w, https:\/\/mercyships.ca\/wp-content\/uploads\/2024\/09\/patientenbericht-david-vor-op-auf-station-757x520-1-300x206.jpg 300w, https:\/\/mercyships.ca\/wp-content\/uploads\/2024\/09\/patientenbericht-david-vor-op-auf-station-757x520-1-18x12.jpg 18w\" width=\"757\" height=\"520\" \/>\r\n\t\t\t\t\t\t\t\t\t\t\t\t\t\t\t<!-- Overlay Wrapper -->\r\n\t\t\t\t\t\t\t\t\t\t\t\tDavid avant sa chirurgie. \u00a9 Mercy Ships \t\t\t\t\t\t\t\t\t\t\t\r\n\t\t\t\t\t\t\t\t <!-- Overlay Wrapper Closed -->\r\n\t\t\t\t\t\t\t\t\t\t\t\t\t<\/figure>\r\n\t\t\t\t\t\t<!-- pagination -->","protected":false},"excerpt":{"rendered":"<p>A restored face Tumours, Noma, Cleft lip and palate Deformities in Developing Nations Why is the need so extreme? For [&hellip;]<\/p>\n","protected":false},"author":3,"featured_media":1776,"parent":0,"menu_order":0,"comment_status":"closed","ping_status":"closed","template":"","meta":{"_acf_changed":false,"_seopress_robots_primary_cat":"","_seopress_titles_title":"","_seopress_titles_desc":"Our surgeons relieve deformities caused by physical conditions such as tumours, cleft lip, cleft palate and noma.","_seopress_robots_index":"","site-sidebar-layout":"no-sidebar","site-content-layout":"page-builder","ast-site-content-layout":"default","site-content-style":"default","site-sidebar-style":"default","ast-global-header-display":"","ast-banner-title-visibility":"","ast-main-header-display":"","ast-hfb-above-header-display":"","ast-hfb-below-header-display":"","ast-hfb-mobile-header-display":"","site-post-title":"disabled","ast-breadcrumbs-content":"","ast-featured-img":"disabled","footer-sml-layout":"","ast-disable-related-posts":"","theme-transparent-header-meta":"default","adv-header-id-meta":"","stick-header-meta":"default","header-above-stick-meta":"","header-main-stick-meta":"","header-below-stick-meta":"","astra-migrate-meta-layouts":"set","ast-page-background-enabled":"default","ast-page-background-meta":{"desktop":{"background-color":"var(--ast-global-color-4)","background-image":"","background-repeat":"repeat","background-position":"center center","background-size":"auto","background-attachment":"scroll","background-type":"","background-media":"","overlay-type":"","overlay-color":"","overlay-opacity":"","overlay-gradient":""},"tablet":{"background-color":"","background-image":"","background-repeat":"repeat","background-position":"center center","background-size":"auto","background-attachment":"scroll","background-type":"","background-media":"","overlay-type":"","overlay-color":"","overlay-opacity":"","overlay-gradient":""},"mobile":{"background-color":"","background-image":"","background-repeat":"repeat","background-position":"center center","background-size":"auto","background-attachment":"scroll","background-type":"","background-media":"","overlay-type":"","overlay-color":"","overlay-opacity":"","overlay-gradient":""}},"ast-content-background-meta":{"desktop":{"background-color":"var(--ast-global-color-5)","background-image":"","background-repeat":"repeat","background-position":"center center","background-size":"auto","background-attachment":"scroll","background-type":"","background-media":"","overlay-type":"","overlay-color":"","overlay-opacity":"","overlay-gradient":""},"tablet":{"background-color":"var(--ast-global-color-5)","background-image":"","background-repeat":"repeat","background-position":"center center","background-size":"auto","background-attachment":"scroll","background-type":"","background-media":"","overlay-type":"","overlay-color":"","overlay-opacity":"","overlay-gradient":""},"mobile":{"background-color":"var(--ast-global-color-5)","background-image":"","background-repeat":"repeat","background-position":"center center","background-size":"auto","background-attachment":"scroll","background-type":"","background-media":"","overlay-type":"","overlay-color":"","overlay-opacity":"","overlay-gradient":""}},"footnotes":""},"class_list":["post-1761","page","type-page","status-publish","has-post-thumbnail","hentry"],"acf":[],"_links":{"self":[{"href":"https:\/\/mercyships.ca\/fr\/wp-json\/wp\/v2\/pages\/1761","targetHints":{"allow":["GET"]}}],"collection":[{"href":"https:\/\/mercyships.ca\/fr\/wp-json\/wp\/v2\/pages"}],"about":[{"href":"https:\/\/mercyships.ca\/fr\/wp-json\/wp\/v2\/types\/page"}],"author":[{"embeddable":true,"href":"https:\/\/mercyships.ca\/fr\/wp-json\/wp\/v2\/users\/3"}],"replies":[{"embeddable":true,"href":"https:\/\/mercyships.ca\/fr\/wp-json\/wp\/v2\/comments?post=1761"}],"version-history":[{"count":5,"href":"https:\/\/mercyships.ca\/fr\/wp-json\/wp\/v2\/pages\/1761\/revisions"}],"predecessor-version":[{"id":7962,"href":"https:\/\/mercyships.ca\/fr\/wp-json\/wp\/v2\/pages\/1761\/revisions\/7962"}],"wp:featuredmedia":[{"embeddable":true,"href":"https:\/\/mercyships.ca\/fr\/wp-json\/wp\/v2\/media\/1776"}],"wp:attachment":[{"href":"https:\/\/mercyships.ca\/fr\/wp-json\/wp\/v2\/media?parent=1761"}],"curies":[{"name":"wp","href":"https:\/\/api.w.org\/{rel}","templated":true}]}}