{"id":1688,"date":"2024-08-14T16:19:08","date_gmt":"2024-08-14T23:19:08","guid":{"rendered":"https:\/\/mercyships.onpressidium.com\/?page_id=1688"},"modified":"2026-03-12T08:11:43","modified_gmt":"2026-03-12T15:11:43","slug":"domaine-de-la-sante","status":"publish","type":"page","link":"https:\/\/mercyships.ca\/fr\/volunteer-health-care\/","title":{"rendered":"Nurse &#038; Medical Volunteers in Africa | Volunteer Health Care"},"content":{"rendered":"<figure itemscope itemtype=\"https:\/\/schema.org\/ImageObject\">\n\t\t\t\t<img decoding=\"async\" src=\"https:\/\/mercyships.ca\/wp-content\/uploads\/2024\/09\/FYPOB_Med-Bst_Website_EN-AI-PS2500.jpg\" alt=\"Nurse &amp; Medical Volunteer in Africa\" height=\"855\" width=\"2500\" title=\"FYPOB_Med-Bst_Website_EN AI PS2500\" onerror=\"this.style.display='none'\" loading=\"lazy\" \/>\n\t<\/figure>\n<figure itemscope itemtype=\"https:\/\/schema.org\/ImageObject\">\n\t\t\t\t<img decoding=\"async\" src=\"https:\/\/mercyships.ca\/wp-content\/uploads\/2024\/09\/FYPOB_Med-Bst_Website_FR-v2-PS2500.jpg\" alt=\"B\u00e9n\u00e9volat en soins infirmiers en Afrique\" height=\"855\" width=\"2500\" title=\"FYPOB_Med-Bst_Website_FR v2 PS2500\" onerror=\"this.style.display='none'\" loading=\"lazy\" \/>\n\t<\/figure>\n<h1>\n\t\t\tNurse &#038; Medical Volunteers in Africa\t<\/h1>\n<h2>\n\t\t\tOpportunit\u00e9s pour les m\u00e9decins, chirurgiens, professionnels m\u00e9dicaux en salle d'op\u00e9ration, en soins peri-op\u00e9ratoires et formations m\u00e9dicales continues.\t<\/h2>\n\t<p><b>Nurse &amp; Medical Volunteers in Africa<\/b> aboard Mercy Ships bring hope, healing, and critical healthcare services to underserved communities.\u00a0<\/p>\n<p>Les b\u00e9n\u00e9voles font partie int\u00e9grante d'une \u00e9quipe internationale soud\u00e9e qui lutte contre les crises chirurgicales mondiales. Des opportunit\u00e9s de b\u00e9n\u00e9volat sont disponibles dans les domaines suivants : bloc op\u00e9ratoire, h\u00f4pital, soutien m\u00e9dical et renforcement des capacit\u00e9s. Les b\u00e9n\u00e9voles de Mercy Ships apportent \u00e0 l'Afrique des soins de sant\u00e9 respectueux des cultures, fiables et accessibles.\u00a0<\/p>\n<p>Faites du b\u00e9n\u00e9volat en Afrique et r\u00e9alisez une mission inoubliable en partageant vos connaissances, votre exp\u00e9rience et vos comp\u00e9tences pour apporter espoir et gu\u00e9rison.<\/p>\n\t\t<iframe loading=\"lazy\" title=\"Canadian Volunteer Sailing on the Africa Mercy\" width=\"500\" height=\"281\" src=\"https:\/\/www.youtube.com\/embed\/uNSbiEviVj8?feature=oembed\" frameborder=\"0\" allow=\"accelerometer; autoplay; clipboard-write; encrypted-media; gyroscope; picture-in-picture; web-share\" referrerpolicy=\"strict-origin-when-cross-origin\" allowfullscreen><\/iframe>\t\n<h3>\n\t\t\tWhere do medical volunteers come from? \t<\/h3>\n\t<h3>Each year, healthcare volunteers from over 60 nations serve on board our fleet doing humanitarian work.<\/h3>\n\t\t\t<a href=\"https:\/\/volunteer.mercyships.org\/opportunity\/\"  target=\"_self\">\n\t\t\t\t\t\t\tFaire du b\u00e9n\u00e9volat\n\t\t\t\t\t<\/a>\n\t\t<iframe loading=\"lazy\" width=\"560\" height=\"315\" src=\"https:\/\/www.youtube.com\/embed\/MhJnTOPspTs?si=R9Mx5XHHGT6Op_NE\" title=\"YouTube video player\" frameborder=\"0\" allow=\"accelerometer; autoplay; clipboard-write; encrypted-media; gyroscope; picture-in-picture; web-share\" referrerpolicy=\"strict-origin-when-cross-origin\" allowfullscreen><\/iframe>\t\n<h3>\n\t\t\tCombien de b\u00e9n\u00e9voles embarquent sur nos navires-h\u00f4pitaux?\t<\/h3>\n\t<p>Chaque ann\u00e9e, des b\u00e9n\u00e9voles m\u00e9dicaux de 60 pays servent \u00e0 bord de nos navires pour de l'aide humanitaire.<\/p>\n\t\t\t<a href=\"https:\/\/opportunities.mercyships.org\/opportunities-listings\/?fwp_sectors=operating-room\"  target=\"_self\">\n\t\t\t\t\t\t\tFaire du b\u00e9n\u00e9volat\n\t\t\t\t\t<\/a>\n<h2>\n\t\t\tDevenir b\u00e9n\u00e9vole m\u00e9dical en Afrique\t<\/h2>\n<figure itemscope itemtype=\"https:\/\/schema.org\/ImageObject\">\n\t\t\t\t<img decoding=\"async\" src=\"https:\/\/mercyships.ca\/wp-content\/uploads\/2024\/07\/1-SQ200.png\" alt=\"1 SQ200\" height=\"200\" width=\"200\" title=\"1 SQ200\" onerror=\"this.style.display='none'\" loading=\"lazy\" \/>\n\t<\/figure>\n<h3>\n\t\t\tB\u00e9n\u00e9voles en salle d\u2019op\u00e9ration\t<\/h3>\n\t<p>Contribue \u00e0 des chirurgies transformatrices.<\/p>\n<figure itemscope itemtype=\"https:\/\/schema.org\/ImageObject\">\n\t\t\t\t<img decoding=\"async\" src=\"https:\/\/mercyships.ca\/wp-content\/uploads\/2024\/07\/2-SQ200.png\" alt=\"2 SQ200\" height=\"200\" width=\"200\" title=\"2 SQ200\" onerror=\"this.style.display='none'\" loading=\"lazy\" \/>\n\t<\/figure>\n<h3>\n\t\t\tB\u00e9n\u00e9voles\n\u00e0 l\u2019h\u00f4pital\t<\/h3>\n\t<p>Prend soin de nos patients et de l\u2019\u00e9quipage.<\/p>\n<figure itemscope itemtype=\"https:\/\/schema.org\/ImageObject\">\n\t\t\t\t<img decoding=\"async\" src=\"https:\/\/mercyships.ca\/wp-content\/uploads\/2024\/07\/3-SQ200.png\" alt=\"3 SQ200\" height=\"200\" width=\"200\" title=\"3 SQ200\" onerror=\"this.style.display='none'\" loading=\"lazy\" \/>\n\t<\/figure>\n<h3>\n\t\t\tB\u00e9n\u00e9voles en soutien aux services de sant\u00e9\t<\/h3>\n\t<p>Participe \u00e0 rendre nos h\u00f4pitaux de classe mondiale.<\/p>\n\t\t\t<a href=\"https:\/\/opportunities.mercyships.org\/how-to-apply\/\"  target=\"_self\">\n\t\t\t\t\t\t\tComment postuler?\n\t\t\t\t\t<\/a>\n<h3>\n\t\t\tOPPORTUNIT\u00c9S IMM\u00c9DIATES EN SOINS DE SANT\u00c9\t<\/h3>\n\t<p>pour un d\u00e9veloppement professionnel dans les postes suivants :<\/p>\n<figure itemscope itemtype=\"https:\/\/schema.org\/ImageObject\">\n\t\t\t\t<img decoding=\"async\" src=\"https:\/\/mercyships.ca\/wp-content\/uploads\/2024\/08\/ms-icon-gen_Tools.svg\" alt=\"ms-icon-gen_Tools\" height=\"150\" width=\"150\" title=\"ms-icon-gen_Tools\" onerror=\"this.style.display='none'\" loading=\"lazy\" \/>\n\t<\/figure>\n\t<p><strong>Technicien.ne coordinateur.trice biom\u00e9dical<\/strong><\/p>\n\t\t\t<a href=\"https:\/\/opportunities.mercyships.org\/operating-room\/senior-biomedical-technician\/\"  target=\"_blank\" rel=\"noopener\">\n\t\t\t\t\t\t\tPOSTES DISPONIBLES\n\t\t\t\t\t<\/a>\n<figure itemscope itemtype=\"https:\/\/schema.org\/ImageObject\">\n\t\t\t\t<img decoding=\"async\" src=\"https:\/\/mercyships.ca\/wp-content\/uploads\/2024\/08\/ms-icon_med_MCB.svg\" alt=\"ms-icon_med_MCB\" height=\"150\" width=\"189\" title=\"ms-icon_med_MCB\" onerror=\"this.style.display='none'\" loading=\"lazy\" \/>\n\t<\/figure>\n\t<p><strong>M\u00e9decin chef<\/strong><\/p>\n\t\t\t<a href=\"https:\/\/opportunities.mercyships.org\/hospital\/Chief-Medical-Officer\/\"  target=\"_blank\" rel=\"noopener\">\n\t\t\t\t\t\t\tPOSTES DISPONIBLES\n\t\t\t\t\t<\/a>\n<figure itemscope itemtype=\"https:\/\/schema.org\/ImageObject\">\n\t\t\t\t<img decoding=\"async\" src=\"https:\/\/mercyships.ca\/wp-content\/uploads\/2024\/08\/ms-icon_med_Dr_fem_A.svg\" alt=\"ms-icon_med_Dr_fem_A\" height=\"150\" width=\"150\" title=\"ms-icon_med_Dr_fem_A\" onerror=\"this.style.display='none'\" loading=\"lazy\" \/>\n\t<\/figure>\n\t<p><strong>Infirmier.\u00e8re en salle de r\u00e9veil<\/strong><\/p>\n\t\t\t<a href=\"https:\/\/opportunities.mercyships.org\/operating-room\/pacu-nurse-recovery-room\/\"  target=\"_blank\" rel=\"noopener\">\n\t\t\t\t\t\t\tPOSTES DISPONIBLES\n\t\t\t\t\t<\/a>\n<figure itemscope itemtype=\"https:\/\/schema.org\/ImageObject\">\n\t\t\t\t<img decoding=\"async\" src=\"https:\/\/mercyships.ca\/wp-content\/uploads\/2024\/08\/ms-icon_med_Dr_Fem_B.svg\" alt=\"ms-icon_med_Dr_Fem_B\" height=\"150\" width=\"150\" title=\"ms-icon_med_Dr_Fem_B\" onerror=\"this.style.display='none'\" loading=\"lazy\" \/>\n\t<\/figure>\n\t<p><strong>Infirmier.\u00e8re (divers r\u00f4les)<\/strong><\/p>\n\t\t\t<a href=\"https:\/\/volunteer.mercyships.org\/opportunity\/ward-nurse\/\"  target=\"_blank\" rel=\"noopener\">\n\t\t\t\t\t\t\tPOSTES DISPONIBLES\n\t\t\t\t\t<\/a>\n<figure itemscope itemtype=\"https:\/\/schema.org\/ImageObject\">\n\t\t\t\t<img decoding=\"async\" src=\"https:\/\/mercyships.ca\/wp-content\/uploads\/2024\/08\/ms-icon_med_Dr_Male_B.svg\" alt=\"ms-icon_med_Dr_Male_B\" height=\"150\" width=\"150\" title=\"ms-icon_med_Dr_Male_B\" onerror=\"this.style.display='none'\" loading=\"lazy\" \/>\n\t<\/figure>\n\t<p><strong>Superviseur.e m\u00e9dical en salle d\u2019op\u00e9ration<\/strong><\/p>\n\t\t\t<a href=\"https:\/\/opportunities.mercyships.org\/operating-room\/clinical-supervisor\/\"  target=\"_blank\" rel=\"noopener\">\n\t\t\t\t\t\t\tPOSTES DISPONIBLES\n\t\t\t\t\t<\/a>\n<figure itemscope itemtype=\"https:\/\/schema.org\/ImageObject\">\n\t\t\t\t<img decoding=\"async\" src=\"https:\/\/mercyships.ca\/wp-content\/uploads\/2024\/08\/ms-icon_med_Surgeon.svg\" alt=\"ms-icon_med_Surgeon\" height=\"150\" width=\"150\" title=\"ms-icon_med_Surgeon\" onerror=\"this.style.display='none'\" loading=\"lazy\" \/>\n\t<\/figure>\n\t<p><strong>Infirmi\u00e8re de bloc op\u00e9ratoire<\/strong><\/p>\n\t\t\t<a href=\"https:\/\/opportunities.mercyships.org\/operating-room\/nurse\/\"  target=\"_blank\" rel=\"noopener\">\n\t\t\t\t\t\t\tPOSTES DISPONIBLES\n\t\t\t\t\t<\/a>\n<figure itemscope itemtype=\"https:\/\/schema.org\/ImageObject\">\n\t\t\t\t<img decoding=\"async\" src=\"https:\/\/mercyships.ca\/wp-content\/uploads\/2024\/08\/ms-icon_med_Screening.svg\" alt=\"ms-icon_med_Screening\" height=\"150\" width=\"150\" title=\"ms-icon_med_Screening\" onerror=\"this.style.display='none'\" loading=\"lazy\" \/>\n\t<\/figure>\n\t<p><strong>Technicien.ne de laboratoire m\u00e9dical<\/strong><\/p>\n\t\t\t<a href=\"https:\/\/opportunities.mercyships.org\/hospital-support-services\/medical-laboratory-technologist\/\"  target=\"_blank\" rel=\"noopener\">\n\t\t\t\t\t\t\tPOSTES DISPONIBLES\n\t\t\t\t\t<\/a>\n<figure itemscope itemtype=\"https:\/\/schema.org\/ImageObject\">\n\t\t\t\t<img decoding=\"async\" src=\"https:\/\/mercyships.ca\/wp-content\/uploads\/2024\/08\/ms-icon_med_Hospital_Bed.svg\" alt=\"ms-icon_med_Hospital_Bed\" height=\"150\" width=\"150\" title=\"ms-icon_med_Hospital_Bed\" onerror=\"this.style.display='none'\" loading=\"lazy\" \/>\n\t<\/figure>\n\t<p><strong>Technicien.ne de st\u00e9rilisation de mat\u00e9riel chirurgical<\/strong><\/p>\n\t\t\t<a href=\"https:\/\/opportunities.mercyships.org\/operating-room\/sterile-processing-technician\/\"  target=\"_blank\" rel=\"noopener\">\n\t\t\t\t\t\t\tPOSTES DISPONIBLES\n\t\t\t\t\t<\/a>\n<figure itemscope itemtype=\"https:\/\/schema.org\/ImageObject\">\n\t\t\t\t<img decoding=\"async\" src=\"https:\/\/mercyships.ca\/wp-content\/uploads\/2024\/08\/ms-icon_med_Outpatient.svg\" alt=\"ms-icon_med_Outpatient\" height=\"150\" width=\"150\" title=\"ms-icon_med_Outpatient\" onerror=\"this.style.display='none'\" loading=\"lazy\" \/>\n\t<\/figure>\n\t<p><strong>Infirmier.\u00e8re p\u00e9diatrique<\/strong><\/p>\n\t\t\t<a href=\"https:\/\/opportunities.mercyships.org\/hospital\/ward-nurse-pediatric\/\"  target=\"_blank\" rel=\"noopener\">\n\t\t\t\t\t\t\tPOSTES DISPONIBLES\n\t\t\t\t\t<\/a>\n\t<h4>Nous sommes disponibles pour vous accompagner dans votre parcours de b\u00e9n\u00e9volat!<\/h4>\n<figure itemscope itemtype=\"https:\/\/schema.org\/ImageObject\">\n\t\t\t\t<img decoding=\"async\" src=\"https:\/\/mercyships.ca\/wp-content\/uploads\/2024\/08\/catherine-tremblay.png\" alt=\"Catherine Tremblay\" height=\"144\" width=\"144\" title=\"catherine-tremblay\" onerror=\"this.style.display='none'\" loading=\"lazy\" \/>\n\t<\/figure>\n\t<p><strong>Catherine Tremblay<\/strong><\/p>\n\t<p>crewcanada@mercyships.ca<\/p>\n\t\t\t\t<img decoding=\"async\" src=\"https:\/\/mercyships.ca\/wp-content\/uploads\/2024\/08\/GND190219_EYE_OR_WODOME_MCB_SURGERY_ST004_HI-1536x1024-1.jpeg\" alt=\"Dr. Maxime Sovogui, Abram Wodome, and Moise Minedor\" title=\"GND190219_EYE_OR_WODOME_MCB_SURGERY_ST004_HI-1536x1024-1\" itemprop=\"image\"\/>\n\t\t\t\t<p class=\"translation-block\">Vous voulez des r\u00e9ponses \u00e0 vos<br> questions avant de monter \u00e0 <br>bord? Consultez cette FAQ<\/p>\n\t\t\t<a href=\"https:\/\/www.mercyships.org\/volunteer\/learn-more\/faqs\/\" title=\"Foire aux questions\" target=\"_blank\" rel=\"noopener\"  role=\"button\" aria-label=\"Foire aux questions\">\n\t\t\t\t\t\t\tFoire aux questions\n\t\t<\/a>\n\t\t\t\t<img decoding=\"async\" src=\"https:\/\/mercyships.ca\/wp-content\/uploads\/2024\/08\/Gallery-Crew-Emil-operation-room.jpg\" alt=\"Dr. Sherif Emil Operation\" title=\"Gallery-Crew-Emil-operation-room\" itemprop=\"image\"\/>\n\t\t\t\t<p class=\"translation-block\">Proc\u00e9dures es pour le b\u00e9n\u00e9volat \u00e0<br> long terme dans le manuel<br> d\u2019\u00e9quipage.<\/p>\n\t\t\t<a href=\"https:\/\/mercyships.ca\/fr\/longer-term-guidebook\/\" title=\"Manuel d\u2019\u00e9quipage\" target=\"_blank\" rel=\"noopener\"  role=\"button\" aria-label=\"Manuel d\u2019\u00e9quipage\">\n\t\t\t\t\t\t\tManuel d\u2019\u00e9quipage\n\t\t<\/a>\n\t\t\t\t<img decoding=\"async\" src=\"https:\/\/mercyships.ca\/wp-content\/uploads\/2024\/08\/CMA180319_COM724_GREENHOW_WARD_WOELK_NUSSLEIN_ST001_HI-scaled-1.jpg\" alt=\"Lilian, canadian nurse\" title=\"CMA180319_COM724_GREENHOW_WARD_WOELK_NUSSLEIN_ST001_HI-scaled\" itemprop=\"image\"\/>\n\t\t\t\t<p class=\"translation-block\">Proc\u00e9dures es pour le b\u00e9n\u00e9volat \u00e0<br> court terme dans le manuel<br> d\u2019\u00e9quipage.<\/p>\n\t\t\t<a href=\"https:\/\/mercyships.ca\/fr\/shorter-term-guidebook\/\" title=\"Manuel d\u2019\u00e9quipage\" target=\"_blank\" rel=\"noopener\"  role=\"button\" aria-label=\"Manuel d\u2019\u00e9quipage\">\n\t\t\t\t\t\t\tManuel d\u2019\u00e9quipage\n\t\t<\/a>\n<h3>\n\t\t\tFaire du b\u00e9n\u00e9volat avec Mercy Ships\t<\/h3>\n<h3>\n\t\t\tCe que tu dois savoir :\t<\/h3>\n<figure itemscope itemtype=\"https:\/\/schema.org\/ImageObject\">\n\t\t\t\t<img decoding=\"async\" src=\"https:\/\/mercyships.ca\/wp-content\/uploads\/2024\/08\/ms-icon-mar-cercle_Fleet.svg\" alt=\"ms-icon-mar-cercle_Fleet\" height=\"150\" width=\"150\" title=\"ms-icon-mar-cercle_Fleet\" onerror=\"this.style.display='none'\" loading=\"lazy\" \/>\n\t<\/figure>\n<h4>\n\t\t\tH\u00e9bergement\t<\/h4>\n\t<p>Les b\u00e9n\u00e9voles individuels doivent partager une cabine (3 \u00e0 9 personnes). Des cabines sont aussi disponibles pour les familles et les couples.<\/p>\n<figure itemscope itemtype=\"https:\/\/schema.org\/ImageObject\">\n\t\t\t\t<img decoding=\"async\" src=\"https:\/\/mercyships.ca\/wp-content\/uploads\/2024\/08\/ms-icon-gen-cercle_Chef.svg\" alt=\"ms-icon-gen-cercle_Chef\" height=\"150\" width=\"150\" title=\"ms-icon-gen-cercle_Chef\" onerror=\"this.style.display='none'\" loading=\"lazy\" \/>\n\t<\/figure>\n<h4>\n\t\t\tRepas\t<\/h4>\n\t<p>Onboard, meals are provided. Special diets can&#8217;t be catered. There is also a Starbucks cafe with a snack bar and shop.<\/p>\n<figure itemscope itemtype=\"https:\/\/schema.org\/ImageObject\">\n\t\t\t\t<img decoding=\"async\" src=\"https:\/\/mercyships.ca\/wp-content\/uploads\/2024\/08\/ms-icon-gen-cercle_Library.svg\" alt=\"ms-icon-gen-cercle_Library\" height=\"150\" width=\"150\" title=\"ms-icon-gen-cercle_Library\" onerror=\"this.style.display='none'\" loading=\"lazy\" \/>\n\t<\/figure>\n<h4>\n\t\t\tCommodit\u00e9s\t<\/h4>\n\t<p>Nos navires sont \u00e9quip\u00e9s d\u2019une buanderie, d\u2019installations r\u00e9cr\u00e9atives et sportives, d\u2019une \u00e9cole pour les enfants des b\u00e9n\u00e9voles, d\u2019une clinique m\u00e9dicale et Wi-Fi.<\/p>\n<figure itemscope itemtype=\"https:\/\/schema.org\/ImageObject\">\n\t\t\t\t<img decoding=\"async\" src=\"https:\/\/mercyships.ca\/wp-content\/uploads\/2024\/07\/ms-icon-mar_Ship_World.svg\" alt=\"ms-icon-mar_Ship_World\" height=\"150\" width=\"150\" title=\"ms-icon-mar_Ship_World\" onerror=\"this.style.display='none'\" loading=\"lazy\" \/>\n\t<\/figure>\n<h4>\n\t\t\tExp\u00e9rience\t<\/h4>\n\t<p>Il est possible de visiter la ville et ses alentours, d\u2019aller \u00e0 la plage, au march\u00e9 et de participer \u00e0 des exp\u00e9riences de b\u00e9n\u00e9volat \u00e0 terre.<\/p>\n<figure itemscope itemtype=\"https:\/\/schema.org\/ImageObject\">\n\t\t\t\t<img decoding=\"async\" src=\"https:\/\/mercyships.ca\/wp-content\/uploads\/2024\/08\/ms-icon-gen-cercle_You.svg\" alt=\"ms-icon-gen-cercle_You\" height=\"150\" width=\"150\" title=\"ms-icon-gen-cercle_You\" onerror=\"this.style.display='none'\" loading=\"lazy\" \/>\n\t<\/figure>\n<h4>\n\t\t\tDur\u00e9e d'engagement\t<\/h4>\n\t<p>La majorit\u00e9 des postes sont pour une dur\u00e9e de 2 semaines \u00e0 10 mois.\nUne implication \u00e0 long terme de 2 ans et plus est aussi possible.<\/p>\n<figure itemscope itemtype=\"https:\/\/schema.org\/ImageObject\">\n\t\t\t\t<img decoding=\"async\" src=\"https:\/\/mercyships.ca\/wp-content\/uploads\/2024\/08\/ms-icon-med-cercle_Screening.svg\" alt=\"ms-icon-med-cercle_Screening\" height=\"150\" width=\"150\" title=\"ms-icon-med-cercle_Screening\" onerror=\"this.style.display='none'\" loading=\"lazy\" \/>\n\t<\/figure>\n<h4>\n\t\t\tConditions\t<\/h4>\n\t<p>Avoir au moins 18 ans, une bonne connaissance de l\u2019anglais et r\u00e9pondre aux exigences en mati\u00e8re d\u2019immunisation.<\/p>\n<figure itemscope itemtype=\"https:\/\/schema.org\/ImageObject\">\n\t\t\t\t<img decoding=\"async\" src=\"https:\/\/mercyships.ca\/wp-content\/uploads\/2024\/08\/ms-icon-gen-cercle_Chaplaincy.svg\" alt=\"ms-icon-gen-cercle_Chaplaincy\" height=\"150\" width=\"150\" title=\"ms-icon-gen-cercle_Chaplaincy\" onerror=\"this.style.display='none'\" loading=\"lazy\" \/>\n\t<\/figure>\n<h4>\n\t\t\tValeurs et principes\t<\/h4>\n\t<p>Nous sommes une organisation confessionnelle inclusive. Nous demandons \u00e0 tous nos b\u00e9n\u00e9voles de respecter les valeurs fondamentales de Mercy Ships et notre code de conduite.<\/p>\n<figure itemscope itemtype=\"https:\/\/schema.org\/ImageObject\">\n\t\t\t\t<img decoding=\"async\" src=\"https:\/\/mercyships.ca\/wp-content\/uploads\/2024\/08\/ms-icon-gen-cercle_Application.svg\" alt=\"ms-icon-gen-cercle_Application\" height=\"150\" width=\"150\" title=\"ms-icon-gen-cercle_Application\" onerror=\"this.style.display='none'\" loading=\"lazy\" \/>\n\t<\/figure>\n<h4>\n\t\t\tR\u00e8glementation\t<\/h4>\n\t<p>Les b\u00e9n\u00e9voles sont assujettis \u00e0 la loi maritime et doivent signer et appliquer les codes et r\u00e8glements en vigueur. Un compte-rendu m\u00e9dical par votre m\u00e9decin est requis afin de prouver votre bonne sant\u00e9.<\/p>\n<h2>\n\t\t\tOpportunit\u00e9s de b\u00e9n\u00e9volat avec Mercy Ships\t<\/h2>\n<h3>\n\t\t\tTrouvez votre place \u00e0 bord\t<\/h3>\n\t<p>Partner with us today, and don&#8217;t miss the opportunity to help change someone&#8217;s life forever. Your support and volunteer efforts bring hope and healing to so many in great need.<\/p>\n\t\t\t<a href=\"https:\/\/opportunities.mercyships.org\/?utm_campaign=opportunities_button&amp;utm_source=mercyships.ca&amp;utm_medium=referral\"  target=\"_self\">\n\t\t\t\t\t\t\tDevenir b\u00e9n\u00e9vole\n\t\t\t\t\t<\/a>\n<h3>\n\t\t\tPas le bon moment?\t<\/h3>\n\t<p>Want to serve but it&#8217;s not the right time? Consider helping volunteers in their fundraising efforts.<\/p>\n\t\t\t<a href=\"https:\/\/mercyshipscanada.akaraisin.com\/ui\/mercygiftsfundraising\"  target=\"_blank\" rel=\"noopener\">\n\t\t\t\t\t\t\tSoutenez l\u2019\u00e9quipe de b\u00e9n\u00e9voles\n\t\t\t\t\t<\/a>","protected":false},"excerpt":{"rendered":"<p>Nurse &#038; Medical Volunteers in Africa Opportunities for Physicians and Surgeons, Operating Room, Hospital, Medical Support and Medical Capacity Building [&hellip;]<\/p>\n","protected":false},"author":3,"featured_media":6894,"parent":0,"menu_order":0,"comment_status":"closed","ping_status":"closed","template":"","meta":{"_acf_changed":false,"_seopress_robots_primary_cat":"","_seopress_titles_title":"","_seopress_titles_desc":"Mercy Ships medical volunteers are bridge builders, instilling hope and patient empowerment and promoting social justice by addressing health disparity by providing holistic healthcare care in low-resource settings.","_seopress_robots_index":"","site-sidebar-layout":"no-sidebar","site-content-layout":"page-builder","ast-site-content-layout":"default","site-content-style":"default","site-sidebar-style":"default","ast-global-header-display":"","ast-banner-title-visibility":"","ast-main-header-display":"","ast-hfb-above-header-display":"","ast-hfb-below-header-display":"","ast-hfb-mobile-header-display":"","site-post-title":"disabled","ast-breadcrumbs-content":"","ast-featured-img":"disabled","footer-sml-layout":"","ast-disable-related-posts":"","theme-transparent-header-meta":"default","adv-header-id-meta":"","stick-header-meta":"default","header-above-stick-meta":"","header-main-stick-meta":"","header-below-stick-meta":"","astra-migrate-meta-layouts":"set","ast-page-background-enabled":"default","ast-page-background-meta":{"desktop":{"background-color":"var(--ast-global-color-4)","background-image":"","background-repeat":"repeat","background-position":"center center","background-size":"auto","background-attachment":"scroll","background-type":"","background-media":"","overlay-type":"","overlay-color":"","overlay-opacity":"","overlay-gradient":""},"tablet":{"background-color":"","background-image":"","background-repeat":"repeat","background-position":"center center","background-size":"auto","background-attachment":"scroll","background-type":"","background-media":"","overlay-type":"","overlay-color":"","overlay-opacity":"","overlay-gradient":""},"mobile":{"background-color":"","background-image":"","background-repeat":"repeat","background-position":"center center","background-size":"auto","background-attachment":"scroll","background-type":"","background-media":"","overlay-type":"","overlay-color":"","overlay-opacity":"","overlay-gradient":""}},"ast-content-background-meta":{"desktop":{"background-color":"var(--ast-global-color-5)","background-image":"","background-repeat":"repeat","background-position":"center center","background-size":"auto","background-attachment":"scroll","background-type":"","background-media":"","overlay-type":"","overlay-color":"","overlay-opacity":"","overlay-gradient":""},"tablet":{"background-color":"var(--ast-global-color-5)","background-image":"","background-repeat":"repeat","background-position":"center center","background-size":"auto","background-attachment":"scroll","background-type":"","background-media":"","overlay-type":"","overlay-color":"","overlay-opacity":"","overlay-gradient":""},"mobile":{"background-color":"var(--ast-global-color-5)","background-image":"","background-repeat":"repeat","background-position":"center center","background-size":"auto","background-attachment":"scroll","background-type":"","background-media":"","overlay-type":"","overlay-color":"","overlay-opacity":"","overlay-gradient":""}},"footnotes":""},"class_list":["post-1688","page","type-page","status-publish","has-post-thumbnail","hentry"],"acf":[],"_links":{"self":[{"href":"https:\/\/mercyships.ca\/fr\/wp-json\/wp\/v2\/pages\/1688","targetHints":{"allow":["GET"]}}],"collection":[{"href":"https:\/\/mercyships.ca\/fr\/wp-json\/wp\/v2\/pages"}],"about":[{"href":"https:\/\/mercyships.ca\/fr\/wp-json\/wp\/v2\/types\/page"}],"author":[{"embeddable":true,"href":"https:\/\/mercyships.ca\/fr\/wp-json\/wp\/v2\/users\/3"}],"replies":[{"embeddable":true,"href":"https:\/\/mercyships.ca\/fr\/wp-json\/wp\/v2\/comments?post=1688"}],"version-history":[{"count":5,"href":"https:\/\/mercyships.ca\/fr\/wp-json\/wp\/v2\/pages\/1688\/revisions"}],"predecessor-version":[{"id":14418,"href":"https:\/\/mercyships.ca\/fr\/wp-json\/wp\/v2\/pages\/1688\/revisions\/14418"}],"wp:featuredmedia":[{"embeddable":true,"href":"https:\/\/mercyships.ca\/fr\/wp-json\/wp\/v2\/media\/6894"}],"wp:attachment":[{"href":"https:\/\/mercyships.ca\/fr\/wp-json\/wp\/v2\/media?parent=1688"}],"curies":[{"name":"wp","href":"https:\/\/api.w.org\/{rel}","templated":true}]}}