{"id":1605,"date":"2024-08-13T16:36:57","date_gmt":"2024-08-13T23:36:57","guid":{"rendered":"https:\/\/mercyships.onpressidium.com\/?page_id=1605"},"modified":"2026-03-12T08:42:50","modified_gmt":"2026-03-12T15:42:50","slug":"maritime-batiment-logistique","status":"publish","type":"page","link":"https:\/\/mercyships.ca\/fr\/volunteer-marine-trades-operations\/","title":{"rendered":"B\u00e9n\u00e9voles professionnels maritimes, b\u00e2timent et en logistique"},"content":{"rendered":"<figure itemscope itemtype=\"https:\/\/schema.org\/ImageObject\">\n\t\t\t\t<img decoding=\"async\" src=\"https:\/\/mercyships.ca\/wp-content\/uploads\/2024\/09\/recrutment-marine-trade-volunteer-PS2500.jpg\" alt=\"Recruiting marine and trade operations&#039; volunteers\" height=\"679\" width=\"2500\" title=\"recrutment-marine-trade-volunteer PS2500\" onerror=\"this.style.display='none'\" loading=\"lazy\" \/>\n\t<\/figure>\n<h2 class=\"translation-block\">Gr\u00e2ce \u00e0 des professionnels maritimes, du b\u00e2timent et en logistique, nos navires deviennent des h\u00f4pitaux<\/h2>\n<h1>\n\t\t\tMarine Deck, Marine Engineering, Logistics, Supply &#038; Operations\t<\/h1>\n\t<p>Les b\u00e9n\u00e9voles du domaine maritime, du b\u00e2timent et en logistique permettent l\u2019acc\u00e8s aux soins de sant\u00e9 dans des contextes de ressources limit\u00e9es. Des opportunit\u00e9s de b\u00e9n\u00e9volat sont disponibles dans les d\u00e9partements du pont, de la m\u00e9canique, de la logistique, de l\u2019approvisionnement et des op\u00e9rations. Les professionnels du b\u00e2timent s\u2019assurent de l\u2019entretien de nos infrastructures afin de soutenir les soins de nos patients et de notre \u00e9quipage. Nos navires-h\u00f4pitaux et leur \u00e9quipement sont soumis \u00e0 un entretien pr\u00e9ventif et \u00e0 des r\u00e9parations. Montez \u00e0 bord si vous \u00eates motiv\u00e9s pour de nouveaux d\u00e9fis et apprentissages, en plus de l\u2019opportunit\u00e9 de faire partie d\u2019une communaut\u00e9 solidaire internationale qui \u0153uvre \u00e0 une mission inspirante. Pr\u00e9parez-vous \u00e0 vivre dans une ambiance de travail comme vous ne l\u2019avez jamais v\u00e9cue. Laissez votre marque en offrant vos comp\u00e9tences en m\u00e9canique, plomberie et \u00e9lectricit\u00e9 pour faire la diff\u00e9rence.<\/p>\n\t\t<iframe loading=\"lazy\" width=\"678\" height=\"381\" src=\"https:\/\/www.youtube.com\/embed\/Zs64dtnbHYw\" title=\"My Mercy Ships Adventure #80 -- Mercy Ships Non Medical Positions Part II (Deck and Engineering)\" frameborder=\"0\" allow=\"accelerometer; autoplay; clipboard-write; encrypted-media; gyroscope; picture-in-picture; web-share\" referrerpolicy=\"strict-origin-when-cross-origin\" allowfullscreen><\/iframe>\t\n<h3>\n\t\t\tCombien de b\u00e9n\u00e9voles embarquent sur nos navires-h\u00f4pitaux?\t<\/h3>\n\t<h3>Chaque ann\u00e9e, des professionnels maritimes, du b\u00e2timent et en logistique de 60 pays servent \u00e0 bord de nos navires pour de l'aide humanitaire.<\/h3>\n\t\t\t<a href=\"https:\/\/volunteer.mercyships.org\/opportunity\/\"  target=\"_blank\" rel=\"noopener\">\n\t\t\t\t\t\t\tFaire du b\u00e9n\u00e9volat\n\t\t\t\t\t<\/a>\n\t\t<iframe loading=\"lazy\" width=\"678\" height=\"381\" src=\"https:\/\/www.youtube.com\/embed\/Jzz5v_LRR4o\" title=\"Journ\u00e9e des marins\" frameborder=\"0\" allow=\"accelerometer; autoplay; clipboard-write; encrypted-media; gyroscope; picture-in-picture; web-share\" referrerpolicy=\"strict-origin-when-cross-origin\" allowfullscreen><\/iframe>\t\n<h3>\n\t\t\tCombien de b\u00e9n\u00e9voles embarquent sur nos navires-h\u00f4pitaux?\t<\/h3>\n\t<p>Chaque ann\u00e9e, des professionnels maritimes, du b\u00e2timent et en logistique de 60 pays servent \u00e0 bord de nos navires pour de l'aide humanitaire.<\/p>\n\t\t\t<a href=\"https:\/\/opportunities.mercyships.org\/opportunities-listings\/?fwp_sectors=mariner\"  target=\"_blank\" rel=\"noopener\">\n\t\t\t\t\t\t\tFaire du b\u00e9n\u00e9volat\n\t\t\t\t\t<\/a>\n<h2>\n\t\t\tDevenir b\u00e9n\u00e9vole sur un navire-h\u00f4pital\t<\/h2>\n<figure itemscope itemtype=\"https:\/\/schema.org\/ImageObject\">\n\t\t\t\t<img decoding=\"async\" src=\"https:\/\/mercyships.ca\/wp-content\/uploads\/2024\/07\/1-SQ200.png\" alt=\"1 SQ200\" height=\"200\" width=\"200\" title=\"1 SQ200\" onerror=\"this.style.display='none'\" loading=\"lazy\" \/>\n\t<\/figure>\n<h3>\n\t\t\tB\u00e9n\u00e9voles\nmaritimes\t<\/h3>\n\t<p>Operate the world&#8217;s largest civilian hospital ships.<\/p>\n<figure itemscope itemtype=\"https:\/\/schema.org\/ImageObject\">\n\t\t\t\t<img decoding=\"async\" src=\"https:\/\/mercyships.ca\/wp-content\/uploads\/2024\/07\/2-SQ200.png\" alt=\"2 SQ200\" height=\"200\" width=\"200\" title=\"2 SQ200\" onerror=\"this.style.display='none'\" loading=\"lazy\" \/>\n\t<\/figure>\n<h3>\n\t\t\tB\u00e9n\u00e9voles du\nb\u00e2timent\t<\/h3>\n\t<p>Entretien et r\u00e9pare un village flottant.<\/p>\n<figure itemscope itemtype=\"https:\/\/schema.org\/ImageObject\">\n\t\t\t\t<img decoding=\"async\" src=\"https:\/\/mercyships.ca\/wp-content\/uploads\/2024\/07\/3-SQ200.png\" alt=\"3 SQ200\" height=\"200\" width=\"200\" title=\"3 SQ200\" onerror=\"this.style.display='none'\" loading=\"lazy\" \/>\n\t<\/figure>\n<h3>\n\t\t\tB\u00e9n\u00e9voles en logistique\t<\/h3>\n\t<p>Supervise les op\u00e9rations pour de l\u2019aide humanitaire.<\/p>\n\t\t\t<a href=\"https:\/\/opportunities.mercyships.org\/how-to-apply\/\"  target=\"_blank\" rel=\"noopener\">\n\t\t\t\t\t\t\tComment postuler?\n\t\t\t\t\t<\/a>\n<h3>\n\t\t\tOPPORTUNIT\u00c9S DE B\u00c9N\u00c9VOLAT \u00c0 BORD\t<\/h3>\n\t<p>pour un d\u00e9veloppement professionnel dans les postes suivants :<\/p>\n<figure itemscope itemtype=\"https:\/\/schema.org\/ImageObject\">\n\t\t\t\t<img decoding=\"async\" src=\"https:\/\/mercyships.ca\/wp-content\/uploads\/2024\/08\/ms-icon-mar_Engineer.svg\" alt=\"ms-icon-mar_Engineer\" height=\"150\" width=\"150\" title=\"ms-icon-mar_Engineer\" onerror=\"this.style.display='none'\" loading=\"lazy\" \/>\n\t<\/figure>\n\t<p><strong>Chef ing\u00e9nieur<\/strong><\/p>\n\t\t\t<a href=\"https:\/\/opportunities.mercyships.org\/marine-engineering\/chief-engineer\/\"  target=\"_blank\" rel=\"noopener\">\n\t\t\t\t\t\t\tPOSTES DISPONIBLES\n\t\t\t\t\t<\/a>\n<figure itemscope itemtype=\"https:\/\/schema.org\/ImageObject\">\n\t\t\t\t<img decoding=\"async\" src=\"https:\/\/mercyships.ca\/wp-content\/uploads\/2024\/08\/ms-icon-gen_Man_A.svg\" alt=\"ms-icon-gen_Man_A\" height=\"150\" width=\"150\" title=\"ms-icon-gen_Man_A\" onerror=\"this.style.display='none'\" loading=\"lazy\" \/>\n\t<\/figure>\n\t<p><strong>Directeur des op\u00e9rations<\/strong><\/p>\n\t\t\t<a href=\"https:\/\/opportunities.mercyships.org\/operations\/director\/\"  target=\"_blank\" rel=\"noopener\">\n\t\t\t\t\t\t\tPOSTES DISPONIBLES\n\t\t\t\t\t<\/a>\n<figure itemscope itemtype=\"https:\/\/schema.org\/ImageObject\">\n\t\t\t\t<img decoding=\"async\" src=\"https:\/\/mercyships.ca\/wp-content\/uploads\/2024\/08\/ms-icon-mar_Energy_Idea.svg\" alt=\"ms-icon-mar_Energy_Idea\" height=\"150\" width=\"150\" title=\"ms-icon-mar_Energy_Idea\" onerror=\"this.style.display='none'\" loading=\"lazy\" \/>\n\t<\/figure>\n\t<p><strong>Ing\u00e9nieur en b\u00e2timent<\/strong><\/p>\n\t\t\t<a href=\"https:\/\/volunteer.mercyships.org\/opportunity\/hotel-engineer\/\"  target=\"_blank\" rel=\"noopener\">\n\t\t\t\t\t\t\tPOSTES DISPONIBLES\n\t\t\t\t\t<\/a>\n<figure itemscope itemtype=\"https:\/\/schema.org\/ImageObject\">\n\t\t\t\t<img decoding=\"async\" src=\"https:\/\/mercyships.ca\/wp-content\/uploads\/2024\/08\/ms-icon-mar_Captain_Woman_A.svg\" alt=\"ms-icon-mar_Captain_Woman_A\" height=\"150\" width=\"150\" title=\"ms-icon-mar_Captain_Woman_A\" onerror=\"this.style.display='none'\" loading=\"lazy\" \/>\n\t<\/figure>\n\t<p><strong>Capitaine<\/strong><\/p>\n\t\t\t<a href=\"https:\/\/opportunities.mercyships.org\/marine-deck\/captain\/\"  target=\"_blank\" rel=\"noopener\">\n\t\t\t\t\t\t\tPOSTES DISPONIBLES\n\t\t\t\t\t<\/a>\n<figure itemscope itemtype=\"https:\/\/schema.org\/ImageObject\">\n\t\t\t\t<img decoding=\"async\" src=\"https:\/\/mercyships.ca\/wp-content\/uploads\/2024\/08\/ms-icon_med_Facilities.svg\" alt=\"ms-icon_med_Facilities\" height=\"150\" width=\"150\" title=\"ms-icon_med_Facilities\" onerror=\"this.style.display='none'\" loading=\"lazy\" \/>\n\t<\/figure>\n\t<p><strong>M\u00e9canicien\/soudeur<\/strong><\/p>\n\t\t\t<a href=\"https:\/\/opportunities.mercyships.org\/marine-engineering\/mechanic-fitter\/\"  target=\"_blank\" rel=\"noopener\">\n\t\t\t\t\t\t\tPOSTES DISPONIBLES\n\t\t\t\t\t<\/a>\n<figure itemscope itemtype=\"https:\/\/schema.org\/ImageObject\">\n\t\t\t\t<img decoding=\"async\" src=\"https:\/\/mercyships.ca\/wp-content\/uploads\/2024\/08\/ms-icon-gen_Tools.svg\" alt=\"ms-icon-gen_Tools\" height=\"150\" width=\"150\" title=\"ms-icon-gen_Tools\" onerror=\"this.style.display='none'\" loading=\"lazy\" \/>\n\t<\/figure>\n\t<p><strong>Plombier<\/strong><\/p>\n\t\t\t<a href=\"https:\/\/volunteer.mercyships.org\/opportunity\/plumber\/\"  target=\"_blank\" rel=\"noopener\">\n\t\t\t\t\t\t\tPOSTES DISPONIBLES\n\t\t\t\t\t<\/a>\n\t<h4>Nous sommes disponibles pour vous accompagner dans votre parcours de b\u00e9n\u00e9volat!<\/h4>\n<figure itemscope itemtype=\"https:\/\/schema.org\/ImageObject\">\n\t\t\t\t<img decoding=\"async\" src=\"https:\/\/mercyships.ca\/wp-content\/uploads\/2024\/08\/catherine-tremblay.png\" alt=\"Catherine Tremblay\" height=\"144\" width=\"144\" title=\"catherine-tremblay\" onerror=\"this.style.display='none'\" loading=\"lazy\" \/>\n\t<\/figure>\n\t<p><strong>Catherine Tremblay<\/strong><\/p>\n\t<p>crewcanada@mercyships.ca<\/p>\n\t\t\t\t<img decoding=\"async\" src=\"https:\/\/mercyships.ca\/wp-content\/uploads\/2024\/08\/volunteer-ruben-galama-feature.jpg\" alt=\"International Day of the Seafarer\" title=\"volunteer-ruben-galama-feature\" itemprop=\"image\"\/>\n\t\t\t\t<p class=\"translation-block\">Vous voulez des r\u00e9ponses \u00e0 vos<br> questions avant de monter \u00e0 <br>bord? Consultez cette FAQ<\/p>\n\t\t\t<a href=\"https:\/\/www.mercyships.org\/volunteer\/learn-more\/faqs\/\" title=\"Foire aux questions\" target=\"_blank\" rel=\"noopener\"  role=\"button\" aria-label=\"Foire aux questions\">\n\t\t\t\t\t\t\tFoire aux questions\n\t\t<\/a>\n\t\t\t\t<img decoding=\"async\" src=\"https:\/\/mercyships.ca\/wp-content\/uploads\/2024\/08\/featured-image-mitarbeiten-vorbereitung-bewerbung-denise-ngum-deck-leuchtfackel-weg-e1661777234806.jpg\" alt=\"Mitarbeiten Crew Ehrenamt Volunteer\" title=\"featured-image-mitarbeiten-vorbereitung-bewerbung-denise-ngum-deck-leuchtfackel-weg-e1661777234806\" itemprop=\"image\"\/>\n\t\t\t\t<p class=\"translation-block\">Proc\u00e9dures es pour le b\u00e9n\u00e9volat \u00e0<br> long terme dans le manuel<br> d\u2019\u00e9quipage.<\/p>\n\t\t\t<a href=\"https:\/\/mercyships.ca\/fr\/longer-term-guidebook\/\" title=\"Manuel d\u2019\u00e9quipage\" target=\"_blank\" rel=\"noopener\"  role=\"button\" aria-label=\"Manuel d\u2019\u00e9quipage\">\n\t\t\t\t\t\t\tManuel d\u2019\u00e9quipage\n\t\t<\/a>\n\t\t\t\t<img decoding=\"async\" src=\"https:\/\/mercyships.ca\/wp-content\/uploads\/2024\/08\/seas-ahead-africa-mercy-feature.jpg\" alt=\"Charting the Seas Ahead\" title=\"seas-ahead-africa-mercy-feature\" itemprop=\"image\"\/>\n\t\t\t\t<p class=\"translation-block\">Proc\u00e9dures es pour le b\u00e9n\u00e9volat \u00e0<br> court terme dans le manuel<br> d\u2019\u00e9quipage.<\/p>\n\t\t\t<a href=\"https:\/\/mercyships.ca\/fr\/shorter-term-guidebook\/\" title=\"Manuel d\u2019\u00e9quipage\" target=\"_blank\" rel=\"noopener\"  role=\"button\" aria-label=\"Manuel d\u2019\u00e9quipage\">\n\t\t\t\t\t\t\tManuel d\u2019\u00e9quipage\n\t\t<\/a>\n<h3>\n\t\t\tFaire du b\u00e9n\u00e9volat avec Mercy Ships\t<\/h3>\n<h3>\n\t\t\tCe que tu dois savoir :\t<\/h3>\n<figure itemscope itemtype=\"https:\/\/schema.org\/ImageObject\">\n\t\t\t\t<img decoding=\"async\" src=\"https:\/\/mercyships.ca\/wp-content\/uploads\/2024\/08\/ms-icon-mar-cercle_Fleet.svg\" alt=\"ms-icon-mar-cercle_Fleet\" height=\"150\" width=\"150\" title=\"ms-icon-mar-cercle_Fleet\" onerror=\"this.style.display='none'\" loading=\"lazy\" \/>\n\t<\/figure>\n<h4>\n\t\t\tH\u00e9bergement\t<\/h4>\n\t<p>Les b\u00e9n\u00e9voles individuels doivent partager une cabine (3 \u00e0 9 personnes). Des cabines sont aussi disponibles pour les familles et les couples.<\/p>\n<figure itemscope itemtype=\"https:\/\/schema.org\/ImageObject\">\n\t\t\t\t<img decoding=\"async\" src=\"https:\/\/mercyships.ca\/wp-content\/uploads\/2024\/08\/ms-icon-gen-cercle_Chef.svg\" alt=\"ms-icon-gen-cercle_Chef\" height=\"150\" width=\"150\" title=\"ms-icon-gen-cercle_Chef\" onerror=\"this.style.display='none'\" loading=\"lazy\" \/>\n\t<\/figure>\n<h4>\n\t\t\tRepas\t<\/h4>\n\t<p>Onboard, meals are provided. Special diets can&#8217;t be catered. There is also a Starbucks cafe with a snack bar and shop.<\/p>\n<figure itemscope itemtype=\"https:\/\/schema.org\/ImageObject\">\n\t\t\t\t<img decoding=\"async\" src=\"https:\/\/mercyships.ca\/wp-content\/uploads\/2024\/08\/ms-icon-gen-cercle_Library.svg\" alt=\"ms-icon-gen-cercle_Library\" height=\"150\" width=\"150\" title=\"ms-icon-gen-cercle_Library\" onerror=\"this.style.display='none'\" loading=\"lazy\" \/>\n\t<\/figure>\n<h4>\n\t\t\tCommodit\u00e9s\t<\/h4>\n\t<p>Nos navires sont \u00e9quip\u00e9s d\u2019une buanderie, d\u2019installations r\u00e9cr\u00e9atives et sportives, d\u2019une \u00e9cole pour les enfants des b\u00e9n\u00e9voles, d\u2019une clinique m\u00e9dicale et Wi-Fi.<\/p>\n<figure itemscope itemtype=\"https:\/\/schema.org\/ImageObject\">\n\t\t\t\t<img decoding=\"async\" src=\"https:\/\/mercyships.ca\/wp-content\/uploads\/2024\/07\/ms-icon-mar_Ship_World.svg\" alt=\"ms-icon-mar_Ship_World\" height=\"150\" width=\"150\" title=\"ms-icon-mar_Ship_World\" onerror=\"this.style.display='none'\" loading=\"lazy\" \/>\n\t<\/figure>\n<h4>\n\t\t\tExp\u00e9rience\t<\/h4>\n\t<p>Il est possible de visiter la ville et ses alentours, d\u2019aller \u00e0 la plage, au march\u00e9 et de participer \u00e0 des exp\u00e9riences de b\u00e9n\u00e9volat \u00e0 terre.<\/p>\n<figure itemscope itemtype=\"https:\/\/schema.org\/ImageObject\">\n\t\t\t\t<img decoding=\"async\" src=\"https:\/\/mercyships.ca\/wp-content\/uploads\/2024\/08\/ms-icon-gen-cercle_You.svg\" alt=\"ms-icon-gen-cercle_You\" height=\"150\" width=\"150\" title=\"ms-icon-gen-cercle_You\" onerror=\"this.style.display='none'\" loading=\"lazy\" \/>\n\t<\/figure>\n<h4>\n\t\t\tDur\u00e9e d'engagement\t<\/h4>\n\t<p>La majorit\u00e9 des postes sont pour une dur\u00e9e de 2 semaines \u00e0 10 mois.\nUne implication \u00e0 long terme de 2 ans et plus est aussi possible.<\/p>\n<figure itemscope itemtype=\"https:\/\/schema.org\/ImageObject\">\n\t\t\t\t<img decoding=\"async\" src=\"https:\/\/mercyships.ca\/wp-content\/uploads\/2024\/08\/ms-icon-med-cercle_Screening.svg\" alt=\"ms-icon-med-cercle_Screening\" height=\"150\" width=\"150\" title=\"ms-icon-med-cercle_Screening\" onerror=\"this.style.display='none'\" loading=\"lazy\" \/>\n\t<\/figure>\n<h4>\n\t\t\tConditions\t<\/h4>\n\t<p>Avoir au moins 18 ans, une bonne connaissance de l\u2019anglais et r\u00e9pondre aux exigences en mati\u00e8re d\u2019immunisation.<\/p>\n<figure itemscope itemtype=\"https:\/\/schema.org\/ImageObject\">\n\t\t\t\t<img decoding=\"async\" src=\"https:\/\/mercyships.ca\/wp-content\/uploads\/2024\/08\/ms-icon-gen-cercle_Chaplaincy.svg\" alt=\"ms-icon-gen-cercle_Chaplaincy\" height=\"150\" width=\"150\" title=\"ms-icon-gen-cercle_Chaplaincy\" onerror=\"this.style.display='none'\" loading=\"lazy\" \/>\n\t<\/figure>\n<h4>\n\t\t\tValeurs et principes\t<\/h4>\n\t<p>Nous sommes une organisation confessionnelle inclusive. Nous demandons \u00e0 tous nos b\u00e9n\u00e9voles de respecter les valeurs fondamentales de Mercy Ships et notre code de conduite.<\/p>\n<figure itemscope itemtype=\"https:\/\/schema.org\/ImageObject\">\n\t\t\t\t<img decoding=\"async\" src=\"https:\/\/mercyships.ca\/wp-content\/uploads\/2024\/08\/ms-icon-gen-cercle_Application.svg\" alt=\"ms-icon-gen-cercle_Application\" height=\"150\" width=\"150\" title=\"ms-icon-gen-cercle_Application\" onerror=\"this.style.display='none'\" loading=\"lazy\" \/>\n\t<\/figure>\n<h4>\n\t\t\tR\u00e8glementation\t<\/h4>\n\t<p>Les b\u00e9n\u00e9voles sont assujettis \u00e0 la loi maritime et doivent signer et appliquer les codes et r\u00e8glements en vigueur. Un compte-rendu m\u00e9dical par votre m\u00e9decin est requis afin de prouver votre bonne sant\u00e9.<\/p>\n<h2>\n\t\t\tOpportunit\u00e9s de b\u00e9n\u00e9volat avec Mercy Ships\t<\/h2>\n<h3>\n\t\t\tTrouvez votre place \u00e0 bord\t<\/h3>\n\t<p>Partner with us today, and don&#8217;t miss the opportunity to help change someone&#8217;s life forever. Your support and volunteer efforts bring hope and healing to so many in great need.<\/p>\n\t\t\t<a href=\"https:\/\/opportunities.mercyships.org\/?utm_campaign=opportunities_button&amp;utm_source=mercyships.ca&amp;utm_medium=referral\"  target=\"_self\">\n\t\t\t\t\t\t\tDevenir b\u00e9n\u00e9vole\n\t\t\t\t\t<\/a>\n<h3>\n\t\t\tPas le bon moment?\t<\/h3>\n\t<p>Want to serve but it&#8217;s not the right time? Consider helping volunteers in their fundraising efforts.<\/p>\n\t\t\t<a href=\"https:\/\/mercyshipscanada.akaraisin.com\/ui\/mercygiftsfundraising\"  target=\"_blank\" rel=\"noopener\">\n\t\t\t\t\t\t\tSoutenez l\u2019\u00e9quipe de b\u00e9n\u00e9voles\n\t\t\t\t\t<\/a>","protected":false},"excerpt":{"rendered":"<p>With Marine, Trades and Operations Volunteers,Our Ships Become Hospitals Marine Deck, Marine Engineering, Logistics, Supply &#038; Operations Mercy Ships marine, [&hellip;]<\/p>\n","protected":false},"author":3,"featured_media":1680,"parent":0,"menu_order":0,"comment_status":"closed","ping_status":"closed","template":"","meta":{"_acf_changed":false,"_seopress_robots_primary_cat":"","_seopress_titles_title":"","_seopress_titles_desc":"Check out our volunteer opportunities! We need people with all skills from all backgrounds. Become part of a life-changing story today!","_seopress_robots_index":"","site-sidebar-layout":"no-sidebar","site-content-layout":"page-builder","ast-site-content-layout":"default","site-content-style":"default","site-sidebar-style":"default","ast-global-header-display":"","ast-banner-title-visibility":"","ast-main-header-display":"","ast-hfb-above-header-display":"","ast-hfb-below-header-display":"","ast-hfb-mobile-header-display":"","site-post-title":"disabled","ast-breadcrumbs-content":"","ast-featured-img":"disabled","footer-sml-layout":"","ast-disable-related-posts":"","theme-transparent-header-meta":"default","adv-header-id-meta":"","stick-header-meta":"default","header-above-stick-meta":"","header-main-stick-meta":"","header-below-stick-meta":"","astra-migrate-meta-layouts":"set","ast-page-background-enabled":"default","ast-page-background-meta":{"desktop":{"background-color":"var(--ast-global-color-4)","background-image":"","background-repeat":"repeat","background-position":"center center","background-size":"auto","background-attachment":"scroll","background-type":"","background-media":"","overlay-type":"","overlay-color":"","overlay-opacity":"","overlay-gradient":""},"tablet":{"background-color":"","background-image":"","background-repeat":"repeat","background-position":"center center","background-size":"auto","background-attachment":"scroll","background-type":"","background-media":"","overlay-type":"","overlay-color":"","overlay-opacity":"","overlay-gradient":""},"mobile":{"background-color":"","background-image":"","background-repeat":"repeat","background-position":"center center","background-size":"auto","background-attachment":"scroll","background-type":"","background-media":"","overlay-type":"","overlay-color":"","overlay-opacity":"","overlay-gradient":""}},"ast-content-background-meta":{"desktop":{"background-color":"var(--ast-global-color-5)","background-image":"","background-repeat":"repeat","background-position":"center center","background-size":"auto","background-attachment":"scroll","background-type":"","background-media":"","overlay-type":"","overlay-color":"","overlay-opacity":"","overlay-gradient":""},"tablet":{"background-color":"var(--ast-global-color-5)","background-image":"","background-repeat":"repeat","background-position":"center center","background-size":"auto","background-attachment":"scroll","background-type":"","background-media":"","overlay-type":"","overlay-color":"","overlay-opacity":"","overlay-gradient":""},"mobile":{"background-color":"var(--ast-global-color-5)","background-image":"","background-repeat":"repeat","background-position":"center center","background-size":"auto","background-attachment":"scroll","background-type":"","background-media":"","overlay-type":"","overlay-color":"","overlay-opacity":"","overlay-gradient":""}},"footnotes":""},"class_list":["post-1605","page","type-page","status-publish","has-post-thumbnail","hentry"],"acf":[],"_links":{"self":[{"href":"https:\/\/mercyships.ca\/fr\/wp-json\/wp\/v2\/pages\/1605","targetHints":{"allow":["GET"]}}],"collection":[{"href":"https:\/\/mercyships.ca\/fr\/wp-json\/wp\/v2\/pages"}],"about":[{"href":"https:\/\/mercyships.ca\/fr\/wp-json\/wp\/v2\/types\/page"}],"author":[{"embeddable":true,"href":"https:\/\/mercyships.ca\/fr\/wp-json\/wp\/v2\/users\/3"}],"replies":[{"embeddable":true,"href":"https:\/\/mercyships.ca\/fr\/wp-json\/wp\/v2\/comments?post=1605"}],"version-history":[{"count":5,"href":"https:\/\/mercyships.ca\/fr\/wp-json\/wp\/v2\/pages\/1605\/revisions"}],"predecessor-version":[{"id":14427,"href":"https:\/\/mercyships.ca\/fr\/wp-json\/wp\/v2\/pages\/1605\/revisions\/14427"}],"wp:featuredmedia":[{"embeddable":true,"href":"https:\/\/mercyships.ca\/fr\/wp-json\/wp\/v2\/media\/1680"}],"wp:attachment":[{"href":"https:\/\/mercyships.ca\/fr\/wp-json\/wp\/v2\/media?parent=1605"}],"curies":[{"name":"wp","href":"https:\/\/api.w.org\/{rel}","templated":true}]}}