{"id":1601,"date":"2024-08-14T15:57:28","date_gmt":"2024-08-14T22:57:28","guid":{"rendered":"https:\/\/mercyships.onpressidium.com\/?page_id=1601"},"modified":"2026-03-12T11:41:29","modified_gmt":"2026-03-12T18:41:29","slug":"gestionnaires-professionnels-informatique","status":"publish","type":"page","link":"https:\/\/mercyships.ca\/fr\/volunteer-management-information-services\/","title":{"rendered":"Gestionnaires et professionnels en informatique"},"content":{"rendered":"<figure itemscope itemtype=\"https:\/\/schema.org\/ImageObject\">\n\t\t\t\t<img decoding=\"async\" src=\"https:\/\/mercyships.ca\/wp-content\/uploads\/2024\/09\/recrutment-information-management-volunteer-v2-PS2000.jpg\" alt=\"Recruiting marine and trade operations&#039; volunteers\" height=\"522\" width=\"1920\" title=\"recrutment-information-management-volunteer v2 PS2000\" onerror=\"this.style.display='none'\" loading=\"lazy\" \/>\n\t<\/figure>\n<h2>\n\t\t\tGr\u00e2ce \u00e0 des gestionnaires et des professionnels en informatique, nos navires deviennent des h\u00f4pitaux\t<\/h2>\n<h1>\n\t\t\tGestion et services informatiques\t<\/h1>\n\t<p>Les gestionnaires et les professionnels en informatique permettent l\u2019acc\u00e8s aux soins de sant\u00e9 dans des contextes de ressources limit\u00e9es. Des opportunit\u00e9s de b\u00e9n\u00e9volat sont disponibles dans tous les d\u00e9partements. Montez \u00e0 bord si vous \u00eates motiv\u00e9s pour de nouveaux d\u00e9fis et apprentissages, en plus de l\u2019opportunit\u00e9 de faire partie d\u2019une communaut\u00e9 solidaire internationale qui \u0153uvre \u00e0 une mission inspirante et unique. Laissez votre marque en offrant vos comp\u00e9tences humaines et professionnelles pour faire la diff\u00e9rence.<\/p>\n\t\t<iframe loading=\"lazy\" width=\"678\" height=\"381\" src=\"https:\/\/www.youtube.com\/embed\/fTo9j9be2JU\" title=\"Meet Stuart Clear, Volunteer IS Manager on the Africa Mercy\" frameborder=\"0\" allow=\"accelerometer; autoplay; clipboard-write; encrypted-media; gyroscope; picture-in-picture; web-share\" referrerpolicy=\"strict-origin-when-cross-origin\" allowfullscreen><\/iframe>\t\n<h3>\n\t\t\tCombien de b\u00e9n\u00e9voles embarquent sur nos navires-h\u00f4pitaux?\t<\/h3>\n\t<h3>Chaque ann\u00e9e, des b\u00e9n\u00e9voles m\u00e9dicaux de 60 pays servent \u00e0 bord de nos navires pour de l'aide humanitaire.<\/h3>\n\t\t\t<a href=\"https:\/\/volunteer.mercyships.org\/opportunity\/\"  target=\"_self\">\n\t\t\t\t\t\t\tFaire du b\u00e9n\u00e9volat\n\t\t\t\t\t<\/a>\n<h2>\n\t\t\tDevenir b\u00e9n\u00e9vole sur un navire-h\u00f4pital\t<\/h2>\n<figure itemscope itemtype=\"https:\/\/schema.org\/ImageObject\">\n\t\t\t\t<img decoding=\"async\" src=\"https:\/\/mercyships.ca\/wp-content\/uploads\/2024\/07\/1-SQ200.png\" alt=\"1 SQ200\" height=\"200\" width=\"200\" title=\"1 SQ200\" onerror=\"this.style.display='none'\" loading=\"lazy\" \/>\n\t<\/figure>\n<h3>\n\t\t\tGestionnaires b\u00e9n\u00e9voles\t<\/h3>\n\t<p>G\u00e9re une \u00e9quipe dynamique de b\u00e9n\u00e9voles du monde entier.<\/p>\n<figure itemscope itemtype=\"https:\/\/schema.org\/ImageObject\">\n\t\t\t\t<img decoding=\"async\" src=\"https:\/\/mercyships.ca\/wp-content\/uploads\/2024\/07\/2-SQ200.png\" alt=\"2 SQ200\" height=\"200\" width=\"200\" title=\"2 SQ200\" onerror=\"this.style.display='none'\" loading=\"lazy\" \/>\n\t<\/figure>\n<h3>\n\t\t\tRessources\nhumaines\t<\/h3>\n\t<p>Soutiens et forme des b\u00e9n\u00e9voles en aide humanitaire.<\/p>\n<figure itemscope itemtype=\"https:\/\/schema.org\/ImageObject\">\n\t\t\t\t<img decoding=\"async\" src=\"https:\/\/mercyships.ca\/wp-content\/uploads\/2024\/07\/3-SQ200.png\" alt=\"3 SQ200\" height=\"200\" width=\"200\" title=\"3 SQ200\" onerror=\"this.style.display='none'\" loading=\"lazy\" \/>\n\t<\/figure>\n<h3>\n\t\t\tB\u00e9n\u00e9voles en informatique\t<\/h3>\n\t<p>Contribue \u00e0 cr\u00e9er un environnement de travail de classe mondiale.<\/p>\n\t\t\t<a href=\"https:\/\/opportunities.mercyships.org\/how-to-apply\/\"  target=\"_self\">\n\t\t\t\t\t\t\tComment postuler?\n\t\t\t\t\t<\/a>\n<h3>\n\t\t\tMANAGEMENT &#038; INFORMATION TECHNOLOGY VOLUNTEER OPPORTUNITIES\t<\/h3>\n\t<p>pour un d\u00e9veloppement professionnel dans les postes suivants :<\/p>\n<figure itemscope itemtype=\"https:\/\/schema.org\/ImageObject\">\n\t\t\t\t<img decoding=\"async\" src=\"https:\/\/mercyships.ca\/wp-content\/uploads\/2024\/08\/ms-icon_med_Training-1.svg\" alt=\"ms-icon_med_Training (1)\" height=\"150\" width=\"150\" title=\"ms-icon_med_Training (1)\" onerror=\"this.style.display='none'\" loading=\"lazy\" \/>\n\t<\/figure>\n\t<p><strong>Directeur.trice du programme Enseignement, Formation et Mobilisation<\/strong><\/p>\n\t\t\t<a href=\"https:\/\/opportunities.mercyships.org\/education-training-advocacy\/director\/\"  target=\"_blank\" rel=\"noopener\">\n\t\t\t\t\t\t\tPOSTES DISPONIBLES\n\t\t\t\t\t<\/a>\n<figure itemscope itemtype=\"https:\/\/schema.org\/ImageObject\">\n\t\t\t\t<img decoding=\"async\" src=\"https:\/\/mercyships.ca\/wp-content\/uploads\/2024\/08\/ms-icon-gen_Chef.svg\" alt=\"ms-icon-gen_Chef\" height=\"150\" width=\"150\" title=\"ms-icon-gen_Chef\" onerror=\"this.style.display='none'\" loading=\"lazy\" \/>\n\t<\/figure>\n\t<p><strong>Gestionnaire en restauration<\/strong><\/p>\n\t\t\t<a href=\"https:\/\/opportunities.mercyships.org\/stewards\/food-service\/manager\/\"  target=\"_blank\" rel=\"noopener\">\n\t\t\t\t\t\t\tPOSTES DISPONIBLES\n\t\t\t\t\t<\/a>\n<figure itemscope itemtype=\"https:\/\/schema.org\/ImageObject\">\n\t\t\t\t<img decoding=\"async\" src=\"https:\/\/mercyships.ca\/wp-content\/uploads\/2024\/08\/ms-icon-gen_General_Crew_Man.svg\" alt=\"ms-icon-gen_General_Crew_Man\" height=\"150\" width=\"150\" title=\"ms-icon-gen_General_Crew_Man\" onerror=\"this.style.display='none'\" loading=\"lazy\" \/>\n\t<\/figure>\n\t<p><strong>Gestionnaire des services h\u00f4teliers<\/strong><\/p>\n\t\t\t<a href=\"https:\/\/opportunities.mercyships.org\/stewards\/hotel-services-manager\/\"  target=\"_blank\" rel=\"noopener\">\n\t\t\t\t\t\t\tPOSTES DISPONIBLES\n\t\t\t\t\t<\/a>\n<figure itemscope itemtype=\"https:\/\/schema.org\/ImageObject\">\n\t\t\t\t<img decoding=\"async\" src=\"https:\/\/mercyships.ca\/wp-content\/uploads\/2024\/08\/ms-icon-gen_Application-Review.svg\" alt=\"ms-icon-gen_Application-Review\" height=\"150\" width=\"150\" title=\"ms-icon-gen_Application-Review\" onerror=\"this.style.display='none'\" loading=\"lazy\" \/>\n\t<\/figure>\n\t<p><strong>Responsable des services d\u2019information<\/strong><\/p>\n\t\t\t<a href=\"https:\/\/opportunities.mercyships.org\/information-services\/manager\/\"  target=\"_blank\" rel=\"noopener\">\n\t\t\t\t\t\t\tPOSTES DISPONIBLES\n\t\t\t\t\t<\/a>\n<figure itemscope itemtype=\"https:\/\/schema.org\/ImageObject\">\n\t\t\t\t<img decoding=\"async\" src=\"https:\/\/mercyships.ca\/wp-content\/uploads\/2024\/08\/ms-icon-gen_Woman_C.svg\" alt=\"ms-icon-gen_Woman_C\" height=\"150\" width=\"150\" title=\"ms-icon-gen_Woman_C\" onerror=\"this.style.display='none'\" loading=\"lazy\" \/>\n\t<\/figure>\n\t<p><strong>Enseignant.e de fran\u00e7ais langue seconde<\/strong><\/p>\n\t\t\t<a href=\"https:\/\/opportunities.mercyships.org\/hospital\/informatics-manager\/\"  target=\"_blank\" rel=\"noopener\">\n\t\t\t\t\t\t\tPOSTES DISPONIBLES\n\t\t\t\t\t<\/a>\n\t<h4>Nous sommes disponibles pour vous accompagner dans votre parcours de b\u00e9n\u00e9volat!<\/h4>\n<figure itemscope itemtype=\"https:\/\/schema.org\/ImageObject\">\n\t\t\t\t<img decoding=\"async\" src=\"https:\/\/mercyships.ca\/wp-content\/uploads\/2024\/08\/catherine-tremblay.png\" alt=\"Catherine Tremblay\" height=\"144\" width=\"144\" title=\"catherine-tremblay\" onerror=\"this.style.display='none'\" loading=\"lazy\" \/>\n\t<\/figure>\n\t<p><strong>Catherine Tremblay<\/strong><\/p>\n\t<p>crewcanada@mercyships.ca<\/p>\n\t\t\t\t<img decoding=\"async\" src=\"https:\/\/mercyships.ca\/wp-content\/uploads\/2024\/08\/Managment-Desk2-1.png\" alt=\"IT department\" title=\"Managment-Desk2-1\" itemprop=\"image\"\/>\n\t\t\t\t<p class=\"translation-block\">Vous voulez des r\u00e9ponses \u00e0 vos<br> questions avant de monter \u00e0 <br>bord? Consultez cette FAQ<\/p>\n\t\t\t<a href=\"https:\/\/www.mercyships.org\/volunteer\/learn-more\/faqs\/\" title=\"Foire aux questions\" target=\"_blank\" rel=\"noopener\"  role=\"button\" aria-label=\"Foire aux questions\">\n\t\t\t\t\t\t\tFoire aux questions\n\t\t<\/a>\n\t\t\t\t<img decoding=\"async\" src=\"https:\/\/mercyships.ca\/wp-content\/uploads\/2024\/08\/BIOMED.png\" alt=\"Biomedical\" title=\"BIOMED\" itemprop=\"image\"\/>\n\t\t\t\t<p class=\"translation-block\">Proc\u00e9dures es pour le b\u00e9n\u00e9volat \u00e0<br> long terme dans le manuel<br> d\u2019\u00e9quipage.<\/p>\n\t\t\t<a href=\"https:\/\/mercyships.ca\/fr\/longer-term-guidebook\/\" title=\"Manuel d\u2019\u00e9quipage\" target=\"_blank\" rel=\"noopener\"  role=\"button\" aria-label=\"Manuel d\u2019\u00e9quipage\">\n\t\t\t\t\t\t\tManuel d\u2019\u00e9quipage\n\t\t<\/a>\n\t\t\t\t<img decoding=\"async\" src=\"https:\/\/mercyships.ca\/wp-content\/uploads\/2024\/08\/Managment-Desk.png\" alt=\"Management\" title=\"Managment-Desk\" itemprop=\"image\"\/>\n\t\t\t\t<p class=\"translation-block\">Proc\u00e9dures es pour le b\u00e9n\u00e9volat \u00e0<br> court terme dans le manuel<br> d\u2019\u00e9quipage.<\/p>\n\t\t\t<a href=\"https:\/\/mercyships.ca\/fr\/shorter-term-guidebook\/\" title=\"Manuel d\u2019\u00e9quipage\" target=\"_blank\" rel=\"noopener\"  role=\"button\" aria-label=\"Manuel d\u2019\u00e9quipage\">\n\t\t\t\t\t\t\tManuel d\u2019\u00e9quipage\n\t\t<\/a>\n<h3>\n\t\t\tFaire du b\u00e9n\u00e9volat avec Mercy Ships\t<\/h3>\n<h3>\n\t\t\tCe que tu dois savoir :\t<\/h3>\n<figure itemscope itemtype=\"https:\/\/schema.org\/ImageObject\">\n\t\t\t\t<img decoding=\"async\" src=\"https:\/\/mercyships.ca\/wp-content\/uploads\/2024\/08\/ms-icon-mar-cercle_Fleet.svg\" alt=\"ms-icon-mar-cercle_Fleet\" height=\"150\" width=\"150\" title=\"ms-icon-mar-cercle_Fleet\" onerror=\"this.style.display='none'\" loading=\"lazy\" \/>\n\t<\/figure>\n<h4>\n\t\t\tH\u00e9bergement\t<\/h4>\n\t<p>Les b\u00e9n\u00e9voles individuels doivent partager une cabine (3 \u00e0 9 personnes). Des cabines sont aussi disponibles pour les familles et les couples.<\/p>\n<figure itemscope itemtype=\"https:\/\/schema.org\/ImageObject\">\n\t\t\t\t<img decoding=\"async\" src=\"https:\/\/mercyships.ca\/wp-content\/uploads\/2024\/08\/ms-icon-gen-cercle_Chef.svg\" alt=\"ms-icon-gen-cercle_Chef\" height=\"150\" width=\"150\" title=\"ms-icon-gen-cercle_Chef\" onerror=\"this.style.display='none'\" loading=\"lazy\" \/>\n\t<\/figure>\n<h4>\n\t\t\tRepas\t<\/h4>\n\t<p>Onboard, meals are provided. Special diets can&#8217;t be catered. There is also a Starbucks cafe with a snack bar and shop.<\/p>\n<figure itemscope itemtype=\"https:\/\/schema.org\/ImageObject\">\n\t\t\t\t<img decoding=\"async\" src=\"https:\/\/mercyships.ca\/wp-content\/uploads\/2024\/08\/ms-icon-gen-cercle_Library.svg\" alt=\"ms-icon-gen-cercle_Library\" height=\"150\" width=\"150\" title=\"ms-icon-gen-cercle_Library\" onerror=\"this.style.display='none'\" loading=\"lazy\" \/>\n\t<\/figure>\n<h4>\n\t\t\tCommodit\u00e9s\t<\/h4>\n\t<p>Nos navires sont \u00e9quip\u00e9s d\u2019une buanderie, d\u2019installations r\u00e9cr\u00e9atives et sportives, d\u2019une \u00e9cole pour les enfants des b\u00e9n\u00e9voles, d\u2019une clinique m\u00e9dicale et Wi-Fi.<\/p>\n<figure itemscope itemtype=\"https:\/\/schema.org\/ImageObject\">\n\t\t\t\t<img decoding=\"async\" src=\"https:\/\/mercyships.ca\/wp-content\/uploads\/2024\/07\/ms-icon-mar_Ship_World.svg\" alt=\"ms-icon-mar_Ship_World\" height=\"150\" width=\"150\" title=\"ms-icon-mar_Ship_World\" onerror=\"this.style.display='none'\" loading=\"lazy\" \/>\n\t<\/figure>\n<h4>\n\t\t\tExp\u00e9rience\t<\/h4>\n\t<p>Il est possible de visiter la ville et ses alentours, d\u2019aller \u00e0 la plage, au march\u00e9 et de participer \u00e0 des exp\u00e9riences de b\u00e9n\u00e9volat \u00e0 terre.<\/p>\n<figure itemscope itemtype=\"https:\/\/schema.org\/ImageObject\">\n\t\t\t\t<img decoding=\"async\" src=\"https:\/\/mercyships.ca\/wp-content\/uploads\/2024\/08\/ms-icon-gen-cercle_You.svg\" alt=\"ms-icon-gen-cercle_You\" height=\"150\" width=\"150\" title=\"ms-icon-gen-cercle_You\" onerror=\"this.style.display='none'\" loading=\"lazy\" \/>\n\t<\/figure>\n<h4>\n\t\t\tDur\u00e9e d'engagement\t<\/h4>\n\t<p>La majorit\u00e9 des postes sont pour une dur\u00e9e de 2 semaines \u00e0 10 mois.\nUne implication \u00e0 long terme de 2 ans et plus est aussi possible.<\/p>\n<figure itemscope itemtype=\"https:\/\/schema.org\/ImageObject\">\n\t\t\t\t<img decoding=\"async\" src=\"https:\/\/mercyships.ca\/wp-content\/uploads\/2024\/08\/ms-icon-med-cercle_Screening.svg\" alt=\"ms-icon-med-cercle_Screening\" height=\"150\" width=\"150\" title=\"ms-icon-med-cercle_Screening\" onerror=\"this.style.display='none'\" loading=\"lazy\" \/>\n\t<\/figure>\n<h4>\n\t\t\tConditions\t<\/h4>\n\t<p>Avoir au moins 18 ans, une bonne connaissance de l\u2019anglais et r\u00e9pondre aux exigences en mati\u00e8re d\u2019immunisation.<\/p>\n<figure itemscope itemtype=\"https:\/\/schema.org\/ImageObject\">\n\t\t\t\t<img decoding=\"async\" src=\"https:\/\/mercyships.ca\/wp-content\/uploads\/2024\/08\/ms-icon-gen-cercle_Chaplaincy.svg\" alt=\"ms-icon-gen-cercle_Chaplaincy\" height=\"150\" width=\"150\" title=\"ms-icon-gen-cercle_Chaplaincy\" onerror=\"this.style.display='none'\" loading=\"lazy\" \/>\n\t<\/figure>\n<h4>\n\t\t\tValeurs et principes\t<\/h4>\n\t<p>Nous sommes une organisation confessionnelle inclusive. Nous demandons \u00e0 tous nos b\u00e9n\u00e9voles de respecter les valeurs fondamentales de Mercy Ships et notre code de conduite.<\/p>\n<figure itemscope itemtype=\"https:\/\/schema.org\/ImageObject\">\n\t\t\t\t<img decoding=\"async\" src=\"https:\/\/mercyships.ca\/wp-content\/uploads\/2024\/08\/ms-icon-gen-cercle_Application.svg\" alt=\"ms-icon-gen-cercle_Application\" height=\"150\" width=\"150\" title=\"ms-icon-gen-cercle_Application\" onerror=\"this.style.display='none'\" loading=\"lazy\" \/>\n\t<\/figure>\n<h4>\n\t\t\tR\u00e8glementation\t<\/h4>\n\t<p>Les b\u00e9n\u00e9voles sont assujettis \u00e0 la loi maritime et doivent signer et appliquer les codes et r\u00e8glements en vigueur. Un compte-rendu m\u00e9dical par votre m\u00e9decin est requis afin de prouver votre bonne sant\u00e9.<\/p>\n<h2>\n\t\t\tOpportunit\u00e9s de b\u00e9n\u00e9volat avec Mercy Ships\t<\/h2>\n<h3>\n\t\t\tTrouvez votre place \u00e0 bord\t<\/h3>\n\t<p>Partner with us today, and don&#8217;t miss the opportunity to help change someone&#8217;s life forever. Your support and volunteer efforts bring hope and healing to so many in great need.<\/p>\n\t\t\t<a href=\"https:\/\/opportunities.mercyships.org\/?utm_campaign=opportunities_button&amp;utm_source=mercyships.ca&amp;utm_medium=referral\"  target=\"_self\">\n\t\t\t\t\t\t\tDevenir b\u00e9n\u00e9vole\n\t\t\t\t\t<\/a>\n<h3>\n\t\t\tPas le bon moment?\t<\/h3>\n\t<p>Want to serve but it&#8217;s not the right time? Consider helping volunteers in their fundraising efforts.<\/p>\n\t\t\t<a href=\"https:\/\/mercyshipscanada.akaraisin.com\/ui\/mercygiftsfundraising\"  target=\"_blank\" rel=\"noopener\">\n\t\t\t\t\t\t\tSoutenez l\u2019\u00e9quipe de b\u00e9n\u00e9voles\n\t\t\t\t\t<\/a>","protected":false},"excerpt":{"rendered":"<p>With Management and Information Technology Volunteers, Our Ships Become Hospitals.\u200b Management and Information Services Mercy Ships management and information services [&hellip;]<\/p>\n","protected":false},"author":3,"featured_media":1655,"parent":0,"menu_order":0,"comment_status":"closed","ping_status":"closed","template":"","meta":{"_acf_changed":false,"_seopress_robots_primary_cat":"","_seopress_titles_title":"","_seopress_titles_desc":"Mercy Ships management and information services volunteers are enablers that help facilitate access to healthcare in low-resource countries.","_seopress_robots_index":"","site-sidebar-layout":"no-sidebar","site-content-layout":"page-builder","ast-site-content-layout":"default","site-content-style":"default","site-sidebar-style":"default","ast-global-header-display":"","ast-banner-title-visibility":"","ast-main-header-display":"","ast-hfb-above-header-display":"","ast-hfb-below-header-display":"","ast-hfb-mobile-header-display":"","site-post-title":"disabled","ast-breadcrumbs-content":"","ast-featured-img":"disabled","footer-sml-layout":"","ast-disable-related-posts":"","theme-transparent-header-meta":"default","adv-header-id-meta":"","stick-header-meta":"default","header-above-stick-meta":"","header-main-stick-meta":"","header-below-stick-meta":"","astra-migrate-meta-layouts":"set","ast-page-background-enabled":"default","ast-page-background-meta":{"desktop":{"background-color":"var(--ast-global-color-4)","background-image":"","background-repeat":"repeat","background-position":"center center","background-size":"auto","background-attachment":"scroll","background-type":"","background-media":"","overlay-type":"","overlay-color":"","overlay-opacity":"","overlay-gradient":""},"tablet":{"background-color":"","background-image":"","background-repeat":"repeat","background-position":"center center","background-size":"auto","background-attachment":"scroll","background-type":"","background-media":"","overlay-type":"","overlay-color":"","overlay-opacity":"","overlay-gradient":""},"mobile":{"background-color":"","background-image":"","background-repeat":"repeat","background-position":"center center","background-size":"auto","background-attachment":"scroll","background-type":"","background-media":"","overlay-type":"","overlay-color":"","overlay-opacity":"","overlay-gradient":""}},"ast-content-background-meta":{"desktop":{"background-color":"var(--ast-global-color-5)","background-image":"","background-repeat":"repeat","background-position":"center center","background-size":"auto","background-attachment":"scroll","background-type":"","background-media":"","overlay-type":"","overlay-color":"","overlay-opacity":"","overlay-gradient":""},"tablet":{"background-color":"var(--ast-global-color-5)","background-image":"","background-repeat":"repeat","background-position":"center center","background-size":"auto","background-attachment":"scroll","background-type":"","background-media":"","overlay-type":"","overlay-color":"","overlay-opacity":"","overlay-gradient":""},"mobile":{"background-color":"var(--ast-global-color-5)","background-image":"","background-repeat":"repeat","background-position":"center center","background-size":"auto","background-attachment":"scroll","background-type":"","background-media":"","overlay-type":"","overlay-color":"","overlay-opacity":"","overlay-gradient":""}},"footnotes":""},"class_list":["post-1601","page","type-page","status-publish","has-post-thumbnail","hentry"],"acf":[],"_links":{"self":[{"href":"https:\/\/mercyships.ca\/fr\/wp-json\/wp\/v2\/pages\/1601","targetHints":{"allow":["GET"]}}],"collection":[{"href":"https:\/\/mercyships.ca\/fr\/wp-json\/wp\/v2\/pages"}],"about":[{"href":"https:\/\/mercyships.ca\/fr\/wp-json\/wp\/v2\/types\/page"}],"author":[{"embeddable":true,"href":"https:\/\/mercyships.ca\/fr\/wp-json\/wp\/v2\/users\/3"}],"replies":[{"embeddable":true,"href":"https:\/\/mercyships.ca\/fr\/wp-json\/wp\/v2\/comments?post=1601"}],"version-history":[{"count":5,"href":"https:\/\/mercyships.ca\/fr\/wp-json\/wp\/v2\/pages\/1601\/revisions"}],"predecessor-version":[{"id":14430,"href":"https:\/\/mercyships.ca\/fr\/wp-json\/wp\/v2\/pages\/1601\/revisions\/14430"}],"wp:featuredmedia":[{"embeddable":true,"href":"https:\/\/mercyships.ca\/fr\/wp-json\/wp\/v2\/media\/1655"}],"wp:attachment":[{"href":"https:\/\/mercyships.ca\/fr\/wp-json\/wp\/v2\/media?parent=1601"}],"curies":[{"name":"wp","href":"https:\/\/api.w.org\/{rel}","templated":true}]}}