{"id":144,"date":"2024-07-20T19:24:29","date_gmt":"2024-07-21T02:24:29","guid":{"rendered":"https:\/\/mercyships.onpressidium.com\/?page_id=144"},"modified":"2026-03-12T12:36:08","modified_gmt":"2026-03-12T19:36:08","slug":"le-besoin","status":"publish","type":"page","link":"https:\/\/mercyships.ca\/fr\/the-need\/","title":{"rendered":"Le besoin"},"content":{"rendered":"<figure itemscope itemtype=\"https:\/\/schema.org\/ImageObject\">\n\t\t\t\t<img decoding=\"async\" src=\"https:\/\/mercyships.ca\/wp-content\/uploads\/2024\/07\/patient-adama-AI-PS2200.jpg\" alt=\"patient-adama AI PS2200\" height=\"635\" width=\"2200\" title=\"patient-adama AI PS2200\" onerror=\"this.style.display='none'\" loading=\"lazy\" \/>\n\t<\/figure>\n<h2>\n\t\t\tL'acc\u00e8s aux soins de sant\u00e9 en Afrique est vital\t<\/h2>\n<h3>\n\t\t\tEn Afrique occidentale et subsaharienne, 90 % de la population n'a pas les moyens de se payer des soins m\u00e9dicaux ou vit trop loin d'un h\u00f4pital pour avoir acc\u00e8s \u00e0 un traitement.\t<\/h3>\n<h4>\n\t\t\tMercy Ships Canada redouble d'efforts pour adresser cette crise mondiale.\t<\/h4>\n\t\t\t<a href=\"https:\/\/mercyships.ca\/fr\/faire-un-don\/\"  target=\"_self\">\n\t\t\t\t\t\t\tFaire un don\n\t\t\t\t\t<\/a>\n\t\t\t<a href=\"https:\/\/mercyships.ca\/fr\/benevole\/\"  target=\"_self\">\n\t\t\t\t\t\t\tDevenir b\u00e9n\u00e9vole\n\t\t\t\t\t<\/a>\n<figure itemscope itemtype=\"https:\/\/schema.org\/ImageObject\">\n\t\t\t\t<img decoding=\"async\" src=\"https:\/\/mercyships.ca\/wp-content\/uploads\/2024\/07\/featured-image-wide-unsere-patienten-screening-schlange-1024x431-1.jpg\" alt=\"Our patients\" height=\"431\" width=\"1024\" title=\"featured-image-wide-unsere-patienten-screening-schlange-1024x431\" onerror=\"this.style.display='none'\" loading=\"lazy\" \/>\n\t<\/figure>\n<h3>\n\t\t\tLes soins de sant\u00e9 sont une n\u00e9cessit\u00e9\t<\/h3>\n\t<p>Sadly, medical attention is often out of reach. It&#8217;s either financially impossible or unavailable. And the stark reality is many are living with treatable health conditions because they cannot get the medications, treatments, or surgeries they need.<\/p>\n<h3>\n\t\t\tUne lutte plus profonde\t<\/h3>\n\t<p>But there&#8217;s a greater problem. Lack of proper medical attention affects more than someone&#8217;s health. It means disconnection. Having a severe health condition ostracizes people from their families and communities. Leading to a life of fear, shame, and isolation.<\/p>\n<figure itemscope itemtype=\"https:\/\/schema.org\/ImageObject\">\n\t\t\t\t<img decoding=\"async\" src=\"https:\/\/mercyships.ca\/wp-content\/uploads\/2024\/07\/SNB191025_GNILANE_PAT09338_BEFORE_LA001_MID-944x530-1.jpg\" alt=\"Gnilane Before Surgery\" height=\"530\" width=\"944\" title=\"SNB191025_GNILANE_PAT09338_BEFORE_LA001_MID-944x530-1\" onerror=\"this.style.display='none'\" loading=\"lazy\" \/>\n\t<\/figure>\n<h2>\n\t\t\tTout le monde devrait avoir acc\u00e8s aux soins m\u00e9dicaux.\t<\/h2>\n\t<p>That&#8217;s why\u00a0Mercy Ships Canada\u00a0exists, to bring healthcare and medical attention to Africa&#8217;s most needy. Our self-contained\u00a0hospital ships\u00a0can perform various medical procedures without disrupting the community.\u00a0We also strive to provide sustainable change. With programs and training, we help local healthcare workers raise the quality of care for those they serve.<\/p>\n<h3>\n\t\t\tL'impact de soins de sant\u00e9 appropri\u00e9s :\t<\/h3>\n<figure itemscope itemtype=\"https:\/\/schema.org\/ImageObject\">\n\t\t\t\t<img decoding=\"async\" src=\"https:\/\/mercyships.ca\/wp-content\/uploads\/2024\/07\/ms-icon-med-cercle_Heartbeat.svg\" alt=\"ms-icon-med-cercle_Heartbeat\" height=\"150\" width=\"150\" title=\"ms-icon-med-cercle_Heartbeat\" onerror=\"this.style.display='none'\" loading=\"lazy\" \/>\n\t<\/figure>\n<h3>\n\t\t\tSant\u00e9\t<\/h3>\n\t<p>La dignit\u00e9 est restaur\u00e9e. Les personnes sont en mesure de travailler et de prendre soin de leur famille.<\/p>\n<figure itemscope itemtype=\"https:\/\/schema.org\/ImageObject\">\n\t\t\t\t<img decoding=\"async\" src=\"https:\/\/mercyships.ca\/wp-content\/uploads\/2024\/07\/ms-icon-gen-cercle_Family.svg\" alt=\"ms-icon-gen-cercle_Family\" height=\"150\" width=\"150\" title=\"ms-icon-gen-cercle_Family\" onerror=\"this.style.display='none'\" loading=\"lazy\" \/>\n\t<\/figure>\n<h3>\n\t\t\t\u00c9ducation\t<\/h3>\n\t<p>L\u2019avenir est prometteur. Les enfants peuvent aller \u00e0 l\u2019\u00e9cole.<\/p>\n<figure itemscope itemtype=\"https:\/\/schema.org\/ImageObject\">\n\t\t\t\t<img decoding=\"async\" src=\"https:\/\/mercyships.ca\/wp-content\/uploads\/2024\/07\/ms-icon-gen-cercle_People.svg\" alt=\"ms-icon-gen-cercle_People\" height=\"150\" width=\"150\" title=\"ms-icon-gen-cercle_People\" onerror=\"this.style.display='none'\" loading=\"lazy\" \/>\n\t<\/figure>\n<h3>\n\t\t\tLocal\t<\/h3>\n\t<p>Les communaut\u00e9s peuvent s\u2019\u00e9panouir. Chacun peut apporter sa contribution.<\/p>\n<figure itemscope itemtype=\"https:\/\/schema.org\/ImageObject\">\n\t\t\t\t<img decoding=\"async\" src=\"https:\/\/mercyships.ca\/wp-content\/uploads\/2024\/07\/ms-icon-med-cercle_Surgery_Africa.svg\" alt=\"ms-icon-med-cercle_Surgery_Africa\" height=\"150\" width=\"150\" title=\"ms-icon-med-cercle_Surgery_Africa\" onerror=\"this.style.display='none'\" loading=\"lazy\" \/>\n\t<\/figure>\n<h3>\n\t\t\tGlobal\t<\/h3>\n\t<p>Les nations sont responsabilis\u00e9es. Les pays peuvent soigner leur propre population.<\/p>\n\t\t\t<a href=\"https:\/\/mercyships.ca\/fr\/blog\/\"  target=\"_self\">\n\t\t\t\t\t\t\tMise \u00e0 jour de notre mission\n\t\t\t\t\t<\/a>\n<figure itemscope itemtype=\"https:\/\/schema.org\/ImageObject\">\n\t\t\t\t<img decoding=\"async\" src=\"https:\/\/mercyships.ca\/wp-content\/uploads\/2024\/07\/global-mercy-africa-mercy-sailing-feature.jpg\" alt=\"Notre flotte\" height=\"378\" width=\"531\" title=\"global-mercy-africa-mercy-sailing-feature\" onerror=\"this.style.display='none'\" loading=\"lazy\" \/>\n\t<\/figure>\n<h3>\n\t\t\tS'attaquer \u00e0 une crise m\u00e9dicale mondiale\t<\/h3>\n\t<p>Mercy Ships is uniquely positioned to serve Africa&#8217;s needy with full operational, self-contained hospital ships equipped to perform numerous surgical procedures.<\/p>\n<p>En plus d\u2019offrir des soins m\u00e9dicaux gratuits, nous proposons des programmes de formation pour aider les travailleurs de la sant\u00e9 locaux \u00e0 fournir de meilleurs soins \u00e0 leurs communaut\u00e9s pour un changement durable.<\/p>\n\t\t\t<a href=\"https:\/\/mercyships.ca\/fr\/comment-nous-aidons\/\"  target=\"_self\">\n\t\t\t\t\t\t\tEn savoir plus\n\t\t\t\t\t<\/a>\n\t\t<iframe loading=\"lazy\" width=\"560\" height=\"315\" src=\"https:\/\/www.youtube.com\/embed\/8BcbVLYF5Rs?si=FcMQAX8ci2YS8Ypm\" title=\"YouTube video player\" frameborder=\"0\" allow=\"accelerometer; autoplay; clipboard-write; encrypted-media; gyroscope; picture-in-picture; web-share\" referrerpolicy=\"strict-origin-when-cross-origin\" allowfullscreen><\/iframe>\t\n\t\t<iframe loading=\"lazy\" width=\"930\" height=\"523\" src=\"https:\/\/www.youtube.com\/embed\/duGYrGXeFK8\" title=\"L'orientation de notre travail - Mercy Ships\" frameborder=\"0\" allow=\"accelerometer; autoplay; clipboard-write; encrypted-media; gyroscope; picture-in-picture; web-share\" referrerpolicy=\"strict-origin-when-cross-origin\" allowfullscreen><\/iframe>\t\n<h2>\n\t\t\tLe v\u00e9ritable changement arrive lorsque nous travaillons tous ensemble.\t<\/h2>\n\t<p>No one should feel isolated from their community because they can&#8217;t access medical care. Help us bring hope and healing to those in need. So they can live with purpose and meaning in their communities.<\/p>\n\t\t\t<a href=\"https:\/\/mercyships.ca\/fr\/faire-un-don\/\"  target=\"_self\">\n\t\t\t\t\t\t\tFaire un don\n\t\t\t\t\t<\/a>\n\t\t\t<a href=\"https:\/\/mercyships.ca\/fr\/benevole\/\"  target=\"_self\">\n\t\t\t\t\t\t\tDevenir b\u00e9n\u00e9vole\n\t\t\t\t\t<\/a>","protected":false},"excerpt":{"rendered":"<p>Accessible Healthcare in Africa is Vital In West and sub-Saharan Africa, 90% of the population cannot afford medical care or [&hellip;]<\/p>\n","protected":false},"author":3,"featured_media":225,"parent":0,"menu_order":0,"comment_status":"closed","ping_status":"closed","template":"","meta":{"_acf_changed":false,"_seopress_robots_primary_cat":"","_seopress_titles_title":"","_seopress_titles_desc":"In West and sub-Saharan Africa, 93% of the population cannot afford medical care or live too far from a hospital to access treatment.","_seopress_robots_index":"","site-sidebar-layout":"no-sidebar","site-content-layout":"page-builder","ast-site-content-layout":"full-width-container","site-content-style":"default","site-sidebar-style":"default","ast-global-header-display":"","ast-banner-title-visibility":"","ast-main-header-display":"","ast-hfb-above-header-display":"","ast-hfb-below-header-display":"","ast-hfb-mobile-header-display":"","site-post-title":"disabled","ast-breadcrumbs-content":"","ast-featured-img":"disabled","footer-sml-layout":"","ast-disable-related-posts":"","theme-transparent-header-meta":"default","adv-header-id-meta":"","stick-header-meta":"default","header-above-stick-meta":"","header-main-stick-meta":"","header-below-stick-meta":"","astra-migrate-meta-layouts":"set","ast-page-background-enabled":"default","ast-page-background-meta":{"desktop":{"background-color":"var(--ast-global-color-4)","background-image":"","background-repeat":"repeat","background-position":"center center","background-size":"auto","background-attachment":"scroll","background-type":"","background-media":"","overlay-type":"","overlay-color":"","overlay-opacity":"","overlay-gradient":""},"tablet":{"background-color":"","background-image":"","background-repeat":"repeat","background-position":"center center","background-size":"auto","background-attachment":"scroll","background-type":"","background-media":"","overlay-type":"","overlay-color":"","overlay-opacity":"","overlay-gradient":""},"mobile":{"background-color":"","background-image":"","background-repeat":"repeat","background-position":"center center","background-size":"auto","background-attachment":"scroll","background-type":"","background-media":"","overlay-type":"","overlay-color":"","overlay-opacity":"","overlay-gradient":""}},"ast-content-background-meta":{"desktop":{"background-color":"var(--ast-global-color-5)","background-image":"","background-repeat":"repeat","background-position":"center center","background-size":"auto","background-attachment":"scroll","background-type":"","background-media":"","overlay-type":"","overlay-color":"","overlay-opacity":"","overlay-gradient":""},"tablet":{"background-color":"var(--ast-global-color-5)","background-image":"","background-repeat":"repeat","background-position":"center center","background-size":"auto","background-attachment":"scroll","background-type":"","background-media":"","overlay-type":"","overlay-color":"","overlay-opacity":"","overlay-gradient":""},"mobile":{"background-color":"var(--ast-global-color-5)","background-image":"","background-repeat":"repeat","background-position":"center center","background-size":"auto","background-attachment":"scroll","background-type":"","background-media":"","overlay-type":"","overlay-color":"","overlay-opacity":"","overlay-gradient":""}},"footnotes":""},"class_list":["post-144","page","type-page","status-publish","has-post-thumbnail","hentry"],"acf":[],"_links":{"self":[{"href":"https:\/\/mercyships.ca\/fr\/wp-json\/wp\/v2\/pages\/144","targetHints":{"allow":["GET"]}}],"collection":[{"href":"https:\/\/mercyships.ca\/fr\/wp-json\/wp\/v2\/pages"}],"about":[{"href":"https:\/\/mercyships.ca\/fr\/wp-json\/wp\/v2\/types\/page"}],"author":[{"embeddable":true,"href":"https:\/\/mercyships.ca\/fr\/wp-json\/wp\/v2\/users\/3"}],"replies":[{"embeddable":true,"href":"https:\/\/mercyships.ca\/fr\/wp-json\/wp\/v2\/comments?post=144"}],"version-history":[{"count":5,"href":"https:\/\/mercyships.ca\/fr\/wp-json\/wp\/v2\/pages\/144\/revisions"}],"predecessor-version":[{"id":14445,"href":"https:\/\/mercyships.ca\/fr\/wp-json\/wp\/v2\/pages\/144\/revisions\/14445"}],"wp:featuredmedia":[{"embeddable":true,"href":"https:\/\/mercyships.ca\/fr\/wp-json\/wp\/v2\/media\/225"}],"wp:attachment":[{"href":"https:\/\/mercyships.ca\/fr\/wp-json\/wp\/v2\/media?parent=144"}],"curies":[{"name":"wp","href":"https:\/\/api.w.org\/{rel}","templated":true}]}}