{"id":14301,"date":"2026-02-18T02:32:46","date_gmt":"2026-02-18T10:32:46","guid":{"rendered":"https:\/\/mercyships.ca\/?page_id=14301"},"modified":"2026-02-20T14:37:19","modified_gmt":"2026-02-20T22:37:19","slug":"des-lits-concus-pour-les-patients-au-centre-hope","status":"publish","type":"page","link":"https:\/\/mercyships.ca\/fr\/hope-center-beds\/","title":{"rendered":"Des lits con\u00e7us pour les patients au Centre HOPE"},"content":{"rendered":"<figure itemscope itemtype=\"https:\/\/schema.org\/ImageObject\">\n\t\t\t\t<img decoding=\"async\" src=\"https:\/\/mercyships.ca\/wp-content\/uploads\/2026\/02\/MGE250702_CLUBFOOT_HOPECENTER_VM007_HI-scaled.png\" alt=\"MGE250702_CLUBFOOT_HOPECENTER_VM007_HI\" height=\"696\" width=\"2560\" title=\"MGE250702_CLUBFOOT_HOPECENTER_VM007_HI\" onerror=\"this.style.display='none'\" loading=\"lazy\" \/>\n\t<\/figure>\n<figure itemscope itemtype=\"https:\/\/schema.org\/ImageObject\">\n\t\t\t\t<img decoding=\"async\" src=\"https:\/\/mercyships.ca\/wp-content\/uploads\/2024\/10\/ms-icon-med-cercle_Hospital_Bed.svg\" alt=\"ms-icon-med-cercle_Hospital_Bed\" height=\"150\" width=\"150\" title=\"ms-icon-med-cercle_Hospital_Bed\" onerror=\"this.style.display='none'\" loading=\"lazy\" \/>\n\t<\/figure>\n<h2>\n\t\t\tDes lits con\u00e7us pour les patients au Centre HOPE\t<\/h2>\n<h2>\n\t\t\t\ud83c\udde8\ud83c\udde6 Canadian Program\t<\/h2>\n<h2>\n\t\t\tUn parcours vers des soins qui changent la vie\t<\/h2>\n\t<p class=\"translation-block\">Pour de nombreux patients, se rendre \u00e0 bord du Global Mercy n'est pas chose facile. Mercy Ships les aide ainsi que leurs accompagnants \u00e0 voyager depuis des villages et des villes \u00e9loign\u00e9s, en leur fournissant des conseils, un soutien et un moyen de transport pour se rendre au Centre HOPE. Le voyage est souvent long. \u00c0 leur arriv\u00e9e, les patients sont accueillis par des b\u00e9n\u00e9voles et du personnel m\u00e9dical. Le Centre HOPE est plus qu'un simple lieu d'h\u00e9bergement, c'est un espace o\u00f9 patients et soignants peuvent se reposer, se r\u00e9tablir et recevoir les soins dont ils ont besoin avant et apr\u00e8s l'op\u00e9ration.<\/p>\n<h2>\n\t\t\tComme un autre \"chez-soi\"\t<\/h2>\n\t<p>Le Hope Center offre confort, stabilit\u00e9 et soutien complet aux patients avant et apr\u00e8s leur op\u00e9ration. Les patients b\u00e9n\u00e9ficient de conseils nutritionnels, d'\u00e9valuations pr\u00e9op\u00e9ratoires et d'une \u00e9valuation par l'\u00e9quipe m\u00e9dicale afin de se pr\u00e9parer \u00e0 l'op\u00e9ration. Apr\u00e8s des interventions complexes, le personnel m\u00e9dical surveille la convalescence, soigne les plaies, dispense des s\u00e9ances de kin\u00e9sith\u00e9rapie et assure des soins postop\u00e9ratoires continus. Les soignants restent aux c\u00f4t\u00e9s des patients, leur apportant r\u00e9confort et encouragement. Ensemble, les patients, les soignants et le personnel forment une communaut\u00e9 solidaire o\u00f9 la gu\u00e9rison commence d\u00e8s leur arriv\u00e9e.<\/p>\n<h2>\n\t\t\tUne nouvelle conception de lits\t<\/h2>\n\t<p>Until now, the Hope Center&#8217;s metal bunk beds posed challenges for some patients and caregivers who were unfamiliar with climbing into upper bunks. The new bed design places both beds at an accessible height, making them easy to use with confidence. These beds empower patients and caregivers to rest comfortably, giving them the energy and focus needed to participate fully in their care and recovery.<\/p>\n<h2>\n\t\t\tLes b\u00e9n\u00e9voles et le personnel au c\u0153ur des soins\t<\/h2>\n\t<p>Volunteers and medical staff are essential to the Hope Center&#8217;s mission. Volunteers help patients navigate the center, share meals, and provide emotional support, while medical staff oversee clinical care, monitor recovery, and deliver physical therapy and nutritional guidance. With beds that are accessible and easy to use, volunteers and staff can dedicate themselves to what matters most: creating an environment of dignity, encouragement, and hope. Every interaction, from assisting a patient to offering guidance during therapy, is strengthened when patients and caregivers feel supported and empowered.<\/p>\n<h2>\n\t\t\tUn investissement durable dans la gu\u00e9rison\t<\/h2>\n\t<p class=\"translation-block\">Ces lits sont con\u00e7us pour voyager avec le navire-h\u00f4pital <em>Global Mercy<\/em> et servir les patients et les soignants du prochain pays dans le besoin. Chaque lit repr\u00e9sente des ann\u00e9es de service. Le soutien des donateurs permet au Centre HOPE de continuer \u00e0 offrir des soins chirurgicaux gratuits, un soutien holistique et un environnement accueillant o\u00f9 les patients et les soignants peuvent se concentrer sur le r\u00e9tablissement et la gu\u00e9rison.<\/p>\n<h2>\n\t\t\tTransformer des vies, un lit \u00e0 la fois\t<\/h2>\n\t<p>A bed may seem simple, but at the Hope Center, it represents more than rest. It is a tool that empowers patients and caregivers to focus on healing, gives volunteers and medical staff the ability to provide better care, and offers donors a tangible way to change lives. Together, the Hope Center, the <em>Global Mercy<\/em> hospital ship, and the community of volunteers, staff, and supporters create more than medical care-they create an environment where patients are supported, encouraged, and empowered from the moment they arrive.<\/p>\n\t\t\t<img decoding=\"async\" src=\"https:\/\/mercyships.ca\/wp-content\/uploads\/2024\/09\/volunteer-tara-mchardy-gallery-SQ400.png\" alt=\"Volunteer Tara Mchardy\" \/>\n\t\t\t\t\t\t\t\t<p>&#8220;I love that Mercy Ships brings people from all over the world trained in various places and careers to use their knowledge and abilities to make miracles happen every single day.&#8221; <br \/><strong><a href=\"https:\/\/mercyships.ca\/fr\/benevole\/humanitarian-adventure-fosters-a-habit-of-giving\/\">En savoir plus<\/a><\/strong><\/p>\n\t\t\t\t\t\t\t\t\t<h3>Tara McHardy<\/h3>\n\t\t\t\t\t\t\t\t\t\t\t\t\t<h4>Infirmi\u00e8re b\u00e9n\u00e9vole, Calgary<\/h4>\n\t<!-- \/.pp-testimonials -->","protected":false},"excerpt":{"rendered":"<p>Hope Center Beds That Empower \ud83c\udde8\ud83c\udde6 Canadian Program A Journey for Life-Changing Care For many patients in underserved areas of [&hellip;]<\/p>\n","protected":false},"author":9,"featured_media":0,"parent":0,"menu_order":0,"comment_status":"closed","ping_status":"closed","template":"","meta":{"_acf_changed":false,"_seopress_robots_primary_cat":"","_seopress_titles_title":"Hope Center Beds That Empower - Mercy Ships Canada","_seopress_titles_desc":"A bed may seem simple, but at the Hope Center, it represents more than rest. It is a tool that empowers patients and caregivers to focus on healing, gives volunteers and medical staff the ability to provide better care, and offers donors a tangible way to change lives.","_seopress_robots_index":"","site-sidebar-layout":"no-sidebar","site-content-layout":"page-builder","ast-site-content-layout":"default","site-content-style":"default","site-sidebar-style":"default","ast-global-header-display":"","ast-banner-title-visibility":"","ast-main-header-display":"","ast-hfb-above-header-display":"","ast-hfb-below-header-display":"","ast-hfb-mobile-header-display":"","site-post-title":"disabled","ast-breadcrumbs-content":"","ast-featured-img":"disabled","footer-sml-layout":"","ast-disable-related-posts":"","theme-transparent-header-meta":"default","adv-header-id-meta":"","stick-header-meta":"default","header-above-stick-meta":"","header-main-stick-meta":"","header-below-stick-meta":"","astra-migrate-meta-layouts":"set","ast-page-background-enabled":"default","ast-page-background-meta":{"desktop":{"background-color":"var(--ast-global-color-4)","background-image":"","background-repeat":"repeat","background-position":"center center","background-size":"auto","background-attachment":"scroll","background-type":"","background-media":"","overlay-type":"","overlay-color":"","overlay-opacity":"","overlay-gradient":""},"tablet":{"background-color":"","background-image":"","background-repeat":"repeat","background-position":"center center","background-size":"auto","background-attachment":"scroll","background-type":"","background-media":"","overlay-type":"","overlay-color":"","overlay-opacity":"","overlay-gradient":""},"mobile":{"background-color":"","background-image":"","background-repeat":"repeat","background-position":"center center","background-size":"auto","background-attachment":"scroll","background-type":"","background-media":"","overlay-type":"","overlay-color":"","overlay-opacity":"","overlay-gradient":""}},"ast-content-background-meta":{"desktop":{"background-color":"var(--ast-global-color-5)","background-image":"","background-repeat":"repeat","background-position":"center center","background-size":"auto","background-attachment":"scroll","background-type":"","background-media":"","overlay-type":"","overlay-color":"","overlay-opacity":"","overlay-gradient":""},"tablet":{"background-color":"var(--ast-global-color-5)","background-image":"","background-repeat":"repeat","background-position":"center center","background-size":"auto","background-attachment":"scroll","background-type":"","background-media":"","overlay-type":"","overlay-color":"","overlay-opacity":"","overlay-gradient":""},"mobile":{"background-color":"var(--ast-global-color-5)","background-image":"","background-repeat":"repeat","background-position":"center center","background-size":"auto","background-attachment":"scroll","background-type":"","background-media":"","overlay-type":"","overlay-color":"","overlay-opacity":"","overlay-gradient":""}},"footnotes":""},"class_list":["post-14301","page","type-page","status-publish","hentry"],"acf":[],"_links":{"self":[{"href":"https:\/\/mercyships.ca\/fr\/wp-json\/wp\/v2\/pages\/14301","targetHints":{"allow":["GET"]}}],"collection":[{"href":"https:\/\/mercyships.ca\/fr\/wp-json\/wp\/v2\/pages"}],"about":[{"href":"https:\/\/mercyships.ca\/fr\/wp-json\/wp\/v2\/types\/page"}],"author":[{"embeddable":true,"href":"https:\/\/mercyships.ca\/fr\/wp-json\/wp\/v2\/users\/9"}],"replies":[{"embeddable":true,"href":"https:\/\/mercyships.ca\/fr\/wp-json\/wp\/v2\/comments?post=14301"}],"version-history":[{"count":8,"href":"https:\/\/mercyships.ca\/fr\/wp-json\/wp\/v2\/pages\/14301\/revisions"}],"predecessor-version":[{"id":14358,"href":"https:\/\/mercyships.ca\/fr\/wp-json\/wp\/v2\/pages\/14301\/revisions\/14358"}],"wp:attachment":[{"href":"https:\/\/mercyships.ca\/fr\/wp-json\/wp\/v2\/media?parent=14301"}],"curies":[{"name":"wp","href":"https:\/\/api.w.org\/{rel}","templated":true}]}}