{"id":1410,"date":"2024-08-12T15:14:45","date_gmt":"2024-08-12T22:14:45","guid":{"rendered":"https:\/\/mercyships.onpressidium.com\/?page_id=1410"},"modified":"2026-03-12T12:46:11","modified_gmt":"2026-03-12T19:46:11","slug":"engagement-avec-le-public","status":"publish","type":"page","link":"https:\/\/mercyships.ca\/fr\/public-engagement\/","title":{"rendered":"Engagement avec le public"},"content":{"rendered":"<figure itemscope itemtype=\"https:\/\/schema.org\/ImageObject\">\n\t\t\t\t<img decoding=\"async\" src=\"https:\/\/mercyships.ca\/wp-content\/uploads\/2024\/08\/public-engagement-PS2500.jpg\" alt=\"Medical Day\" height=\"728\" width=\"2500\" title=\"public-engagement PS2500\" onerror=\"this.style.display='none'\" loading=\"lazy\" \/>\n\t<\/figure>\n<h2>\n\t\t\tDevenez acteur pour la sant\u00e9 mondiale\t<\/h2>\n\t<p class=\"translation-block\">Mercy Ships Canada se joint aux conversations sur la sant\u00e9 et le d\u00e9veloppement international. La sant\u00e9 et le bien-\u00eatre sont essentiels aux efforts d\u2019\u00e9radication de la pauvret\u00e9 et au d\u00e9veloppement durable, \u00e0 la croissance des communaut\u00e9s et des individus. En pla\u00e7ant les probl\u00e8mes mondiaux au premier plan, nous pouvons, ensemble, changer le discours sur la crise mondiale actuelle de la chirurgie.<\/p>\n<p>La justice, les droits de l\u2019homme, l\u2019engagement communautaire, le renforcement des capacit\u00e9s m\u00e9dicales et l\u2019acc\u00e8s aux soins de sant\u00e9 sont des sujets importants pour avoir un impact durable. Les id\u00e9es et les apprentissages partag\u00e9s deviennent les fondements des actions futures et d\u2019un engagement plus profond dans la recherche de solution collective aux probl\u00e8mes.<\/p>\n<p>Mercy Ships Canada accepte avec joie les invitations d\u2019individus ou de groupes. Les \u00e9v\u00e9nements virtuels et physiques comme les organismes communautaires, les conf\u00e9rences acad\u00e9miques, les s\u00e9minaires et les discussions offrent des opportunit\u00e9s d\u2019apprentissage mutuel et de dialogue approfondi.<\/p>\n<p>Les \u00e9v\u00e8nements publics pr\u00e9c\u00e9dents et \u00e0 venir sont les suivants :<\/p>\n<ul>\n<li class=\"translation-block\">Pr\u00e9sentation de Mercy Ships \u00e0 l\u2019\u00e9cole Augustin-Roscelli de Montr\u00e9al \u2013 <a href=\"https:\/\/mercyships.ca\/wp-content\/uploads\/2024\/09\/Presentation-Ecole-Mai-2024-1.pdf\" target=\"_blank\" rel=\"noopener\">Un geste \u00e0 la fois<\/a> (mai 2024)<\/li>\n<li class=\"translation-block\">\u00ab Comment ne pas sauver le monde \u00bb \u2013 Discussion sur la sant\u00e9 mondiale \u00e0 l\u2019universit\u00e9 Queens \u00e0 Kingston en Ontario (Mars 2024)<\/li>\n<li class=\"translation-block\">Symposium sur la foi, la collecte de fonds et la communication<\/a> (mai 2023)<\/li>\n<li class=\"translation-block\">Le congr\u00e8s mondial du Secr\u00e9tariat international des infirmi\u00e8res et infirmiers de l\u2019espace francophone (<a href=\"https:\/\/congres.sidiief.org\/inscription\/\" target=\"_blank\" rel=\"noopener\">SIDIIEF<\/a>) (octobre 2022)<\/li>\n<li>R\u00e9pondre aux crises mondiales en mati\u00e8re de soins de sant\u00e9 accessibles, Centre canadien des \u00e9tablissements de sant\u00e9 (30 novembre 2021)<\/li>\n<li><br><\/li>\n<li>&#8216;Volunteering on a Hospital Ship&#8217; &#8211; Newmarket Public Library (March 18, 2021)<\/li>\n<li class=\"translation-block\">Conf\u00e9rence sur la sant\u00e9 et les droits de l\u2019homme (<a href=\"https:\/\/www.hhrights.org\/\" target=\"_blank\" rel=\"noopener\">Foire aux ONG<\/a>) \u2013 Universit\u00e9 de Toronto (12-13 mars 2021)<\/li>\n<li>Club PROBUS de Kamloops (f\u00e9vrier 2021)<\/li>\n<li>Rotary Club de Cambridge, Preston-Hespeler (d\u00e9cembre 2020)<\/li>\n<li>International Development Students &#8211; Humber College (December 2020)<\/li>\n<li>Nursing Conference on Unusual Environments &#8211; University of Laval (November 2020)<\/li>\n<li>Panel Guest for &#8216;The Role of NGOs in Global Development&#8217; &#8211; University of Victoria (November 2020)<\/li>\n<li>La Compagnie des Ma\u00eetres Marins du Canada, Division des Grands Lacs (mai 2020)<\/li>\n<\/ul>\n<p>D\u2019autres \u00e9v\u00e8nements mondiaux sont \u00e0 souligner :<\/p>\n<ul>\n<li>Lancement de l\u2019institut de chirurgie globale du Royal College des Chirurgiens en Irelande (mars 2021)<\/li>\n<li class=\"translation-block\">Conf\u00e9rence num\u00e9rique mondiale de l\u2019industrie maritime SMM Hambourg (f\u00e9vrier 2021)<\/li>\n<\/ul>\n<p>We have skilled staff available who will tailor their presentation to your group&#8217;s needs. We offer speaker and outreach services to non-profits, businesses, and gatherings of all sizes &#8211; from groups of 10 to events and conferences with over 100 + attendees. Also, we can provide keynote presentations and talks on themes of volunteerism, corporate social responsibility, leadership and our medical work.<\/p>\n<p class=\"translation-block\"><strong>Veuillez remplir le formulaire au bas de cette page ou contacter <a href=\"mailto:msca@mercyships.ca\" target=\"_blank\" rel=\"noopener\">msca@mercyships.ca<\/a> pour obtenir de plus amples informations ou discuter de l'invitation d\u2019un repr\u00e9sentant de Mercy Ships Canada.<\/strong><\/p>","protected":false},"excerpt":{"rendered":"<p>Join the Conversation on Global Healthcare Mercy Ships Canada invites conversations on health and international development. Health and well-being are [&hellip;]<\/p>\n","protected":false},"author":3,"featured_media":1434,"parent":0,"menu_order":0,"comment_status":"closed","ping_status":"closed","template":"","meta":{"_acf_changed":false,"_seopress_robots_primary_cat":"","_seopress_titles_title":"","_seopress_titles_desc":"Mercy Ships Canada invites conversations on health and international development. Health and well-being are essential to poverty eradication efforts and sustainable development, community and individual growth.","_seopress_robots_index":"","site-sidebar-layout":"no-sidebar","site-content-layout":"page-builder","ast-site-content-layout":"full-width-container","site-content-style":"default","site-sidebar-style":"default","ast-global-header-display":"","ast-banner-title-visibility":"","ast-main-header-display":"","ast-hfb-above-header-display":"","ast-hfb-below-header-display":"","ast-hfb-mobile-header-display":"","site-post-title":"disabled","ast-breadcrumbs-content":"","ast-featured-img":"disabled","footer-sml-layout":"","ast-disable-related-posts":"","theme-transparent-header-meta":"default","adv-header-id-meta":"","stick-header-meta":"default","header-above-stick-meta":"","header-main-stick-meta":"","header-below-stick-meta":"","astra-migrate-meta-layouts":"set","ast-page-background-enabled":"default","ast-page-background-meta":{"desktop":{"background-color":"var(--ast-global-color-4)","background-image":"","background-repeat":"repeat","background-position":"center center","background-size":"auto","background-attachment":"scroll","background-type":"","background-media":"","overlay-type":"","overlay-color":"","overlay-opacity":"","overlay-gradient":""},"tablet":{"background-color":"","background-image":"","background-repeat":"repeat","background-position":"center center","background-size":"auto","background-attachment":"scroll","background-type":"","background-media":"","overlay-type":"","overlay-color":"","overlay-opacity":"","overlay-gradient":""},"mobile":{"background-color":"","background-image":"","background-repeat":"repeat","background-position":"center center","background-size":"auto","background-attachment":"scroll","background-type":"","background-media":"","overlay-type":"","overlay-color":"","overlay-opacity":"","overlay-gradient":""}},"ast-content-background-meta":{"desktop":{"background-color":"var(--ast-global-color-5)","background-image":"","background-repeat":"repeat","background-position":"center center","background-size":"auto","background-attachment":"scroll","background-type":"","background-media":"","overlay-type":"","overlay-color":"","overlay-opacity":"","overlay-gradient":""},"tablet":{"background-color":"var(--ast-global-color-5)","background-image":"","background-repeat":"repeat","background-position":"center center","background-size":"auto","background-attachment":"scroll","background-type":"","background-media":"","overlay-type":"","overlay-color":"","overlay-opacity":"","overlay-gradient":""},"mobile":{"background-color":"var(--ast-global-color-5)","background-image":"","background-repeat":"repeat","background-position":"center center","background-size":"auto","background-attachment":"scroll","background-type":"","background-media":"","overlay-type":"","overlay-color":"","overlay-opacity":"","overlay-gradient":""}},"footnotes":""},"class_list":["post-1410","page","type-page","status-publish","has-post-thumbnail","hentry"],"acf":[],"_links":{"self":[{"href":"https:\/\/mercyships.ca\/fr\/wp-json\/wp\/v2\/pages\/1410","targetHints":{"allow":["GET"]}}],"collection":[{"href":"https:\/\/mercyships.ca\/fr\/wp-json\/wp\/v2\/pages"}],"about":[{"href":"https:\/\/mercyships.ca\/fr\/wp-json\/wp\/v2\/types\/page"}],"author":[{"embeddable":true,"href":"https:\/\/mercyships.ca\/fr\/wp-json\/wp\/v2\/users\/3"}],"replies":[{"embeddable":true,"href":"https:\/\/mercyships.ca\/fr\/wp-json\/wp\/v2\/comments?post=1410"}],"version-history":[{"count":5,"href":"https:\/\/mercyships.ca\/fr\/wp-json\/wp\/v2\/pages\/1410\/revisions"}],"predecessor-version":[{"id":14451,"href":"https:\/\/mercyships.ca\/fr\/wp-json\/wp\/v2\/pages\/1410\/revisions\/14451"}],"wp:featuredmedia":[{"embeddable":true,"href":"https:\/\/mercyships.ca\/fr\/wp-json\/wp\/v2\/media\/1434"}],"wp:attachment":[{"href":"https:\/\/mercyships.ca\/fr\/wp-json\/wp\/v2\/media?parent=1410"}],"curies":[{"name":"wp","href":"https:\/\/api.w.org\/{rel}","templated":true}]}}