{"id":14040,"date":"2026-01-15T11:44:04","date_gmt":"2026-01-15T19:44:04","guid":{"rendered":"https:\/\/mercyships.ca\/?page_id=14040"},"modified":"2026-02-16T04:02:54","modified_gmt":"2026-02-16T12:02:54","slug":"gangways-project","status":"publish","type":"page","link":"https:\/\/mercyships.ca\/fr\/gangways-project\/","title":{"rendered":"Passerelles"},"content":{"rendered":"<figure itemscope itemtype=\"https:\/\/schema.org\/ImageObject\">\n\t\t\t\t<img decoding=\"async\" src=\"https:\/\/mercyships.ca\/wp-content\/uploads\/2026\/01\/GND190423_GANGWAY_DAY_CREW_MS001_HI2500PS-scaled.png\" alt=\"Passerelles\" height=\"696\" width=\"2560\" title=\"GND190423_GANGWAY_DAY_CREW_MS001_HI2500PS\" onerror=\"this.style.display='none'\" loading=\"lazy\" \/>\n\t<\/figure>\n<figure itemscope itemtype=\"https:\/\/schema.org\/ImageObject\">\n\t\t\t\t<img decoding=\"async\" src=\"https:\/\/mercyships.ca\/wp-content\/uploads\/2024\/10\/ms-icon-gen-cercle_MS_Vision-1.svg\" alt=\"ms-icon-gen-cercle_MS_Vision (1)\" height=\"150\" width=\"150\" title=\"ms-icon-gen-cercle_MS_Vision (1)\" onerror=\"this.style.display='none'\" loading=\"lazy\" \/>\n\t<\/figure>\n<h2>\n\t\t\tPasserelles\t<\/h2>\n<h2>\n\t\t\t\ud83c\udde8\ud83c\udde6 Canadian Program\t<\/h2>\n<h2>\n\t\t\tUn accueil s\u00e9curis\u00e9 \u00e0 bord\t<\/h2>\n\t<p>Pour les patients embarquant \u00e0 bord de l' <em><a href=\"https:\/\/mercyships.ca\/fr\/a-propos\/africa-mercy\/\" target=\"_blank\" rel=\"noopener\">Africa Mercy<\/a>,<\/em> the gangway is more than a walkway-it is an important step toward healing. Families often travel long distances to reach the ship, and the moment they cross the gangway marks a further step in\u00a0 their journey to restored health. The volunteer crew also depend on this access point every day, whether they are returning from shore or welcoming new arrivals.<\/p>\n<p>Pour renforcer cet accueil, Mercy Ships remplace la plate-forme d'entr\u00e9e principale de la passerelle. La nouvelle conception rendra l'embarquement plus s\u00fbr et plus rapide, ce qui permettra directement d'am\u00e9liorer l'efficacit\u00e9 des interventions chirurgicales et des soins aux patients, tout en r\u00e9duisant les risques pour l'\u00e9quipage b\u00e9n\u00e9vole qui la g\u00e8re. Parall\u00e8lement, une passerelle d'urgence plus l\u00e9g\u00e8re offrira un deuxi\u00e8me point d'acc\u00e8s, en particulier dans les ports o\u00f9 la passerelle d'urgence plus grande ne peut pas \u00eatre utilis\u00e9e. En cas de besoin, cette voie suppl\u00e9mentaire pourrait faire toute la diff\u00e9rence pour les patients et l'\u00e9quipage.<\/p>\n<p>If the project were delayed, the ship could continue to serve-but with less efficiency and greater strain on the crew. Patients might wait longer to board, and the crew would spend more time managing equipment instead of focusing on care. By acting now, Mercy Ships ensures that every arrival feels safe, smooth, and welcoming.<\/p>\n<figure itemscope itemtype=\"https:\/\/schema.org\/ImageObject\">\n\t\t\t\t<img decoding=\"async\" src=\"https:\/\/mercyships.ca\/wp-content\/uploads\/2026\/01\/MGD250730_AUDRICE_MGE09624_BEFORE_GANGWAY_TT003_HI-scaled.jpg\" alt=\"Passerelles\" height=\"1707\" width=\"2560\" title=\"Audrice, orthopedics patient, before his surgery on the gangway.\" onerror=\"this.style.display='none'\" loading=\"lazy\" \/>\n\t<\/figure>\n<h2>\n\t\t\tConstruit pour la mission\t<\/h2>\n\t<p>The hospital ship, the <em>Africa Mercy<\/em>, spends extended periods docked in port, serving as a hospital for thousands of patients each year. During this time, gangways are not just equipment-they are lifelines. They enable patients to access vital care, empower volunteer crews to fulfill their mission, and allow emergency services to respond swiftly. Upgrading these gangways reinforces our collective effort to save lives and serve with dignity, inspiring pride in our shared commitment.<\/p>\n<p>Chaque don fait la diff\u00e9rence. Ensemble, les donateurs et Mercy Ships ouvrent la voie \u00e0 des milliers d'op\u00e9rations chirurgicales qui changent des vies chaque ann\u00e9e, transformant des existences et redonnant espoir \u00e0 travers l'Afrique.<\/p>\n<p>Without these upgrades, the mission would still go forward, but with more challenges. The crew would need to work harder to maintain older systems, and patients might experience delays. New gangways remove those obstacles, allowing the focus to remain where it belongs-on healing.<\/p>\n<figure itemscope itemtype=\"https:\/\/schema.org\/ImageObject\">\n\t\t\t\t<img decoding=\"async\" src=\"https:\/\/mercyships.ca\/wp-content\/uploads\/2026\/01\/MGE250310_CAMPBELL_GANGWAY_TT001_HI-scaled.jpg\" alt=\"Passerelles\" height=\"1707\" width=\"2560\" title=\"MGE250310_CAMPBELL_GANGWAY_TT001_HI\" onerror=\"this.style.display='none'\" loading=\"lazy\" \/>\n\t<\/figure>\n<h2>\n\t\t\tL'impact au-del\u00e0 de la passerelle\t<\/h2>\n\t<p>Le <em>Africa Mercy<\/em> continues to open its doors to hope. Safe access means more than logistics-it enables over 2,500 surgeries each year, each one a story of transformation. Children walk, mothers find relief, fathers regain strength to support their families.<\/p>\n<p>Le partenariat avec les donateurs permet \u00e0 Mercy Ships de poursuivre sa mission, garantissant ainsi que l'espoir reste \u00e0 port\u00e9e de main dans toute l'Afrique.<\/p>\n<p>Pour l'\u00e9quipage b\u00e9n\u00e9vole, les passerelles leur rappellent chaque jour pourquoi ils sont l\u00e0. Chaque fois qu'ils accueillent des patients \u00e0 bord, ils savent qu'un acc\u00e8s s\u00e9curis\u00e9 est le premier pas vers la gu\u00e9rison. En renfor\u00e7ant cette toute premi\u00e8re \u00e9tape \u00e0 bord du navire, Mercy Ships instaure un climat de confiance avec les communaut\u00e9s qu'elle sert, garantissant ainsi que l'espoir et la dignit\u00e9 restent \u00e0 port\u00e9e de main. Soutenir ce projet nous aide \u00e0 pr\u00e9server cet espoir pour chaque patient et chaque communaut\u00e9 que nous servons.<\/p>\n<p class=\"translation-block\">Si les passerelles n'\u00e9taient pas remplac\u00e9es, le navire continuerait \u00e0 remplir sa mission, mais avec plus d'efforts et moins de facilit\u00e9. Les patients pourraient se sentir plus en s\u00e9curit\u00e9 au moment m\u00eame o\u00f9 ils ont besoin d'\u00eatre rassur\u00e9s. En menant \u00e0 bien ce projet, Mercy Ships veille \u00e0 ce que chaque pas \u00e0 bord de l'<em>Africa Mercy<\/em> soit un pas vers la s\u00e9curit\u00e9, la dignit\u00e9 et l'espoir.<\/p>\n\t\t\t<img decoding=\"async\" src=\"https:\/\/mercyships.ca\/wp-content\/uploads\/2024\/09\/volunteer-tara-mchardy-gallery-SQ400.png\" alt=\"Volunteer Tara Mchardy\" \/>\n\t\t\t\t\t\t\t\t<p>&#8220;I love that Mercy Ships brings people from all over the world trained in various places and careers to use their knowledge and abilities to make miracles happen every single day.&#8221; <br \/><strong><a href=\"https:\/\/mercyships.ca\/fr\/benevole\/humanitarian-adventure-fosters-a-habit-of-giving\/\">En savoir plus<\/a><\/strong><\/p>\n\t\t\t\t\t\t\t\t\t<h3>Tara McHardy<\/h3>\n\t\t\t\t\t\t\t\t\t\t\t\t\t<h4>Infirmi\u00e8re b\u00e9n\u00e9vole, Calgary<\/h4>\n\t<!-- \/.pp-testimonials -->","protected":false},"excerpt":{"rendered":"<p>Gangways Project \ud83c\udde8\ud83c\udde6 Canadian Program A Safe Welcome Aboard For patients arriving at the Africa Mercy, the gangway is more [&hellip;]<\/p>\n","protected":false},"author":9,"featured_media":14007,"parent":0,"menu_order":0,"comment_status":"closed","ping_status":"closed","template":"","meta":{"_acf_changed":false,"_seopress_robots_primary_cat":"","_seopress_titles_title":"Gangways Project - Mercy Ships Canada","_seopress_titles_desc":"The Gangways Project upgrades the Africa Mercy\u2019s main and emergency gangways to ensure safer, faster, and more dignified access for patients and volunteer crew.","_seopress_robots_index":"","site-sidebar-layout":"no-sidebar","site-content-layout":"page-builder","ast-site-content-layout":"default","site-content-style":"default","site-sidebar-style":"default","ast-global-header-display":"","ast-banner-title-visibility":"","ast-main-header-display":"","ast-hfb-above-header-display":"","ast-hfb-below-header-display":"","ast-hfb-mobile-header-display":"","site-post-title":"disabled","ast-breadcrumbs-content":"","ast-featured-img":"disabled","footer-sml-layout":"","ast-disable-related-posts":"","theme-transparent-header-meta":"default","adv-header-id-meta":"","stick-header-meta":"default","header-above-stick-meta":"","header-main-stick-meta":"","header-below-stick-meta":"","astra-migrate-meta-layouts":"set","ast-page-background-enabled":"default","ast-page-background-meta":{"desktop":{"background-color":"var(--ast-global-color-4)","background-image":"","background-repeat":"repeat","background-position":"center center","background-size":"auto","background-attachment":"scroll","background-type":"","background-media":"","overlay-type":"","overlay-color":"","overlay-opacity":"","overlay-gradient":""},"tablet":{"background-color":"","background-image":"","background-repeat":"repeat","background-position":"center center","background-size":"auto","background-attachment":"scroll","background-type":"","background-media":"","overlay-type":"","overlay-color":"","overlay-opacity":"","overlay-gradient":""},"mobile":{"background-color":"","background-image":"","background-repeat":"repeat","background-position":"center center","background-size":"auto","background-attachment":"scroll","background-type":"","background-media":"","overlay-type":"","overlay-color":"","overlay-opacity":"","overlay-gradient":""}},"ast-content-background-meta":{"desktop":{"background-color":"var(--ast-global-color-5)","background-image":"","background-repeat":"repeat","background-position":"center center","background-size":"auto","background-attachment":"scroll","background-type":"","background-media":"","overlay-type":"","overlay-color":"","overlay-opacity":"","overlay-gradient":""},"tablet":{"background-color":"var(--ast-global-color-5)","background-image":"","background-repeat":"repeat","background-position":"center center","background-size":"auto","background-attachment":"scroll","background-type":"","background-media":"","overlay-type":"","overlay-color":"","overlay-opacity":"","overlay-gradient":""},"mobile":{"background-color":"var(--ast-global-color-5)","background-image":"","background-repeat":"repeat","background-position":"center center","background-size":"auto","background-attachment":"scroll","background-type":"","background-media":"","overlay-type":"","overlay-color":"","overlay-opacity":"","overlay-gradient":""}},"footnotes":""},"class_list":["post-14040","page","type-page","status-publish","has-post-thumbnail","hentry"],"acf":[],"_links":{"self":[{"href":"https:\/\/mercyships.ca\/fr\/wp-json\/wp\/v2\/pages\/14040","targetHints":{"allow":["GET"]}}],"collection":[{"href":"https:\/\/mercyships.ca\/fr\/wp-json\/wp\/v2\/pages"}],"about":[{"href":"https:\/\/mercyships.ca\/fr\/wp-json\/wp\/v2\/types\/page"}],"author":[{"embeddable":true,"href":"https:\/\/mercyships.ca\/fr\/wp-json\/wp\/v2\/users\/9"}],"replies":[{"embeddable":true,"href":"https:\/\/mercyships.ca\/fr\/wp-json\/wp\/v2\/comments?post=14040"}],"version-history":[{"count":4,"href":"https:\/\/mercyships.ca\/fr\/wp-json\/wp\/v2\/pages\/14040\/revisions"}],"predecessor-version":[{"id":14244,"href":"https:\/\/mercyships.ca\/fr\/wp-json\/wp\/v2\/pages\/14040\/revisions\/14244"}],"wp:featuredmedia":[{"embeddable":true,"href":"https:\/\/mercyships.ca\/fr\/wp-json\/wp\/v2\/media\/14007"}],"wp:attachment":[{"href":"https:\/\/mercyships.ca\/fr\/wp-json\/wp\/v2\/media?parent=14040"}],"curies":[{"name":"wp","href":"https:\/\/api.w.org\/{rel}","templated":true}]}}