{"id":13647,"date":"2025-12-15T17:18:00","date_gmt":"2025-12-16T01:18:00","guid":{"rendered":"https:\/\/mercyships.ca\/?page_id=13647"},"modified":"2025-12-18T11:02:13","modified_gmt":"2025-12-18T19:02:13","slug":"confirmation","status":"publish","type":"page","link":"https:\/\/mercyships.ca\/fr\/confirmation\/","title":{"rendered":"Confirmation"},"content":{"rendered":"<h1>\r\n\t\t\tMerci de votre int\u00e9r\u00eat pour le b\u00e9n\u00e9volat!\t<\/h1>\r\n<h2>\r\n\t\t\tNous vous contacterons bient\u00f4t!\t<\/h2>\r\n\t<p>En attendant, n'h\u00e9sitez pas \u00e0 vous renseigner davantage sur le processus de b\u00e9n\u00e9volat et \u00e0 explorer les possibilit\u00e9s.<\/p>\r\n\t\t\t<a href=\"https:\/\/opportunities.mercyships.org\/?utm_campaign=opportunities_button&amp;utm_source=mercyships.ca&amp;utm_medium=referral\" target=\"_blank\" rel=\"noopener\">\r\n\t\t\t\t\t\t\tOpportunit\u00e9s de b\u00e9n\u00e9volat\r\n\t\t\t\t\t<\/a>\r\n\t\t<iframe loading=\"lazy\" width=\"569\" height=\"320\" src=\"https:\/\/www.youtube.com\/embed\/wgDvsvFuZak\" title=\"Ren\u00e9e Joubarne, b\u00e9n\u00e9vole canadienne\" frameborder=\"0\" allow=\"accelerometer; autoplay; clipboard-write; encrypted-media; gyroscope; picture-in-picture; web-share\" referrerpolicy=\"strict-origin-when-cross-origin\" allowfullscreen><\/iframe>\t\r\n<h3>\r\n\t\t\tCombien de b\u00e9n\u00e9voles embarquent sur nos navires-h\u00f4pitaux?\t<\/h3>\r\n\t<p>Chaque ann\u00e9e, plus de 2 500 b\u00e9n\u00e9voles\noriginaires de plus de 60 pays servent \u00e0 bord de nos navires-h\u00f4pitaux pour de l'aide humanitaire.<\/p>\r\n\t\t\t<a href=\"https:\/\/opportunities.mercyships.org\/?utm_campaign=opportunities_button&amp;utm_source=mercyships.ca&amp;utm_medium=referral\" target=\"_blank\" rel=\"noopener\">\r\n\t\t\t\t\t\t\tFaire du b\u00e9n\u00e9volat\r\n\t\t\t\t\t<\/a>\r\n<h3>\r\n\t\t\tNous sommes disponibles pour vous accompagner dans votre parcours de b\u00e9n\u00e9volat!\t<\/h3>\r\n\t\t\t\t<img decoding=\"async\" src=\"https:\/\/mercyships.ca\/wp-content\/uploads\/2024\/07\/Envelope-SQ512.png\" alt=\"Envelope SQ512\" itemprop=\"image\" height=\"512\" width=\"512\" title=\"Envelope SQ512\" onerror=\"this.style.display='none'\" loading=\"lazy\" \/>\r\n\t<p><a href=\"mailto:crewcanada@mercyships.ca\">crewcanada@mercyships.ca<\/a><\/p>\r\n\t\t\t\t<img decoding=\"async\" src=\"https:\/\/mercyships.ca\/wp-content\/uploads\/2024\/07\/catherine-tremblay.png\" alt=\"Catherine Tremblay\" itemprop=\"image\" height=\"144\" width=\"144\" title=\"catherine-tremblay\" onerror=\"this.style.display='none'\" loading=\"lazy\" \/>\r\n<h3>\r\n\t\t\tCatherine Tremblay\t<\/h3>\r\n\t\t\t\t<img decoding=\"async\" src=\"https:\/\/mercyships.ca\/wp-content\/uploads\/2024\/07\/noun-phone-4084329-0B215F.png\" alt=\"noun-phone-4084329-0B215F\" itemprop=\"image\" height=\"512\" width=\"512\" title=\"noun-phone-4084329-0B215F\" onerror=\"this.style.display='none'\" loading=\"lazy\" \/>\r\n\t<p><a href=\"tel:1-866-900-7447\">1-866-900-7447<\/a> (sans frais)<\/p>","protected":false},"excerpt":{"rendered":"<p>Thank you for your interest in volunteering! We will be in touch with you soon. In the meantime, feel free [&hellip;]<\/p>\n","protected":false},"author":3,"featured_media":0,"parent":0,"menu_order":0,"comment_status":"closed","ping_status":"closed","template":"","meta":{"_acf_changed":false,"_seopress_robots_primary_cat":"","_seopress_titles_title":"","_seopress_titles_desc":"","_seopress_robots_index":"","site-sidebar-layout":"no-sidebar","site-content-layout":"page-builder","ast-site-content-layout":"default","site-content-style":"default","site-sidebar-style":"default","ast-global-header-display":"","ast-banner-title-visibility":"","ast-main-header-display":"","ast-hfb-above-header-display":"","ast-hfb-below-header-display":"","ast-hfb-mobile-header-display":"","site-post-title":"disabled","ast-breadcrumbs-content":"","ast-featured-img":"disabled","footer-sml-layout":"","ast-disable-related-posts":"","theme-transparent-header-meta":"default","adv-header-id-meta":"","stick-header-meta":"default","header-above-stick-meta":"","header-main-stick-meta":"","header-below-stick-meta":"","astra-migrate-meta-layouts":"set","ast-page-background-enabled":"default","ast-page-background-meta":{"desktop":{"background-color":"var(--ast-global-color-4)","background-image":"","background-repeat":"repeat","background-position":"center center","background-size":"auto","background-attachment":"scroll","background-type":"","background-media":"","overlay-type":"","overlay-color":"","overlay-opacity":"","overlay-gradient":""},"tablet":{"background-color":"","background-image":"","background-repeat":"repeat","background-position":"center center","background-size":"auto","background-attachment":"scroll","background-type":"","background-media":"","overlay-type":"","overlay-color":"","overlay-opacity":"","overlay-gradient":""},"mobile":{"background-color":"","background-image":"","background-repeat":"repeat","background-position":"center center","background-size":"auto","background-attachment":"scroll","background-type":"","background-media":"","overlay-type":"","overlay-color":"","overlay-opacity":"","overlay-gradient":""}},"ast-content-background-meta":{"desktop":{"background-color":"var(--ast-global-color-5)","background-image":"","background-repeat":"repeat","background-position":"center center","background-size":"auto","background-attachment":"scroll","background-type":"","background-media":"","overlay-type":"","overlay-color":"","overlay-opacity":"","overlay-gradient":""},"tablet":{"background-color":"var(--ast-global-color-5)","background-image":"","background-repeat":"repeat","background-position":"center center","background-size":"auto","background-attachment":"scroll","background-type":"","background-media":"","overlay-type":"","overlay-color":"","overlay-opacity":"","overlay-gradient":""},"mobile":{"background-color":"var(--ast-global-color-5)","background-image":"","background-repeat":"repeat","background-position":"center center","background-size":"auto","background-attachment":"scroll","background-type":"","background-media":"","overlay-type":"","overlay-color":"","overlay-opacity":"","overlay-gradient":""}},"footnotes":""},"class_list":["post-13647","page","type-page","status-publish","hentry"],"acf":[],"_links":{"self":[{"href":"https:\/\/mercyships.ca\/fr\/wp-json\/wp\/v2\/pages\/13647","targetHints":{"allow":["GET"]}}],"collection":[{"href":"https:\/\/mercyships.ca\/fr\/wp-json\/wp\/v2\/pages"}],"about":[{"href":"https:\/\/mercyships.ca\/fr\/wp-json\/wp\/v2\/types\/page"}],"author":[{"embeddable":true,"href":"https:\/\/mercyships.ca\/fr\/wp-json\/wp\/v2\/users\/3"}],"replies":[{"embeddable":true,"href":"https:\/\/mercyships.ca\/fr\/wp-json\/wp\/v2\/comments?post=13647"}],"version-history":[{"count":10,"href":"https:\/\/mercyships.ca\/fr\/wp-json\/wp\/v2\/pages\/13647\/revisions"}],"predecessor-version":[{"id":13794,"href":"https:\/\/mercyships.ca\/fr\/wp-json\/wp\/v2\/pages\/13647\/revisions\/13794"}],"wp:attachment":[{"href":"https:\/\/mercyships.ca\/fr\/wp-json\/wp\/v2\/media?parent=13647"}],"curies":[{"name":"wp","href":"https:\/\/api.w.org\/{rel}","templated":true}]}}