{"id":1362,"date":"2024-08-12T13:51:32","date_gmt":"2024-08-12T20:51:32","guid":{"rendered":"https:\/\/mercyships.onpressidium.com\/?page_id=1362"},"modified":"2025-10-21T14:45:06","modified_gmt":"2025-10-21T21:45:06","slug":"notre-mission","status":"publish","type":"page","link":"https:\/\/mercyships.ca\/fr\/about-us\/our-mission\/","title":{"rendered":"Notre mission"},"content":{"rendered":"<img decoding=\"async\" src=\"https:\/\/mercyships.ca\/wp-content\/uploads\/2024\/08\/patient-mairamou-2-PS2500.jpg\" alt=\"Story of Mairamou\" itemprop=\"image\" height=\"733\" width=\"2500\" title=\"patient-mairamou-2 PS2500\" onerror=\"this.style.display='none'\" loading='lazy' \/>\r\n<h2>\r\n\t\t\tTransformer des communaut\u00e9s, une vie \u00e0 la fois\t<\/h2>\r\n\t\t\t<a href=\"https:\/\/mercyships.ca\/fr\/faire-un-don\/\" target=\"_self\">\r\n\t\t\t\t\t\t\tFaire un don\r\n\t\t\t\t\t<\/a>\r\n\t\t\t<a href=\"https:\/\/mercyships.ca\/fr\/benevole\/\" target=\"_self\">\r\n\t\t\t\t\t\t\tDevenir b\u00e9n\u00e9vole\r\n\t\t\t\t\t<\/a>\r\n\t<p>Chez Mercy Ships Canada, nous offrons des chirurgies transformatrices aux populations et communaut\u00e9s d'Afrique dans le besoin. En tant que membre d'un r\u00e9seau international soutenant deux navires-h\u00f4pitaux, nous rassemblons les fonds et le talent, et sensibilisons pour un acc\u00e8s \u00e9quitable en mati\u00e8re de soins de sant\u00e9 essentiels. Avec l'aide de plus de 2 500 b\u00e9n\u00e9voles internationaux, nous faisons en sorte que des personnes puissent voir, marcher, bouger et sourire \u00e0 nouveau. Le r\u00e9sultat n'est pas seulement une sant\u00e9 retrouv\u00e9e, mais des vies restaur\u00e9es et des communaut\u00e9s plus fortes, et tout \u00e7a gratuitement!<\/p>\r\n<h3>\r\n\t\t\tNotre vision\t<\/h3>\r\n<h3>\r\n\t\t\tVoir chaque Africain avoir acc\u00e8s \u00e0 des soins de sant\u00e9 fiables et opportuns.\t<\/h3>\r\n\t<p>Everyone has a right to equitable healthcare so that more people can live healthy lives. Our vision is to serve Africa&#8217;s healthcare needs with professional volunteers, hospital ships, and programs that meet the highest standards of care.<\/p>\r\n\t\t\t\t<img decoding=\"async\" src=\"https:\/\/mercyships.ca\/wp-content\/uploads\/2024\/08\/SNB200219_OUSSEYNOU_PAT09394_ASSANE_PAT09395_BURTON_REHAB_LA006_MID-1024x704-1.jpg\" alt=\"Ousseynou and Assane at physiotherapy - stretching\" itemprop=\"image\" height=\"704\" width=\"1024\" title=\"SNB200219_OUSSEYNOU_PAT09394_ASSANE_PAT09395_BURTON_REHAB_LA006_MID-1024x704\" onerror=\"this.style.display='none'\" loading='lazy' \/>\r\n<h3>\r\n\t\t\tNotre mission\t<\/h3>\r\n<h3>\r\n\t\t\tApporter des soins de sant\u00e9 de classe mondiale \u00e0 un pays en d\u00e9veloppement.\t<\/h3>\r\n\t<p>Il y a une crise des soins de sant\u00e9 en Afrique. Chaque ann\u00e9e, la pauvret\u00e9 et l\u2019insuffisance des services de sant\u00e9 laissent des millions de personnes vuln\u00e9rables, malades et infirmes. En cons\u00e9quence, les individus et les communaut\u00e9s ne peuvent pas s\u2019\u00e9panouir en raison des difficult\u00e9s caus\u00e9es par les obstacles au travail, \u00e0 la prise en charge de leur famille ou \u00e0 la poursuite de leurs \u00e9tudes.<\/p>\r\n<p>Notre mission est d\u2019apporter des services de sant\u00e9 accessibles aux personnes qui en ont le plus besoin. Pour ce faire, nous proposons des soins chirurgicaux, ophtalmologiques et dentaires, ainsi que des programmes destin\u00e9s \u00e0 consolider les syst\u00e8mes de sant\u00e9. Contribuer \u00e0 l\u2019am\u00e9lioration des soins de sant\u00e9 en Afrique signifie que davantage de personnes peuvent participer plus pleinement aux activit\u00e9s sociales et \u00e9conomiques. L\u2019am\u00e9lioration des vies et des communaut\u00e9s (et en fin de compte du pays) est l\u2019impact de notre travail.<\/p>\r\n\t\t\t\t<img decoding=\"async\" src=\"https:\/\/mercyships.ca\/wp-content\/uploads\/2024\/08\/SNB191121_OUSSEYNOU_PAT09394_ASSANE_PAT09395_BEFORE_LA001_MID-1024x704-1.jpg\" alt=\"Ousseynou and Assane\" itemprop=\"image\" height=\"704\" width=\"1024\" title=\"SNB191121_OUSSEYNOU_PAT09394_ASSANE_PAT09395_BEFORE_LA001_MID-1024x704\" onerror=\"this.style.display='none'\" loading='lazy' \/>\r\n<h3>\r\n\t\t\tNos valeurs\t<\/h3>\r\n<h3>\r\n\t\t\tTo model Jesus&#8217;s example by aiding the poor and healing the sick\t<\/h3>\r\n\t<p>En tout, nous cherchons \u00e0 avoir :<\/p>\r\n<ul>\r\n<li>L\u2019amour de Dieu<\/li>\r\n<li>L\u2019amour et le service de notre prochain<\/li>\r\n<li>L\u2019int\u00e9grit\u00e9<\/li>\r\n<li>L\u2019excellence dans nos actes et nos paroles<\/li>\r\n<\/ul>\r\n\t\t\t\t<img decoding=\"async\" src=\"https:\/\/mercyships.ca\/wp-content\/uploads\/2024\/08\/SNB200220_OUSSEYNOU_PAT09394_ASSANE_PAT09395_AFTER_PORTRAIT_LA003_MID-1024x704-1.jpg\" alt=\"Ousseynou and Assane\" itemprop=\"image\" height=\"704\" width=\"1024\" title=\"SNB200220_OUSSEYNOU_PAT09394_ASSANE_PAT09395_AFTER_PORTRAIT_LA003_MID-1024x704\" onerror=\"this.style.display='none'\" loading='lazy' \/>\r\n<h2>\r\n\t\t\tLe v\u00e9ritable changement arrive lorsque nous travaillons tous ensemble.\t<\/h2>\r\n\t<p>No one should feel isolated from their community because they can&#8217;t access medical care. Help us bring hope and healing to those in need. So they can live with purpose and meaning in their communities.<\/p>\r\n\t\t\t<a href=\"https:\/\/mercyships.ca\/fr\/faire-un-don\/\" target=\"_self\">\r\n\t\t\t\t\t\t\tFaire un don\r\n\t\t\t\t\t<\/a>\r\n\t\t\t<a href=\"https:\/\/mercyships.ca\/fr\/benevole\/\" target=\"_self\">\r\n\t\t\t\t\t\t\tDevenir b\u00e9n\u00e9vole\r\n\t\t\t\t\t<\/a>","protected":false},"excerpt":{"rendered":"<p>Changing a Country One Life at a Time Make a Donation Volunteer At Mercy Ships Canada, we bring life-changing surgeries [&hellip;]<\/p>\n","protected":false},"author":3,"featured_media":1374,"parent":8250,"menu_order":0,"comment_status":"closed","ping_status":"closed","template":"","meta":{"_acf_changed":false,"_seopress_robots_primary_cat":"","_seopress_titles_title":"","_seopress_titles_desc":"Mercy Ships mission is to follow the 2000-year-old model of Jesus. Learn more about Mercy Ships mission, vision and values here.","_seopress_robots_index":"","site-sidebar-layout":"no-sidebar","site-content-layout":"page-builder","ast-site-content-layout":"full-width-container","site-content-style":"default","site-sidebar-style":"default","ast-global-header-display":"","ast-banner-title-visibility":"","ast-main-header-display":"","ast-hfb-above-header-display":"","ast-hfb-below-header-display":"","ast-hfb-mobile-header-display":"","site-post-title":"disabled","ast-breadcrumbs-content":"","ast-featured-img":"disabled","footer-sml-layout":"","ast-disable-related-posts":"","theme-transparent-header-meta":"default","adv-header-id-meta":"","stick-header-meta":"default","header-above-stick-meta":"","header-main-stick-meta":"","header-below-stick-meta":"","astra-migrate-meta-layouts":"set","ast-page-background-enabled":"default","ast-page-background-meta":{"desktop":{"background-color":"var(--ast-global-color-4)","background-image":"","background-repeat":"repeat","background-position":"center center","background-size":"auto","background-attachment":"scroll","background-type":"","background-media":"","overlay-type":"","overlay-color":"","overlay-opacity":"","overlay-gradient":""},"tablet":{"background-color":"","background-image":"","background-repeat":"repeat","background-position":"center center","background-size":"auto","background-attachment":"scroll","background-type":"","background-media":"","overlay-type":"","overlay-color":"","overlay-opacity":"","overlay-gradient":""},"mobile":{"background-color":"","background-image":"","background-repeat":"repeat","background-position":"center center","background-size":"auto","background-attachment":"scroll","background-type":"","background-media":"","overlay-type":"","overlay-color":"","overlay-opacity":"","overlay-gradient":""}},"ast-content-background-meta":{"desktop":{"background-color":"var(--ast-global-color-5)","background-image":"","background-repeat":"repeat","background-position":"center center","background-size":"auto","background-attachment":"scroll","background-type":"","background-media":"","overlay-type":"","overlay-color":"","overlay-opacity":"","overlay-gradient":""},"tablet":{"background-color":"var(--ast-global-color-5)","background-image":"","background-repeat":"repeat","background-position":"center center","background-size":"auto","background-attachment":"scroll","background-type":"","background-media":"","overlay-type":"","overlay-color":"","overlay-opacity":"","overlay-gradient":""},"mobile":{"background-color":"var(--ast-global-color-5)","background-image":"","background-repeat":"repeat","background-position":"center center","background-size":"auto","background-attachment":"scroll","background-type":"","background-media":"","overlay-type":"","overlay-color":"","overlay-opacity":"","overlay-gradient":""}},"footnotes":""},"class_list":["post-1362","page","type-page","status-publish","has-post-thumbnail","hentry"],"acf":[],"_links":{"self":[{"href":"https:\/\/mercyships.ca\/fr\/wp-json\/wp\/v2\/pages\/1362","targetHints":{"allow":["GET"]}}],"collection":[{"href":"https:\/\/mercyships.ca\/fr\/wp-json\/wp\/v2\/pages"}],"about":[{"href":"https:\/\/mercyships.ca\/fr\/wp-json\/wp\/v2\/types\/page"}],"author":[{"embeddable":true,"href":"https:\/\/mercyships.ca\/fr\/wp-json\/wp\/v2\/users\/3"}],"replies":[{"embeddable":true,"href":"https:\/\/mercyships.ca\/fr\/wp-json\/wp\/v2\/comments?post=1362"}],"version-history":[{"count":5,"href":"https:\/\/mercyships.ca\/fr\/wp-json\/wp\/v2\/pages\/1362\/revisions"}],"predecessor-version":[{"id":12084,"href":"https:\/\/mercyships.ca\/fr\/wp-json\/wp\/v2\/pages\/1362\/revisions\/12084"}],"up":[{"embeddable":true,"href":"https:\/\/mercyships.ca\/fr\/wp-json\/wp\/v2\/pages\/8250"}],"wp:featuredmedia":[{"embeddable":true,"href":"https:\/\/mercyships.ca\/fr\/wp-json\/wp\/v2\/media\/1374"}],"wp:attachment":[{"href":"https:\/\/mercyships.ca\/fr\/wp-json\/wp\/v2\/media?parent=1362"}],"curies":[{"name":"wp","href":"https:\/\/api.w.org\/{rel}","templated":true}]}}