{"id":1350,"date":"2024-08-12T13:38:40","date_gmt":"2024-08-12T20:38:40","guid":{"rendered":"https:\/\/mercyships.onpressidium.com\/?page_id=1350"},"modified":"2025-10-21T14:45:51","modified_gmt":"2025-10-21T21:45:51","slug":"notre-histoire","status":"publish","type":"page","link":"https:\/\/mercyships.ca\/fr\/about-us\/our-story\/","title":{"rendered":"Notre histoire"},"content":{"rendered":"<img loading=\"lazy\" decoding=\"async\" src=\"https:\/\/mercyships.ca\/wp-content\/uploads\/2024\/08\/patient-fatou-PS2500.jpg\" alt=\"patient-fatou PS2500\" itemprop=\"image\" height=\"694\" width=\"2500\" title=\"patient-fatou PS2500\" onerror=\"this.style.display='none'\"  \/>\r\n<h2>\r\n\t\tComment le r\u00eave est devenu r\u00e9alit\u00e9\r\n\t<\/h2>\r\n\t<p>In 1978, Don and Deyon Stephens, Founders of Mercy Ships had a dream: Bringing healthcare to those who needed it but couldn&#8217;t get it. It was a lofty goal, one that seemed impossible. Today, Mercy Ships is still helping those get access to safe and reliable healthcare. Here is how that dream became a reality.<\/p>\r\n\t<p><em>Visionnez la vid\u00e9o ci-dessous, disponible en anglais seulement.<\/em><\/p>\r\n\t<iframe loading=\"lazy\" width=\"730\" height=\"411\" src=\"https:\/\/www.youtube.com\/embed\/TP8y_k6lG0s\" title=\"Brief History and Overview\" frameborder=\"0\" allow=\"accelerometer; autoplay; clipboard-write; encrypted-media; gyroscope; picture-in-picture; web-share\" referrerpolicy=\"strict-origin-when-cross-origin\" allowfullscreen><\/iframe>\r\n<h2>\r\n\t\t2023 : c\u00e9l\u00e9bration de 45 ans de service\r\n\t<\/h2>\r\n\t<iframe loading=\"lazy\" width=\"730\" height=\"411\" src=\"https:\/\/www.youtube.com\/embed\/hKO1QVHCpQc\" title=\"Mercy Ships 45th Anniversary\" frameborder=\"0\" allow=\"accelerometer; autoplay; clipboard-write; encrypted-media; gyroscope; picture-in-picture; web-share\" referrerpolicy=\"strict-origin-when-cross-origin\" allowfullscreen><\/iframe>\r\n\t\t\t<a href=\"https:\/\/mercyships.ca\/wp-content\/uploads\/2024\/08\/Open-House-2023.pdf\" target=\"_blank\" rel=\"noopener\">\r\n\t\t\t\t\t\t\tOur Story in Pictures\r\n\t\t\t\t\t<\/a>\r\n<h2>\r\n\t\t2023 : c\u00e9l\u00e9bration de 45 ans de service\r\n\t<\/h2>\r\n\t<iframe loading=\"lazy\" width=\"730\" height=\"411\" src=\"https:\/\/www.youtube.com\/embed\/4t6r2RWVjs4\" title=\"45\u00e8me anniversaire de Mercy Ships\" frameborder=\"0\" allow=\"accelerometer; autoplay; clipboard-write; encrypted-media; gyroscope; picture-in-picture; web-share\" referrerpolicy=\"strict-origin-when-cross-origin\" allowfullscreen><\/iframe>\r\n<h2>\r\n\t\tLe v\u00e9ritable changement arrive lorsque nous travaillons tous ensemble.\r\n\t<\/h2>\r\n\t<p>No one should feel isolated from their community because they can&#8217;t access medical care. Help us bring hope and healing to those in need. So they can live with purpose and meaning in their communities.<\/p>\r\n\t\t\t<a href=\"https:\/\/mercyships.ca\/fr\/faire-un-don\/\" target=\"_self\" rel=\"noopener\">\r\n\t\t\t\t\t\t\tFaire un don\r\n\t\t\t\t\t<\/a>\r\n\t\t\t<a href=\"https:\/\/mercyships.ca\/fr\/benevole\/\" target=\"_self\" rel=\"noopener\">\r\n\t\t\t\t\t\t\tDevenir b\u00e9n\u00e9vole\r\n\t\t\t\t\t<\/a>","protected":false},"excerpt":{"rendered":"<p>How the Dream Became a Reality In 1978, Don and Deyon Stephens, Founders of Mercy Ships had a dream: Bringing [&hellip;]<\/p>\n","protected":false},"author":3,"featured_media":1356,"parent":8250,"menu_order":0,"comment_status":"closed","ping_status":"closed","template":"","meta":{"_acf_changed":false,"_seopress_robots_primary_cat":"","_seopress_titles_title":"","_seopress_titles_desc":"Don Stephens, President and Founder of Mercy Ships, had a dream. To bring healthcare to those who needed it but couldn't get it.","_seopress_robots_index":"","site-sidebar-layout":"no-sidebar","site-content-layout":"page-builder","ast-site-content-layout":"full-width-container","site-content-style":"default","site-sidebar-style":"default","ast-global-header-display":"","ast-banner-title-visibility":"","ast-main-header-display":"","ast-hfb-above-header-display":"","ast-hfb-below-header-display":"","ast-hfb-mobile-header-display":"","site-post-title":"disabled","ast-breadcrumbs-content":"","ast-featured-img":"disabled","footer-sml-layout":"","ast-disable-related-posts":"","theme-transparent-header-meta":"default","adv-header-id-meta":"","stick-header-meta":"default","header-above-stick-meta":"","header-main-stick-meta":"","header-below-stick-meta":"","astra-migrate-meta-layouts":"set","ast-page-background-enabled":"default","ast-page-background-meta":{"desktop":{"background-color":"var(--ast-global-color-4)","background-image":"","background-repeat":"repeat","background-position":"center center","background-size":"auto","background-attachment":"scroll","background-type":"","background-media":"","overlay-type":"","overlay-color":"","overlay-opacity":"","overlay-gradient":""},"tablet":{"background-color":"","background-image":"","background-repeat":"repeat","background-position":"center center","background-size":"auto","background-attachment":"scroll","background-type":"","background-media":"","overlay-type":"","overlay-color":"","overlay-opacity":"","overlay-gradient":""},"mobile":{"background-color":"","background-image":"","background-repeat":"repeat","background-position":"center center","background-size":"auto","background-attachment":"scroll","background-type":"","background-media":"","overlay-type":"","overlay-color":"","overlay-opacity":"","overlay-gradient":""}},"ast-content-background-meta":{"desktop":{"background-color":"var(--ast-global-color-5)","background-image":"","background-repeat":"repeat","background-position":"center center","background-size":"auto","background-attachment":"scroll","background-type":"","background-media":"","overlay-type":"","overlay-color":"","overlay-opacity":"","overlay-gradient":""},"tablet":{"background-color":"var(--ast-global-color-5)","background-image":"","background-repeat":"repeat","background-position":"center center","background-size":"auto","background-attachment":"scroll","background-type":"","background-media":"","overlay-type":"","overlay-color":"","overlay-opacity":"","overlay-gradient":""},"mobile":{"background-color":"var(--ast-global-color-5)","background-image":"","background-repeat":"repeat","background-position":"center center","background-size":"auto","background-attachment":"scroll","background-type":"","background-media":"","overlay-type":"","overlay-color":"","overlay-opacity":"","overlay-gradient":""}},"footnotes":""},"class_list":["post-1350","page","type-page","status-publish","has-post-thumbnail","hentry"],"acf":[],"_links":{"self":[{"href":"https:\/\/mercyships.ca\/fr\/wp-json\/wp\/v2\/pages\/1350","targetHints":{"allow":["GET"]}}],"collection":[{"href":"https:\/\/mercyships.ca\/fr\/wp-json\/wp\/v2\/pages"}],"about":[{"href":"https:\/\/mercyships.ca\/fr\/wp-json\/wp\/v2\/types\/page"}],"author":[{"embeddable":true,"href":"https:\/\/mercyships.ca\/fr\/wp-json\/wp\/v2\/users\/3"}],"replies":[{"embeddable":true,"href":"https:\/\/mercyships.ca\/fr\/wp-json\/wp\/v2\/comments?post=1350"}],"version-history":[{"count":5,"href":"https:\/\/mercyships.ca\/fr\/wp-json\/wp\/v2\/pages\/1350\/revisions"}],"predecessor-version":[{"id":8190,"href":"https:\/\/mercyships.ca\/fr\/wp-json\/wp\/v2\/pages\/1350\/revisions\/8190"}],"up":[{"embeddable":true,"href":"https:\/\/mercyships.ca\/fr\/wp-json\/wp\/v2\/pages\/8250"}],"wp:featuredmedia":[{"embeddable":true,"href":"https:\/\/mercyships.ca\/fr\/wp-json\/wp\/v2\/media\/1356"}],"wp:attachment":[{"href":"https:\/\/mercyships.ca\/fr\/wp-json\/wp\/v2\/media?parent=1350"}],"curies":[{"name":"wp","href":"https:\/\/api.w.org\/{rel}","templated":true}]}}