{"id":13431,"date":"2025-11-11T06:16:50","date_gmt":"2025-11-11T14:16:50","guid":{"rendered":"https:\/\/mercyships.ca\/?page_id=13431"},"modified":"2026-01-09T06:52:55","modified_gmt":"2026-01-09T14:52:55","slug":"equipement-dimagerie-et-de-test-biomedical","status":"publish","type":"page","link":"https:\/\/mercyships.ca\/fr\/biomedical-and-imaging-test-equipment\/","title":{"rendered":"\u00c9quipement d'imagerie et de test biom\u00e9dical"},"content":{"rendered":"<img decoding=\"async\" src=\"https:\/\/mercyships.ca\/wp-content\/uploads\/2026\/01\/MGE251104_DEFIBRILLATOR_ANALYZER_HR004_HI-2500PS-scaled.jpg\" alt=\"Defibrillator analyzer\" itemprop=\"image\" height=\"720\" width=\"2560\" title=\"Defibrillator analyzer.\" onerror=\"this.style.display='none'\" loading=\"lazy\" \/>\n\t\t\t\t<img decoding=\"async\" src=\"https:\/\/mercyships.ca\/wp-content\/uploads\/2024\/10\/ms-icon-med-cercle_Lung_Health-1.svg\" alt=\"ms-icon-med-cercle_Lung_Health (1)\" itemprop=\"image\" height=\"150\" width=\"150\" title=\"ms-icon-med-cercle_Lung_Health (1)\" onerror=\"this.style.display='none'\" loading=\"lazy\" \/>\n<h2>\n\t\t\t\u00c9quipement d'imagerie et de test biom\u00e9dical\t<\/h2>\n<h2>\n\t\t\t\ud83c\udde8\ud83c\udde6 Canadian Program\t<\/h2>\n<h2>\n\t\t\tBesoin du projet\t<\/h2>\n\t<p class=\"translation-block\">Fournir aux navires-h\u00f4pitaux des \u00e9quipements tels qu'un analyseur \u00e9lectrochirurgical, un analyseur de s\u00e9curit\u00e9 \u00e9lectrique, un analyseur de sortie laser, un analyseur de dosage de rayons X, un appareil d'anesth\u00e9sie, un analyseur de ventilateur, un analyseur de gaz m\u00e9dical, un analyseur de d\u00e9fibrillateur et un analyseur de pompe \u00e0 perfusion.<\/p>\n<h2>\n\t\t\tContexte\t<\/h2>\n\t<p class=\"translation-block\">Les navires-h\u00f4pitaux l'<em>Africa Mercy<\/em> et le <em>Global Mercy<\/em> utilisent des \u00e9quipements m\u00e9dicaux pour le diagnostic, la chirurgie, la convalescence et le traitement des patients. Des tests intermittents permettent aux m\u00e9decins, au personnel soignant et aux patients de s'assurer que les \u00e9quipements m\u00e9dicaux sont s\u00fbrs, fonctionnent correctement et fournissent des donn\u00e9es pr\u00e9cises sur les patients.<\/p>\n<p class=\"translation-block\">Alors que Mercy Ships International (MSI) \u00e9quipe l'<em>Africa Mercy<\/em> pour ses futures missions et fournit l'\u00e9quipement n\u00e9cessaire au <em>Global Mercy<\/em>, il est important que MSI proc\u00e8de \u00e0 des tests sur le mat\u00e9riel m\u00e9dical. Un \u00e9quipement de test sp\u00e9cialis\u00e9 est n\u00e9cessaire pour entretenir efficacement et garantir que tout le mat\u00e9riel m\u00e9dical reste au plus haut niveau de performance et de fiabilit\u00e9.<\/p>\n<h2>\n\t\t\tImpacts du projet anticip\u00e9\t<\/h2>\n\t<p><strong>Indicateurs de r\u00e9ussite \u00e0 long terme<\/strong><\/p>\n<p>La dur\u00e9e de vie utile de ces \u00e9quipements est estim\u00e9e entre sept et dix ans. Ils serviront directement \u00e0 de nombreuses interventions chirurgicales gratuites r\u00e9alis\u00e9es par les professionnels b\u00e9n\u00e9voles.<\/p>\n\t\t\t<img decoding=\"async\" src=\"https:\/\/mercyships.ca\/wp-content\/uploads\/2024\/09\/volunteer-tara-mchardy-gallery-SQ400.png\" alt=\"Volunteer Tara Mchardy\" \/>\n\t\t\t\t\t\t\t\t<p>&#8220;I love that Mercy Ships brings people from all over the world trained in various places and careers to use their knowledge and abilities to make miracles happen every single day.&#8221; <br \/><strong><a href=\"https:\/\/mercyships.ca\/fr\/benevole\/humanitarian-adventure-fosters-a-habit-of-giving\/\">En savoir plus<\/a><\/strong><\/p>\n\t\t\t\t\t\t\t\t\t<h3>Tara McHardy<\/h3>\n\t\t\t\t\t\t\t\t\t\t\t\t\t<h4>Infirmi\u00e8re b\u00e9n\u00e9vole, Calgary<\/h4>\n\t<!-- \/.pp-testimonials -->","protected":false},"excerpt":{"rendered":"<p>Biomedical and Imaging Test Equipment \ud83c\udde8\ud83c\udde6 Canadian Program Project Need To provide the Africa Mercy and Global Mercy with test [&hellip;]<\/p>\n","protected":false},"author":9,"featured_media":2385,"parent":0,"menu_order":0,"comment_status":"closed","ping_status":"closed","template":"","meta":{"_acf_changed":false,"_seopress_robots_primary_cat":"","_seopress_titles_title":"Biomedical and Imaging Test Equipment","_seopress_titles_desc":"Provide the hospital ships the Africa Mercy and Global Mercy with test equipment such as an electrosurgical analyzer, an electrical safety analyzer, a laser output analyzer, an X-ray dosage analyzer, an anesthesia machine, a ventilator analyzer, a medical gas analyzer, a defibrillator analyzer, and an infusion output analyzer.","_seopress_robots_index":"","site-sidebar-layout":"no-sidebar","site-content-layout":"page-builder","ast-site-content-layout":"default","site-content-style":"default","site-sidebar-style":"default","ast-global-header-display":"","ast-banner-title-visibility":"","ast-main-header-display":"","ast-hfb-above-header-display":"","ast-hfb-below-header-display":"","ast-hfb-mobile-header-display":"","site-post-title":"disabled","ast-breadcrumbs-content":"","ast-featured-img":"disabled","footer-sml-layout":"","ast-disable-related-posts":"","theme-transparent-header-meta":"default","adv-header-id-meta":"","stick-header-meta":"default","header-above-stick-meta":"","header-main-stick-meta":"","header-below-stick-meta":"","astra-migrate-meta-layouts":"set","ast-page-background-enabled":"default","ast-page-background-meta":{"desktop":{"background-color":"var(--ast-global-color-4)","background-image":"","background-repeat":"repeat","background-position":"center center","background-size":"auto","background-attachment":"scroll","background-type":"","background-media":"","overlay-type":"","overlay-color":"","overlay-opacity":"","overlay-gradient":""},"tablet":{"background-color":"","background-image":"","background-repeat":"repeat","background-position":"center center","background-size":"auto","background-attachment":"scroll","background-type":"","background-media":"","overlay-type":"","overlay-color":"","overlay-opacity":"","overlay-gradient":""},"mobile":{"background-color":"","background-image":"","background-repeat":"repeat","background-position":"center center","background-size":"auto","background-attachment":"scroll","background-type":"","background-media":"","overlay-type":"","overlay-color":"","overlay-opacity":"","overlay-gradient":""}},"ast-content-background-meta":{"desktop":{"background-color":"var(--ast-global-color-5)","background-image":"","background-repeat":"repeat","background-position":"center center","background-size":"auto","background-attachment":"scroll","background-type":"","background-media":"","overlay-type":"","overlay-color":"","overlay-opacity":"","overlay-gradient":""},"tablet":{"background-color":"var(--ast-global-color-5)","background-image":"","background-repeat":"repeat","background-position":"center center","background-size":"auto","background-attachment":"scroll","background-type":"","background-media":"","overlay-type":"","overlay-color":"","overlay-opacity":"","overlay-gradient":""},"mobile":{"background-color":"var(--ast-global-color-5)","background-image":"","background-repeat":"repeat","background-position":"center center","background-size":"auto","background-attachment":"scroll","background-type":"","background-media":"","overlay-type":"","overlay-color":"","overlay-opacity":"","overlay-gradient":""}},"footnotes":""},"class_list":["post-13431","page","type-page","status-publish","has-post-thumbnail","hentry"],"acf":[],"_links":{"self":[{"href":"https:\/\/mercyships.ca\/fr\/wp-json\/wp\/v2\/pages\/13431","targetHints":{"allow":["GET"]}}],"collection":[{"href":"https:\/\/mercyships.ca\/fr\/wp-json\/wp\/v2\/pages"}],"about":[{"href":"https:\/\/mercyships.ca\/fr\/wp-json\/wp\/v2\/types\/page"}],"author":[{"embeddable":true,"href":"https:\/\/mercyships.ca\/fr\/wp-json\/wp\/v2\/users\/9"}],"replies":[{"embeddable":true,"href":"https:\/\/mercyships.ca\/fr\/wp-json\/wp\/v2\/comments?post=13431"}],"version-history":[{"count":7,"href":"https:\/\/mercyships.ca\/fr\/wp-json\/wp\/v2\/pages\/13431\/revisions"}],"predecessor-version":[{"id":13971,"href":"https:\/\/mercyships.ca\/fr\/wp-json\/wp\/v2\/pages\/13431\/revisions\/13971"}],"wp:featuredmedia":[{"embeddable":true,"href":"https:\/\/mercyships.ca\/fr\/wp-json\/wp\/v2\/media\/2385"}],"wp:attachment":[{"href":"https:\/\/mercyships.ca\/fr\/wp-json\/wp\/v2\/media?parent=13431"}],"curies":[{"name":"wp","href":"https:\/\/api.w.org\/{rel}","templated":true}]}}