{"id":13293,"date":"2025-11-04T03:03:36","date_gmt":"2025-11-04T11:03:36","guid":{"rendered":"https:\/\/mercyships.ca\/?page_id=13293"},"modified":"2025-11-07T05:29:21","modified_gmt":"2025-11-07T13:29:21","slug":"don-noel","status":"publish","type":"page","link":"https:\/\/mercyships.ca\/fr\/donation-christmas\/","title":{"rendered":"Don - No\u00ebl 2025"},"content":{"rendered":"<img decoding=\"async\" src=\"https:\/\/mercyships.ca\/wp-content\/uploads\/2025\/11\/UBL_Website_V1FR.png\" alt=\"Armella\" itemprop=\"image\" height=\"522\" width=\"1920\" title=\"Christmas Video donation\" onerror=\"this.style.display='none'\" loading=\"lazy\" \/>\n\t<p class=\"translation-block\"><strong>Pour No\u00ebl<\/strong>, votre<strong> don<\/strong> aide des enfants comme Armella \u00e0 recevoir <strong>des soins m\u00e9dicaux n\u00e9cessaires<\/strong>.<\/p>\n<p class=\"translation-block\"><strong>Chaque contribution<\/strong> offre de <strong>nouvelles possibilit\u00e9s <\/strong>dans la vie d'un enfant. Merci!<\/p>\n\t<p class=\"translation-block\"><em>Vous avez de la difficult\u00e9 \u00e0 visionner ou \u00e0 soumettre ce formulaire de don ? <br><a href=\"https:\/\/interland3.donorperfect.net\/weblink\/weblink.aspx?name=mercyships&amp;id=64\" target=\"_blank\" rel=\"noopener noreferrer\">Cliquez ici pour faire un don<\/a> (nouvelle fen\u00eatre).<\/em><\/p>\n\t<em>Vous avez de la difficult\u00e9 \u00e0 visionner ou \u00e0 soumettre ce formulaire de don ?<br \/>\nCliquez\u00a0<a href=\"https:\/\/interland3.donorperfect.net\/weblink\/WebLink.aspx?name=mercyships&amp;id=67\" target=\"_blank\" rel=\"noopener noreferrer\">ici<\/a> pour faire un don (nouvelle fen\u00eatre).<\/em>\n\t<iframe loading=\"lazy\" src=\"https:\/\/interland3.donorperfect.net\/weblink\/WebLink.aspx?name=mercyships&amp;id=106\" width=\"100%\" height=\"1270px\" data-gtm-yt-inspected-55881363_8=\"true\" data-gtm-yt-inspected-7=\"true\">Your browser does not support iframes.\n<\/iframe>\n\t<iframe loading=\"lazy\" src=\"https:\/\/interland3.donorperfect.net\/weblink\/WebLink.aspx?name=mercyships&amp;id=107\" width=\"100%\" height=\"1270px\">Votre navigateur ne prend pas en charge les iframes.&nbsp;\n<\/iframe>\n<h3>\n\t\t\tPour faire un don par t\u00e9l\u00e9phone\n(ou questions) sans frais <br \/><strong>1-866-900-7447<\/strong>\t<\/h3>\n\t\t\t<a href=\"https:\/\/mercyships.ca\/fr\/faire-un-don\/options\/\" target=\"_self\">\n\t\t\t\t\t\t\tAutres fa\u00e7ons de donner\n\t\t\t\t\t<\/a>\n<h3>\n\t\t\t\ud83d\udd12 Votre transaction est s\u00e9curis\u00e9e et crypt\u00e9e\t<\/h3>\n\t\t\t\t<img decoding=\"async\" src=\"https:\/\/mercyships.ca\/wp-content\/uploads\/2024\/07\/SND230213_GLM_AFM_SAILING_GB001_HI-1024x576-1.jpg\" alt=\"Notre flotte\" itemprop=\"image\" height=\"576\" width=\"1024\" title=\"SND230213_GLM_AFM_SAILING_GB001_HI-1024x576\" onerror=\"this.style.display='none'\" loading=\"lazy\" \/>\n<h2>\n\t\t\tDeux navires =<br \/>doubler l'impact.\t<\/h2>\n\t<p class=\"translation-block\">L\u2019<em>Africa Mercy<\/em>\u00ae et le <em>Global Mercy<\/em>\u00ae font plus que doubler notre capacit\u00e9 \u00e0 fournir des op\u00e9rations chirurgicales qui transforment des vies. Des b\u00e9n\u00e9voles et des classes d\u00e9vou\u00e9es forment des professionnels m\u00e9dicaux locaux qui am\u00e9liorent ensuite leur syst\u00e8me de sant\u00e9.<\/p>\n\t\t\t\t<img decoding=\"async\" src=\"https:\/\/mercyships.ca\/wp-content\/uploads\/2024\/07\/Imagine-Canada-Colour-PS800.png\" alt=\"Imagine Canada Colour PS800\" itemprop=\"image\" height=\"517\" width=\"800\" title=\"Imagine Canada Colour PS800\" onerror=\"this.style.display='none'\" loading=\"lazy\" \/>\n\t<p><em>La marque de confiance du Programme des\nnormes est une marque d\u2019Imagine Canada\nutilis\u00e9e sous licence par Mercy Ships Canada.<\/em><\/p>","protected":false},"excerpt":{"rendered":"<p>This Christmas, your gift can help more children like Armella receive the care they urgently need. Each donation fills a [&hellip;]<\/p>\n","protected":false},"author":9,"featured_media":13269,"parent":0,"menu_order":0,"comment_status":"closed","ping_status":"closed","template":"","meta":{"_acf_changed":false,"_seopress_robots_primary_cat":"","_seopress_titles_title":"","_seopress_titles_desc":"This Christmas, give the gift of Hope and Healing to children like Armella!","_seopress_robots_index":"","site-sidebar-layout":"no-sidebar","site-content-layout":"page-builder","ast-site-content-layout":"default","site-content-style":"default","site-sidebar-style":"default","ast-global-header-display":"","ast-banner-title-visibility":"disabled","ast-main-header-display":"","ast-hfb-above-header-display":"","ast-hfb-below-header-display":"","ast-hfb-mobile-header-display":"","site-post-title":"disabled","ast-breadcrumbs-content":"","ast-featured-img":"disabled","footer-sml-layout":"","ast-disable-related-posts":"","theme-transparent-header-meta":"default","adv-header-id-meta":"","stick-header-meta":"default","header-above-stick-meta":"","header-main-stick-meta":"","header-below-stick-meta":"","astra-migrate-meta-layouts":"set","ast-page-background-enabled":"default","ast-page-background-meta":{"desktop":{"background-color":"var(--ast-global-color-4)","background-image":"","background-repeat":"repeat","background-position":"center center","background-size":"auto","background-attachment":"scroll","background-type":"","background-media":"","overlay-type":"","overlay-color":"","overlay-opacity":"","overlay-gradient":""},"tablet":{"background-color":"","background-image":"","background-repeat":"repeat","background-position":"center center","background-size":"auto","background-attachment":"scroll","background-type":"","background-media":"","overlay-type":"","overlay-color":"","overlay-opacity":"","overlay-gradient":""},"mobile":{"background-color":"","background-image":"","background-repeat":"repeat","background-position":"center center","background-size":"auto","background-attachment":"scroll","background-type":"","background-media":"","overlay-type":"","overlay-color":"","overlay-opacity":"","overlay-gradient":""}},"ast-content-background-meta":{"desktop":{"background-color":"var(--ast-global-color-5)","background-image":"","background-repeat":"repeat","background-position":"center center","background-size":"auto","background-attachment":"scroll","background-type":"","background-media":"","overlay-type":"","overlay-color":"","overlay-opacity":"","overlay-gradient":""},"tablet":{"background-color":"var(--ast-global-color-5)","background-image":"","background-repeat":"repeat","background-position":"center center","background-size":"auto","background-attachment":"scroll","background-type":"","background-media":"","overlay-type":"","overlay-color":"","overlay-opacity":"","overlay-gradient":""},"mobile":{"background-color":"var(--ast-global-color-5)","background-image":"","background-repeat":"repeat","background-position":"center center","background-size":"auto","background-attachment":"scroll","background-type":"","background-media":"","overlay-type":"","overlay-color":"","overlay-opacity":"","overlay-gradient":""}},"footnotes":""},"class_list":["post-13293","page","type-page","status-publish","has-post-thumbnail","hentry"],"acf":[],"_links":{"self":[{"href":"https:\/\/mercyships.ca\/fr\/wp-json\/wp\/v2\/pages\/13293","targetHints":{"allow":["GET"]}}],"collection":[{"href":"https:\/\/mercyships.ca\/fr\/wp-json\/wp\/v2\/pages"}],"about":[{"href":"https:\/\/mercyships.ca\/fr\/wp-json\/wp\/v2\/types\/page"}],"author":[{"embeddable":true,"href":"https:\/\/mercyships.ca\/fr\/wp-json\/wp\/v2\/users\/9"}],"replies":[{"embeddable":true,"href":"https:\/\/mercyships.ca\/fr\/wp-json\/wp\/v2\/comments?post=13293"}],"version-history":[{"count":5,"href":"https:\/\/mercyships.ca\/fr\/wp-json\/wp\/v2\/pages\/13293\/revisions"}],"predecessor-version":[{"id":13380,"href":"https:\/\/mercyships.ca\/fr\/wp-json\/wp\/v2\/pages\/13293\/revisions\/13380"}],"wp:featuredmedia":[{"embeddable":true,"href":"https:\/\/mercyships.ca\/fr\/wp-json\/wp\/v2\/media\/13269"}],"wp:attachment":[{"href":"https:\/\/mercyships.ca\/fr\/wp-json\/wp\/v2\/media?parent=13293"}],"curies":[{"name":"wp","href":"https:\/\/api.w.org\/{rel}","templated":true}]}}