{"id":12624,"date":"2025-09-09T09:32:53","date_gmt":"2025-09-09T16:32:53","guid":{"rendered":"https:\/\/mercyships.ca\/?page_id=12624"},"modified":"2025-11-11T06:51:59","modified_gmt":"2025-11-11T14:51:59","slug":"classement","status":"publish","type":"page","link":"https:\/\/mercyships.ca\/fr\/reviews\/","title":{"rendered":"Classement de Mercy Ships"},"content":{"rendered":"<img decoding=\"async\" src=\"https:\/\/mercyships.ca\/wp-content\/uploads\/2025\/09\/Back-to-Back-v2-PS2500.jpg\" alt=\"Back to Back v2 PS2500\" itemprop=\"image\" height=\"680\" width=\"2500\" title=\"Back to Back v2 PS2500\" onerror=\"this.style.display='none'\" loading=\"lazy\" \/>\n<h1>\n\t\t\tClassement de Mercy Ships\t<\/h1>\n\t<p>Mercy Ships Canada contribue aux soins de sant\u00e9 de fa\u00e7on unique : en offrant des chirurgies gratuites et des formations m\u00e9dicales \u00e0 bord de navires-h\u00f4pitaux l\u00e0 o\u00f9 l'acc\u00e8s \u00e0 des op\u00e9rations chirurgicales fiables est limit\u00e9. Pour comprendre pleinement l'impact d'une organisation telle que Mercy Ships, il faut s'int\u00e9resser \u00e0 ses investissements \u00e0 long terme, \u00e0 ses pratiques \u00e9thiques et aux t\u00e9moignages des personnes impliqu\u00e9es.<\/p>\n<p class=\"translation-block\">Le <em>Global Mercy<\/em> est actuellement en Sierra Leone jusqu'en 2026 et l'<em>Africa Mercy<\/em> est en service \u00e0 Madagascar jusqu'\u00e0 la fin de l'ann\u00e9e 2025.<\/p>\n<h2>\n\t\t\tAper\u00e7u des avantages offerts par Mercy Ships\t<\/h2>\n\t<ul>\n<li class=\"translation-block\">Plus de 1,6 milliard de dollars de services fournis depuis 1978<\/li>\n<li class=\"translation-block\"><a href=\"https:\/\/mercyships.ca\/fr\/a-propos\/navires-hopitaux\/\" target=\"_self\"><strong>Deux navires-h\u00f4pitaux<\/strong><\/a> op\u00e8rent actuellement en Afrique, plus pr\u00e9cis\u00e9ment \u00e0 Madagascar et en Sierra Leone<\/li>\n<li class=\"translation-block\">Plus de <strong>100 000 interventions chirurgicales<\/strong> r\u00e9alis\u00e9es \u00e0 ce jour<\/li>\n<li class=\"translation-block\"><strong>Des milliers de professionnels b\u00e9n\u00e9voles<\/strong> partent en mission humanitaire chaque ann\u00e9e<\/li>\n<\/ul>\n<p>Si les \u00e9valuations et les notes attribu\u00e9es par des tiers aident les donateurs \u00e0 prendre des d\u00e9cisions \u00e9clair\u00e9es, elles refl\u00e8tent souvent une vision \u00e9troite ax\u00e9e sur les r\u00e9sultats \u00e0 court terme.<\/p>\n<p>Mercy Ships places significant focus on sustainability-working with local partners to improve healthcare infrastructure and train medical professionals. The ripple effect of these efforts reaches beyond the individuals who receive care, strengthening entire health systems over time.<\/p>\n<h2>\n\t\t\tAvis des b\u00e9n\u00e9voles\t<\/h2>\n\t<p class=\"translation-block\">Les b\u00e9n\u00e9voles jouent un r\u00f4le cl\u00e9 au sein de Mercy Ships. Chaque ann\u00e9e, des professionnels du Canada et du monde entier servent \u00e0 bord de nos navires. Ces personnes prennent souvent cong\u00e9 de leur carri\u00e8re et s'\u00e9loignent de leur famille pour servir avec Mercy Ships. Leurs contributions ne sont souvent pas prises en compte dans les indicateurs d'\u00e9valuation des organismes de bienfaisance, et leurs exp\u00e9riences personnelles m\u00e9ritent d'\u00eatre entendues :<\/p>\n\t\t\t<img decoding=\"async\" src=\"https:\/\/mercyships.ca\/wp-content\/uploads\/2025\/09\/Gilberts-SQ400.png\" alt=\"Greg (droite) et Wendy Gilbert (milieu) de l\u2019Ontario, parents de Danita (gauche), infirmi\u00e8re b\u00e9n\u00e9vole de formation ayant servi comme responsable de la qualit\u00e9 de l\u2019h\u00f4pital.\" \/>\n\t\t\t\t\t\t\t\t<p class=\"translation-block\">\u00ab Nous sommes venus pour servir, mais nous sommes repartis transform\u00e9s. Mercy Ships vous donne un but et une perspective. \u00bb<\/p>\n\t\t\t\t\t\t\t\t\t<h3>Les Gilbert<\/h3>\n\t\t\t\t\t\t\t\t\t\t\t\t\t<h4>Famille b\u00e9n\u00e9vole, Ontario<\/h4>\n\t<!-- \/.pp-testimonials -->\n\t\t\t<img decoding=\"async\" src=\"https:\/\/mercyships.ca\/wp-content\/uploads\/2025\/08\/Sherif-Emil-HeadShot.png\" alt=\"Picture of Sherif Emil during his volunteering for Mercy Ships\" \/>\n\t\t\t\t\t\t\t\t<p>&#8220;One of the many wonderful aspects of working with Mercy Ships is the ability to teach and mentor trainees during our field services- from our own communities, as well as from Africa. And these relationships will continue far beyond the time we have together.&#8221;<\/p>\n\t\t\t\t\t\t\t\t\t<h3>Dr Sherif Emil<\/h3>\n\t\t\t\t\t\t\t\t\t\t\t\t\t<h4>M\u00e9decin chef international de Mercy Ships et chirurgien p\u00e9diatrique, Montr\u00e9al<\/h4>\n\t<!-- \/.pp-testimonials -->\n\t\t\t<img decoding=\"async\" src=\"https:\/\/mercyships.ca\/wp-content\/uploads\/2025\/09\/Stacey-Brown-SQ400.png\" alt=\"Stacey Brown, infirmi\u00e8re en salle d&#039;op\u00e9ration du Manitoba, \u00e0 bord du Global Mercy.\" \/>\n\t\t\t\t\t\t\t\t<p class=\"translation-block\">\u00ab Ce fut l'exp\u00e9rience infirmi\u00e8re la plus enrichissante de ma vie. \u00bb<\/p>\n\t\t\t\t\t\t\t\t\t<h3>Stacey Brown<\/h3>\n\t\t\t\t\t\t\t\t\t\t\t\t\t<h4>Infirmi\u00e8re de bloc op\u00e9ratoire canadienne<\/h4>\n\t<!-- \/.pp-testimonials -->\n\t\t\t<img decoding=\"async\" src=\"https:\/\/mercyships.ca\/wp-content\/uploads\/2024\/09\/Sonya-Van-Hove-PS500.png\" alt=\"Volunteer Dental Assistant, Sonya Van Hove from White Rock, BC.\" \/>\n\t\t\t\t\t\t\t\t<p>&#8220;Volunteering with Mercy Ships taught me to be bold, to step out of my comfort zone and do things that challenge me. I enjoyed my time so much-I have been given experiences and memories and friends that I wouldn&#8217;t change for the world. I would definitely volunteer again.&#8221;<\/p>\n\t\t\t\t\t\t\t\t\t<h3>Sonya Van Hove<\/h3>\n\t\t\t\t\t\t\t\t\t\t\t\t\t<h4> White Rock, C.-B.<\/h4>\n\t<!-- \/.pp-testimonials -->\n\t<p>Volunteers contribute across every area of ship life-from operating rooms and recovery wards to engineering, cooking, and administration. Their contributions enable Mercy Ships to keep operating costs low while delivering high-quality care.\u00a0<\/p>\n<p>Ces r\u00e9cits, partag\u00e9s ouvertement et sans en faire trop, refl\u00e8tent un engagement professionnel profond et un investissement personnel.<\/p>\n<p>D\u00e9couvrez comment nos <a href=\"https:\/\/mercyships.ca\/fr\/benevole\/equipage-benevole-de-mercy-ships-canada-recompense-pour-son-devouement\/\"><a href=\"https:\/\/mercyships.ca\/fr\/benevole\/equipage-benevole-de-mercy-ships-canada-recompense-pour-son-devouement\/\" target=\"_self\">b\u00e9n\u00e9voles ont \u00e9t\u00e9 r\u00e9compens\u00e9s pour leur d\u00e9vouement exceptionnel en tant que travailleurs internationaux<\/a><\/a>.\u00a0<\/p>\n<h2>\n\t\t\tMercy Ships : impact local et engagement communautaire \t<\/h2>\n\t\t\t\t<a href=\"https:\/\/imaginecanada.ca\/fr\/normes\/organismes-agrees\"  target=\"_blank\" rel=\"noopener\"  itemprop=\"url\">\n\t\t\t\t<img decoding=\"async\" src=\"https:\/\/mercyships.ca\/wp-content\/uploads\/2024\/07\/Imagine-Canada-Colour-PS800.png\" alt=\"Imagine Canada Colour PS800\" itemprop=\"image\" height=\"517\" width=\"800\" title=\"Imagine Canada Colour PS800\" onerror=\"this.style.display='none'\" loading=\"lazy\" \/>\n\t\t\t\t<\/a>\n\t<p>Mercy Ships Canada est accr\u00e9dit\u00e9 par Imagine Canada, dont les pratiques sont fond\u00e9es sur la responsabilit\u00e9 financi\u00e8re, la direction b\u00e9n\u00e9vole et la bonne gouvernance.\u00a0<\/p>\n<p>But beyond frameworks and audits, impact is also measured by relationships built in the communities served. For instance, we work with local health ministries to align surgical interventions with national priorities. Patient care is delivered with informed consent, and we emphasize respect for local customs and needs. Training sessions with local clinicians continue long after surgeries are completed-often with follow-up visits or remote mentorship.<\/p>\n<p>Le mod\u00e8le d'engagement de Mercy Ships met l'accent sur :\u00a0<\/p>\n<ul>\n<li aria-level=\"1\">L'engagement en faveur de l'\u00e9quit\u00e9 et de l'acc\u00e8s aux soins de sant\u00e9<\/li>\n<li aria-level=\"1\">L'investissement dans des pratiques culturellement adapt\u00e9es et fond\u00e9es sur le consentement<\/li>\n<li aria-level=\"1\">Les partenariats locaux permanents pour l'\u00e9ducation et la mise en place de syst\u00e8mes<\/li>\n<\/ul>\n<p>Des soins chirurgicaux responsables exigent plus que des r\u00e9sultats \u00e0 court terme ; ils n\u00e9cessitent des investissements soutenus dans la formation, l'\u00e9thique et la mise en place de syst\u00e8mes de sant\u00e9 locaux.\u00a0<\/p>\n<p class=\"translation-block\"><b>Ces \u00e9l\u00e9ments favorisent le changement \u00e0 long terme, mais ils sont souvent absents des \u00e9valuations standard des organismes de bienfaisance. <\/b><a href=\"https:\/\/mercyships.ca\/fr\/comment-nous-aidons\/rapports-annuels\/\" target=\"_self\"><span style=\"font-weight: 400\">Lire les rapports annuels<\/span><\/a><\/p>\n<h2 class=\"translation-block\"><span class=\"fl-heading-text\">Classement par des tiers :<br>gestion des donateurs et transparence<\/span><\/h2>\n\t\t\t\t<img decoding=\"async\" src=\"https:\/\/mercyships.ca\/wp-content\/uploads\/2025\/09\/kpmg-logo-v2.png\" alt=\"KPMG logo\" itemprop=\"image\" height=\"250\" width=\"593\" title=\"kpmg-logo v2\" onerror=\"this.style.display='none'\" loading=\"lazy\" \/>\n\t<p>Mercy Ships Canada utilise des pratiques financi\u00e8res claires et responsables.\u00a0<\/p>\n<p>Au fil des ans, Mercy Ships Canada a re\u00e7u les meilleures notes de la part de nombreux organismes ind\u00e9pendants pour sa transparence financi\u00e8re et ses activit\u00e9s philanthropiques \u00e0 fort impact.\u00a0<\/p>\n<p>Tous les \u00e9tats financiers sont v\u00e9rifi\u00e9s chaque ann\u00e9e par KPMG et d\u00e9pos\u00e9s en totale conformit\u00e9 avec l'Agence du Revenu du Canada (ARC). Nous publions \u00e9galement des rapports d\u00e9taill\u00e9s montrant comment les fonds des donateurs sont utilis\u00e9s.<\/p>\n<ul>\n<li>Audits annuels r\u00e9alis\u00e9s par KPMG<\/li>\n<li class=\"translation-block\">Acc\u00e8s public aux <a href=\"https:\/\/mercyships.ca\/fr\/comment-nous-aidons\/rapports-annuels\/\" target=\"_self\">rapports annuels et financiers<\/a><\/li>\n<li class=\"translation-block\">Accr\u00e9ditation d'<a href=\"https:\/\/imaginecanada.ca\/fr\/normes\/organismes-agrees\" target=\"_blank\" rel=\"noopener\">Imagine Canada<\/a> pour la gouvernance et la transparence<\/li>\n<\/ul>\n<h2 class=\"translation-block\"><span class=\"fl-heading-text\">Classement par des tiers :<br>comprendre les indicateurs<\/span><\/h2>\n\t\t\t\t<img decoding=\"async\" src=\"https:\/\/mercyships.ca\/wp-content\/uploads\/2025\/09\/Circle-Acts-PS900.png\" alt=\"Circle Acts logo\" itemprop=\"image\" height=\"263\" width=\"900\" title=\"Circle Acts PS900\" onerror=\"this.style.display='none'\" loading=\"lazy\" \/>\n\t<p>Some third-party charity ratings like those from Charity Intelligence (CI) offer quick comparisons but often miss key factors. CI&#8217;s model prioritizes granular financial breakdowns and short-term outputs, which can disadvantage holistic, volunteer-driven approaches like ours. It also tends to overlook contributions such as training, local partnerships, and the value of donated professional time-all critical to long-term sustainability.<\/p>\n<p class=\"translation-block\">En revanche, Circle Acts a reconnu Mercy Ships Canada comme l'un des <a href=\"https:\/\/mercyships.ca\/wp-content\/uploads\/2025\/09\/Best-Charities-in-Canada.pdf\" target=\"_blank\" rel=\"noopener\">organismes de bienfaisance les plus influents du pays<\/a>. Leur approche met l'accent sur le retour social \u00e0 long terme sur investissement et refl\u00e8te mieux les valeurs \u00e9thiques et syst\u00e9miques qui sont au c\u0153ur de notre mission : renforcer les syst\u00e8mes de sant\u00e9 locaux, garantir un acc\u00e8s \u00e9quitable et solidifier les communaut\u00e9s au fil du temps.<\/p>\n<p>And, this is the approach we want to continue to take &#8211; long-term impact and sustainability.<\/p>\n<p class=\"translation-block\">En 2024, Corporate Vision a reconnu Mercy Ships Canada comme l'<a href=\"https:\/\/mercyships.ca\/wp-content\/uploads\/2025\/09\/Corporate-Vision.pdf\" target=\"_blank\" rel=\"noopener\">organisation internationale de soins de sant\u00e9 la plus d\u00e9vou\u00e9e<\/a>.<\/p>\n<p class=\"translation-block\">Pour plus d'informations, veuillez consulter notre <a href=\"https:\/\/mercyships.ca\/wp-content\/uploads\/2025\/09\/Mercy-Ships-Canada-and-Understanding-Charity-Rankings-Sites-September-2025-004-FR.pdf\" target=\"_blank\" rel=\"noopener\">rapport du directeur g\u00e9n\u00e9ral sur les \u00e9valuations des organismes de bienfaisance<\/a>.<\/p>\n\t\t\t<a href=\"https:\/\/mercyships.ca\/wp-content\/uploads\/2025\/09\/Mercy-Ships-Canada-and-Understanding-Charity-Rankings-Sites-September-2025-004-FR.pdf\" target=\"_blank\" rel=\"noopener\">\n\t\t\t\t\t\t\tLire le rapport\n\t\t\t\t\t<\/a>\n<h2>\n\t\t\tEn r\u00e9sum\u00e9\t<\/h2>\n\t<p class=\"translation-block\"><span style=\"font-weight: 400\">Mercy Ships Canada fonctionne selon un mod\u00e8le qui int\u00e8gre le <strong>service<\/strong>, le <strong>partenariat<\/strong> et la <strong>responsabilit\u00e9<\/strong>. Ce travail implique une logistique complexe, des investissements \u00e0 long terme et la contribution de nombreuses personnes qui donnent de leur temps et de leurs ressources pour le rendre possible. Les b\u00e9n\u00e9voles, le personnel, les donateurs et les partenaires locaux du secteur de la sant\u00e9 jouent chacun un r\u00f4le significatif dans les r\u00e9sultats que vous voyez.<\/p>\n<p>&nbsp;<\/p>\n\t<p>If you&#8217;re exploring Mercy Ships for the first time, or returning to learn more, <strong>we invite you to review the full picture<\/strong>. The statistics matter, but so do the systems built, the people trained, and the care delivered with professionalism and respect. Thank you for your interest and for supporting healthcare that values both access and dignity.<\/p>\n<h2>\n\t\t\tPartagez cette page\t<\/h2>\n\t\t\t\t\t\t\t\t\t\t<a class= \"uabb-ss-grid-button-link\" href=\"https:\/\/www.facebook.com\/sharer.php?u=https%3A%2F%2Fmercyships.ca%2Fen%2F%3Fpage_id%3D12624%26fl_builder\" target=\"_blank\" onclick=\"window.open(this.href,'social-share','left=20,top=20,width=500,height=500,toolbar=1,resizable=0');return false;\">\n\t\t\t\t\t\t\t\tFacebook\n\t\t\t\t\t\t\t\t\t\t<\/a>\n\t\t\t\t\t\t\t\t\t\t<a class= \"uabb-ss-grid-button-link\" href=\"https:\/\/twitter.com\/share?url=https%3A%2F%2Fmercyships.ca%2Fen%2F%3Fpage_id%3D12624%26fl_builder\" target=\"_blank\" onclick=\"window.open(this.href,'social-share','left=20,top=20,width=500,height=500,toolbar=1,resizable=0');return false;\">\n\t\t\t\t\t\t\t\t\t\t\t\t\t\t\t\t\t\t\t\t\t\t\t<img decoding=\"async\" src=\"https:\/\/mercyships.ca\/wp-content\/uploads\/2025\/09\/X-icon-SQ120.png\" alt=\"12864\"\/>\n\t\t\t\t\t\t\t\tX (Twitter)\n\t\t\t\t\t\t\t\t\t\t<\/a>\n\t\t\t\t\t\t\t\t\t\t<a class= \"uabb-ss-grid-button-link\" href=\"https:\/\/www.linkedin.com\/shareArticle?url=https%3A%2F%2Fmercyships.ca%2Fen%2F%3Fpage_id%3D12624%26fl_builder\" target=\"_blank\" onclick=\"window.open(this.href,'social-share','left=20,top=20,width=500,height=500,toolbar=1,resizable=0');return false;\">\n\t\t\t\t\t\t\t\tLinkedin\n\t\t\t\t\t\t\t\t\t\t<\/a>\n\t\t\t\t\t\t\t\t\t\t<a class= \"uabb-ss-grid-button-link\" href=\"mailto:?body=https%3A%2F%2Fmercyships.ca%2Fen%2F%3Fpage_id%3D12624%26fl_builder\" target=\"_blank\" onclick=\"window.open(this.href,'social-share','left=20,top=20,width=500,height=500,toolbar=1,resizable=0');return false;\">\n\t\t\t\t\t\t\t\tCourriel\n\t\t\t\t\t\t\t\t\t\t<\/a>\n\t<p>Derni\u00e8re mise \u00e0 jour : septembre 2025<\/p>","protected":false},"excerpt":{"rendered":"<p>Mercy Ships Reviews Mercy Ships Canada contributes to healthcare in a unique way: by delivering free surgical care and medical [&hellip;]<\/p>\n","protected":false},"author":3,"featured_media":12663,"parent":0,"menu_order":0,"comment_status":"closed","ping_status":"closed","template":"","meta":{"_acf_changed":false,"_seopress_robots_primary_cat":"","_seopress_titles_title":"","_seopress_titles_desc":"","_seopress_robots_index":"","site-sidebar-layout":"no-sidebar","site-content-layout":"page-builder","ast-site-content-layout":"default","site-content-style":"default","site-sidebar-style":"default","ast-global-header-display":"","ast-banner-title-visibility":"","ast-main-header-display":"","ast-hfb-above-header-display":"","ast-hfb-below-header-display":"","ast-hfb-mobile-header-display":"","site-post-title":"disabled","ast-breadcrumbs-content":"","ast-featured-img":"disabled","footer-sml-layout":"","ast-disable-related-posts":"","theme-transparent-header-meta":"default","adv-header-id-meta":"","stick-header-meta":"default","header-above-stick-meta":"","header-main-stick-meta":"","header-below-stick-meta":"","astra-migrate-meta-layouts":"set","ast-page-background-enabled":"default","ast-page-background-meta":{"desktop":{"background-color":"var(--ast-global-color-4)","background-image":"","background-repeat":"repeat","background-position":"center center","background-size":"auto","background-attachment":"scroll","background-type":"","background-media":"","overlay-type":"","overlay-color":"","overlay-opacity":"","overlay-gradient":""},"tablet":{"background-color":"","background-image":"","background-repeat":"repeat","background-position":"center center","background-size":"auto","background-attachment":"scroll","background-type":"","background-media":"","overlay-type":"","overlay-color":"","overlay-opacity":"","overlay-gradient":""},"mobile":{"background-color":"","background-image":"","background-repeat":"repeat","background-position":"center center","background-size":"auto","background-attachment":"scroll","background-type":"","background-media":"","overlay-type":"","overlay-color":"","overlay-opacity":"","overlay-gradient":""}},"ast-content-background-meta":{"desktop":{"background-color":"var(--ast-global-color-5)","background-image":"","background-repeat":"repeat","background-position":"center center","background-size":"auto","background-attachment":"scroll","background-type":"","background-media":"","overlay-type":"","overlay-color":"","overlay-opacity":"","overlay-gradient":""},"tablet":{"background-color":"var(--ast-global-color-5)","background-image":"","background-repeat":"repeat","background-position":"center center","background-size":"auto","background-attachment":"scroll","background-type":"","background-media":"","overlay-type":"","overlay-color":"","overlay-opacity":"","overlay-gradient":""},"mobile":{"background-color":"var(--ast-global-color-5)","background-image":"","background-repeat":"repeat","background-position":"center center","background-size":"auto","background-attachment":"scroll","background-type":"","background-media":"","overlay-type":"","overlay-color":"","overlay-opacity":"","overlay-gradient":""}},"footnotes":""},"class_list":["post-12624","page","type-page","status-publish","has-post-thumbnail","hentry"],"acf":[],"_links":{"self":[{"href":"https:\/\/mercyships.ca\/fr\/wp-json\/wp\/v2\/pages\/12624","targetHints":{"allow":["GET"]}}],"collection":[{"href":"https:\/\/mercyships.ca\/fr\/wp-json\/wp\/v2\/pages"}],"about":[{"href":"https:\/\/mercyships.ca\/fr\/wp-json\/wp\/v2\/types\/page"}],"author":[{"embeddable":true,"href":"https:\/\/mercyships.ca\/fr\/wp-json\/wp\/v2\/users\/3"}],"replies":[{"embeddable":true,"href":"https:\/\/mercyships.ca\/fr\/wp-json\/wp\/v2\/comments?post=12624"}],"version-history":[{"count":5,"href":"https:\/\/mercyships.ca\/fr\/wp-json\/wp\/v2\/pages\/12624\/revisions"}],"predecessor-version":[{"id":13095,"href":"https:\/\/mercyships.ca\/fr\/wp-json\/wp\/v2\/pages\/12624\/revisions\/13095"}],"wp:featuredmedia":[{"embeddable":true,"href":"https:\/\/mercyships.ca\/fr\/wp-json\/wp\/v2\/media\/12663"}],"wp:attachment":[{"href":"https:\/\/mercyships.ca\/fr\/wp-json\/wp\/v2\/media?parent=12624"}],"curies":[{"name":"wp","href":"https:\/\/api.w.org\/{rel}","templated":true}]}}