{"id":11919,"date":"2025-06-18T16:00:51","date_gmt":"2025-06-18T23:00:51","guid":{"rendered":"https:\/\/mercyships.ca\/send-an-etransfer-2\/"},"modified":"2026-01-30T02:04:48","modified_gmt":"2026-01-30T10:04:48","slug":"virement-interac","status":"publish","type":"page","link":"https:\/\/mercyships.ca\/fr\/send-an-e-transfer\/","title":{"rendered":"Send an eTransfer"},"content":{"rendered":"<h1>\n\t\t\tFaire un don avec Virement Interac\t<\/h1>\n\t<p><strong>Fast, safe, and impactful &#8211; send your donation directly from your bank to Mercy Ships Canada.<\/strong><\/p>\n<p>Nous acceptons les virements des banques canadiennes en dollars canadiens.<\/p>\n<p><em>This method ensures your gift goes further &#8211; helping us put more resources toward those in need.<\/em><\/p>\n<h2>\n\t\t\tComment faire un Virement Interac?\t<\/h2>\n\t<ol>\n<li class=\"translation-block\"><strong>Ouvrez une session<\/strong> dans votre banque en ligne<\/li>\n<li class=\"translation-block\">S\u00e9lectionnez l'option <strong>Envoyer un Virement Interac<\/strong><\/li>\n<li class=\"translation-block\">Ajoutez <strong>Mercy Ships Canada<\/strong> comme b\u00e9n\u00e9ficiaire avec ce courriel: msca@mercyships.ca<\/li>\n<li class=\"translation-block\"><span style=\"font-family: system-ui, -apple-system, BlinkMacSystemFont, 'Segoe UI', Roboto, Oxygen, Ubuntu, Cantarell, 'Open Sans', 'Helvetica Neue', sans-serif\">Si demand\u00e9, pensez \u00e0<\/span><strong style=\"font-family: system-ui, -apple-system, BlinkMacSystemFont, 'Segoe UI', Roboto, Oxygen, Ubuntu, Cantarell, 'Open Sans', 'Helvetica Neue', sans-serif\"> une question de s\u00e9curit\u00e9<\/strong><span style=\"font-family: system-ui, -apple-system, BlinkMacSystemFont, 'Segoe UI', Roboto, Oxygen, Ubuntu, Cantarell, 'Open Sans', 'Helvetica Neue', sans-serif\"> simple et facile \u00e0 deviner. Par exemple :<\/span><\/li>\n<\/ol>\n<ul>\n<li class=\"translation-block\">Sur quel continent travaille Mercy Ships? R\u00e9ponse : <strong>Afrique<\/strong><\/li>\n<li class=\"translation-block\">Quel type d'\u00e9tablissement m\u00e9dical est pris en charge? R\u00e9ponse : <strong>H\u00f4pital<\/strong><\/li>\n<li class=\"translation-block\">O\u00f9 se trouve le bureau de Mercy Ships Canada? R\u00e9ponse : <strong>Victoria<\/strong><\/li>\n<li class=\"translation-block\">Qui donne de leurs temps et comp\u00e9tences \u00e0 bord? R\u00e9ponse : <strong>B\u00e9n\u00e9voles <\/strong><\/li>\n<\/ul>\n<figure itemscope itemtype=\"https:\/\/schema.org\/ImageObject\">\n\t\t\t\t<a href=\"https:\/\/mercyships.ca\/wp-content\/uploads\/2025\/06\/eTransfer-1.jpg\"  target=\"_self\" itemprop=\"url\">\n\t\t\t\t<img decoding=\"async\" src=\"https:\/\/mercyships.ca\/wp-content\/uploads\/2025\/06\/eTransfer-1.jpg\" alt=\"eTransfer 1\" height=\"1378\" width=\"2000\" title=\"eTransfer 1\" onerror=\"this.style.display='none'\" loading=\"lazy\" \/>\n\t\t\t\t<\/a>\n\t<\/figure>\n\t<h4>\u26a0\ufe0f Derni\u00e8re \u00e9tape importante pour recevoir un re\u00e7u officiel de don<\/h4>\n<p>Dans la section des messages, merci d'indiquer votre:<\/p>\n<ul>\n<li>Nom complet<\/li>\n<li>T\u00e9l\u00e9phone<\/li>\n<li>Adresse postale<\/li>\n<li>Courriel<\/li>\n<\/ul>\n<figure itemscope itemtype=\"https:\/\/schema.org\/ImageObject\">\n\t\t\t\t<a href=\"https:\/\/mercyships.ca\/wp-content\/uploads\/2025\/06\/eTransfer-2.jpg\"  target=\"_self\" itemprop=\"url\">\n\t\t\t\t<img decoding=\"async\" src=\"https:\/\/mercyships.ca\/wp-content\/uploads\/2025\/06\/eTransfer-2.jpg\" alt=\"eTransfer 2\" height=\"1280\" width=\"2250\" title=\"eTransfer 2\" onerror=\"this.style.display='none'\" loading=\"lazy\" \/>\n\t\t\t\t<\/a>\n\t<\/figure>\n\tCes informations nous permettent de traiter votre don et de vous envoyer un re\u00e7u officiel de don.\n<h2>\n\t\t\tQue se passe t'il ensuite?\t<\/h2>\n\t<ul>\n<li>You&#8217;ll receive a confirmation email from your bank once the funds are sent<\/li>\n<li>Mercy Ships Canada traitera votre don<\/li>\n<li class=\"translation-block\">Votre <strong>re\u00e7u officiel de don sera \u00e9mis dans les deux semaines<\/strong> suivant la r\u00e9ception de votre don<\/li>\n<\/ul>","protected":false},"excerpt":{"rendered":"<p>Donate to Mercy Ships by E-Transfer Fast, safe, and impactful &#8211; send your donation directly from your bank to Mercy [&hellip;]<\/p>\n","protected":false},"author":3,"featured_media":11530,"parent":0,"menu_order":0,"comment_status":"closed","ping_status":"closed","template":"","meta":{"_acf_changed":false,"_seopress_robots_primary_cat":"","_seopress_titles_title":"","_seopress_titles_desc":"Fast, safe and free: send Mercy Ships Canada a donation via email, directly from your bank to ours.","_seopress_robots_index":"","site-sidebar-layout":"no-sidebar","site-content-layout":"page-builder","ast-site-content-layout":"default","site-content-style":"default","site-sidebar-style":"default","ast-global-header-display":"","ast-banner-title-visibility":"","ast-main-header-display":"","ast-hfb-above-header-display":"","ast-hfb-below-header-display":"","ast-hfb-mobile-header-display":"","site-post-title":"disabled","ast-breadcrumbs-content":"","ast-featured-img":"disabled","footer-sml-layout":"","ast-disable-related-posts":"","theme-transparent-header-meta":"default","adv-header-id-meta":"","stick-header-meta":"default","header-above-stick-meta":"","header-main-stick-meta":"","header-below-stick-meta":"","astra-migrate-meta-layouts":"set","ast-page-background-enabled":"default","ast-page-background-meta":{"desktop":{"background-color":"var(--ast-global-color-4)","background-image":"","background-repeat":"repeat","background-position":"center center","background-size":"auto","background-attachment":"scroll","background-type":"","background-media":"","overlay-type":"","overlay-color":"","overlay-opacity":"","overlay-gradient":""},"tablet":{"background-color":"","background-image":"","background-repeat":"repeat","background-position":"center center","background-size":"auto","background-attachment":"scroll","background-type":"","background-media":"","overlay-type":"","overlay-color":"","overlay-opacity":"","overlay-gradient":""},"mobile":{"background-color":"","background-image":"","background-repeat":"repeat","background-position":"center center","background-size":"auto","background-attachment":"scroll","background-type":"","background-media":"","overlay-type":"","overlay-color":"","overlay-opacity":"","overlay-gradient":""}},"ast-content-background-meta":{"desktop":{"background-color":"var(--ast-global-color-5)","background-image":"","background-repeat":"repeat","background-position":"center center","background-size":"auto","background-attachment":"scroll","background-type":"","background-media":"","overlay-type":"","overlay-color":"","overlay-opacity":"","overlay-gradient":""},"tablet":{"background-color":"var(--ast-global-color-5)","background-image":"","background-repeat":"repeat","background-position":"center center","background-size":"auto","background-attachment":"scroll","background-type":"","background-media":"","overlay-type":"","overlay-color":"","overlay-opacity":"","overlay-gradient":""},"mobile":{"background-color":"var(--ast-global-color-5)","background-image":"","background-repeat":"repeat","background-position":"center center","background-size":"auto","background-attachment":"scroll","background-type":"","background-media":"","overlay-type":"","overlay-color":"","overlay-opacity":"","overlay-gradient":""}},"footnotes":""},"class_list":["post-11919","page","type-page","status-publish","has-post-thumbnail","hentry"],"acf":[],"_links":{"self":[{"href":"https:\/\/mercyships.ca\/fr\/wp-json\/wp\/v2\/pages\/11919","targetHints":{"allow":["GET"]}}],"collection":[{"href":"https:\/\/mercyships.ca\/fr\/wp-json\/wp\/v2\/pages"}],"about":[{"href":"https:\/\/mercyships.ca\/fr\/wp-json\/wp\/v2\/types\/page"}],"author":[{"embeddable":true,"href":"https:\/\/mercyships.ca\/fr\/wp-json\/wp\/v2\/users\/3"}],"replies":[{"embeddable":true,"href":"https:\/\/mercyships.ca\/fr\/wp-json\/wp\/v2\/comments?post=11919"}],"version-history":[{"count":11,"href":"https:\/\/mercyships.ca\/fr\/wp-json\/wp\/v2\/pages\/11919\/revisions"}],"predecessor-version":[{"id":14142,"href":"https:\/\/mercyships.ca\/fr\/wp-json\/wp\/v2\/pages\/11919\/revisions\/14142"}],"wp:featuredmedia":[{"embeddable":true,"href":"https:\/\/mercyships.ca\/fr\/wp-json\/wp\/v2\/media\/11530"}],"wp:attachment":[{"href":"https:\/\/mercyships.ca\/fr\/wp-json\/wp\/v2\/media?parent=11919"}],"curies":[{"name":"wp","href":"https:\/\/api.w.org\/{rel}","templated":true}]}}