{"id":11820,"date":"2025-06-18T15:04:10","date_gmt":"2025-06-18T22:04:10","guid":{"rendered":"https:\/\/mercyships.ca\/?page_id=11820"},"modified":"2025-10-21T14:52:33","modified_gmt":"2025-10-21T21:52:33","slug":"don-entreprise","status":"publish","type":"page","link":"https:\/\/mercyships.ca\/fr\/corporate-giving\/","title":{"rendered":"Corporate Giving"},"content":{"rendered":"<h1>\r\n\t\t\tDon d'entreprise\t<\/h1>\r\n<h2>\r\n\t\t\tMotivez votre entreprise. Contribuez \u00e0 apporter l'espoir au monde.\t<\/h2>\r\n\tAssociez-vous \u00e0 Mercy Ships Canada pour avoir un impact encore plus grand gr\u00e2ce \u00e0 la compassion, \u00e0 l'innovation et \u00e0 la valeur partag\u00e9e. <br \/>\r\n<br \/>\r\nTogether, we can deliver surgical care and medical training to communities that need it most &#8211; and inspire your team, clients, and customers along the way.\r\n\t\t\t\t<img decoding=\"async\" src=\"https:\/\/mercyships.ca\/wp-content\/uploads\/2025\/06\/become-a-partner-CLOSE.jpg\" alt=\"become-a-partner CLOSE\" itemprop=\"image\" height=\"675\" width=\"827\" title=\"become-a-partner CLOSE\" onerror=\"this.style.display='none'\" loading='lazy' \/>\r\n<h2>\r\n\t\t\tPourquoi s'associer \u00e0 Mercy Ships Canada?\t<\/h2>\r\n\t<p>Depuis plus de 40 ans, Mercy Ships s'associe \u00e0 des entreprises de tous secteurs pour transformer des vies en Afrique subsaharienne. Qu'il s'agisse de soutenir les navires-h\u00f4pitaux, des formations m\u00e9dicales ou de fournir du mat\u00e9riel et des connaissances, le soutien des entreprises joue un r\u00f4le majeur dans notre mission.<\/p>\r\n<p>S'associer \u00e0 Mercy Ships Canada aide votre entreprise \u00e0 :<\/p>\r\n<ul>\r\n<limargin-bottom: 10px;\">S'aligner \u00e0 une cause mondiale qui transforme des vies enti\u00e8res\r\n<limargin-bottom: 10px;\">Impliquer les employ\u00e9s de mani\u00e8re significative\r\n<limargin-bottom: 10px;\">Renforcer sa r\u00e9putation\r\n<li>Faire preuve d'encadrement pour plus d'impact social<\/li>\r\n<\/ul>\r\n<h2>\r\n\t\t\t\u2714 Possibilit\u00e9s de partenariats strat\u00e9giques :\t<\/h2>\r\n\t<ul>\r\n<li>Campagnes de marketing et co-marquage<\/li>\r\n<li>Engagement des employ\u00e9s et \u00e9v\u00e9nements b\u00e9n\u00e9voles<\/li>\r\n<li>Dons d'entreprises ou dons jumel\u00e9s<\/li>\r\n<li>Dons en nature<\/li>\r\n<li>Marketing de cause et campagnes de sensibilisation<\/li>\r\n<li>Parrainage d'une conf\u00e9rence ou d'un \u00e9v\u00e9nement<\/li>\r\n<li>Offres de produits \u00e0 prix co\u00fbtants<\/li>\r\n<\/ul>\r\n<h2>\r\n\t\t\tComment devenir partenaire?\t<\/h2>\r\n\t<p>Whether you&#8217;re a national brand, a regional supplier, or a growing startup &#8211; there&#8217;s a place for your company in this mission. We&#8217;ll work with you to tailor the right level of involvement and visibility.<\/p>\r\n<h2>\r\n\t\t\tUn impact qui se multiplie\t<\/h2>\r\n\t<p>Every corporate gift &#8211; whether financial, in-kind, or service-based &#8211; helps deliver life-changing surgeries and medical capacity-building in communities with little access to care. And because of our volunteer-based model, <b>your support goes further<\/b>.<\/p>\r\n\t\t\t\t<img decoding=\"async\" src=\"https:\/\/mercyships.ca\/wp-content\/uploads\/2025\/06\/Friends-PS1200.jpg\" alt=\"Friends PS1200\" itemprop=\"image\" height=\"1189\" width=\"1200\" title=\"Friends PS1200\" onerror=\"this.style.display='none'\" loading='lazy' \/>\r\n<h2>\r\n\t\t\tDevenir une entreprise partenaire de Mercy Ships! \t<\/h2>\r\n\t<p>Let&#8217;s explore how your organization can make a difference. We&#8217;ll guide you through the opportunities and craft a plan that fits your brand, values, and goals.<\/p>\r\n<p>Contactez-nous ou utilisez le formulaire ci-dessous pour commencer :<\/p>\r\n\t<strong>Contact<\/strong><br \/>\r\n\u2709\ufe0f \u00a0<a href=\"mailto:mcsa@mercyships.ca\">mcsa@mercyships.ca<\/a><br \/>\r\n\ud83d\udcde 1-866-900-7447","protected":false},"excerpt":{"rendered":"<p>Mercy Ships Corporate Giving Get Your Company Onboard. Help Bring Hope to the World. Partner with Mercy Ships Canada to [&hellip;]<\/p>\n","protected":false},"author":3,"featured_media":11832,"parent":0,"menu_order":0,"comment_status":"closed","ping_status":"closed","template":"","meta":{"_acf_changed":false,"_seopress_robots_primary_cat":"","_seopress_titles_title":"","_seopress_titles_desc":"Get Your Company Onboard. Help Bring Hope to the World. Partner with Mercy Ships Canada to create real-world impact through compassion, innovation, and shared value.","_seopress_robots_index":"","site-sidebar-layout":"no-sidebar","site-content-layout":"page-builder","ast-site-content-layout":"default","site-content-style":"default","site-sidebar-style":"default","ast-global-header-display":"","ast-banner-title-visibility":"","ast-main-header-display":"","ast-hfb-above-header-display":"","ast-hfb-below-header-display":"","ast-hfb-mobile-header-display":"","site-post-title":"disabled","ast-breadcrumbs-content":"","ast-featured-img":"disabled","footer-sml-layout":"","ast-disable-related-posts":"","theme-transparent-header-meta":"default","adv-header-id-meta":"","stick-header-meta":"default","header-above-stick-meta":"","header-main-stick-meta":"","header-below-stick-meta":"","astra-migrate-meta-layouts":"set","ast-page-background-enabled":"default","ast-page-background-meta":{"desktop":{"background-color":"var(--ast-global-color-4)","background-image":"","background-repeat":"repeat","background-position":"center center","background-size":"auto","background-attachment":"scroll","background-type":"","background-media":"","overlay-type":"","overlay-color":"","overlay-opacity":"","overlay-gradient":""},"tablet":{"background-color":"","background-image":"","background-repeat":"repeat","background-position":"center center","background-size":"auto","background-attachment":"scroll","background-type":"","background-media":"","overlay-type":"","overlay-color":"","overlay-opacity":"","overlay-gradient":""},"mobile":{"background-color":"","background-image":"","background-repeat":"repeat","background-position":"center center","background-size":"auto","background-attachment":"scroll","background-type":"","background-media":"","overlay-type":"","overlay-color":"","overlay-opacity":"","overlay-gradient":""}},"ast-content-background-meta":{"desktop":{"background-color":"var(--ast-global-color-5)","background-image":"","background-repeat":"repeat","background-position":"center center","background-size":"auto","background-attachment":"scroll","background-type":"","background-media":"","overlay-type":"","overlay-color":"","overlay-opacity":"","overlay-gradient":""},"tablet":{"background-color":"var(--ast-global-color-5)","background-image":"","background-repeat":"repeat","background-position":"center center","background-size":"auto","background-attachment":"scroll","background-type":"","background-media":"","overlay-type":"","overlay-color":"","overlay-opacity":"","overlay-gradient":""},"mobile":{"background-color":"var(--ast-global-color-5)","background-image":"","background-repeat":"repeat","background-position":"center center","background-size":"auto","background-attachment":"scroll","background-type":"","background-media":"","overlay-type":"","overlay-color":"","overlay-opacity":"","overlay-gradient":""}},"footnotes":""},"class_list":["post-11820","page","type-page","status-publish","has-post-thumbnail","hentry"],"acf":[],"_links":{"self":[{"href":"https:\/\/mercyships.ca\/fr\/wp-json\/wp\/v2\/pages\/11820","targetHints":{"allow":["GET"]}}],"collection":[{"href":"https:\/\/mercyships.ca\/fr\/wp-json\/wp\/v2\/pages"}],"about":[{"href":"https:\/\/mercyships.ca\/fr\/wp-json\/wp\/v2\/types\/page"}],"author":[{"embeddable":true,"href":"https:\/\/mercyships.ca\/fr\/wp-json\/wp\/v2\/users\/3"}],"replies":[{"embeddable":true,"href":"https:\/\/mercyships.ca\/fr\/wp-json\/wp\/v2\/comments?post=11820"}],"version-history":[{"count":5,"href":"https:\/\/mercyships.ca\/fr\/wp-json\/wp\/v2\/pages\/11820\/revisions"}],"predecessor-version":[{"id":12039,"href":"https:\/\/mercyships.ca\/fr\/wp-json\/wp\/v2\/pages\/11820\/revisions\/12039"}],"wp:featuredmedia":[{"embeddable":true,"href":"https:\/\/mercyships.ca\/fr\/wp-json\/wp\/v2\/media\/11832"}],"wp:attachment":[{"href":"https:\/\/mercyships.ca\/fr\/wp-json\/wp\/v2\/media?parent=11820"}],"curies":[{"name":"wp","href":"https:\/\/api.w.org\/{rel}","templated":true}]}}