{"id":11736,"date":"2025-06-18T14:31:59","date_gmt":"2025-06-18T21:31:59","guid":{"rendered":"https:\/\/mercyships.ca\/mercy-partner-2\/"},"modified":"2025-10-23T15:45:57","modified_gmt":"2025-10-23T22:45:57","slug":"partenaire-genereux","status":"publish","type":"page","link":"https:\/\/mercyships.ca\/fr\/mercy-partner\/","title":{"rendered":"Partenaire g\u00e9n\u00e9reux"},"content":{"rendered":"<h1>\r\n\t\t\tDevenez Partenaire G\u00e9n\u00e9reux\t<\/h1>\r\n<h2>\r\n\t\t\tDonner mensuellement. Rester connect\u00e9. Transformer des vies.\t<\/h2>\r\n\tRejoignez une communaut\u00e9 croissante de Canadiens qui font la diff\u00e9rence mois apr\u00e8s mois. <br \/>\r\n<br \/>\r\nAs a Mercy Ships Monthly Partner, your ongoing support helps us plan and deliver free surgeries, train local healthcare workers, and bring hope where access to care is scarce &#8211; all year long.\r\n<h2>\r\n\t\t\tPourquoi donner chaque mois a du sens?\t<\/h2>\r\n\t<p>In many parts of Sub-Saharan Africa, healthcare is out of reach &#8211; with just <strong>2.5 doctors per 10,000 people<\/strong>. Monthly and sustainable revenue helps Mercy Ships plan the most effectively to bring surgical care directly to the people who need it most.<\/p>\r\n<p>Gr\u00e2ce \u00e0 votre soutien, nous pouvons :<\/p>\r\n<ul>\r\n<li>Offrir des chirurgies gratuites \u00e0 bord de nos navires-h\u00f4pitaux<\/li>\r\n<li>Former les professionnels de la sant\u00e9 locaux<\/li>\r\n<li>R\u00e9pondre rapidement aux besoins urgents<\/li>\r\n<li>Utiliser chaque dollar pour un financement fiable et durable<\/li>\r\n<\/ul>\r\n\t\t\t\t<img decoding=\"async\" src=\"https:\/\/mercyships.ca\/wp-content\/uploads\/2025\/06\/home15.webp\" alt=\"Koumba, Guin\u00e9e\" itemprop=\"image\" height=\"718\" width=\"634\" title=\"home15\" onerror=\"this.style.display='none'\" loading='lazy' \/>\r\n\t<p>Koumba, Guin\u00e9e<\/p>\r\n<h2>\r\n\t\t\t\u00catre Partenaire G\u00e9n\u00e9reux c'est :\t<\/h2>\r\n\t<ul>\r\n<li class=\"translation-block\"><strong>\u00catre connect\u00e9 \u00e0 la mission<\/strong> gr\u00e2ce \u00e0 des nouvelles et histoires inspirantes<\/li>\r\n<li><strong>Make giving simple and consistent<\/strong> &#8211; no year-end rush or last-minute decisions<\/li>\r\n<li class=\"translation-block\"><strong>Planifiez vos dons<\/strong> en fonction de votre budget<\/li>\r\n<li class=\"translation-block\"><strong>Recevoir un seul re\u00e7u officiel de dons<\/strong> chaque ann\u00e9e<\/li>\r\n<\/ul>\r\n\t&#8220;<i>Giving monthly means I&#8217;m always part of the story &#8211; even from across the ocean<\/i><em>.&#8221;\u00a0<\/em><br \/>\r\n\r\n<h2>\r\n\t\t\tL'impact de vos dons\t<\/h2>\r\n\t<p>When you become a Mercy Ships Monthly Partner, you help deliver healing &#8211; not just once, but again and again. Whether it&#8217;s $25, $50, or $100 a month, your ongoing generosity makes medical miracles possible.<\/p>\r\n\t\t\t<a href=\"https:\/\/mercyships.ca\/fr\/don-mensuel\/\" target=\"_self\">\r\n\t\t\t\t\t\t\tDevenir Partenaire G\u00e9n\u00e9reux\r\n\t\t\t\t\t<\/a>\r\n\t<p><a href=\"https:\/\/mercyships.ca\/fr\/donation-faqs\/\">FAQ sur les dons<\/a><\/p>","protected":false},"excerpt":{"rendered":"<p>Become a Mercy Ships Monthly Partner Give Monthly. Stay Connected. Change Lives. Join a growing community of Canadians who are [&hellip;]<\/p>\n","protected":false},"author":3,"featured_media":11745,"parent":0,"menu_order":0,"comment_status":"closed","ping_status":"closed","template":"","meta":{"_acf_changed":false,"_seopress_robots_primary_cat":"","_seopress_titles_title":"","_seopress_titles_desc":"As a Mercy Ships Monthly Partner, your ongoing support helps us plan and deliver free surgeries, train local healthcare workers, and bring hope where access to care is scarce \u2014 all year long.","_seopress_robots_index":"","site-sidebar-layout":"no-sidebar","site-content-layout":"page-builder","ast-site-content-layout":"default","site-content-style":"default","site-sidebar-style":"default","ast-global-header-display":"","ast-banner-title-visibility":"","ast-main-header-display":"","ast-hfb-above-header-display":"","ast-hfb-below-header-display":"","ast-hfb-mobile-header-display":"","site-post-title":"disabled","ast-breadcrumbs-content":"","ast-featured-img":"disabled","footer-sml-layout":"","ast-disable-related-posts":"","theme-transparent-header-meta":"default","adv-header-id-meta":"","stick-header-meta":"default","header-above-stick-meta":"","header-main-stick-meta":"","header-below-stick-meta":"","astra-migrate-meta-layouts":"set","ast-page-background-enabled":"default","ast-page-background-meta":{"desktop":{"background-color":"var(--ast-global-color-4)","background-image":"","background-repeat":"repeat","background-position":"center center","background-size":"auto","background-attachment":"scroll","background-type":"","background-media":"","overlay-type":"","overlay-color":"","overlay-opacity":"","overlay-gradient":""},"tablet":{"background-color":"","background-image":"","background-repeat":"repeat","background-position":"center center","background-size":"auto","background-attachment":"scroll","background-type":"","background-media":"","overlay-type":"","overlay-color":"","overlay-opacity":"","overlay-gradient":""},"mobile":{"background-color":"","background-image":"","background-repeat":"repeat","background-position":"center center","background-size":"auto","background-attachment":"scroll","background-type":"","background-media":"","overlay-type":"","overlay-color":"","overlay-opacity":"","overlay-gradient":""}},"ast-content-background-meta":{"desktop":{"background-color":"var(--ast-global-color-5)","background-image":"","background-repeat":"repeat","background-position":"center center","background-size":"auto","background-attachment":"scroll","background-type":"","background-media":"","overlay-type":"","overlay-color":"","overlay-opacity":"","overlay-gradient":""},"tablet":{"background-color":"var(--ast-global-color-5)","background-image":"","background-repeat":"repeat","background-position":"center center","background-size":"auto","background-attachment":"scroll","background-type":"","background-media":"","overlay-type":"","overlay-color":"","overlay-opacity":"","overlay-gradient":""},"mobile":{"background-color":"var(--ast-global-color-5)","background-image":"","background-repeat":"repeat","background-position":"center center","background-size":"auto","background-attachment":"scroll","background-type":"","background-media":"","overlay-type":"","overlay-color":"","overlay-opacity":"","overlay-gradient":""}},"footnotes":""},"class_list":["post-11736","page","type-page","status-publish","has-post-thumbnail","hentry"],"acf":[],"_links":{"self":[{"href":"https:\/\/mercyships.ca\/fr\/wp-json\/wp\/v2\/pages\/11736","targetHints":{"allow":["GET"]}}],"collection":[{"href":"https:\/\/mercyships.ca\/fr\/wp-json\/wp\/v2\/pages"}],"about":[{"href":"https:\/\/mercyships.ca\/fr\/wp-json\/wp\/v2\/types\/page"}],"author":[{"embeddable":true,"href":"https:\/\/mercyships.ca\/fr\/wp-json\/wp\/v2\/users\/3"}],"replies":[{"embeddable":true,"href":"https:\/\/mercyships.ca\/fr\/wp-json\/wp\/v2\/comments?post=11736"}],"version-history":[{"count":5,"href":"https:\/\/mercyships.ca\/fr\/wp-json\/wp\/v2\/pages\/11736\/revisions"}],"predecessor-version":[{"id":12027,"href":"https:\/\/mercyships.ca\/fr\/wp-json\/wp\/v2\/pages\/11736\/revisions\/12027"}],"wp:featuredmedia":[{"embeddable":true,"href":"https:\/\/mercyships.ca\/fr\/wp-json\/wp\/v2\/media\/11745"}],"wp:attachment":[{"href":"https:\/\/mercyships.ca\/fr\/wp-json\/wp\/v2\/media?parent=11736"}],"curies":[{"name":"wp","href":"https:\/\/api.w.org\/{rel}","templated":true}]}}