{"id":11557,"date":"2025-05-26T19:49:04","date_gmt":"2025-05-27T02:49:04","guid":{"rendered":"https:\/\/mercyships.ca\/?page_id=11557"},"modified":"2025-10-23T15:46:33","modified_gmt":"2025-10-23T22:46:33","slug":"dons-planifies","status":"publish","type":"page","link":"https:\/\/mercyships.ca\/fr\/planned-giving\/","title":{"rendered":"Dons planifi\u00e9s - Mercy Ships Canada"},"content":{"rendered":"<h1>\r\n\t\t\tDons planifi\u00e9s :<\/br>Donner de l'espoir pour demain\t<\/h1>\r\n\t<p>Organisez vos financements personnels tout en faisant une diff\u00e9rence pour l'avenir. Gr\u00e2ce \u00e0 votre don planifi\u00e9, votre h\u00e9ritage se perp\u00e9tuera pour vous et votre famille et transformera des vies.<\/p>\r\n<h2>\r\n\t\t\tFa\u00e7onnez l\u2019avenir des soins de sant\u00e9 avec Mercy Ships\t<\/h2>\r\n\t<p>A legacy gift is a meaningful way to extend your values into the future. Your thoughtful planning today will help sustain Mercy Ships&#8217; mission of bringing life-changing care to communities with little access to medical services. <\/p>\r\n<p>Apprenez-en plus sur la mani\u00e8re dont les h\u00e9ritages peuvent vous aider \u00e0 assurer un avenir s\u00fbr \u00e0 vos proches et \u00e0 soutenir la mission de Mercy Ships \u00e0 long terme.<\/p>\r\n\t\t\t\t<img decoding=\"async\" src=\"https:\/\/mercyships.ca\/wp-content\/uploads\/2025\/05\/AMINATA_PAT07004_AFTER_-e1665453068195.webp\" alt=\"AMINATA_PAT07004_AFTER_-e1665453068195\" itemprop=\"image\" height=\"1589\" width=\"1284\" title=\"AMINATA_PAT07004_AFTER_-e1665453068195\" onerror=\"this.style.display='none'\" loading='lazy' \/>\r\n\t<p>Depuis 1978, gr\u00e2ce \u00e0 nos donateurs, nous avons pu :<\/p>\r\n\t\t\t\t<a href=\"https:\/\/mercyships.ca\/fr\/services-chirurgicaux-directs-et-equipement-medical\/\"  target=\"_self\" itemprop=\"url\">\r\n\t\t\t\t<img decoding=\"async\" src=\"https:\/\/mercyships.ca\/wp-content\/uploads\/2024\/10\/ms-icon_med_Surgery_Africa.svg\" alt=\"ms-icon_med_Surgery_Africa\" itemprop=\"image\" height=\"150\" width=\"150\" title=\"ms-icon_med_Surgery_Africa\" onerror=\"this.style.display='none'\" loading='lazy' \/>\r\n\t\t\t\t<\/a>\r\n<h3>\r\n\t\t\tR\u00e9aliser\t<\/h3>\r\n\t\t<!-- Comment to fix spacing issue\r\n\t-->\r\n\t\t<h2>0+<\/h2>\r\n\t<!-- Comment to fix spacing issue\r\n\t-->\t\r\n\t<p>op\u00e9rations chirurgicales<\/p>\r\n\t\t\t\t<img decoding=\"async\" src=\"https:\/\/mercyships.ca\/wp-content\/uploads\/2024\/07\/ms-icon_med_Training.svg\" alt=\"ms-icon_med_Training\" itemprop=\"image\" height=\"150\" width=\"150\" title=\"ms-icon_med_Training\" onerror=\"this.style.display='none'\" loading='lazy' \/>\r\n<h3>\r\n\t\t\tFormer\t<\/h3>\r\n\t\t<!-- Comment to fix spacing issue\r\n\t-->\r\n\t\t<h2>0+<\/h2>\r\n\t<!-- Comment to fix spacing issue\r\n\t-->\t\r\n\t<p>professionnels de sant\u00e9 locaux dans le domaine chirurgical<\/p>\r\n\t\t\t\t<img decoding=\"async\" src=\"https:\/\/mercyships.ca\/wp-content\/uploads\/2024\/07\/ms-icon_med_Infrastructure_Hospital.svg\" alt=\"ms-icon_med_Infrastructure_Hospital\" itemprop=\"image\" height=\"150\" width=\"150\" title=\"ms-icon_med_Infrastructure_Hospital\" onerror=\"this.style.display='none'\" loading='lazy' \/>\r\n<h3>\r\n\t\t\tEffectuer\t<\/h3>\r\n\t\t<!-- Comment to fix spacing issue\r\n\t-->\r\n\t\t<h2>0+<\/h2>\r\n\t<!-- Comment to fix spacing issue\r\n\t-->\t\r\n\t<p>projets d'infrastructures<\/p>\r\n<h2>\r\n\t\t\t\u00c9crivez votre prochain chapitre\t<\/h2>\r\n\t<p>Les dons planifi\u00e9s vous permettent de :<\/p>\r\n<ul>\r\n<li>Offrir un soutien durable \u00e0 une mission qui vous tient \u00e0 c\u0153ur<\/li>\r\n<li>R\u00e9duire les imp\u00f4ts sur la succession<\/li>\r\n<li>Ensure your loved ones are cared for &#8211; while also caring for others<\/li>\r\n<li>Contribuer \u00e0 financer des op\u00e9rations chirurgicales, des formations m\u00e9dicales et des infrastructures qui auront un impact sur plusieurs g\u00e9n\u00e9rations<\/li>\r\n<\/ul>\r\n<h2>\r\n\t\t\tLes options de dons planifi\u00e9s\t<\/h2>\r\n\t&#8220;<em>You can&#8217;t change the whole world. But you can change the whole world for one person.<\/em>&#8220;<br \/>\r\n&#8211; Dr. Gary Parker, volunteer surgeon\r\n<h3 class=\"translation-block\"><span class=\"fl-heading-text\"><span style=\"color: #e29421;font-size: 1.4em\">\u00bb<\/span> Legs testamentaire<\/span><\/h3>\r\n\t<p>L'un des moyens les plus simples de faire un don. Vous pouvez laisser un :<\/p>\r\n<ul>\r\n<li>Montant ou actif sp\u00e9cifique<\/li>\r\n<li>Pourcentage de votre patrimoine<\/li>\r\n<li>Residual gift (what&#8217;s left after other obligations are fulfilled)<\/li>\r\n<li>Fonds de dotation<\/li>\r\n<\/ul>\r\n<p>You may also designate your gift to a specific program or allow us to direct it where it&#8217;s needed most. Mercy Ships Canada will issue a tax receipt for the full value of the bequest, which can reduce taxes owed on your final return.<\/p>\r\n<h3 class=\"translation-block\"><span class=\"fl-heading-text\"><span style=\"color: #e29421;font-size: 1.4em\">\u00bb<\/span> Assurance vie<\/span><\/h3>\r\n\t<p>Faites de votre assurance vie un don futur significatif. Il existe deux fa\u00e7ons de faire un don :<\/p>\r\n<ul>\r\n<li><strong>Name Mercy Ships Canada as your policy&#8217;s beneficiary<\/strong><\/li>\r\n<li class=\"translation-block\"><strong>Faire don d'une police existante ou d'une nouvelle police <\/strong>pour recevoir un re\u00e7u officiel de don pour sa valeur en esp\u00e8ces (le cas \u00e9ch\u00e9ant)<\/li>\r\n<\/ul>\r\n<p>This is a powerful way to give &#8211; with potential tax benefits during your lifetime.<\/p>\r\n<h3 class=\"translation-block\"><span class=\"fl-heading-text\"><span style=\"color: #e29421;font-size: 1.4em\">\u00bb<\/span> Titres et comptes de placement<\/span><\/h3>\r\n\t<p>Vous pouvez \u00e9galement inclure des actions cot\u00e9es en bourse, des obligations, des fonds communs de placement ou des comptes REER\/FERR dans vos plans successoraux. Les dons de titres \u00e0 valeur accrue offrent des avantages fiscaux notables et peuvent avoir un impact significatif.<\/p>\r\n<h3 class=\"translation-block\"><span class=\"fl-heading-text\"><span style=\"color: #e29421;font-size: 1.4em\">\u00bb<\/span> Autres options<\/span><\/h3>\r\n\t<ul>\r\n<li>Fonds orient\u00e9s par les donateurs<\/li>\r\n<li>Pension de retraite ou CELI<\/li>\r\n<li>Don de rentes de bienfaisance<\/li>\r\n<li>Immobilier<\/li>\r\n<\/ul>\r\n<p>Let us know what you&#8217;re considering &#8211; we can work with you and your advisor to make it simple.<\/p>\r\n<h2>\r\n\t\t\tLet&#8217;s Plan Together\t<\/h2>\r\n\t<p>We&#8217;d be honoured to speak with you about your legacy. There&#8217;s no obligation &#8211; just a conversation about what matters to you and how your generosity can live on.<\/p>\r\n\t<strong>Darryl Anderson<\/strong><br \/>\r\nDirecteur g\u00e9n\u00e9ral de Mercy Ships Canada<br \/>\r\n\u2709\ufe0f \u00a0<a href=\"mailto:darryl.anderson@mercyships.ca\">darryl.anderson@mercyships.ca<\/a><br \/>\r\n\ud83d\udcde 1-866-900-7447","protected":false},"excerpt":{"rendered":"<p>Plan Today. Give Hope for Tomorrow. Meet your personal financial goals while making a difference in the future. With Planned [&hellip;]<\/p>\n","protected":false},"author":3,"featured_media":11594,"parent":0,"menu_order":0,"comment_status":"closed","ping_status":"closed","template":"","meta":{"_acf_changed":false,"_seopress_robots_primary_cat":"","_seopress_titles_title":"","_seopress_titles_desc":"A bequest can be as simple as a sentence or two naming Mercy Ships Canada Society in your will or adding a codicil to your existing will.","_seopress_robots_index":"","site-sidebar-layout":"no-sidebar","site-content-layout":"page-builder","ast-site-content-layout":"default","site-content-style":"default","site-sidebar-style":"default","ast-global-header-display":"","ast-banner-title-visibility":"disabled","ast-main-header-display":"","ast-hfb-above-header-display":"","ast-hfb-below-header-display":"","ast-hfb-mobile-header-display":"","site-post-title":"disabled","ast-breadcrumbs-content":"","ast-featured-img":"disabled","footer-sml-layout":"","ast-disable-related-posts":"","theme-transparent-header-meta":"default","adv-header-id-meta":"","stick-header-meta":"default","header-above-stick-meta":"","header-main-stick-meta":"","header-below-stick-meta":"","astra-migrate-meta-layouts":"set","ast-page-background-enabled":"default","ast-page-background-meta":{"desktop":{"background-color":"var(--ast-global-color-4)","background-image":"","background-repeat":"repeat","background-position":"center center","background-size":"auto","background-attachment":"scroll","background-type":"","background-media":"","overlay-type":"","overlay-color":"","overlay-opacity":"","overlay-gradient":""},"tablet":{"background-color":"","background-image":"","background-repeat":"repeat","background-position":"center center","background-size":"auto","background-attachment":"scroll","background-type":"","background-media":"","overlay-type":"","overlay-color":"","overlay-opacity":"","overlay-gradient":""},"mobile":{"background-color":"","background-image":"","background-repeat":"repeat","background-position":"center center","background-size":"auto","background-attachment":"scroll","background-type":"","background-media":"","overlay-type":"","overlay-color":"","overlay-opacity":"","overlay-gradient":""}},"ast-content-background-meta":{"desktop":{"background-color":"var(--ast-global-color-5)","background-image":"","background-repeat":"repeat","background-position":"center center","background-size":"auto","background-attachment":"scroll","background-type":"","background-media":"","overlay-type":"","overlay-color":"","overlay-opacity":"","overlay-gradient":""},"tablet":{"background-color":"var(--ast-global-color-5)","background-image":"","background-repeat":"repeat","background-position":"center center","background-size":"auto","background-attachment":"scroll","background-type":"","background-media":"","overlay-type":"","overlay-color":"","overlay-opacity":"","overlay-gradient":""},"mobile":{"background-color":"var(--ast-global-color-5)","background-image":"","background-repeat":"repeat","background-position":"center center","background-size":"auto","background-attachment":"scroll","background-type":"","background-media":"","overlay-type":"","overlay-color":"","overlay-opacity":"","overlay-gradient":""}},"footnotes":""},"class_list":["post-11557","page","type-page","status-publish","has-post-thumbnail","hentry"],"acf":[],"_links":{"self":[{"href":"https:\/\/mercyships.ca\/fr\/wp-json\/wp\/v2\/pages\/11557","targetHints":{"allow":["GET"]}}],"collection":[{"href":"https:\/\/mercyships.ca\/fr\/wp-json\/wp\/v2\/pages"}],"about":[{"href":"https:\/\/mercyships.ca\/fr\/wp-json\/wp\/v2\/types\/page"}],"author":[{"embeddable":true,"href":"https:\/\/mercyships.ca\/fr\/wp-json\/wp\/v2\/users\/3"}],"replies":[{"embeddable":true,"href":"https:\/\/mercyships.ca\/fr\/wp-json\/wp\/v2\/comments?post=11557"}],"version-history":[{"count":5,"href":"https:\/\/mercyships.ca\/fr\/wp-json\/wp\/v2\/pages\/11557\/revisions"}],"predecessor-version":[{"id":11692,"href":"https:\/\/mercyships.ca\/fr\/wp-json\/wp\/v2\/pages\/11557\/revisions\/11692"}],"wp:featuredmedia":[{"embeddable":true,"href":"https:\/\/mercyships.ca\/fr\/wp-json\/wp\/v2\/media\/11594"}],"wp:attachment":[{"href":"https:\/\/mercyships.ca\/fr\/wp-json\/wp\/v2\/media?parent=11557"}],"curies":[{"name":"wp","href":"https:\/\/api.w.org\/{rel}","templated":true}]}}