{"id":11482,"date":"2025-05-21T07:59:25","date_gmt":"2025-05-21T14:59:25","guid":{"rendered":"https:\/\/mercyships.ca\/?page_id=11482"},"modified":"2026-01-08T07:46:19","modified_gmt":"2026-01-08T15:46:19","slug":"dons-de-titres","status":"publish","type":"page","link":"https:\/\/mercyships.ca\/fr\/gifts-of-securities\/","title":{"rendered":"Dons de titres"},"content":{"rendered":"<h1>\n\t\t\tDon de titres \u00e0 Mercy Ships Canada\t<\/h1>\n\t<p>Organisez vos financements personnels tout en faisant une diff\u00e9rence pour l'avenir.<\/p>\n<h2>\n\t\t\tPourquoi donner des titres?\t<\/h2>\n\t<p class=\"translation-block\">Lorsque vous transf\u00e9rez des titres cot\u00e9s en bourse (comme des <strong>actions, des bons ou des fonds communs de placement<\/strong>) directement \u00e0 Mercy Ships Canada :<\/p>\n<ul>\n<li class=\"translation-block\"><strong>Vous ne payez pas d\u2019imp\u00f4t<\/strong> sur les gains en capital sur la valeur appr\u00e9ci\u00e9e<\/li>\n<li class=\"translation-block\"><strong>Vous recevez un re\u00e7u officiel de don<\/strong> correspondant au cours de cl\u00f4ture \u00e0 la date \u00e0 laquelle le transfert est re\u00e7u par Mercy Ships Canada<\/li>\n<\/ul>\n<p>Your donation has <strong>maximum impact<\/strong> &#8211; helping bring free, life-changing surgeries to people in need.<\/p>\n\t\t\t\t<img decoding=\"async\" src=\"https:\/\/mercyships.ca\/wp-content\/uploads\/2025\/05\/Aissiatou_After_About_Us.webp\" alt=\"Aissiatou_After_About_Us\" itemprop=\"image\" height=\"1490\" width=\"1284\" title=\"Aissiatou_After_About_Us\" onerror=\"this.style.display='none'\" loading=\"lazy\" \/>\n\t<p class=\"translation-block\">La jeune Aissata a \u00e9t\u00e9 op\u00e9r\u00e9e d'une fente labiale \u00e0 bord de l'<em>Africa Mercy.<\/em>\u00a0| Guin\u00e9e<\/p>\n<h2>\n\t\t\tComment donner?\t<\/h2>\n<h3 class=\"translation-block\"><span class=\"fl-heading-text\"><span style=\"color: #2196f3;font-size: 1em\">Option 1 :<\/span> Par l'interm\u00e9diaire de votre conseiller en investissement<\/span><\/h3>\n\t<ol>\n<li class=\"translation-block\">Completez le <a style=\"text-decoration: underline\" href=\"https:\/\/mercyships.ca\/wp-content\/uploads\/2024\/12\/MS-Securities-Gift-Transfer-Form-Nov-2024.pdf\" target=\"_blank\" rel=\"noopener\">Formulaire de transfert de titres<\/a> (en anglais seulement)<\/li>\n<li>Envoyez le \u00e0 votre conseiller<\/li>\n<li>They&#8217;ll handle the transfer to our brokerage account<\/li>\n<\/ol>\n<p>\u2714 We&#8217;ll issue you an official donation receipt for the value of your donation as of the date the transfer is received by Mercy Ships Canada.<\/p>\n<h3 class=\"translation-block\"><span class=\"fl-heading-text\"><span style=\"color: #2196f3;font-size: 1em\">Option 2:<\/span> Faire un don sur Canadon<\/span><\/h3>\n\t<p>Vous pr\u00e9f\u00e9rez donner en ligne? <\/p>\n<p>Use <a href=\"https:\/\/www.canadahelps.org\/en\/charities\/mercy-ships-canada-society\/\">CanadaHelps.org<\/a> Mercy Ships page and select &#8220;Donate Securities&#8221; to support Mercy Ships Canada directly.<\/p>\n<h3>\n\t\t\t\u26a0\ufe0f Derni\u00e8re \u00e9tape importante\t<\/h3>\n\t<p>Pour que votre don soit correctement re\u00e7u, veuillez nous avertir d\u00e8s que le transfert est effectu\u00e9.<\/p>\n<p class=\"translation-block\">Contactez Darryl Anderson, directeur g\u00e9n\u00e9ral,  par courriel \u00e0 <a href=\"mailto:darryl.anderson@mercyships.ca\" target=\"_self\"><span style=\"text-decoration: underline\">darryl.anderson@mercyships.ca<\/span><\/a>\u00a0avec les d\u00e9tails suivants :<\/p>\n<ul>\n<li><strong>Nom du donateur et adresse<\/strong><\/li>\n<li class=\"translation-block\"><strong>Nature du don<\/strong> (action, bon, fonds communs de placement...)<\/li>\n<li class=\"translation-block\"><strong>Nombre d'actions<\/strong> ou <strong>valeur estim\u00e9e<\/strong><\/li>\n<\/ul>\n<p>\u2714 You&#8217;ll receive an official donation receipt for the closing price of the securities on the date the transfer is received by Mercy Ships Canada.<\/p>\n<h3>\n\t\t\tDes questions?\t<\/h3>\n\tPour plus d'informations ou pour discuter de ce processus, veuillez contacter:<br \/>\n\u2709\ufe0f \u00a0<a href=\"mailto:mcsa@mercyships.ca\" target=\"_blank\" rel=\"noopener\">mcsa@mercyships.ca<\/a><br \/>\n\ud83d\udcde 1-866-900-7447\n<p>Merci pour votre g\u00e9n\u00e9rosit\u00e9 envers Mercy Ships! <\/p>","protected":false},"excerpt":{"rendered":"<p>Donate Securities to Mercy Ships Canada Meet your personal financial goals while making a difference in the future. Why Donate [&hellip;]<\/p>\n","protected":false},"author":3,"featured_media":11653,"parent":0,"menu_order":0,"comment_status":"closed","ping_status":"closed","template":"","meta":{"_acf_changed":false,"_seopress_robots_primary_cat":"","_seopress_titles_title":"","_seopress_titles_desc":"The Canada Revenue Agency has eliminated taxes payable by Canadians who donate appreciated gifts of securities to a registered charity.","_seopress_robots_index":"","site-sidebar-layout":"no-sidebar","site-content-layout":"page-builder","ast-site-content-layout":"default","site-content-style":"default","site-sidebar-style":"default","ast-global-header-display":"","ast-banner-title-visibility":"","ast-main-header-display":"","ast-hfb-above-header-display":"","ast-hfb-below-header-display":"","ast-hfb-mobile-header-display":"","site-post-title":"disabled","ast-breadcrumbs-content":"","ast-featured-img":"disabled","footer-sml-layout":"","ast-disable-related-posts":"","theme-transparent-header-meta":"default","adv-header-id-meta":"","stick-header-meta":"default","header-above-stick-meta":"","header-main-stick-meta":"","header-below-stick-meta":"","astra-migrate-meta-layouts":"set","ast-page-background-enabled":"default","ast-page-background-meta":{"desktop":{"background-color":"var(--ast-global-color-4)","background-image":"","background-repeat":"repeat","background-position":"center center","background-size":"auto","background-attachment":"scroll","background-type":"","background-media":"","overlay-type":"","overlay-color":"","overlay-opacity":"","overlay-gradient":""},"tablet":{"background-color":"","background-image":"","background-repeat":"repeat","background-position":"center center","background-size":"auto","background-attachment":"scroll","background-type":"","background-media":"","overlay-type":"","overlay-color":"","overlay-opacity":"","overlay-gradient":""},"mobile":{"background-color":"","background-image":"","background-repeat":"repeat","background-position":"center center","background-size":"auto","background-attachment":"scroll","background-type":"","background-media":"","overlay-type":"","overlay-color":"","overlay-opacity":"","overlay-gradient":""}},"ast-content-background-meta":{"desktop":{"background-color":"var(--ast-global-color-5)","background-image":"","background-repeat":"repeat","background-position":"center center","background-size":"auto","background-attachment":"scroll","background-type":"","background-media":"","overlay-type":"","overlay-color":"","overlay-opacity":"","overlay-gradient":""},"tablet":{"background-color":"var(--ast-global-color-5)","background-image":"","background-repeat":"repeat","background-position":"center center","background-size":"auto","background-attachment":"scroll","background-type":"","background-media":"","overlay-type":"","overlay-color":"","overlay-opacity":"","overlay-gradient":""},"mobile":{"background-color":"var(--ast-global-color-5)","background-image":"","background-repeat":"repeat","background-position":"center center","background-size":"auto","background-attachment":"scroll","background-type":"","background-media":"","overlay-type":"","overlay-color":"","overlay-opacity":"","overlay-gradient":""}},"footnotes":""},"class_list":["post-11482","page","type-page","status-publish","has-post-thumbnail","hentry"],"acf":[],"_links":{"self":[{"href":"https:\/\/mercyships.ca\/fr\/wp-json\/wp\/v2\/pages\/11482","targetHints":{"allow":["GET"]}}],"collection":[{"href":"https:\/\/mercyships.ca\/fr\/wp-json\/wp\/v2\/pages"}],"about":[{"href":"https:\/\/mercyships.ca\/fr\/wp-json\/wp\/v2\/types\/page"}],"author":[{"embeddable":true,"href":"https:\/\/mercyships.ca\/fr\/wp-json\/wp\/v2\/users\/3"}],"replies":[{"embeddable":true,"href":"https:\/\/mercyships.ca\/fr\/wp-json\/wp\/v2\/comments?post=11482"}],"version-history":[{"count":6,"href":"https:\/\/mercyships.ca\/fr\/wp-json\/wp\/v2\/pages\/11482\/revisions"}],"predecessor-version":[{"id":13920,"href":"https:\/\/mercyships.ca\/fr\/wp-json\/wp\/v2\/pages\/11482\/revisions\/13920"}],"wp:featuredmedia":[{"embeddable":true,"href":"https:\/\/mercyships.ca\/fr\/wp-json\/wp\/v2\/media\/11653"}],"wp:attachment":[{"href":"https:\/\/mercyships.ca\/fr\/wp-json\/wp\/v2\/media?parent=11482"}],"curies":[{"name":"wp","href":"https:\/\/api.w.org\/{rel}","templated":true}]}}