{"id":10803,"date":"2025-01-13T07:36:55","date_gmt":"2025-01-13T15:36:55","guid":{"rendered":"https:\/\/mercyships.ca\/?page_id=10803"},"modified":"2025-10-21T14:51:55","modified_gmt":"2025-10-21T21:51:55","slug":"proposition-de-prolongation-du-delai-de-declaration-des-dons-de-bienfaisance-2024","status":"publish","type":"page","link":"https:\/\/mercyships.ca\/fr\/canadian-government-donation-extension\/","title":{"rendered":"Canadian Government Donation Extension"},"content":{"rendered":"<img loading=\"lazy\" decoding=\"async\" src=\"https:\/\/mercyships.ca\/wp-content\/uploads\/2024\/09\/Header_Patientensicherheit-PS2500.jpg\" alt=\"Surgical Safety Checklist\" itemprop=\"image\" height=\"679\" width=\"2500\" title=\"Header_Patientensicherheit PS2500\" onerror=\"this.style.display='none'\"  \/>\r\n<h1>\r\n\t\tProposition de prolongation du d\u00e9lai de d\u00e9claration des dons de bienfaisance 2024\r\n\t<\/h1>\r\n\t<h2><strong>Afin d'att\u00e9nuer les r\u00e9percussions de l\u2019interruption du service postal de Postes Canada, le gouvernement f\u00e9d\u00e9ral a annonc\u00e9 son intention de prolonger la date limite pour les dons de bienfaisance de l'ann\u00e9e fiscale 2024, afin que les donateurs aient suffisamment de temps pour faire leur contribution aux organismes de bienfaisance canadiens.<\/strong><\/h2>\r\n\t<p>L'annonce a \u00e9t\u00e9 faite en raison de l\u2019interruption de 4 semaines du service de Postes Canada, qui aurait eu pour effet de retarder la livraison de nombreux dons. L'objectif est de s'assurer que les dons faits en 2024 soient re\u00e7us et trait\u00e9s pendant la p\u00e9riode la plus importante pour de nombreux organismes de bienfaisance canadiens, y compris Mercy Ships Canada.<\/p>\r\n<p>Qu'est-ce que cela signifie si les changements entrent en vigueur? Les dons effectu\u00e9s en 2024 peuvent \u00eatre d\u00e9duits de votre d\u00e9claration de revenus 2024, comme d'habitude. Cependant, les dons effectu\u00e9s entre le 1er janvier 2025 et le 28 f\u00e9vrier 2025 peuvent \u00e9galement \u00eatre d\u00e9duits de votre d\u00e9claration de revenus 2024 ou conserv\u00e9s jusqu'\u00e0 ce que vous produisiez votre d\u00e9claration de revenus 2025. Cela permet aux donateurs de faire le choix le plus avantageux pour eux au moment de remplir leurs d\u00e9clarations de revenus 2024 et 2025.<\/p>\r\n\t<p><strong>Par cons\u00e9quent, les re\u00e7us officiels de dons de Mercy Ships Canada seront \u00e9mis pour tout don unique effectu\u00e9 entre le 1er janvier 2025 et le 28 f\u00e9vrier 2025.<\/strong><\/p>\r\n<p>For more information on the announcement please visit:<a href=\"https:\/\/www.canada.ca\/en\/revenue-agency\/services\/charities-giving\/charities\/operating-a-registered-charity\/issuing-receipts\/extension-charitable-donations-2024.html?utm_source=eml&amp;utm_medium=email&amp;utm_campaign=Donation_extension_deadline&amp;utm_content=2025-01-23_0017\" target=\"_blank\" rel=\"noopener\"> Extension of 2024 charitable donations &#8211; Canada.ca<\/a><\/p>","protected":false},"excerpt":{"rendered":"<p>Proposed 2024 Canadian Government Donation Extension In an effort to mitigate the impact of the recent Canada Post mail stoppage, [&hellip;]<\/p>\n","protected":false},"author":9,"featured_media":6156,"parent":0,"menu_order":0,"comment_status":"closed","ping_status":"closed","template":"","meta":{"_acf_changed":false,"_seopress_robots_primary_cat":"","_seopress_titles_title":"Canadian Government Donation Extension %%sep%% %%sitename%%","_seopress_titles_desc":"The Government of Canada announced a donation extension for 2024 charitable donations until February 28, 2025.","_seopress_robots_index":"","site-sidebar-layout":"no-sidebar","site-content-layout":"page-builder","ast-site-content-layout":"default","site-content-style":"default","site-sidebar-style":"default","ast-global-header-display":"","ast-banner-title-visibility":"","ast-main-header-display":"","ast-hfb-above-header-display":"","ast-hfb-below-header-display":"","ast-hfb-mobile-header-display":"","site-post-title":"disabled","ast-breadcrumbs-content":"","ast-featured-img":"disabled","footer-sml-layout":"","ast-disable-related-posts":"","theme-transparent-header-meta":"default","adv-header-id-meta":"","stick-header-meta":"default","header-above-stick-meta":"","header-main-stick-meta":"","header-below-stick-meta":"","astra-migrate-meta-layouts":"set","ast-page-background-enabled":"default","ast-page-background-meta":{"desktop":{"background-color":"var(--ast-global-color-4)","background-image":"","background-repeat":"repeat","background-position":"center center","background-size":"auto","background-attachment":"scroll","background-type":"","background-media":"","overlay-type":"","overlay-color":"","overlay-opacity":"","overlay-gradient":""},"tablet":{"background-color":"","background-image":"","background-repeat":"repeat","background-position":"center center","background-size":"auto","background-attachment":"scroll","background-type":"","background-media":"","overlay-type":"","overlay-color":"","overlay-opacity":"","overlay-gradient":""},"mobile":{"background-color":"","background-image":"","background-repeat":"repeat","background-position":"center center","background-size":"auto","background-attachment":"scroll","background-type":"","background-media":"","overlay-type":"","overlay-color":"","overlay-opacity":"","overlay-gradient":""}},"ast-content-background-meta":{"desktop":{"background-color":"var(--ast-global-color-5)","background-image":"","background-repeat":"repeat","background-position":"center center","background-size":"auto","background-attachment":"scroll","background-type":"","background-media":"","overlay-type":"","overlay-color":"","overlay-opacity":"","overlay-gradient":""},"tablet":{"background-color":"var(--ast-global-color-5)","background-image":"","background-repeat":"repeat","background-position":"center center","background-size":"auto","background-attachment":"scroll","background-type":"","background-media":"","overlay-type":"","overlay-color":"","overlay-opacity":"","overlay-gradient":""},"mobile":{"background-color":"var(--ast-global-color-5)","background-image":"","background-repeat":"repeat","background-position":"center center","background-size":"auto","background-attachment":"scroll","background-type":"","background-media":"","overlay-type":"","overlay-color":"","overlay-opacity":"","overlay-gradient":""}},"footnotes":""},"class_list":["post-10803","page","type-page","status-publish","has-post-thumbnail","hentry"],"acf":[],"_links":{"self":[{"href":"https:\/\/mercyships.ca\/fr\/wp-json\/wp\/v2\/pages\/10803","targetHints":{"allow":["GET"]}}],"collection":[{"href":"https:\/\/mercyships.ca\/fr\/wp-json\/wp\/v2\/pages"}],"about":[{"href":"https:\/\/mercyships.ca\/fr\/wp-json\/wp\/v2\/types\/page"}],"author":[{"embeddable":true,"href":"https:\/\/mercyships.ca\/fr\/wp-json\/wp\/v2\/users\/9"}],"replies":[{"embeddable":true,"href":"https:\/\/mercyships.ca\/fr\/wp-json\/wp\/v2\/comments?post=10803"}],"version-history":[{"count":5,"href":"https:\/\/mercyships.ca\/fr\/wp-json\/wp\/v2\/pages\/10803\/revisions"}],"predecessor-version":[{"id":10920,"href":"https:\/\/mercyships.ca\/fr\/wp-json\/wp\/v2\/pages\/10803\/revisions\/10920"}],"wp:featuredmedia":[{"embeddable":true,"href":"https:\/\/mercyships.ca\/fr\/wp-json\/wp\/v2\/media\/6156"}],"wp:attachment":[{"href":"https:\/\/mercyships.ca\/fr\/wp-json\/wp\/v2\/media?parent=10803"}],"curies":[{"name":"wp","href":"https:\/\/api.w.org\/{rel}","templated":true}]}}