{"id":10139,"date":"2024-11-12T10:02:03","date_gmt":"2024-11-12T18:02:03","guid":{"rendered":"https:\/\/mercyships.ca\/?page_id=10139"},"modified":"2025-10-16T15:23:23","modified_gmt":"2025-10-16T22:23:23","slug":"navires-hopitaux","status":"publish","type":"page","link":"https:\/\/mercyships.ca\/fr\/about-us\/hospital-ships\/","title":{"rendered":"Navires-h\u00f4pitaux"},"content":{"rendered":"<img decoding=\"async\" src=\"https:\/\/mercyships.ca\/wp-content\/uploads\/2024\/09\/SND230213_GLM_AFM_SAILING_GB001_HI-AI-PS2500.jpg\" alt=\"GLM and AFM\" itemprop=\"image\" height=\"680\" width=\"2500\" title=\"SND230213_GLM_AFM_SAILING_GB001_HI-AI PS2500\" onerror=\"this.style.display='none'\" loading=\"lazy\" \/>\n<h1>\n\t\t\tLes navires-h\u00f4pitaux de Mercy Ships\t<\/h1>\n\t<p>\u00a0Mercy Ships d\u00e9ploie des navires-h\u00f4pitaux ultramodernes directement vers les pays africains afin de fournir des chirurgies gratuites et d'offrir de la formation m\u00e9dicale, permettant ainsi des am\u00e9liorations durables dans chaque pays partenaire.<\/p>\n<p class=\"translation-block\">Deux navires-h\u00f4pitaux sont actuellement en service, le <strong><em>Global Mercy<\/em><\/strong> et l'<em><strong>Africa Mercy<\/strong>.<\/em><\/p>\n\t\t\t\t<img decoding=\"async\" src=\"https:\/\/mercyships.ca\/wp-content\/uploads\/2024\/08\/ms-icon-mar-cercle_Fleet-1.svg\" alt=\"ms-icon-mar-cercle_Fleet-1\" itemprop=\"image\" height=\"150\" width=\"150\" title=\"ms-icon-mar-cercle_Fleet-1\" onerror=\"this.style.display='none'\" loading=\"lazy\" \/>\n<h2>\n\t\t\tPourquoi des navires-h\u00f4pitaux?\t<\/h2>\n\t<p>Over 40% of the world&#8217;s population lives within 100 km of a coast, so hospital ships can provide medical access to many people cannot otherwise afford it.<\/p>\n<p>En raison de la qualit\u00e9 des routes et des infrastructures dans certaines r\u00e9gions d'Afrique, il peut \u00eatre difficile pour les patients vivant loin de se rendre sur les navires-h\u00f4pitaux. Mercy Ships g\u00e8re alors le transport des patients et leurs accompagnateurs depuis leur domicile pour faciliter l'acc\u00e8s \u00e0 notre h\u00f4pital flottant.<\/p>\n<h2>\n\t\t\tNavires-h\u00f4pitaux en service\t<\/h2>\n<h3>\n\t\t\tLe <em>Global Mercy<\/em>\t<\/h3>\n\t\t\t\t<img decoding=\"async\" src=\"https:\/\/mercyships.ca\/wp-content\/uploads\/2024\/09\/global-mercy-sea-trial-feature-PS800.jpg\" alt=\"The Global Mercy\" itemprop=\"image\" height=\"533\" width=\"800\" title=\"global-mercy-sea-trial-feature PS800\" onerror=\"this.style.display='none'\" loading=\"lazy\" \/>\n\t<p class=\"translation-block\">Notre navire-h\u00f4pital le plus r\u00e9cent a rejoint l'<em>Africa Mercy<\/em>, faisant plus que doubler l'impact des b\u00e9n\u00e9voles et des services fournis par Mercy Ships.<\/p>\n\t\t\t<a href=\"https:\/\/mercyships.ca\/fr\/a-propos\/global-mercy\/\" target=\"_self\">\n\t\t\t\t\t\t\tEn savoir plus\n\t\t\t\t\t<\/a>\n<h3 class=\"translation-block\">L'<em>Africa Mercy<\/em><\/h3>\n\t\t\t\t<img decoding=\"async\" src=\"https:\/\/mercyships.ca\/wp-content\/uploads\/2024\/09\/GND180811_ARRIVAL_AFRICA_MERCY_LA005_HI-1-e1726490353823.jpg\" alt=\"The Africa Mercy\" itemprop=\"image\" height=\"533\" width=\"800\" title=\"GND180811_ARRIVAL_AFRICA_MERCY_LA005_HI-1\" onerror=\"this.style.display='none'\" loading=\"lazy\" \/>\n\t<p class=\"translation-block\">L'<em>Africa Mercy<\/em> est le deuxi\u00e8me plus grand navire-h\u00f4pital civil en service depuis 2007. Il a \u00e9t\u00e9 d\u00e9ploy\u00e9 pour la premi\u00e8re fois \u00e0 Monrovia, au Liberia.<\/p>\n\t\t\t<a href=\"https:\/\/mercyships.ca\/fr\/a-propos\/africa-mercy\/\" target=\"_self\">\n\t\t\t\t\t\t\tEn savoir plus\n\t\t\t\t\t<\/a>\n<h2>\n\t\t\tAnciens navires-h\u00f4pitaux\t<\/h2>\n<h3 class=\"translation-block\">L'<em>Anastasis<\/em><\/h3>\n\t\t\t\t<img decoding=\"async\" src=\"https:\/\/mercyships.ca\/wp-content\/uploads\/2024\/08\/hospitalschiff-anastasis-auf-see-757x520-1.jpg\" alt=\"Anastasis\" itemprop=\"image\" height=\"520\" width=\"757\" title=\"hospitalschiff-anastasis-auf-see-757x520-1\" onerror=\"this.style.display='none'\" loading=\"lazy\" \/>\n\t<p>Deployed 1978 &#8211; Retired 2007<\/p>\n\t\t\t<a href=\"https:\/\/mercyships.ca\/fr\/a-propos\/anastasis\/\" target=\"_self\">\n\t\t\t\t\t\t\tEn savoir plus\n\t\t\t\t\t<\/a>\n<h3 class=\"translation-block\">Le <em>Caribbean Mercy<\/em><\/h3>\n\t\t\t\t<img decoding=\"async\" src=\"https:\/\/mercyships.ca\/wp-content\/uploads\/2024\/08\/hospitalschiff-caribbean-mercy-757x520-1.jpg\" alt=\"Caribbean Mercy\" itemprop=\"image\" height=\"520\" width=\"757\" title=\"hospitalschiff-caribbean-mercy-757x520-1\" onerror=\"this.style.display='none'\" loading=\"lazy\" \/>\n\t<p>Deployed 1994 &#8211; Retired 2006<\/p>\n\t\t\t<a href=\"https:\/\/mercyships.ca\/fr\/a-propos\/caribbean-mercy\/\" target=\"_self\">\n\t\t\t\t\t\t\tEn savoir plus\n\t\t\t\t\t<\/a>\n\t\t\t\t<img decoding=\"async\" src=\"https:\/\/mercyships.ca\/wp-content\/uploads\/2025\/03\/SND230213_GLM_AFM_SAILING_GB001_HI-scaled.jpg\" alt=\"The Global Mercy and the Africa Mercy sailing together after departure from Tenerife, Spain.\" itemprop=\"image\" height=\"1440\" width=\"2560\" title=\"SND230213_GLM_AFM_SAILING_GB001_HI\" onerror=\"this.style.display='none'\" loading=\"lazy\" \/>\n<h2>\n\t\t\tComment les navires-h\u00f4pitaux sont-ils utilis\u00e9s en Afrique?\t<\/h2>\n\t<p>De nombreuses communaut\u00e9s africaines n'ont pas acc\u00e8s \u00e0 la chirurgie en raison d'une p\u00e9nurie de m\u00e9decins, de sp\u00e9cialistes et d'\u00e9quipements m\u00e9dicaux essentiels. Les co\u00fbts financiers ou la situation g\u00e9ographique emp\u00eachent les patients de b\u00e9n\u00e9ficier de soins m\u00e9dicaux et en temps voulu.<\/p>\n<p>Mercy Ships is making a transformative impact with its hospital ships &#8211; fully equipped floating medical facilities that deliver high-quality, free surgical care. The ships operate under stringent safety standards like those of leading healthcare centers in developed nations, ensuring patients receive the best care.<\/p>\n<p>Les navires-h\u00f4pitaux comblent les lacunes des soins de sant\u00e9 en offrant directement des chirurgies \u00e0 celles et ceux dans le besoin. En plus, Mercy Ships forme les professionnels de la sant\u00e9 locaux, cr\u00e9ant un h\u00e9ritage qui consolide le syst\u00e8me de sant\u00e9 du pays longtemps apr\u00e8s le d\u00e9part des navires.<\/p>\n\t\t\t<a href=\"https:\/\/mercyships.ca\/fr\/ou-vont-les-navires-hopitaux-de-mercy-ships\/\" target=\"_blank\" rel=\"noopener\">\n\t\t\t\t\t\t\tO\u00f9 vont les navires-h\u00f4pitaux de Mercy Ships?\n\t\t\t\t\t<\/a>\n\t\t\t\t<img decoding=\"async\" src=\"https:\/\/mercyships.ca\/wp-content\/uploads\/2025\/03\/SNC220324_WARD_NURSES_GROUP_CANADA_DG001_HI-scaled.jpg\" alt=\"Ward nurses from Canada in the hospital ward.\" itemprop=\"image\" height=\"1707\" width=\"2560\" title=\"Ward nurses from Canada in the hospital ward.\" onerror=\"this.style.display='none'\" loading=\"lazy\" \/>\n<h2>\n\t\t\tB\u00e9n\u00e9voles m\u00e9dicaux \u00e0 bord des navires-h\u00f4pitaux\t<\/h2>\n\t<p>Les navires-h\u00f4pitaux fonctionnent gr\u00e2ce \u00e0 des professionnels b\u00e9n\u00e9voles m\u00e9dicaux et non m\u00e9dicaux. Les chirurgiens, infirmiers, anesth\u00e9sistes et autres sp\u00e9cialistes prodiguent des soins, tandis que les ing\u00e9nieurs, cuisiniers, enseignants, personnel d'accueil et autres veillent au bon d\u00e9roulement des op\u00e9rations.<\/p>\n<p>Les b\u00e9n\u00e9voles m\u00e9dicaux travaillent ensemble pour fournir<a href=\"https:\/\/mercyships.ca\/fr\/services-chirurgicaux-directs-et-equipement-medical\/\"> 8 types de soins et chirurgies<\/a>. \u00c0 bord des deux navires-h\u00f4pitaux, des postes m\u00e9dicaux sont disponibles en salle d'op\u00e9ration, dans l'h\u00f4pital, en radiologie, en pharmacie et bien plus.<\/p>\n\t\t\t<a href=\"https:\/\/mercyships.ca\/fr\/domaine-de-la-sante\/\" target=\"_blank\" rel=\"noopener\">\n\t\t\t\t\t\t\tEn savoir plus\n\t\t\t\t\t<\/a>\n\t\t\t\t<img decoding=\"async\" src=\"https:\/\/mercyships.ca\/wp-content\/uploads\/2025\/03\/GNX230413_NURSE_ANESTHESIA_TRAINING_GAMAL_CB006_HI-scaled.jpg\" alt=\"A Nurse Anesthesia training being held at the dental clinic at Gamal Abdel Nasser University of Conakry.\" itemprop=\"image\" height=\"1707\" width=\"2560\" title=\"GNX230413_NURSE_ANESTHESIA_TRAINING_GAMAL_CB006_HI\" onerror=\"this.style.display='none'\" loading=\"lazy\" \/>\n<h2>\n\t\t\tFormation m\u00e9dicale sur les navires-h\u00f4pitaux\t<\/h2>\n\t<p>Mercy Ships offre de la formation \u00e0 bord des navires-h\u00f4pitaux et \u00e0 l'ext\u00e9rieur, am\u00e9liorant ainsi l'\u00e9cosyst\u00e8me des soins chirurgicaux en Afrique.<\/p>\n<p>L'organisme humanitaire propose des cours sp\u00e9cialis\u00e9s et des programmes de mentorat tout en r\u00e9pondant aux besoins imm\u00e9diats du pays h\u00f4te.<\/p>\n\t\t\t<a href=\"https:\/\/mercyships.ca\/fr\/enseignement-formation-promotion-de-la-sante\/\" target=\"_self\">\n\t\t\t\t\t\t\tEn savoir plus\n\t\t\t\t\t<\/a>\n<h2>\n\t\t\tHow to support our hospital ships&#8217; mission?\t<\/h2>\n\t<p>You can support our hospital ships&#8217; mission by making a donation or join the dedicated Canadian and international community onboard as a volunteer. Don&#8217;t miss the opportunity to help change someone&#8217;s life forever.<\/p>\n\t\t\t<a href=\"https:\/\/mercyships.ca\/fr\/faire-un-don\/\" target=\"_self\">\n\t\t\t\t\t\t\tFaire un don\n\t\t\t\t\t<\/a>\n\t\t\t<a href=\"https:\/\/mercyships.ca\/fr\/benevole\/\" target=\"_self\">\n\t\t\t\t\t\t\tDevenir b\u00e9n\u00e9vole\n\t\t\t\t\t<\/a>","protected":false},"excerpt":{"rendered":"<p>Hospital Ships: The Mercy Ships Way \u00a0Mercy Ships sails state-of-the-art hospital ships directly to African nations to both provide free [&hellip;]<\/p>\n","protected":false},"author":3,"featured_media":5421,"parent":8250,"menu_order":0,"comment_status":"closed","ping_status":"closed","template":"","meta":{"_acf_changed":false,"_seopress_robots_primary_cat":"0","_seopress_titles_title":"","_seopress_titles_desc":"We sail state-of-the-art hospital ships directly to African nations to both provide free surgeries and use the ships as education platforms, enabling lasting improvements in each partner country.","_seopress_robots_index":"","site-sidebar-layout":"no-sidebar","site-content-layout":"page-builder","ast-site-content-layout":"default","site-content-style":"default","site-sidebar-style":"default","ast-global-header-display":"","ast-banner-title-visibility":"","ast-main-header-display":"","ast-hfb-above-header-display":"","ast-hfb-below-header-display":"","ast-hfb-mobile-header-display":"","site-post-title":"disabled","ast-breadcrumbs-content":"","ast-featured-img":"disabled","footer-sml-layout":"","ast-disable-related-posts":"","theme-transparent-header-meta":"default","adv-header-id-meta":"","stick-header-meta":"default","header-above-stick-meta":"","header-main-stick-meta":"","header-below-stick-meta":"","astra-migrate-meta-layouts":"set","ast-page-background-enabled":"default","ast-page-background-meta":{"desktop":{"background-color":"var(--ast-global-color-4)","background-image":"","background-repeat":"repeat","background-position":"center center","background-size":"auto","background-attachment":"scroll","background-type":"","background-media":"","overlay-type":"","overlay-color":"","overlay-opacity":"","overlay-gradient":""},"tablet":{"background-color":"","background-image":"","background-repeat":"repeat","background-position":"center center","background-size":"auto","background-attachment":"scroll","background-type":"","background-media":"","overlay-type":"","overlay-color":"","overlay-opacity":"","overlay-gradient":""},"mobile":{"background-color":"","background-image":"","background-repeat":"repeat","background-position":"center center","background-size":"auto","background-attachment":"scroll","background-type":"","background-media":"","overlay-type":"","overlay-color":"","overlay-opacity":"","overlay-gradient":""}},"ast-content-background-meta":{"desktop":{"background-color":"var(--ast-global-color-5)","background-image":"","background-repeat":"repeat","background-position":"center center","background-size":"auto","background-attachment":"scroll","background-type":"","background-media":"","overlay-type":"","overlay-color":"","overlay-opacity":"","overlay-gradient":""},"tablet":{"background-color":"var(--ast-global-color-5)","background-image":"","background-repeat":"repeat","background-position":"center center","background-size":"auto","background-attachment":"scroll","background-type":"","background-media":"","overlay-type":"","overlay-color":"","overlay-opacity":"","overlay-gradient":""},"mobile":{"background-color":"var(--ast-global-color-5)","background-image":"","background-repeat":"repeat","background-position":"center center","background-size":"auto","background-attachment":"scroll","background-type":"","background-media":"","overlay-type":"","overlay-color":"","overlay-opacity":"","overlay-gradient":""}},"footnotes":""},"class_list":["post-10139","page","type-page","status-publish","has-post-thumbnail","hentry"],"acf":[],"_links":{"self":[{"href":"https:\/\/mercyships.ca\/fr\/wp-json\/wp\/v2\/pages\/10139","targetHints":{"allow":["GET"]}}],"collection":[{"href":"https:\/\/mercyships.ca\/fr\/wp-json\/wp\/v2\/pages"}],"about":[{"href":"https:\/\/mercyships.ca\/fr\/wp-json\/wp\/v2\/types\/page"}],"author":[{"embeddable":true,"href":"https:\/\/mercyships.ca\/fr\/wp-json\/wp\/v2\/users\/3"}],"replies":[{"embeddable":true,"href":"https:\/\/mercyships.ca\/fr\/wp-json\/wp\/v2\/comments?post=10139"}],"version-history":[{"count":5,"href":"https:\/\/mercyships.ca\/fr\/wp-json\/wp\/v2\/pages\/10139\/revisions"}],"predecessor-version":[{"id":13131,"href":"https:\/\/mercyships.ca\/fr\/wp-json\/wp\/v2\/pages\/10139\/revisions\/13131"}],"up":[{"embeddable":true,"href":"https:\/\/mercyships.ca\/fr\/wp-json\/wp\/v2\/pages\/8250"}],"wp:featuredmedia":[{"embeddable":true,"href":"https:\/\/mercyships.ca\/fr\/wp-json\/wp\/v2\/media\/5421"}],"wp:attachment":[{"href":"https:\/\/mercyships.ca\/fr\/wp-json\/wp\/v2\/media?parent=10139"}],"curies":[{"name":"wp","href":"https:\/\/api.w.org\/{rel}","templated":true}]}}