{"id":10133,"date":"2024-11-12T09:58:24","date_gmt":"2024-11-12T17:58:24","guid":{"rendered":"https:\/\/mercyships.ca\/?page_id=10133"},"modified":"2025-10-21T14:55:46","modified_gmt":"2025-10-21T21:55:46","slug":"options","status":"publish","type":"page","link":"https:\/\/mercyships.ca\/fr\/donation\/options\/","title":{"rendered":"Options"},"content":{"rendered":"<h1>\r\n\t\t\tOffrir l'espoir. Financer une chirurgie. Transformer une vie.\t<\/h1>\r\n\t<p class=\"translation-block\">Les soins m\u00e9dicaux de base sont parfois inexistants dans certaines r\u00e9gions d'Afrique. Les populations souffrent de maladies traitables et les communaut\u00e9s ne re\u00e7oivent pas de soins. <em>Nous ne voulons pas nous arr\u00eater l\u00e0.<\/em><\/p>\r\n\r\n\t<p>Your generosity powers hospital ships staffed by dedicated medical volunteers &#8211; bringing free, life-changing surgeries to those who need them most. <em>With one simple gift, you help deliver hope, healing, and a future that was once out of reach<\/em>.<\/p>\r\n\r\n\t\t\t\t<img decoding=\"async\" src=\"https:\/\/mercyships.ca\/wp-content\/uploads\/2025\/05\/Interac-SQ600.png\" alt=\"Interac SQ600\" itemprop=\"image\" height=\"600\" width=\"600\" title=\"Interac SQ600\" onerror=\"this.style.display='none'\" loading='lazy' \/>\r\n<h2>\r\n\t\t\tVirement Interac\t<\/h2>\r\n\t<p>Simple, secure, and efficient &#8211; e-transfer gives more where it matters most.<\/p>\r\n\r\n\t\t\t<a href=\"https:\/\/mercyships.ca\/fr\/virement-interac\/\" target=\"_self\">\r\n\t\t\t\t\t\t\tDonner par virement Interac\r\n\t\t\t\t\t<\/a>\r\n<h2>\r\n\t\t\tDon unique\t<\/h2>\r\n\t<p class=\"translation-block\">Un simple acte de g\u00e9n\u00e9rosit\u00e9 peut transformer une vie. Votre don unique permet d'op\u00e9rer, de gu\u00e9rir et de donner de l'espoir \u00e0 des personnes qui ont besoin de soins m\u00e9dicaux.<\/p>\r\n\r\n\t\t\t<a href=\"https:\/\/mercyships.ca\/fr\/faire-un-don\/\" target=\"_self\">\r\n\t\t\t\t\t\t\tFaire un don\r\n\t\t\t\t\t<\/a>\r\n<h2>\r\n\t\t\tPartenaire g\u00e9n\u00e9reux\t<\/h2>\r\n\t<p>En donnant chaque mois, vous offrez des soins m\u00e9dicaux gratuits \u00e0 celles et ceux dans le besoin. Votre soutien apporte un r\u00e9el impact \u00e0 long terme pour les populations africaines.<\/p>\r\n\r\n\t\t\t<a href=\"https:\/\/mercyships.ca\/fr\/partenaire-genereux\/\" target=\"_self\">\r\n\t\t\t\t\t\t\tFaire un don mensuel\r\n\t\t\t\t\t<\/a>\r\n<h2>\r\n\t\t\tLegs testamentaire\t<\/h2>\r\n\t<p>Planned giving can align with your personal and estate goals &#8211; and leave a lasting mark on lives in need of care.<\/p>\r\n\t\t\t<a href=\"https:\/\/mercyships.ca\/fr\/dons-planifies\/\" target=\"_self\">\r\n\t\t\t\t\t\t\tFaire un don\r\n\t\t\t\t\t<\/a>\r\n<h2>\r\n\t\t\tDon de titres\t<\/h2>\r\n\t<p>Donating securities is a powerful way to support &#8211; and may offer significant tax advantages.<\/p>\r\n\t\t\t<a href=\"https:\/\/mercyships.ca\/fr\/dons-de-titres\/\" target=\"_self\">\r\n\t\t\t\t\t\t\tTransf\u00e9rer des titres\r\n\t\t\t\t\t<\/a>\r\n<h2>\r\n\t\t\tDon d'entreprise\t<\/h2>\r\n\t<p>Depuis plus de 45 ans, des entreprises du monde entier s'associent \u00e0 Mercy Ships pour apporter espoir et gu\u00e9rison \u00e0 celles et ceux dans le besoin.\u00a0<\/p>\r\n\t\t\t<a href=\"https:\/\/mercyships.ca\/fr\/don-entreprise\/\" target=\"_self\">\r\n\t\t\t\t\t\t\tEn savoir plus\r\n\t\t\t\t\t<\/a>\r\n<h2>\r\n\t\t\tSoutenez les b\u00e9n\u00e9voles Canadiens \u00e0 bord!\t<\/h2>\r\n\t<p>Mercy Ships would not sail without the dedication of volunteers &#8211; and many of them are Canadians who raise their own funds to serve.By sponsoring a volunteer, you become part of their journey to bring healing, dignity, and hope to patients across Africa.<\/p>\r\n<p>&nbsp;<\/p>\r\n<p>Your encouragement means the world &#8211; and your support helps them stay focused on the mission.<\/p>\r\n\t\t\t<a href=\"https:\/\/mercyshipscanada.akaraisin.com\/ui\/mercygiftsfundraising\" target=\"_blank\" rel=\"noopener\">\r\n\t\t\t\t\t\t\tRencontrez-les!\r\n\t\t\t\t\t<\/a>","protected":false},"excerpt":{"rendered":"<p>Send Hope. Fund Surgery. Change a Life. In many parts of Africa, even the most basic medical care is out [&hellip;]<\/p>\n","protected":false},"author":3,"featured_media":11551,"parent":311,"menu_order":0,"comment_status":"closed","ping_status":"closed","template":"","meta":{"_acf_changed":false,"_seopress_robots_primary_cat":"","_seopress_titles_title":"","_seopress_titles_desc":"The donations made to Mercy Ships allow our volunteers to provide medical care to people in need in Africa. Help us!","_seopress_robots_index":"","site-sidebar-layout":"no-sidebar","site-content-layout":"page-builder","ast-site-content-layout":"default","site-content-style":"default","site-sidebar-style":"default","ast-global-header-display":"","ast-banner-title-visibility":"","ast-main-header-display":"","ast-hfb-above-header-display":"","ast-hfb-below-header-display":"","ast-hfb-mobile-header-display":"","site-post-title":"disabled","ast-breadcrumbs-content":"","ast-featured-img":"disabled","footer-sml-layout":"","ast-disable-related-posts":"","theme-transparent-header-meta":"default","adv-header-id-meta":"","stick-header-meta":"default","header-above-stick-meta":"","header-main-stick-meta":"","header-below-stick-meta":"","astra-migrate-meta-layouts":"set","ast-page-background-enabled":"default","ast-page-background-meta":{"desktop":{"background-color":"var(--ast-global-color-4)","background-image":"","background-repeat":"repeat","background-position":"center center","background-size":"auto","background-attachment":"scroll","background-type":"","background-media":"","overlay-type":"","overlay-color":"","overlay-opacity":"","overlay-gradient":""},"tablet":{"background-color":"","background-image":"","background-repeat":"repeat","background-position":"center center","background-size":"auto","background-attachment":"scroll","background-type":"","background-media":"","overlay-type":"","overlay-color":"","overlay-opacity":"","overlay-gradient":""},"mobile":{"background-color":"","background-image":"","background-repeat":"repeat","background-position":"center center","background-size":"auto","background-attachment":"scroll","background-type":"","background-media":"","overlay-type":"","overlay-color":"","overlay-opacity":"","overlay-gradient":""}},"ast-content-background-meta":{"desktop":{"background-color":"var(--ast-global-color-5)","background-image":"","background-repeat":"repeat","background-position":"center center","background-size":"auto","background-attachment":"scroll","background-type":"","background-media":"","overlay-type":"","overlay-color":"","overlay-opacity":"","overlay-gradient":""},"tablet":{"background-color":"var(--ast-global-color-5)","background-image":"","background-repeat":"repeat","background-position":"center center","background-size":"auto","background-attachment":"scroll","background-type":"","background-media":"","overlay-type":"","overlay-color":"","overlay-opacity":"","overlay-gradient":""},"mobile":{"background-color":"var(--ast-global-color-5)","background-image":"","background-repeat":"repeat","background-position":"center center","background-size":"auto","background-attachment":"scroll","background-type":"","background-media":"","overlay-type":"","overlay-color":"","overlay-opacity":"","overlay-gradient":""}},"footnotes":""},"class_list":["post-10133","page","type-page","status-publish","has-post-thumbnail","hentry"],"acf":[],"_links":{"self":[{"href":"https:\/\/mercyships.ca\/fr\/wp-json\/wp\/v2\/pages\/10133","targetHints":{"allow":["GET"]}}],"collection":[{"href":"https:\/\/mercyships.ca\/fr\/wp-json\/wp\/v2\/pages"}],"about":[{"href":"https:\/\/mercyships.ca\/fr\/wp-json\/wp\/v2\/types\/page"}],"author":[{"embeddable":true,"href":"https:\/\/mercyships.ca\/fr\/wp-json\/wp\/v2\/users\/3"}],"replies":[{"embeddable":true,"href":"https:\/\/mercyships.ca\/fr\/wp-json\/wp\/v2\/comments?post=10133"}],"version-history":[{"count":5,"href":"https:\/\/mercyships.ca\/fr\/wp-json\/wp\/v2\/pages\/10133\/revisions"}],"predecessor-version":[{"id":11713,"href":"https:\/\/mercyships.ca\/fr\/wp-json\/wp\/v2\/pages\/10133\/revisions\/11713"}],"up":[{"embeddable":true,"href":"https:\/\/mercyships.ca\/fr\/wp-json\/wp\/v2\/pages\/311"}],"wp:featuredmedia":[{"embeddable":true,"href":"https:\/\/mercyships.ca\/fr\/wp-json\/wp\/v2\/media\/11551"}],"wp:attachment":[{"href":"https:\/\/mercyships.ca\/fr\/wp-json\/wp\/v2\/media?parent=10133"}],"curies":[{"name":"wp","href":"https:\/\/api.w.org\/{rel}","templated":true}]}}