{"id":101,"date":"2024-07-20T18:44:11","date_gmt":"2024-07-21T01:44:11","guid":{"rendered":"https:\/\/mercyships.onpressidium.com\/?page_id=101"},"modified":"2025-10-21T15:00:11","modified_gmt":"2025-10-21T22:00:11","slug":"politique-acceptation-des-dons","status":"publish","type":"page","link":"https:\/\/mercyships.ca\/fr\/gift-acceptance-policy\/","title":{"rendered":"Politique d\u2019acceptation des dons"},"content":{"rendered":"<h1>\r\n\t\tPolitique d\u2019acceptation des dons\r\n\t<\/h1>\r\n<h2>\r\n\t\tObjectif\r\n\t<\/h2>\r\n\t<p><em>\u00c9tablir des normes de conduite \u00e9thique dans la gestion de nos activit\u00e9s de collecte de fonds.<\/em><\/p>\r\n<h3>\r\n\t\tPort\u00e9e\r\n\t<\/h3>\r\n\t<p><em>Donateurs, employ\u00e9s, conseil d\u2019administration et parties prenantes externes.<\/em><\/p>\r\n<h3>\r\n\t\t\u00c9nonc\u00e9 de politique\r\n\t<\/h3>\r\n\t<p>Mercy Ships Canada intends to solicit gifts of cash and other property (&#8220;Gifts&#8221;), and may receive unsolicited Gifts from time to time.\u00a0 This policy is intended to describe the types of Gifts that Mercy Ships Canada will accept, who is able to accept Gifts on behalf of Mercy Ships Canada and the terms upon which each type of Gift will be accepted.<\/p>\r\n<h4>1. Dons acceptables<\/h4>\r\n<p>Les types de dons suivants peuvent \u00eatre accept\u00e9s:<\/p>\r\n<p>(a) esp\u00e8ces;<\/p>\r\n<p>(b) titres cot\u00e9s en bourse (en nature);<\/p>\r\n<p>(c) legs;<\/p>\r\n<p>(d) polices d\u2019assurance-vie;<\/p>\r\n<p>(e) fiducies r\u00e9siduaires de bienfaisance;<\/p>\r\n<p>(f) dons de rentes (r\u00e9assur\u00e9s ou non);<\/p>\r\n<p>(g) dons en nature;<\/p>\r\n<p>(h) biens immobiliers;<\/p>\r\n<p>(i) titres priv\u00e9s; et<\/p>\r\n<p>(j) int\u00e9r\u00eats dans une soci\u00e9t\u00e9.<\/p>\r\n<p>les conditions dans lesquelles chaque type de don sera accept\u00e9.<\/p>\r\n<h4>2. Responsibilit\u00e9<\/h4>\r\n<p>2.1   Les types de dons suivants peuvent \u00eatre accept\u00e9s par le directeur national de Mercy Ships Canada. Le directeur national peut, \u00e0 sa discr\u00e9tion, d\u00e9l\u00e9guer l\u2019acceptation de certains ou de tous ces types de dons:<\/p>\r\n<p>(a) esp\u00e8ces;<\/p>\r\n<p>(b) titres cot\u00e9s en bourse (en nature);<\/p>\r\n<p>(c) legs;<\/p>\r\n<p>(d) polices d\u2019assurance-vie; et<\/p>\r\n<p>(e) dons de rentes (r\u00e9assur\u00e9s ou non).<\/p>\r\n<p>2.2   Les types de dons suivants doivent \u00eatre approuv\u00e9s et accept\u00e9s par le conseil d\u2019administration:<\/p>\r\n<p>(a) fiducies r\u00e9siduaires de bienfaisance;<\/p>\r\n<p>(b) dons en nature;<\/p>\r\n<p>(c) biens immobiliers;<\/p>\r\n<p>(d) titres priv\u00e9s; et<\/p>\r\n<p>(e) int\u00e9r\u00eats dans une soci\u00e9t\u00e9.<\/p>\r\n<h4>3. Proc\u00e9dures d\u2019acceptation sp\u00e9cifiques<\/h4>\r\n<p>3.1 Le directeur ex\u00e9cutif \u00e9laborera des proc\u00e9dures pour l\u2019acceptation et le traitement des types de dons d\u00e9crits \u00e0 l\u2019article 2.1.<\/p>\r\n<p>3.2 Le conseil d\u2019administration \u00e9laborera des proc\u00e9dures pour l\u2019acceptation et le traitement des types de dons d\u00e9crits au paragraphe 2.2, ces proc\u00e9dures doivent comprendre ce qui suit:<\/p>\r\n<p>(a) en ce qui concerne les fiducies r\u00e9siduaires de bienfaisance, Mercy Ships Canada n\u2019agira pas \u00e0 titre de fiduciaire d\u2019une fiducie r\u00e9siduaire de bienfaisance et un avis d\u2019un actuaire doit \u00eatre obtenu pour d\u00e9terminer le montant du don pouvant faire l\u2019objet d\u2019un re\u00e7u et un conseiller ou une conseill\u00e8re doit \u00eatre engag\u00e9(e);<\/p>\r\n<p>(b) en ce qui concerne les dons en nature, une \u00e9valuation par un \u00e9valuateur qualifi\u00e9 ou une \u00e9valuatrice qualifi\u00e9e doit \u00eatre obtenue et seuls les articles qui peuvent \u00eatre vendus imm\u00e9diatement et facilement ou ceux qui peuvent \u00eatre utilis\u00e9s dans les locaux ou l\u2019administration de Mercy Ships Canada peuvent \u00eatre accept\u00e9s;<\/p>\r\n<p>(c) dans le cas d\u2019un don d\u2019un bien immobilier ou d\u2019un int\u00e9r\u00eat dans un bien immobilier, une \u00e9valuation environnementale de l\u2019article 1 et une \u00e9valuation par un \u00e9valuateur qualifi\u00e9 ou une \u00e9valuatrice qualifi\u00e9e doit \u00eatre obtenue et un conseiller ou d\u2019une conseill\u00e8re doit \u00eatre engag\u00e9(e);<\/p>\r\n<p>(d) dans le cas d\u2019un don de titres priv\u00e9s, les services d\u2019un conseiller ou d\u2019une conseill\u00e8re juridique doivent \u00eatre retenus;<\/p>\r\n<p>(e) dans le cas d\u2019un don d\u2019une participation dans une soci\u00e9t\u00e9 de personnes, les services d\u2019un conseiller ou d\u2019une conseill\u00e8re juridique doivent \u00eatre retenus;<\/p>\r\n<p>(f) en ce qui concerne les propositions de d\u00e9nomination et de dotation, elles seront examin\u00e9es par le conseil d\u2019administration.<\/p>\r\n<h2>\r\n\t\tAutres politiques\r\n\t<\/h2>\r\n\t\t\t<a href=\"https:\/\/mercyships.ca\/fr\/politique-de-plaintes\/\" target=\"_self\" rel=\"noopener\">\r\n\t\t\t\t\t\t\tPolitique de plaintes\r\n\t\t\t\t\t<\/a>\r\n\t\t\t<a href=\"https:\/\/mercyships.ca\/fr\/politique-ethique-relative-collecte-de-fonds-responsabilie-financiere\/\" target=\"_self\" rel=\"noopener\">\r\n\t\t\t\t\t\t\tCode d\u2019\u00e9thique\r\n\t\t\t\t\t<\/a>\r\n\t\t\t<a href=\"https:\/\/mercyships.ca\/fr\/charte-droits-des-donateurs\/\" target=\"_self\" rel=\"noopener\">\r\n\t\t\t\t\t\t\tDonors&#8217; Rights Policy\r\n\t\t\t\t\t<\/a>\r\n\t\t\t<a href=\"https:\/\/mercyships.ca\/fr\/politique-acceptation-des-dons\/\" target=\"_self\" rel=\"noopener\">\r\n\t\t\t\t\t\t\tPolitique d\u2019acceptation des dons\r\n\t\t\t\t\t<\/a>\r\n\t\t\t<a href=\"https:\/\/mercyships.ca\/fr\/resume-de-la-politique-de-confidentialite\/\" target=\"_self\" rel=\"noopener\">\r\n\t\t\t\t\t\t\tR\u00e9sum\u00e9 de la politique de confidentialit\u00e9\r\n\t\t\t\t\t<\/a>\r\n\t\t\t<a href=\"https:\/\/mercyships.ca\/fr\/politique-de-confidentialite\/\" target=\"_self\" rel=\"noopener\">\r\n\t\t\t\t\t\t\tPolitique de confidentialit\u00e9\r\n\t\t\t\t\t<\/a>","protected":false},"excerpt":{"rendered":"<p>Gift Acceptance Policy Purpose To set standards of ethical conduct in managing our fundraising activities. Scope Donors, employees, Board and [&hellip;]<\/p>\n","protected":false},"author":3,"featured_media":10073,"parent":0,"menu_order":0,"comment_status":"closed","ping_status":"closed","template":"","meta":{"_acf_changed":false,"_seopress_robots_primary_cat":"","_seopress_titles_title":"","_seopress_titles_desc":"This policy is intended to describe the types of Gifts that Mercy Ships Canada will accept, who is able to accept Gifts on behalf of Mercy Ships Canada and the terms upon which each type of Gift will be accepted.","_seopress_robots_index":"","site-sidebar-layout":"no-sidebar","site-content-layout":"page-builder","ast-site-content-layout":"full-width-container","site-content-style":"default","site-sidebar-style":"default","ast-global-header-display":"","ast-banner-title-visibility":"","ast-main-header-display":"","ast-hfb-above-header-display":"","ast-hfb-below-header-display":"","ast-hfb-mobile-header-display":"","site-post-title":"disabled","ast-breadcrumbs-content":"","ast-featured-img":"disabled","footer-sml-layout":"","ast-disable-related-posts":"","theme-transparent-header-meta":"default","adv-header-id-meta":"","stick-header-meta":"default","header-above-stick-meta":"","header-main-stick-meta":"","header-below-stick-meta":"","astra-migrate-meta-layouts":"set","ast-page-background-enabled":"default","ast-page-background-meta":{"desktop":{"background-color":"var(--ast-global-color-4)","background-image":"","background-repeat":"repeat","background-position":"center center","background-size":"auto","background-attachment":"scroll","background-type":"","background-media":"","overlay-type":"","overlay-color":"","overlay-opacity":"","overlay-gradient":""},"tablet":{"background-color":"","background-image":"","background-repeat":"repeat","background-position":"center center","background-size":"auto","background-attachment":"scroll","background-type":"","background-media":"","overlay-type":"","overlay-color":"","overlay-opacity":"","overlay-gradient":""},"mobile":{"background-color":"","background-image":"","background-repeat":"repeat","background-position":"center center","background-size":"auto","background-attachment":"scroll","background-type":"","background-media":"","overlay-type":"","overlay-color":"","overlay-opacity":"","overlay-gradient":""}},"ast-content-background-meta":{"desktop":{"background-color":"var(--ast-global-color-5)","background-image":"","background-repeat":"repeat","background-position":"center center","background-size":"auto","background-attachment":"scroll","background-type":"","background-media":"","overlay-type":"","overlay-color":"","overlay-opacity":"","overlay-gradient":""},"tablet":{"background-color":"var(--ast-global-color-5)","background-image":"","background-repeat":"repeat","background-position":"center center","background-size":"auto","background-attachment":"scroll","background-type":"","background-media":"","overlay-type":"","overlay-color":"","overlay-opacity":"","overlay-gradient":""},"mobile":{"background-color":"var(--ast-global-color-5)","background-image":"","background-repeat":"repeat","background-position":"center center","background-size":"auto","background-attachment":"scroll","background-type":"","background-media":"","overlay-type":"","overlay-color":"","overlay-opacity":"","overlay-gradient":""}},"footnotes":""},"class_list":["post-101","page","type-page","status-publish","has-post-thumbnail","hentry"],"acf":[],"_links":{"self":[{"href":"https:\/\/mercyships.ca\/fr\/wp-json\/wp\/v2\/pages\/101","targetHints":{"allow":["GET"]}}],"collection":[{"href":"https:\/\/mercyships.ca\/fr\/wp-json\/wp\/v2\/pages"}],"about":[{"href":"https:\/\/mercyships.ca\/fr\/wp-json\/wp\/v2\/types\/page"}],"author":[{"embeddable":true,"href":"https:\/\/mercyships.ca\/fr\/wp-json\/wp\/v2\/users\/3"}],"replies":[{"embeddable":true,"href":"https:\/\/mercyships.ca\/fr\/wp-json\/wp\/v2\/comments?post=101"}],"version-history":[{"count":5,"href":"https:\/\/mercyships.ca\/fr\/wp-json\/wp\/v2\/pages\/101\/revisions"}],"predecessor-version":[{"id":7080,"href":"https:\/\/mercyships.ca\/fr\/wp-json\/wp\/v2\/pages\/101\/revisions\/7080"}],"wp:featuredmedia":[{"embeddable":true,"href":"https:\/\/mercyships.ca\/fr\/wp-json\/wp\/v2\/media\/10073"}],"wp:attachment":[{"href":"https:\/\/mercyships.ca\/fr\/wp-json\/wp\/v2\/media?parent=101"}],"curies":[{"name":"wp","href":"https:\/\/api.w.org\/{rel}","templated":true}]}}